{"id":25107,"date":"2024-08-23T14:52:03","date_gmt":"2024-08-23T13:52:03","guid":{"rendered":"https:\/\/www.bossapromotions.com\/sitemap\/"},"modified":"2024-08-23T14:52:03","modified_gmt":"2024-08-23T13:52:03","slug":"sitemap","status":"publish","type":"page","link":"https:\/\/www.bossapromotions.com\/pt-br\/sitemap\/","title":{"rendered":"Sitemap"},"content":{"rendered":"<div class=\"rank-math-html-sitemap\"><div class=\"rank-math-html-sitemap__section rank-math-html-sitemap__section--post-type rank-math-html-sitemap__section--page\"><h2 class=\"rank-math-html-sitemap__title\">P\u00e1ginas<\/h2><ul class=\"rank-math-html-sitemap__list\"><li class=\"rank-math-html-sitemap__item\"><a href=\"https:\/\/www.bossapromotions.com\/pt-br\/sitemap\/\" class=\"rank-math-html-sitemap__link\">Sitemap<\/a> <span class=\"rank-math-html-sitemap__date\">(23 agosto, 2024)<\/span><\/li><li class=\"rank-math-html-sitemap__item\"><a href=\"https:\/\/www.bossapromotions.com\/pt-br\/termos\/\" class=\"rank-math-html-sitemap__link\">Termos e Condi\u00e7\u00f5es de Uso do Website Bossa Promotions<\/a> <span class=\"rank-math-html-sitemap__date\">(23 agosto, 2024)<\/span><\/li><li class=\"rank-math-html-sitemap__item\"><a href=\"https:\/\/www.bossapromotions.com\/pt-br\/privacidade\/\" class=\"rank-math-html-sitemap__link\">Pol\u00edtica de Privacidade do Site Bossa Promotions<\/a> <span class=\"rank-math-html-sitemap__date\">(23 agosto, 2024)<\/span><\/li><li class=\"rank-math-html-sitemap__item\"><a href=\"https:\/\/www.bossapromotions.com\/pt-br\/contato-2\/\" class=\"rank-math-html-sitemap__link\">Contato<\/a> <span class=\"rank-math-html-sitemap__date\">(18 janeiro, 2024)<\/span><\/li><li class=\"rank-math-html-sitemap__item\"><a href=\"https:\/\/www.bossapromotions.com\/pt-br\/clientes\/\" class=\"rank-math-html-sitemap__link\">Clientes<\/a> <span class=\"rank-math-html-sitemap__date\">(18 janeiro, 2024)<\/span><\/li><li class=\"rank-math-html-sitemap__item\"><a href=\"https:\/\/www.bossapromotions.com\/pt-br\/treinamentos\/\" class=\"rank-math-html-sitemap__link\">Treinamentos<\/a> <span class=\"rank-math-html-sitemap__date\">(21 setembro, 2022)<\/span><\/li><li class=\"rank-math-html-sitemap__item\"><a href=\"https:\/\/www.bossapromotions.com\/pt-br\/bbmag\/\" class=\"rank-math-html-sitemap__link\">BBMag<\/a> <span class=\"rank-math-html-sitemap__date\">(21 setembro, 2022)<\/span><\/li><li class=\"rank-math-html-sitemap__item\"><a href=\"https:\/\/www.bossapromotions.com\/pt-br\/aviso-legal\/\" class=\"rank-math-html-sitemap__link\">Aviso Legal<\/a> <span class=\"rank-math-html-sitemap__date\">(8 outubro, 2020)<\/span><\/li><li class=\"rank-math-html-sitemap__item\"><a href=\"https:\/\/www.bossapromotions.com\/pt-br\/o-que-fazemos\/\" class=\"rank-math-html-sitemap__link\">O Que Fazemos<\/a> <span class=\"rank-math-html-sitemap__date\">(26 novembro, 2019)<\/span><\/li><li class=\"rank-math-html-sitemap__item\"><a href=\"https:\/\/www.bossapromotions.com\/pt-br\/quem-somos\/\" class=\"rank-math-html-sitemap__link\">Quem Somos<\/a> <span class=\"rank-math-html-sitemap__date\">(26 novembro, 2019)<\/span><\/li><li class=\"rank-math-html-sitemap__item\"><a href=\"https:\/\/www.bossapromotions.com\/pt-br\/turismo\/\" class=\"rank-math-html-sitemap__link\">Promo\u00e7\u00e3o Tur\u00edstica<\/a> <span class=\"rank-math-html-sitemap__date\">(26 novembro, 2019)<\/span><\/li><li class=\"rank-math-html-sitemap__item\"><a href=\"https:\/\/www.bossapromotions.com\/pt-br\/eventos\/\" class=\"rank-math-html-sitemap__link\">Organiza\u00e7\u00e3o de Eventos<\/a> <span class=\"rank-math-html-sitemap__date\">(26 novembro, 2019)<\/span><\/li><li class=\"rank-math-html-sitemap__item\"><a href=\"https:\/\/www.bossapromotions.com\/pt-br\/contato\/\" class=\"rank-math-html-sitemap__link\">Contato<\/a> <span class=\"rank-math-html-sitemap__date\">(9 outubro, 2019)<\/span><\/li><li class=\"rank-math-html-sitemap__item\"><a href=\"https:\/\/www.bossapromotions.com\/pt-br\/feiras\/\" class=\"rank-math-html-sitemap__link\">Servi\u00e7os para Feiras<\/a> <span class=\"rank-math-html-sitemap__date\">(9 outubro, 2019)<\/span><\/li><li class=\"rank-math-html-sitemap__item\"><a href=\"https:\/\/www.bossapromotions.com\/pt-br\/bossa-brazil\/\" class=\"rank-math-html-sitemap__link\">Bossa Brazil<\/a> <span class=\"rank-math-html-sitemap__date\">(9 outubro, 2019)<\/span><\/li><li class=\"rank-math-html-sitemap__item\"><a href=\"https:\/\/www.bossapromotions.com\/pt-br\/representacao\/\" class=\"rank-math-html-sitemap__link\">Representa\u00e7\u00e3o<\/a> <span class=\"rank-math-html-sitemap__date\">(9 outubro, 2019)<\/span><\/li><li class=\"rank-math-html-sitemap__item\"><a href=\"https:\/\/www.bossapromotions.com\/pt-br\/relacoes-publicas\/\" class=\"rank-math-html-sitemap__link\">Servi\u00e7os de Rela\u00e7\u00f5es P\u00fablicas<\/a> <span class=\"rank-math-html-sitemap__date\">(9 outubro, 2019)<\/span><\/li><li class=\"rank-math-html-sitemap__item\"><a href=\"https:\/\/www.bossapromotions.com\/pt-br\/bossa-musicas\/\" class=\"rank-math-html-sitemap__link\">Bossa Music<\/a> <span class=\"rank-math-html-sitemap__date\">(9 outubro, 2019)<\/span><\/li><li class=\"rank-math-html-sitemap__item\"><a href=\"https:\/\/www.bossapromotions.com\/pt-br\/marketing\/\" class=\"rank-math-html-sitemap__link\">Marketing<\/a> <span class=\"rank-math-html-sitemap__date\">(9 outubro, 2019)<\/span><\/li><li class=\"rank-math-html-sitemap__item\"><a href=\"https:\/\/www.bossapromotions.com\/pt-br\/\" class=\"rank-math-html-sitemap__link\">Home<\/a> <span class=\"rank-math-html-sitemap__date\">(9 outubro, 2019)<\/span><\/li><li class=\"rank-math-html-sitemap__item\"><a href=\"https:\/\/www.bossapromotions.com\/pt-br\/news\/\" class=\"rank-math-html-sitemap__link\">Novidades<\/a> <span class=\"rank-math-html-sitemap__date\">(9 outubro, 2019)<\/span><\/li><\/ul><\/div><div class=\"rank-math-html-sitemap__section rank-math-html-sitemap__section--post-type rank-math-html-sitemap__section--album\"><h2 class=\"rank-math-html-sitemap__title\">\u00c1lbuns<\/h2><ul class=\"rank-math-html-sitemap__list\"><\/ul><\/div><\/div>\n","protected":false},"excerpt":{"rendered":"","protected":false},"author":1,"featured_media":25103,"parent":0,"menu_order":0,"comment_status":"closed","ping_status":"closed","template":"","meta":{"footnotes":""},"class_list":["post-25107","page","type-page","status-publish","has-post-thumbnail"],"_links":{"self":[{"href":"https:\/\/www.bossapromotions.com\/pt-br\/wp-json\/wp\/v2\/pages\/25107","targetHints":{"allow":["GET"]}}],"collection":[{"href":"https:\/\/www.bossapromotions.com\/pt-br\/wp-json\/wp\/v2\/pages"}],"about":[{"href":"https:\/\/www.bossapromotions.com\/pt-br\/wp-json\/wp\/v2\/types\/page"}],"author":[{"embeddable":true,"href":"https:\/\/www.bossapromotions.com\/pt-br\/wp-json\/wp\/v2\/users\/1"}],"replies":[{"embeddable":true,"href":"https:\/\/www.bossapromotions.com\/pt-br\/wp-json\/wp\/v2\/comments?post=25107"}],"version-history":[{"count":0,"href":"https:\/\/www.bossapromotions.com\/pt-br\/wp-json\/wp\/v2\/pages\/25107\/revisions"}],"wp:featuredmedia":[{"embeddable":true,"href":"https:\/\/www.bossapromotions.com\/pt-br\/wp-json\/wp\/v2\/media\/25103"}],"wp:attachment":[{"href":"https:\/\/www.bossapromotions.com\/pt-br\/wp-json\/wp\/v2\/media?parent=25107"}],"curies":[{"name":"wp","href":"https:\/\/api.w.org\/{rel}","templated":true}]}}