{"id":21647,"date":"2024-01-18T17:39:51","date_gmt":"2024-01-18T17:39:51","guid":{"rendered":"https:\/\/www.bossapromotions.com\/contato-2\/"},"modified":"2025-02-18T14:45:51","modified_gmt":"2025-02-18T14:45:51","slug":"contato-2","status":"publish","type":"page","link":"https:\/\/www.bossapromotions.com\/pt-br\/contato-2\/","title":{"rendered":"Contato"},"content":{"rendered":"\t\t<div data-elementor-type=\"wp-post\" data-elementor-id=\"21647\" class=\"elementor elementor-21647 elementor-15128\" data-elementor-post-type=\"page\">\n\t\t\t\t\t\t<section class=\"elementor-section elementor-top-section elementor-element elementor-element-4c7512d elementor-section-stretched elementor-section-boxed elementor-section-height-default elementor-section-height-default\" data-id=\"4c7512d\" data-element_type=\"section\" data-e-type=\"section\" data-settings=\"{&quot;stretch_section&quot;:&quot;section-stretched&quot;,&quot;background_background&quot;:&quot;classic&quot;}\">\n\t\t\t\t\t\t\t<div class=\"elementor-background-overlay\"><\/div>\n\t\t\t\t\t\t\t<div class=\"elementor-container elementor-column-gap-default\">\n\t\t\t\t\t<div class=\"elementor-column elementor-col-100 elementor-top-column elementor-element elementor-element-3e6f609\" data-id=\"3e6f609\" data-element_type=\"column\" data-e-type=\"column\">\n\t\t\t<div class=\"elementor-widget-wrap elementor-element-populated\">\n\t\t\t\t\t\t<section class=\"elementor-section elementor-inner-section elementor-element elementor-element-58bbaab elementor-section-boxed elementor-section-height-default elementor-section-height-default\" data-id=\"58bbaab\" data-element_type=\"section\" data-e-type=\"section\">\n\t\t\t\t\t\t<div class=\"elementor-container elementor-column-gap-default\">\n\t\t\t\t\t<div class=\"elementor-column elementor-col-50 elementor-inner-column elementor-element elementor-element-e12cb95\" data-id=\"e12cb95\" data-element_type=\"column\" data-e-type=\"column\">\n\t\t\t<div class=\"elementor-widget-wrap elementor-element-populated\">\n\t\t\t\t\t\t<div class=\"elementor-element elementor-element-a4b33e1 elementor-widget elementor-widget-text-editor\" data-id=\"a4b33e1\" data-element_type=\"widget\" data-e-type=\"widget\" data-widget_type=\"text-editor.default\">\n\t\t\t\t<div class=\"elementor-widget-container\">\n\t\t\t\t\t\t\t\t\t<p>Para mais detalhes ou informa\u00e7\u00f5es sobre a Bossa e nossos servi\u00e7os, entre em contato conosco, preenchendo o formul\u00e1rio nesta p\u00e1gina, ou nos contate por telefone:<\/p>\n<p>Tel: 11-3230 7987 (+55-11-3230 7987) \u2013 S\u00e3o Paulo \u2013 Brasil<br \/>\nTel: 020-7617 7284 (+44-20-7617 7284) \u2013 Londres \u2013 UK<\/p>\n\t\t\t\t\t\t\t\t<\/div>\n\t\t\t\t<\/div>\n\t\t\t\t<div class=\"elementor-element elementor-element-da8e610 elementor-widget elementor-widget-image\" data-id=\"da8e610\" data-element_type=\"widget\" data-e-type=\"widget\" data-widget_type=\"image.default\">\n\t\t\t\t<div class=\"elementor-widget-container\">\n\t\t\t\t\t\t\t\t\t\t\t\t\t\t\t<img fetchpriority=\"high\" decoding=\"async\" width=\"800\" height=\"167\" src=\"https:\/\/www.bossapromotions.com\/wp-content\/uploads\/2019\/11\/Logo_Bossa_Promotions_Azul-1024x214.png\" class=\"attachment-large size-large wp-image-16908\" alt=\"\" srcset=\"https:\/\/www.bossapromotions.com\/wp-content\/uploads\/2019\/11\/Logo_Bossa_Promotions_Azul-1024x214.png 1024w, https:\/\/www.bossapromotions.com\/wp-content\/uploads\/2019\/11\/Logo_Bossa_Promotions_Azul-300x63.png 300w, https:\/\/www.bossapromotions.com\/wp-content\/uploads\/2019\/11\/Logo_Bossa_Promotions_Azul-768x160.png 768w, https:\/\/www.bossapromotions.com\/wp-content\/uploads\/2019\/11\/Logo_Bossa_Promotions_Azul.png 1127w\" sizes=\"(max-width: 800px) 100vw, 800px\" \/>\t\t\t\t\t\t\t\t\t\t\t\t\t\t\t<\/div>\n\t\t\t\t<\/div>\n\t\t\t\t\t<\/div>\n\t\t<\/div>\n\t\t\t\t<div class=\"elementor-column elementor-col-50 elementor-inner-column elementor-element elementor-element-faf27a9\" data-id=\"faf27a9\" data-element_type=\"column\" data-e-type=\"column\">\n\t\t\t<div class=\"elementor-widget-wrap elementor-element-populated\">\n\t\t\t\t\t\t<div class=\"elementor-element elementor-element-8b80f03 elementor-widget elementor-widget-spacer\" data-id=\"8b80f03\" data-element_type=\"widget\" data-e-type=\"widget\" data-widget_type=\"spacer.default\">\n\t\t\t\t<div class=\"elementor-widget-container\">\n\t\t\t\t\t\t\t<div class=\"elementor-spacer\">\n\t\t\t<div class=\"elementor-spacer-inner\"><\/div>\n\t\t<\/div>\n\t\t\t\t\t\t<\/div>\n\t\t\t\t<\/div>\n\t\t\t\t<div class=\"elementor-element elementor-element-e6ff69f elementor-button-align-stretch elementor-widget elementor-widget-form\" data-id=\"e6ff69f\" data-element_type=\"widget\" data-e-type=\"widget\" data-settings=\"{&quot;step_next_label&quot;:&quot;Next&quot;,&quot;step_previous_label&quot;:&quot;Previous&quot;,&quot;button_width&quot;:&quot;100&quot;,&quot;step_type&quot;:&quot;number_text&quot;,&quot;step_icon_shape&quot;:&quot;circle&quot;}\" data-widget_type=\"form.default\">\n\t\t\t\t<div class=\"elementor-widget-container\">\n\t\t\t\t\t\t\t<form class=\"elementor-form\" method=\"post\" name=\"New Form\" aria-label=\"New Form\">\n\t\t\t<input type=\"hidden\" name=\"post_id\" value=\"21647\"\/>\n\t\t\t<input type=\"hidden\" name=\"form_id\" value=\"e6ff69f\"\/>\n\t\t\t<input type=\"hidden\" name=\"referer_title\" value=\"Bossa | Contato\" \/>\n\n\t\t\t\t\t\t\t<input type=\"hidden\" name=\"queried_id\" value=\"21647\"\/>\n\t\t\t\n\t\t\t<div class=\"elementor-form-fields-wrapper elementor-labels-\">\n\t\t\t\t\t\t\t\t<div class=\"elementor-field-type-text elementor-field-group elementor-column elementor-field-group-name elementor-col-100 elementor-field-required\">\n\t\t\t\t\t\t\t\t\t\t\t\t<label for=\"form-field-name\" class=\"elementor-field-label elementor-screen-only\">\n\t\t\t\t\t\t\t\tSeu Nome\t\t\t\t\t\t\t<\/label>\n\t\t\t\t\t\t\t\t\t\t\t\t\t\t<input size=\"1\" type=\"text\" name=\"form_fields[name]\" id=\"form-field-name\" class=\"elementor-field elementor-size-lg  elementor-field-textual\" placeholder=\"Seu Nome\" required=\"required\">\n\t\t\t\t\t\t\t\t\t\t\t<\/div>\n\t\t\t\t\t\t\t\t<div class=\"elementor-field-type-email elementor-field-group elementor-column elementor-field-group-email elementor-col-100 elementor-field-required\">\n\t\t\t\t\t\t\t\t\t\t\t\t<label for=\"form-field-email\" class=\"elementor-field-label elementor-screen-only\">\n\t\t\t\t\t\t\t\tSeu E-mail\t\t\t\t\t\t\t<\/label>\n\t\t\t\t\t\t\t\t\t\t\t\t\t\t<input size=\"1\" type=\"email\" name=\"form_fields[email]\" id=\"form-field-email\" class=\"elementor-field elementor-size-lg  elementor-field-textual\" placeholder=\"Seu E-mail\" required=\"required\">\n\t\t\t\t\t\t\t\t\t\t\t<\/div>\n\t\t\t\t\t\t\t\t<div class=\"elementor-field-type-select elementor-field-group elementor-column elementor-field-group-message elementor-col-100 elementor-field-required\">\n\t\t\t\t\t\t\t\t\t\t\t\t<label for=\"form-field-message\" class=\"elementor-field-label elementor-screen-only\">\n\t\t\t\t\t\t\t\tYour Country\t\t\t\t\t\t\t<\/label>\n\t\t\t\t\t\t\t\t<div class=\"elementor-field elementor-select-wrapper remove-before \">\n\t\t\t<div class=\"select-caret-down-wrapper\">\n\t\t\t\t<i aria-hidden=\"true\" class=\"eicon-caret-down\"><\/i>\t\t\t<\/div>\n\t\t\t<select name=\"form_fields[message]\" id=\"form-field-message\" class=\"elementor-field-textual elementor-size-lg\" required=\"required\">\n\t\t\t\t\t\t\t\t\t<option value=\"brazil\">Brasil *<\/option>\n\t\t\t\t\t\t\t\t\t<option value=\"argentina  \">Argentina<\/option>\n\t\t\t\t\t\t\t\t\t<option value=\"australia  \">Australia<\/option>\n\t\t\t\t\t\t\t\t\t<option value=\"austria  \">Austria<\/option>\n\t\t\t\t\t\t\t\t\t<option value=\"belgium  \">Belgium<\/option>\n\t\t\t\t\t\t\t\t\t<option value=\"brazil  \">Brazil<\/option>\n\t\t\t\t\t\t\t\t\t<option value=\"canada  \">Canada<\/option>\n\t\t\t\t\t\t\t\t\t<option value=\"chile  \">Chile<\/option>\n\t\t\t\t\t\t\t\t\t<option value=\"china  \">China<\/option>\n\t\t\t\t\t\t\t\t\t<option value=\"colombia  \">Colombia<\/option>\n\t\t\t\t\t\t\t\t\t<option value=\"czech-republic  \">Czech Republic<\/option>\n\t\t\t\t\t\t\t\t\t<option value=\"denmark  \">Denmark<\/option>\n\t\t\t\t\t\t\t\t\t<option value=\"egypt  \">Egypt<\/option>\n\t\t\t\t\t\t\t\t\t<option value=\"finland  \">Finland<\/option>\n\t\t\t\t\t\t\t\t\t<option value=\"france  \">France<\/option>\n\t\t\t\t\t\t\t\t\t<option value=\"germany  \">Germany<\/option>\n\t\t\t\t\t\t\t\t\t<option value=\"greece  \">Greece<\/option>\n\t\t\t\t\t\t\t\t\t<option value=\"hong-kong  \">Hong Kong<\/option>\n\t\t\t\t\t\t\t\t\t<option value=\"hungary  \">Hungary<\/option>\n\t\t\t\t\t\t\t\t\t<option value=\"india  \">India<\/option>\n\t\t\t\t\t\t\t\t\t<option value=\"indonesia  \">Indonesia<\/option>\n\t\t\t\t\t\t\t\t\t<option value=\"ireland  \">Ireland<\/option>\n\t\t\t\t\t\t\t\t\t<option value=\"israel  \">Israel<\/option>\n\t\t\t\t\t\t\t\t\t<option value=\"italy  \">Italy<\/option>\n\t\t\t\t\t\t\t\t\t<option value=\"japan  \">Japan<\/option>\n\t\t\t\t\t\t\t\t\t<option value=\"malaysia  \">Malaysia<\/option>\n\t\t\t\t\t\t\t\t\t<option value=\"mexico  \">Mexico<\/option>\n\t\t\t\t\t\t\t\t\t<option value=\"netherlands  \">Netherlands<\/option>\n\t\t\t\t\t\t\t\t\t<option value=\"new-zealand  \">New Zealand<\/option>\n\t\t\t\t\t\t\t\t\t<option value=\"nigeria  \">Nigeria<\/option>\n\t\t\t\t\t\t\t\t\t<option value=\"norway  \">Norway<\/option>\n\t\t\t\t\t\t\t\t\t<option value=\"pakistan  \">Pakistan<\/option>\n\t\t\t\t\t\t\t\t\t<option value=\"peru  \">Peru<\/option>\n\t\t\t\t\t\t\t\t\t<option value=\"philippines  \">Philippines<\/option>\n\t\t\t\t\t\t\t\t\t<option value=\"poland  \">Poland<\/option>\n\t\t\t\t\t\t\t\t\t<option value=\"portugal  \">Portugal<\/option>\n\t\t\t\t\t\t\t\t\t<option value=\"romania  \">Romania<\/option>\n\t\t\t\t\t\t\t\t\t<option value=\"russia  \">Russia<\/option>\n\t\t\t\t\t\t\t\t\t<option value=\"saudi-arabia  \">Saudi Arabia<\/option>\n\t\t\t\t\t\t\t\t\t<option value=\"singapore  \">Singapore<\/option>\n\t\t\t\t\t\t\t\t\t<option value=\"south-africa  \">South Africa<\/option>\n\t\t\t\t\t\t\t\t\t<option value=\"south-korea  \">South Korea<\/option>\n\t\t\t\t\t\t\t\t\t<option value=\"spain  \">Spain<\/option>\n\t\t\t\t\t\t\t\t\t<option value=\"sweden  \">Sweden<\/option>\n\t\t\t\t\t\t\t\t\t<option value=\"switzerland  \">Switzerland<\/option>\n\t\t\t\t\t\t\t\t\t<option value=\"thailand  \">Thailand<\/option>\n\t\t\t\t\t\t\t\t\t<option value=\"turkey  \">Turkey<\/option>\n\t\t\t\t\t\t\t\t\t<option value=\"ukraine  \">Ukraine<\/option>\n\t\t\t\t\t\t\t\t\t<option value=\"united-arab-emirates  \">United Arab Emirates<\/option>\n\t\t\t\t\t\t\t\t\t<option value=\"united-kingdom  \">United Kingdom<\/option>\n\t\t\t\t\t\t\t\t\t<option value=\"united-states  \">United States<\/option>\n\t\t\t\t\t\t\t\t\t<option value=\"vietnam  \">Vietnam<\/option>\n\t\t\t\t\t\t\t<\/select>\n\t\t<\/div>\n\t\t\t\t\t\t<\/div>\n\t\t\t\t\t\t\t\t<div class=\"elementor-field-type-tel elementor-field-group elementor-column elementor-field-group-field_1de2d3f elementor-col-100 elementor-field-required\">\n\t\t\t\t\t\t\t\t\t\t\t\t<label for=\"form-field-field_1de2d3f\" class=\"elementor-field-label elementor-screen-only\">\n\t\t\t\t\t\t\t\tSeu Telefone\t\t\t\t\t\t\t<\/label>\n\t\t\t\t\t\t\t\t<input size=\"1\" type=\"tel\" name=\"form_fields[field_1de2d3f]\" id=\"form-field-field_1de2d3f\" class=\"elementor-field elementor-size-lg  elementor-field-textual\" placeholder=\"Seu Telefone\" required=\"required\" pattern=\"[0-9()#&amp;+*-=.]+\" title=\"Only numbers and phone characters (#, -, *, etc) are accepted.\">\n\n\t\t\t\t\t\t<\/div>\n\t\t\t\t\t\t\t\t<div class=\"elementor-field-type-textarea elementor-field-group elementor-column elementor-field-group-field_583a16b elementor-col-100 elementor-field-required\">\n\t\t\t\t\t\t\t\t\t\t\t\t<label for=\"form-field-field_583a16b\" class=\"elementor-field-label elementor-screen-only\">\n\t\t\t\t\t\t\t\tSua Mensagem\t\t\t\t\t\t\t<\/label>\n\t\t\t\t\t\t<textarea class=\"elementor-field-textual elementor-field  elementor-size-lg\" name=\"form_fields[field_583a16b]\" id=\"form-field-field_583a16b\" rows=\"4\" placeholder=\"Sua Mensagem\" required=\"required\"><\/textarea>\t\t\t\t<\/div>\n\t\t\t\t\t\t\t\t<div class=\"elementor-field-type-recaptcha elementor-field-group elementor-column elementor-field-group-field_c87147a elementor-col-100\">\n\t\t\t\t\t<div class=\"elementor-field\" id=\"form-field-field_c87147a\"><div class=\"elementor-g-recaptcha\" data-sitekey=\"6LdYq5oUAAAAAHpgebGhhEE-V4wZAZ4wL5ckhuyt\" data-type=\"v2_checkbox\" data-theme=\"dark\" data-size=\"normal\"><\/div><\/div>\t\t\t\t<\/div>\n\t\t\t\t\t\t\t\t<div class=\"elementor-field-group elementor-column elementor-field-type-submit elementor-col-100 e-form__buttons\">\n\t\t\t\t\t<button class=\"elementor-button elementor-size-xl\" type=\"submit\">\n\t\t\t\t\t\t<span class=\"elementor-button-content-wrapper\">\n\t\t\t\t\t\t\t\t\t\t\t\t\t\t\t\t\t\t\t\t\t\t<span class=\"elementor-button-text\">Send<\/span>\n\t\t\t\t\t\t\t\t\t\t\t\t\t<\/span>\n\t\t\t\t\t<\/button>\n\t\t\t\t<\/div>\n\t\t\t<\/div>\n\t\t<\/form>\n\t\t\t\t\t\t<\/div>\n\t\t\t\t<\/div>\n\t\t\t\t\t<\/div>\n\t\t<\/div>\n\t\t\t\t\t<\/div>\n\t\t<\/section>\n\t\t\t\t\t<\/div>\n\t\t<\/div>\n\t\t\t\t\t<\/div>\n\t\t<\/section>\n\t\t\t\t<\/div>\n\t\t","protected":false},"excerpt":{"rendered":"<p>Para mais detalhes ou informa\u00e7\u00f5es sobre a Bossa e nossos servi\u00e7os, entre em contato conosco, preenchendo o formul\u00e1rio nesta p\u00e1gina, ou nos contate por telefone: Tel: 11-3230 7987 (+55-11-3230 7987)&hellip;<\/p>\n<p> <a class=\"more-link\" href=\"https:\/\/www.bossapromotions.com\/pt-br\/contato-2\/\">Leia mais<\/a><\/p>\n","protected":false},"author":1,"featured_media":18191,"parent":0,"menu_order":0,"comment_status":"closed","ping_status":"closed","template":"","meta":{"footnotes":""},"class_list":["post-21647","page","type-page","status-publish","has-post-thumbnail"],"_links":{"self":[{"href":"https:\/\/www.bossapromotions.com\/pt-br\/wp-json\/wp\/v2\/pages\/21647","targetHints":{"allow":["GET"]}}],"collection":[{"href":"https:\/\/www.bossapromotions.com\/pt-br\/wp-json\/wp\/v2\/pages"}],"about":[{"href":"https:\/\/www.bossapromotions.com\/pt-br\/wp-json\/wp\/v2\/types\/page"}],"author":[{"embeddable":true,"href":"https:\/\/www.bossapromotions.com\/pt-br\/wp-json\/wp\/v2\/users\/1"}],"replies":[{"embeddable":true,"href":"https:\/\/www.bossapromotions.com\/pt-br\/wp-json\/wp\/v2\/comments?post=21647"}],"version-history":[{"count":0,"href":"https:\/\/www.bossapromotions.com\/pt-br\/wp-json\/wp\/v2\/pages\/21647\/revisions"}],"wp:featuredmedia":[{"embeddable":true,"href":"https:\/\/www.bossapromotions.com\/pt-br\/wp-json\/wp\/v2\/media\/18191"}],"wp:attachment":[{"href":"https:\/\/www.bossapromotions.com\/pt-br\/wp-json\/wp\/v2\/media?parent=21647"}],"curies":[{"name":"wp","href":"https:\/\/api.w.org\/{rel}","templated":true}]}}