{"id":20833,"date":"2022-09-21T15:00:16","date_gmt":"2022-09-21T15:00:16","guid":{"rendered":"https:\/\/www.bossapromotions.com\/?page_id=20833"},"modified":"2024-08-23T14:22:08","modified_gmt":"2024-08-23T13:22:08","slug":"treinamentos","status":"publish","type":"page","link":"https:\/\/www.bossapromotions.com\/pt-br\/treinamentos\/","title":{"rendered":"Treinamentos"},"content":{"rendered":"\t\t<div data-elementor-type=\"wp-page\" data-elementor-id=\"20833\" class=\"elementor elementor-20833 elementor-20785\" data-elementor-post-type=\"page\">\n\t\t\t\t\t\t<section class=\"elementor-section elementor-top-section elementor-element elementor-element-2cbce7d elementor-section-stretched elementor-section-boxed elementor-section-height-default elementor-section-height-default\" data-id=\"2cbce7d\" data-element_type=\"section\" data-e-type=\"section\" data-settings=\"{&quot;stretch_section&quot;:&quot;section-stretched&quot;,&quot;background_background&quot;:&quot;classic&quot;}\">\n\t\t\t\t\t\t\t<div class=\"elementor-background-overlay\"><\/div>\n\t\t\t\t\t\t\t<div class=\"elementor-container elementor-column-gap-default\">\n\t\t\t\t\t<div class=\"elementor-column elementor-col-100 elementor-top-column elementor-element elementor-element-c8b9272\" data-id=\"c8b9272\" data-element_type=\"column\" data-e-type=\"column\">\n\t\t\t<div class=\"elementor-widget-wrap elementor-element-populated\">\n\t\t\t\t\t\t<div class=\"elementor-element elementor-element-56822f2 elementor-widget elementor-widget-text-editor\" data-id=\"56822f2\" data-element_type=\"widget\" data-e-type=\"widget\" data-widget_type=\"text-editor.default\">\n\t\t\t\t<div class=\"elementor-widget-container\">\n\t\t\t\t\t\t\t\t\t<p><b>Capacitando profissionais por meio de treinamentos online e presenciais e webinars para o sucesso da promo\u00e7\u00e3o de destinos tur\u00edsticos<\/b><\/p><p><b>Com uma abordagem abrangente e flex\u00edvel, a Bossa oferece treinamentos online, webinars e presenciais que atendem \u00e0s diversas necessidades do trade tur\u00edstico<\/b><\/p><p><span style=\"font-weight: 400;\">No din\u00e2mico e competitivo mundo do turismo, a capacita\u00e7\u00e3o dos seus profissionais, como agentes de viagem e funcion\u00e1rios de operadoras de turismo, \u00e9 fundamental para que os destinos tur\u00edsticos sejam conhecidos. Com anos de experi\u00eancia no setor, a Bossa oferece uma ampla gama de treinamentos, incluindo cursos online, webinars e presenciais.\u00a0<\/span><\/p><p><b>BOT \u2013 Bossa Online Training<\/b><\/p><p><span style=\"font-weight: 400;\">A Bossa possui expertise em treinamentos online: o BOT \u2013 Bossa Online Training \u2013 sua plataforma exclusiva, possibilita que os clientes ofere\u00e7am cursos curtos e r\u00e1pidos, dando aos profissionais a oportunidade de aprender sobre destinos tur\u00edsticos, produtos ou servi\u00e7os, para ampliar seus conhecimentos e se tornarem especialistas. Os cursos online s\u00e3o gratuitos para os participantes, que ap\u00f3s cadastrados s\u00e3o atualizados regularmente sobre todas as op\u00e7\u00f5es de novos treinamentos para poderem refletir as mudan\u00e7as e tend\u00eancias no setor tur\u00edstico. Al\u00e9m do conte\u00fado, o grande diferencial do BOT \u00e9 sua conveni\u00eancia e comodidade, pois os profissionais t\u00eam acesso aos programas a qualquer momento que desejarem, sem nenhum prazo para complet\u00e1-los. Uma vez que o treinamento seja conclu\u00eddo com \u00eaxito, o aluno pode acessar seu certificado para download e impress\u00e3o, dando-lhe a relevante qualifica\u00e7\u00e3o de \u2018especialista\u2019.<\/span><span style=\"font-weight: 400;\">\u00a0<\/span><\/p><p><b>Webinars<\/b><\/p><p><span style=\"font-weight: 400;\">Os webinars da Bossa s\u00e3o uma ferramenta poderosa para o aprendizado flex\u00edvel e acess\u00edvel. Esses semin\u00e1rios online abordam uma variedade de t\u00f3picos relevantes para o setor de turismo, desde destinos tur\u00edsticos, \u00e0s \u00faltimas tend\u00eancias em marketing digital at\u00e9 t\u00e9cnicas avan\u00e7adas de vendas e atendimento ao cliente. Com a facilidade de participar de qualquer lugar do mundo, os webinars permitem que os profissionais atualizem seus conhecimentos e habilidades sem interrup\u00e7\u00f5es significativas em suas rotinas di\u00e1rias.<\/span><\/p><p><b>Treinamentos presenciais<\/b><\/p><p><span style=\"font-weight: 400;\">Para uma experi\u00eancia de aprendizado mais imersiva, a Bossa oferece treinamentos presenciais como semin\u00e1rios e workshops para agentes de viagem e funcion\u00e1rios de operadoras de turismo. Esses treinamentos s\u00e3o ideais para capacit\u00e1-los sobre destinos tur\u00edsticos, garantindo que os profissionais se aprofundem, e assim ofere\u00e7am um servi\u00e7o qualificado e personalizado aos clientes. Durante esses treinamentos, os participantes aprendem sobre as caracter\u00edsticas \u00fanicas dos destinos, produtos e atrativos, o que os torna mais preparados para sugerir aos seus clientes suas pr\u00f3ximas viagens. Promover destinos tur\u00edsticos atrav\u00e9s desses eventos \u00e9 uma das formas mais eficazes de promo\u00e7\u00e3o.\u00a0\u00a0<\/span><\/p><p><span style=\"font-weight: 400;\">Para atender \u00e0s necessidades \u00fanicas dos clientes e dos profissionais de turismo, todos os treinamentos da Bossa s\u00e3o personalizados. Antes de cada um deles, a equipe da ag\u00eancia realiza uma an\u00e1lise detalhada das necessidades e objetivos, garantindo que o conte\u00fado seja relevante e diretamente aplic\u00e1vel ao contexto de trabalho dos participantes. Essa abordagem personalizada maximiza a efic\u00e1cia dos treinamentos e garante resultados tang\u00edveis.<\/span><\/p><p><span style=\"font-weight: 400;\">Seja atrav\u00e9s do BOT \u2013 Bossa Online Training, webinars, ou treinamentos presenciais como semin\u00e1rios ou workshops, a Bossa proporciona uma experi\u00eancia de aprendizado completa e enriquecedora. Com uma abordagem personalizada e um compromisso com a qualidade, a Bossa ajuda seus clientes a se destacarem em mercados internacionais cada vez mais competitivos e a alcan\u00e7ar seus objetivos de maneira sustent\u00e1vel e eficaz.<\/span><\/p>\t\t\t\t\t\t\t\t<\/div>\n\t\t\t\t<\/div>\n\t\t\t\t<div class=\"elementor-element elementor-element-950b08e elementor-widget elementor-widget-image\" data-id=\"950b08e\" data-element_type=\"widget\" data-e-type=\"widget\" data-widget_type=\"image.default\">\n\t\t\t\t<div class=\"elementor-widget-container\">\n\t\t\t\t\t\t\t\t\t\t\t\t\t\t\t<img fetchpriority=\"high\" decoding=\"async\" width=\"1245\" height=\"820\" src=\"https:\/\/www.bossapromotions.com\/wp-content\/uploads\/2019\/11\/BOT_Logo.png\" class=\"elementor-animation-grow attachment-full size-full wp-image-16059\" alt=\"\" srcset=\"https:\/\/www.bossapromotions.com\/wp-content\/uploads\/2019\/11\/BOT_Logo.png 1245w, https:\/\/www.bossapromotions.com\/wp-content\/uploads\/2019\/11\/BOT_Logo-300x198.png 300w, https:\/\/www.bossapromotions.com\/wp-content\/uploads\/2019\/11\/BOT_Logo-768x506.png 768w, https:\/\/www.bossapromotions.com\/wp-content\/uploads\/2019\/11\/BOT_Logo-1024x674.png 1024w\" sizes=\"(max-width: 1245px) 100vw, 1245px\" \/>\t\t\t\t\t\t\t\t\t\t\t\t\t\t\t<\/div>\n\t\t\t\t<\/div>\n\t\t\t\t<div class=\"elementor-element elementor-element-f9de94d elementor-button-success elementor-align-center animated-slow elementor-invisible elementor-widget elementor-widget-button\" data-id=\"f9de94d\" data-element_type=\"widget\" data-e-type=\"widget\" data-settings=\"{&quot;_animation&quot;:&quot;fadeInRight&quot;,&quot;_animation_delay&quot;:900}\" data-widget_type=\"button.default\">\n\t\t\t\t<div class=\"elementor-widget-container\">\n\t\t\t\t\t\t\t\t\t<div class=\"elementor-button-wrapper\">\n\t\t\t\t\t<a class=\"elementor-button elementor-button-link elementor-size-xs elementor-animation-grow\" href=\"https:\/\/www.brazilot.com\" target=\"_blank\" rel=\"noopener\">\n\t\t\t\t\t\t<span class=\"elementor-button-content-wrapper\">\n\t\t\t\t\t\t\t\t\t<span class=\"elementor-button-text\">VISITE O SITE<\/span>\n\t\t\t\t\t<\/span>\n\t\t\t\t\t<\/a>\n\t\t\t\t<\/div>\n\t\t\t\t\t\t\t\t<\/div>\n\t\t\t\t<\/div>\n\t\t\t\t\t<\/div>\n\t\t<\/div>\n\t\t\t\t\t<\/div>\n\t\t<\/section>\n\t\t\t\t<\/div>\n\t\t","protected":false},"excerpt":{"rendered":"<p>Capacitando profissionais por meio de treinamentos online e presenciais e webinars para o sucesso da promo\u00e7\u00e3o de destinos tur\u00edsticos Com uma abordagem abrangente e flex\u00edvel, a Bossa oferece treinamentos online,&hellip;<\/p>\n<p> <a class=\"more-link\" href=\"https:\/\/www.bossapromotions.com\/pt-br\/treinamentos\/\">Leia mais<\/a><\/p>\n","protected":false},"author":1,"featured_media":23414,"parent":0,"menu_order":0,"comment_status":"closed","ping_status":"closed","template":"","meta":{"footnotes":""},"class_list":["post-20833","page","type-page","status-publish","has-post-thumbnail"],"_links":{"self":[{"href":"https:\/\/www.bossapromotions.com\/pt-br\/wp-json\/wp\/v2\/pages\/20833","targetHints":{"allow":["GET"]}}],"collection":[{"href":"https:\/\/www.bossapromotions.com\/pt-br\/wp-json\/wp\/v2\/pages"}],"about":[{"href":"https:\/\/www.bossapromotions.com\/pt-br\/wp-json\/wp\/v2\/types\/page"}],"author":[{"embeddable":true,"href":"https:\/\/www.bossapromotions.com\/pt-br\/wp-json\/wp\/v2\/users\/1"}],"replies":[{"embeddable":true,"href":"https:\/\/www.bossapromotions.com\/pt-br\/wp-json\/wp\/v2\/comments?post=20833"}],"version-history":[{"count":0,"href":"https:\/\/www.bossapromotions.com\/pt-br\/wp-json\/wp\/v2\/pages\/20833\/revisions"}],"wp:featuredmedia":[{"embeddable":true,"href":"https:\/\/www.bossapromotions.com\/pt-br\/wp-json\/wp\/v2\/media\/23414"}],"wp:attachment":[{"href":"https:\/\/www.bossapromotions.com\/pt-br\/wp-json\/wp\/v2\/media?parent=20833"}],"curies":[{"name":"wp","href":"https:\/\/api.w.org\/{rel}","templated":true}]}}