{"id":20809,"date":"2022-09-21T14:30:30","date_gmt":"2022-09-21T14:30:30","guid":{"rendered":"https:\/\/www.bossapromotions.com\/?page_id=20809"},"modified":"2024-08-23T13:57:20","modified_gmt":"2024-08-23T12:57:20","slug":"bbmag","status":"publish","type":"page","link":"https:\/\/www.bossapromotions.com\/pt-br\/bbmag\/","title":{"rendered":"BBMag"},"content":{"rendered":"\t\t<div data-elementor-type=\"wp-page\" data-elementor-id=\"20809\" class=\"elementor elementor-20809 elementor-20766\" data-elementor-post-type=\"page\">\n\t\t\t\t\t\t<section class=\"elementor-section elementor-top-section elementor-element elementor-element-2c40cbc elementor-section-stretched elementor-section-boxed elementor-section-height-default elementor-section-height-default\" data-id=\"2c40cbc\" data-element_type=\"section\" data-e-type=\"section\" data-settings=\"{&quot;stretch_section&quot;:&quot;section-stretched&quot;,&quot;background_background&quot;:&quot;classic&quot;}\">\n\t\t\t\t\t\t\t<div class=\"elementor-background-overlay\"><\/div>\n\t\t\t\t\t\t\t<div class=\"elementor-container elementor-column-gap-default\">\n\t\t\t\t\t<div class=\"elementor-column elementor-col-100 elementor-top-column elementor-element elementor-element-5c8a7e3 animated-slow elementor-invisible\" data-id=\"5c8a7e3\" data-element_type=\"column\" data-e-type=\"column\" data-settings=\"{&quot;background_background&quot;:&quot;classic&quot;,&quot;animation&quot;:&quot;fadeIn&quot;}\">\n\t\t\t<div class=\"elementor-widget-wrap elementor-element-populated\">\n\t\t\t\t\t\t<section class=\"elementor-section elementor-inner-section elementor-element elementor-element-5337cd3 elementor-section-boxed elementor-section-height-default elementor-section-height-default\" data-id=\"5337cd3\" data-element_type=\"section\" data-e-type=\"section\">\n\t\t\t\t\t\t<div class=\"elementor-container elementor-column-gap-default\">\n\t\t\t\t\t<div class=\"elementor-column elementor-col-100 elementor-inner-column elementor-element elementor-element-7e06617\" data-id=\"7e06617\" data-element_type=\"column\" data-e-type=\"column\">\n\t\t\t<div class=\"elementor-widget-wrap elementor-element-populated\">\n\t\t\t\t\t\t<div class=\"elementor-element elementor-element-40875ed elementor-widget elementor-widget-text-editor\" data-id=\"40875ed\" data-element_type=\"widget\" data-e-type=\"widget\" data-widget_type=\"text-editor.default\">\n\t\t\t\t<div class=\"elementor-widget-container\">\n\t\t\t\t\t\t\t\t\t<p><b>Oportunidades de Publicidade na BBMag: Alcance Global com Foco Local<\/b><\/p><p>Descubra como a BBMag pode elevar sua visibilidade e conectar sua marca a um p\u00fablico diversificado em Londres e al\u00e9m.<\/p><p><em><span style=\"font-weight: 400;\">Veja o nosso Media Pack <a title=\"BBMag\" href=\"https:\/\/www.bbmag.co.uk\/advertise\" target=\"_blank\" rel=\"noopener\">aqui!<\/a>\u00a0<\/span><\/em><\/p>\t\t\t\t\t\t\t\t<\/div>\n\t\t\t\t<\/div>\n\t\t<div class=\"elementor-element elementor-element-7d7faf5 e-grid e-con-boxed e-con e-parent\" data-id=\"7d7faf5\" data-element_type=\"container\" data-e-type=\"container\">\n\t\t\t\t\t<div class=\"e-con-inner\">\n\t\t\t\t<div class=\"elementor-element elementor-element-60c74e8 elementor-widget elementor-widget-text-editor\" data-id=\"60c74e8\" data-element_type=\"widget\" data-e-type=\"widget\" data-widget_type=\"text-editor.default\">\n\t\t\t\t<div class=\"elementor-widget-container\">\n\t\t\t\t\t\t\t\t\t<p><strong>Conectando Londres ao Mundo<\/strong><\/p><p>A BBMag se destaca como a \u00fanica revista tril\u00edngue em Londres, oferecendo conte\u00fado vibrante sobre estilo de vida, turismo e cultura em ingl\u00eas, portugu\u00eas e espanhol. Somos o ponto de encontro ideal para alcan\u00e7ar n\u00e3o apenas os londrinos, mas tamb\u00e9m as comunidades lus\u00f3fonas, hisp\u00e2nicas e uma audi\u00eancia internacional.<\/p>\t\t\t\t\t\t\t\t<\/div>\n\t\t\t\t<\/div>\n\t\t\t\t<div class=\"elementor-element elementor-element-f853e5c elementor-widget elementor-widget-text-editor\" data-id=\"f853e5c\" data-element_type=\"widget\" data-e-type=\"widget\" data-widget_type=\"text-editor.default\">\n\t\t\t\t<div class=\"elementor-widget-container\">\n\t\t\t\t\t\t\t\t\t<p><strong>BBMag Digital: Amplie seu Alcance<\/strong><\/p><p>Nosso website \u00e9 uma plataforma interativa integrada com as principais m\u00eddias sociais, mantendo nossos leitores atualizados com as \u00faltimas novidades do Reino Unido e do mundo. Com vers\u00f5es em tr\u00eas idiomas, alcan\u00e7amos mais de 800 mil pessoas por m\u00eas, proporcionando um canal eficaz para promover sua marca globalmente.<\/p>\t\t\t\t\t\t\t\t<\/div>\n\t\t\t\t<\/div>\n\t\t\t\t<div class=\"elementor-element elementor-element-4210f1b elementor-widget elementor-widget-text-editor\" data-id=\"4210f1b\" data-element_type=\"widget\" data-e-type=\"widget\" data-widget_type=\"text-editor.default\">\n\t\t\t\t<div class=\"elementor-widget-container\">\n\t\t\t\t\t\t\t\t\t<p><strong>Especialistas em Turismo e Neg\u00f3cios<\/strong><\/p><p>Entendemos a import\u00e2ncia de direcionar sua mensagem ao p\u00fablico certo. Seja seu neg\u00f3cio um destino tur\u00edstico, uma empresa a\u00e9rea, gastronomia, servi\u00e7os profissionais ou varejo, nossa equipe comercial especializada est\u00e1 aqui para ajudar sua marca a se destacar.<\/p>\t\t\t\t\t\t\t\t<\/div>\n\t\t\t\t<\/div>\n\t\t\t\t<div class=\"elementor-element elementor-element-d365d8d elementor-widget elementor-widget-text-editor\" data-id=\"d365d8d\" data-element_type=\"widget\" data-e-type=\"widget\" data-widget_type=\"text-editor.default\">\n\t\t\t\t<div class=\"elementor-widget-container\">\n\t\t\t\t\t\t\t\t\t<p><strong>BBMag Diret\u00f3rio de Neg\u00f3cios: Potencialize sua Presen\u00e7a<\/strong><\/p><p>Participe do nosso BBMag Diret\u00f3rio de Neg\u00f3cios, uma ferramenta essencial para promover classificados, fornecedores e produtos em Londres e no Reino Unido. Seu an\u00fancio aqui significa uma exposi\u00e7\u00e3o estrat\u00e9gica e impactante para seu neg\u00f3cio.<\/p>\t\t\t\t\t\t\t\t<\/div>\n\t\t\t\t<\/div>\n\t\t\t\t<div class=\"elementor-element elementor-element-415be7a elementor-widget elementor-widget-text-editor\" data-id=\"415be7a\" data-element_type=\"widget\" data-e-type=\"widget\" data-widget_type=\"text-editor.default\">\n\t\t\t\t<div class=\"elementor-widget-container\">\n\t\t\t\t\t\t\t\t\t<p><strong>Por que Anunciar na BBMag?<\/strong><\/p><p>Anunciar na BBMag \u00e9 sua porta de entrada para atingir comunidades de l\u00edngua portuguesa, hisp\u00e2nica, brit\u00e2nicos e audi\u00eancias internacionais em Londres. Com pre\u00e7os competitivos e flexibilidade de posicionamento e layout, garantimos que sua campanha receba a m\u00e1xima visibilidade e alcance poss\u00edvel.<\/p>\t\t\t\t\t\t\t\t<\/div>\n\t\t\t\t<\/div>\n\t\t\t\t<div class=\"elementor-element elementor-element-9359420 elementor-widget elementor-widget-text-editor\" data-id=\"9359420\" data-element_type=\"widget\" data-e-type=\"widget\" data-widget_type=\"text-editor.default\">\n\t\t\t\t<div class=\"elementor-widget-container\">\n\t\t\t\t\t\t\t\t\t<p><strong>Maximize sua Exposi\u00e7\u00e3o<\/strong><\/p><p>N\u00e3o perca a oportunidade de destacar sua marca com a BBMag. Consulte nosso Media Pack para descobrir como podemos ajud\u00e1-lo a alcan\u00e7ar seus objetivos de publicidade de maneira eficaz e impactante.<\/p>\t\t\t\t\t\t\t\t<\/div>\n\t\t\t\t<\/div>\n\t\t\t\t\t<\/div>\n\t\t\t\t<\/div>\n\t\t\t\t<div class=\"elementor-element elementor-element-291ae42 elementor-button-success elementor-align-center animated-slow elementor-invisible elementor-widget elementor-widget-button\" data-id=\"291ae42\" data-element_type=\"widget\" data-e-type=\"widget\" data-settings=\"{&quot;_animation&quot;:&quot;fadeInRight&quot;,&quot;_animation_delay&quot;:900}\" data-widget_type=\"button.default\">\n\t\t\t\t<div class=\"elementor-widget-container\">\n\t\t\t\t\t\t\t\t\t<div class=\"elementor-button-wrapper\">\n\t\t\t\t\t<a class=\"elementor-button elementor-button-link elementor-size-xs elementor-animation-grow\" href=\"https:\/\/www.bbmag.co.uk\/pt-br\/\" target=\"_blank\" rel=\"noopener\">\n\t\t\t\t\t\t<span class=\"elementor-button-content-wrapper\">\n\t\t\t\t\t\t\t\t\t<span class=\"elementor-button-text\">VISITE O SITE<\/span>\n\t\t\t\t\t<\/span>\n\t\t\t\t\t<\/a>\n\t\t\t\t<\/div>\n\t\t\t\t\t\t\t\t<\/div>\n\t\t\t\t<\/div>\n\t\t\t\t\t<\/div>\n\t\t<\/div>\n\t\t\t\t\t<\/div>\n\t\t<\/section>\n\t\t\t\t<section class=\"elementor-section elementor-inner-section elementor-element elementor-element-4b8cfe4 elementor-section-boxed elementor-section-height-default elementor-section-height-default\" data-id=\"4b8cfe4\" data-element_type=\"section\" data-e-type=\"section\">\n\t\t\t\t\t\t<div class=\"elementor-container elementor-column-gap-default\">\n\t\t\t\t\t<div class=\"elementor-column elementor-col-100 elementor-inner-column elementor-element elementor-element-16c7cce\" data-id=\"16c7cce\" data-element_type=\"column\" data-e-type=\"column\">\n\t\t\t<div class=\"elementor-widget-wrap elementor-element-populated\">\n\t\t\t\t\t\t<div class=\"elementor-element elementor-element-d519b11 elementor-widget elementor-widget-image\" data-id=\"d519b11\" data-element_type=\"widget\" data-e-type=\"widget\" data-widget_type=\"image.default\">\n\t\t\t\t<div class=\"elementor-widget-container\">\n\t\t\t\t\t\t\t\t\t\t\t\t\t\t\t<img fetchpriority=\"high\" decoding=\"async\" width=\"1024\" height=\"637\" src=\"https:\/\/www.bossapromotions.com\/wp-content\/uploads\/2024\/08\/bbmag_revistas.jpeg\" class=\"attachment-1536x1536 size-1536x1536 wp-image-22702\" alt=\"\" srcset=\"https:\/\/www.bossapromotions.com\/wp-content\/uploads\/2024\/08\/bbmag_revistas.jpeg 1024w, https:\/\/www.bossapromotions.com\/wp-content\/uploads\/2024\/08\/bbmag_revistas-300x187.jpeg 300w, https:\/\/www.bossapromotions.com\/wp-content\/uploads\/2024\/08\/bbmag_revistas-768x478.jpeg 768w\" sizes=\"(max-width: 1024px) 100vw, 1024px\" \/>\t\t\t\t\t\t\t\t\t\t\t\t\t\t\t<\/div>\n\t\t\t\t<\/div>\n\t\t\t\t\t<\/div>\n\t\t<\/div>\n\t\t\t\t\t<\/div>\n\t\t<\/section>\n\t\t\t\t\t<\/div>\n\t\t<\/div>\n\t\t\t\t\t<\/div>\n\t\t<\/section>\n\t\t\t\t<\/div>\n\t\t","protected":false},"excerpt":{"rendered":"<p>Oportunidades de Publicidade na BBMag: Alcance Global com Foco Local Descubra como a BBMag pode elevar sua visibilidade e conectar sua marca a um p\u00fablico diversificado em Londres e al\u00e9m.&hellip;<\/p>\n<p> <a class=\"more-link\" href=\"https:\/\/www.bossapromotions.com\/pt-br\/bbmag\/\">Leia mais<\/a><\/p>\n","protected":false},"author":1,"featured_media":22690,"parent":0,"menu_order":0,"comment_status":"closed","ping_status":"closed","template":"","meta":{"footnotes":""},"class_list":["post-20809","page","type-page","status-publish","has-post-thumbnail"],"_links":{"self":[{"href":"https:\/\/www.bossapromotions.com\/pt-br\/wp-json\/wp\/v2\/pages\/20809","targetHints":{"allow":["GET"]}}],"collection":[{"href":"https:\/\/www.bossapromotions.com\/pt-br\/wp-json\/wp\/v2\/pages"}],"about":[{"href":"https:\/\/www.bossapromotions.com\/pt-br\/wp-json\/wp\/v2\/types\/page"}],"author":[{"embeddable":true,"href":"https:\/\/www.bossapromotions.com\/pt-br\/wp-json\/wp\/v2\/users\/1"}],"replies":[{"embeddable":true,"href":"https:\/\/www.bossapromotions.com\/pt-br\/wp-json\/wp\/v2\/comments?post=20809"}],"version-history":[{"count":0,"href":"https:\/\/www.bossapromotions.com\/pt-br\/wp-json\/wp\/v2\/pages\/20809\/revisions"}],"wp:featuredmedia":[{"embeddable":true,"href":"https:\/\/www.bossapromotions.com\/pt-br\/wp-json\/wp\/v2\/media\/22690"}],"wp:attachment":[{"href":"https:\/\/www.bossapromotions.com\/pt-br\/wp-json\/wp\/v2\/media?parent=20809"}],"curies":[{"name":"wp","href":"https:\/\/api.w.org\/{rel}","templated":true}]}}