{"id":20659,"date":"2020-10-08T13:29:05","date_gmt":"2020-10-08T13:29:05","guid":{"rendered":"https:\/\/www.bossapromotions.com\/?page_id=20659"},"modified":"2020-10-08T14:28:24","modified_gmt":"2020-10-08T14:28:24","slug":"aviso-legal","status":"publish","type":"page","link":"https:\/\/www.bossapromotions.com\/pt-br\/aviso-legal\/","title":{"rendered":"Aviso Legal"},"content":{"rendered":"\t\t<div data-elementor-type=\"wp-page\" data-elementor-id=\"20659\" class=\"elementor elementor-20659 elementor-20657\" data-elementor-post-type=\"page\">\n\t\t\t\t\t\t<section class=\"elementor-section elementor-top-section elementor-element elementor-element-40c85f12 elementor-section-boxed elementor-section-height-default elementor-section-height-default\" data-id=\"40c85f12\" data-element_type=\"section\" data-e-type=\"section\">\n\t\t\t\t\t\t<div class=\"elementor-container elementor-column-gap-default\">\n\t\t\t\t\t<div class=\"elementor-column elementor-col-100 elementor-top-column elementor-element elementor-element-4fffe026\" data-id=\"4fffe026\" data-element_type=\"column\" data-e-type=\"column\">\n\t\t\t<div class=\"elementor-widget-wrap elementor-element-populated\">\n\t\t\t\t\t\t<div class=\"elementor-element elementor-element-3f0d7336 elementor-widget elementor-widget-text-editor\" data-id=\"3f0d7336\" data-element_type=\"widget\" data-e-type=\"widget\" data-widget_type=\"text-editor.default\">\n\t\t\t\t<div class=\"elementor-widget-container\">\n\t\t\t\t\t\t\t\t\t\n<h1><strong>Website\u00a0<\/strong><strong>Disclaimer<\/strong>\u00a0<\/h1>\n\n<p><strong>TERMOS E CONDI\u00c7\u00d5ES<\/strong><strong>\u00a0DE USO<\/strong>\u00a0<\/p>\n\n<p>Voc\u00ea n\u00e3o deve acessar\u00a0esse web\u00a0site ou usar as informa\u00e7\u00f5es nele contidas sem a aceita\u00e7\u00e3o pr\u00e9via desses termos e condi\u00e7\u00f5es.\u00a0O acesso a este web site ou o uso das informa\u00e7\u00f5es contidas nesta web site constitui\u00a0a aceita\u00e7\u00e3o desses termos e condi\u00e7\u00f5es, e a sua ren\u00fancia a quaisquer e\u00a0todas as\u00a0reivindica\u00e7\u00f5es contra\u00a0as nossas empresas,\u00a0associados, parceiros,\u00a0afiliados ou funcion\u00e1rios,\u00a0levantados\u00a0pelo uso\u00a0desta web\u00a0site ou algum material, informa\u00e7\u00e3o, opini\u00e3o ou recomenda\u00e7\u00f5es contidas nele.\u00a0<\/p>\n\n<p><strong>ESTES TERMOS E CONDI\u00c7\u00d5ES BASEIAM-SE NESSAS SEGUINTES CL\u00c1USULAS:<\/strong>\u00a0<\/p>\n\n<p><strong>INFORMA\u00c7\u00c3O E RETRATA\u00c7\u00c3O<\/strong>\u00a0<\/p>\n\n<p>Este web site e informa\u00e7\u00f5es, nomes, imagens, figuras, logotipos, conte\u00fados e\u00a0\u00edcones s\u00e3o providos em bases sendo e estando dispon\u00edveis sem qualquer representa\u00e7\u00e3o ou garantia de qualquer tipo, expressadas ou deduzidas, incluindo, mas n\u00e3o limitadas \u00e0s garantias mercantis deduzidas, ajustadas a um prop\u00f3sito particular ou n\u00e3o infringente. Apesar das informa\u00e7\u00f5es\u00a0nesta web\u00a0site terem sido compiladas com boa f\u00e9 para fornecer informa\u00e7\u00f5es sobre\u00a0n\u00f3s, nossos\u00a0produtos, servi\u00e7os,\u00a0associados, suas matrizes, subsidi\u00e1rias, afiliadas ou funcion\u00e1rios devem, em nenhum evento, estarem sujeitos a quaisquer danos de qualquer tipo ou natureza, incluindo, sem limita\u00e7\u00e3o, danos diretos, indiretos, especiais, por\u00a0consequ\u00eancia\u00a0ou incidentais, sendo resultantes ou relacionados ao uso ou acesso desta web site ou quaisquer materiais, informa\u00e7\u00f5es, qualifica\u00e7\u00f5es ou recomenda\u00e7\u00f5es nele contidos.\u00a0<\/p>\n\n<p>Podemos, a qualquer hora, realizar modifica\u00e7\u00f5es, melhorias e\/ou mudan\u00e7as destes termos e condi\u00e7\u00f5es, informa\u00e7\u00f5es, nomes, imagens, figuras, logotipos,\u00a0\u00edcones\u00a0e conte\u00fados\u00a0mostrados\u00a0nessa web\u00a0site, ou os produtos e servi\u00e7os referidos\u00a0nesta web\u00a0site, sem not\u00edcia pr\u00e9via.\u00a0<\/p>\n\n<p>Este web site contem\u00a0links ou refer\u00eancias a\u00a0outras web\u00a0sites que n\u00e3o est\u00e3o sob\u00a0o\u00a0controle da\u00a0na nossa empresa\u00a0n\u00e3o\u00a0temos\u00a0qualquer responsabilidade sobre conte\u00fados de quaisquer links com outros web sites, ou mesmo links contidos nestes sites.\u00a0\u00a0<\/p>\n\n<p>Voc\u00ea concorda em n\u00e3o adicionar, alterar, substituir ou emendar parcialmente ou por inteiro qualquer informa\u00e7\u00e3o neste web site.\u00a0<\/p>\n\n<p>Considerando dados financeiros, como boletins anuais e declara\u00e7\u00f5es financeiras, que podem estar contidos neste web site, apenas a vers\u00e3o escrita pode ser considerada a vers\u00e3o aut\u00eantica.\u00a0<\/p>\n\n<p><strong>PROPRIEDADE INTELECTUAL<\/strong>\u00a0<\/p>\n\n<p>Por favor, note que os materiais mostrados na\u00a0web site, incluindo, sem limita\u00e7\u00e3o,\u00a0todos os\u00a0materiais editoriais, fotogr\u00e1ficos, ilustra\u00e7\u00f5es e outros materiais gr\u00e1ficos, e nomes, logos, marcas registradas e marcas de servi\u00e7os s\u00e3o de propriedade da\u00a0Bossa\u00a0Brazil Promo\u00e7\u00f5es, Eventos e Turismo Limitada (CNPJ 14.314.129\/001-89) situada em S\u00e3o Paulo, Brasil em conjunto com a Bossa Brazil\u00a0Limited\u00a0(Registered\u00a0in\u00a0England\u00a0and\u00a0Wales\u00a0No. 3410846) situada em Londres, Inglaterra,\u00a0ou de quaisquer de suas subsidi\u00e1rias, afiliados ou\u00a0associados\u00a0e s\u00e3o protegidos por direitos autorais, marca registrada e outras leis de propriedade intelectual.\u00a0<\/p>\n\n<p>Outros nomes de companhias mencionados neste web site devem conter as marcas registradas de seus respectivos propriet\u00e1rios. Voc\u00ea n\u00e3o est\u00e1 permitido a reproduzir, retransmitir, distribuir, disseminar, vender, publicar, difundir ou circular qualquer tipo de material ou qualquer parte daquilo que voc\u00ea pode vir a salvar:\u00a0<\/p>\n\n<ul>\n<li>Imprimir\u00a0ou realizar extratos de download de materiais deste web site para fins n\u00e3o comerciais, informativos e pessoais;\u00a0ou;\u00a0<\/li>\n<\/ul>\n\n<ul>\n<li>Copiar\u00a0o material\u00a0desta web\u00a0site com o prop\u00f3sito de envi\u00e1-lo, sem qualquer objetivo comercial, de partes individuais para informa\u00e7\u00f5es pessoais fornecidas,\u00a0reconhecendo a\u00a0n\u00f3s\u00a0como a fonte do material, e que voc\u00ea informe a terceiros que esses termos e condi\u00e7\u00f5es aplicam-se a eles e que estes devem concordar com eles.\u00a0<\/li>\n<\/ul>\n\n<p>Nada aqui contido deve ser interpretado como outorg\u00e1vel por implica\u00e7\u00e3o, impedimento ou, por outro lado, qualquer licen\u00e7a ou direito sob\u00a0quaisquer patentes\u00a0ou marcas\u00a0registradas\u00a0a n\u00f3s\u00a0ou\u00a0terceiros.\u00a0<\/p>\n\n<p>Salvo como claramente o estipulado acima, nada aqui contido deve ser\u00a0interpretado como concess\u00e3o a qualquer licen\u00e7a ou direito autoral ou outros direitos de propriedade intelectual em rela\u00e7\u00e3o a quaisquer informa\u00e7\u00f5es, dados, produtos ou servi\u00e7os.\u00a0<\/p>\n\n<p><strong>LEI APLIC\u00c1VEL E JURISDI\u00c7\u00c3O<\/strong>\u00a0<\/p>\n\n<p>Estes termos e condi\u00e7\u00f5es devem ser governados, constru\u00eddos e executados em acordo com as leis brasileiras. Todas e quaisquer controv\u00e9rsias aqui levantadas devem ser exclusivamente submetidas e resolvidas conclusivamente pelas \u00e1reas\u00a0brasileiras\u00a0ou brit\u00e2nicas\u00a0competentes.\u00a0<\/p>\n\t\t\t\t\t\t\t\t<\/div>\n\t\t\t\t<\/div>\n\t\t\t\t\t<\/div>\n\t\t<\/div>\n\t\t\t\t\t<\/div>\n\t\t<\/section>\n\t\t\t\t<section class=\"elementor-section elementor-top-section elementor-element elementor-element-480c8262 elementor-section-stretched elementor-section-full_width elementor-section-content-middle elementor-section-height-default elementor-section-height-default\" data-id=\"480c8262\" data-element_type=\"section\" data-e-type=\"section\" data-settings=\"{&quot;stretch_section&quot;:&quot;section-stretched&quot;,&quot;background_background&quot;:&quot;classic&quot;}\">\n\t\t\t\t\t\t<div class=\"elementor-container elementor-column-gap-no\">\n\t\t\t\t\t<div class=\"elementor-column elementor-col-100 elementor-top-column elementor-element elementor-element-5125a52e\" data-id=\"5125a52e\" data-element_type=\"column\" data-e-type=\"column\">\n\t\t\t<div class=\"elementor-widget-wrap elementor-element-populated\">\n\t\t\t\t\t\t<div class=\"elementor-element elementor-element-4857c03e elementor-widget elementor-widget-text-editor\" data-id=\"4857c03e\" data-element_type=\"widget\" data-e-type=\"widget\" data-widget_type=\"text-editor.default\">\n\t\t\t\t<div class=\"elementor-widget-container\">\n\t\t\t\t\t\t\t\t\t<p><span style=\"color: #999999;\">Copyright \u2013 Todos os direitos reservados Bossa \u00a9 <a style=\"color: #999999;\" href=\"https:\/\/www.bossapromotions.com\/page-sitemap.xml\" target=\"_blank\" rel=\"noopener noreferrer\">Mapa do Site<\/a> | <a style=\"color: #999999;\" href=\"https:\/\/www.bossapromotions.com\/pt-br\/aviso-legal\/\">Avisos Legais<\/a><\/span><\/p>\t\t\t\t\t\t\t\t<\/div>\n\t\t\t\t<\/div>\n\t\t\t\t\t<\/div>\n\t\t<\/div>\n\t\t\t\t\t<\/div>\n\t\t<\/section>\n\t\t\t\t<\/div>\n\t\t","protected":false},"excerpt":{"rendered":"<p>Website\u00a0Disclaimer\u00a0 TERMOS E CONDI\u00c7\u00d5ES\u00a0DE USO\u00a0 Voc\u00ea n\u00e3o deve acessar\u00a0esse web\u00a0site ou usar as informa\u00e7\u00f5es nele contidas sem a aceita\u00e7\u00e3o pr\u00e9via desses termos e condi\u00e7\u00f5es.\u00a0O acesso a este web site ou&hellip;<\/p>\n<p> <a class=\"more-link\" href=\"https:\/\/www.bossapromotions.com\/pt-br\/aviso-legal\/\">Leia mais<\/a><\/p>\n","protected":false},"author":1,"featured_media":0,"parent":0,"menu_order":0,"comment_status":"closed","ping_status":"closed","template":"","meta":{"footnotes":""},"class_list":["post-20659","page","type-page","status-publish"],"_links":{"self":[{"href":"https:\/\/www.bossapromotions.com\/pt-br\/wp-json\/wp\/v2\/pages\/20659","targetHints":{"allow":["GET"]}}],"collection":[{"href":"https:\/\/www.bossapromotions.com\/pt-br\/wp-json\/wp\/v2\/pages"}],"about":[{"href":"https:\/\/www.bossapromotions.com\/pt-br\/wp-json\/wp\/v2\/types\/page"}],"author":[{"embeddable":true,"href":"https:\/\/www.bossapromotions.com\/pt-br\/wp-json\/wp\/v2\/users\/1"}],"replies":[{"embeddable":true,"href":"https:\/\/www.bossapromotions.com\/pt-br\/wp-json\/wp\/v2\/comments?post=20659"}],"version-history":[{"count":0,"href":"https:\/\/www.bossapromotions.com\/pt-br\/wp-json\/wp\/v2\/pages\/20659\/revisions"}],"wp:attachment":[{"href":"https:\/\/www.bossapromotions.com\/pt-br\/wp-json\/wp\/v2\/media?parent=20659"}],"curies":[{"name":"wp","href":"https:\/\/api.w.org\/{rel}","templated":true}]}}