{"id":16691,"date":"2019-11-26T09:49:53","date_gmt":"2019-11-26T09:49:53","guid":{"rendered":"https:\/\/bossapromotions.com\/o-que-fazemos\/"},"modified":"2024-08-23T18:18:00","modified_gmt":"2024-08-23T17:18:00","slug":"o-que-fazemos","status":"publish","type":"page","link":"https:\/\/www.bossapromotions.com\/pt-br\/o-que-fazemos\/","title":{"rendered":"O Que Fazemos"},"content":{"rendered":"\t\t<div data-elementor-type=\"wp-page\" data-elementor-id=\"16691\" class=\"elementor elementor-16691 elementor-16532\" data-elementor-post-type=\"page\">\n\t\t\t\t\t\t<section class=\"elementor-section elementor-top-section elementor-element elementor-element-5e0dceb elementor-section-stretched elementor-section-boxed elementor-section-height-default elementor-section-height-default\" data-id=\"5e0dceb\" data-element_type=\"section\" data-e-type=\"section\" data-settings=\"{&quot;stretch_section&quot;:&quot;section-stretched&quot;,&quot;background_background&quot;:&quot;classic&quot;}\">\n\t\t\t\t\t\t\t<div class=\"elementor-background-overlay\"><\/div>\n\t\t\t\t\t\t\t<div class=\"elementor-container elementor-column-gap-default\">\n\t\t\t\t\t<div class=\"elementor-column elementor-col-100 elementor-top-column elementor-element elementor-element-3cf2bbc\" data-id=\"3cf2bbc\" data-element_type=\"column\" data-e-type=\"column\">\n\t\t\t<div class=\"elementor-widget-wrap elementor-element-populated\">\n\t\t\t\t\t\t<div class=\"elementor-element elementor-element-17576df elementor-widget elementor-widget-text-editor\" data-id=\"17576df\" data-element_type=\"widget\" data-e-type=\"widget\" data-widget_type=\"text-editor.default\">\n\t\t\t\t<div class=\"elementor-widget-container\">\n\t\t\t\t\t\t\t\t\t<p><b>Organiza\u00e7\u00e3o de eventos, promo\u00e7\u00e3o e marketing tur\u00edstico, representa\u00e7\u00e3o comercial e institucional, servi\u00e7os de rela\u00e7\u00f5es p\u00fablicas e treinamentos<\/b><\/p><p><span style=\"font-weight: 400;\">Ao longo dos anos, com as nossas equipes no Reino Unido, na Europa e nas Am\u00e9ricas do Norte e do Sul, incluindo o Brasil, consolidamos nossos servi\u00e7os com destaque para a promo\u00e7\u00e3o tur\u00edstica, organiza\u00e7\u00e3o de eventos, semin\u00e1rios, workshops, miss\u00f5es empresariais e visitas de benchmark, servi\u00e7os para feiras, marketing tur\u00edstico, representa\u00e7\u00e3o comercial e institucional, internacionaliza\u00e7\u00e3o de empresas, servi\u00e7os de rela\u00e7\u00f5es p\u00fablicas e treinamentos.<\/span><\/p><p><span style=\"font-weight: 400;\">Trabalhamos com propostas personalizadas, oferecendo aos nossos clientes exatamente o que eles precisam, de acordo com suas necessidades espec\u00edficas, visando os segmentos mais relevantes em cada \u00e1rea, dando assim, oportunidades a micro, pequenas e grandes empresas em expans\u00e3o comercial.<\/span><\/p><p><span style=\"font-weight: 400;\">Atrav\u00e9s de nossos servi\u00e7os e de uma grande experi\u00eancia comercial, com uma equipe altamente qualificada, com estrat\u00e9gias e campanhas inovadoras e criativas, desenvolvemos ferramentas exclusivas para que nossos clientes obtenham visibilidade e resultados crescentes, o que lhes garante lugar de destaque em mercados competitivos.<\/span><\/p>\t\t\t\t\t\t\t\t<\/div>\n\t\t\t\t<\/div>\n\t\t<div class=\"elementor-element elementor-element-f17e0cc e-con-full e-flex e-con e-parent\" data-id=\"f17e0cc\" data-element_type=\"container\" data-e-type=\"container\">\n\t\t\t\t<div class=\"elementor-element elementor-element-ca3f5af elementor-flip-box--direction-down elementor-widget__width-initial elementor-flip-box--effect-flip elementor-widget elementor-widget-flip-box\" data-id=\"ca3f5af\" data-element_type=\"widget\" data-e-type=\"widget\" data-widget_type=\"flip-box.default\">\n\t\t\t\t<div class=\"elementor-widget-container\">\n\t\t\t\t\t\t\t<div class=\"elementor-flip-box\" tabindex=\"0\">\n\t\t\t<div class=\"elementor-flip-box__layer elementor-flip-box__front\">\n\t\t\t\t<div class=\"elementor-flip-box__layer__overlay\">\n\t\t\t\t\t<div class=\"elementor-flip-box__layer__inner\">\n\t\t\t\t\t\t\t\t\t\t\t\t\t<div class=\"elementor-flip-box__image\">\n\t\t\t\t\t\t\t\t<img decoding=\"async\" width=\"150\" height=\"150\" src=\"https:\/\/www.bossapromotions.com\/wp-content\/uploads\/2024\/06\/bbmag_magazine_w-150x150.png\" class=\"attachment-thumbnail size-thumbnail wp-image-21926\" alt=\"bbmag magazine w\" srcset=\"https:\/\/www.bossapromotions.com\/wp-content\/uploads\/2024\/06\/bbmag_magazine_w-150x150.png 150w, https:\/\/www.bossapromotions.com\/wp-content\/uploads\/2024\/06\/bbmag_magazine_w.png 240w\" sizes=\"(max-width: 150px) 100vw, 150px\" \/>\t\t\t\t\t\t\t<\/div>\n\t\t\t\t\t\t\n\t\t\t\t\t\t\t\t\t\t\t\t\t<h3 class=\"elementor-flip-box__layer__title\">\n\t\t\t\t\t\t\t\tBBMag Revista\t\t\t\t\t\t\t<\/h3>\n\t\t\t\t\t\t\n\t\t\t\t\t\t\t\t\t\t\t<\/div>\n\t\t\t\t<\/div>\n\t\t\t<\/div>\n\t\t\t<div class=\"elementor-flip-box__layer elementor-flip-box__back\">\n\t\t\t<div class=\"elementor-flip-box__layer__overlay\">\n\t\t\t\t<div class=\"elementor-flip-box__layer__inner\">\n\t\t\t\t\t\t\t\t\t\t\t<h3 class=\"elementor-flip-box__layer__title\">\n\t\t\t\t\t\t\tBBMag Revista\t\t\t\t\t\t<\/h3>\n\t\t\t\t\t\n\t\t\t\t\t\t\t\t\t\t\t<div class=\"elementor-flip-box__layer__description\">\n\t\t\t\t\t\t\tOportunidades de Publicidade na BBMag: Alcance Global com Foco Local\t\t\t\t\t\t<\/div>\n\t\t\t\t\t\n\t\t\t\t\t\t\t\t\t\t\t<a class=\"elementor-flip-box__button elementor-button elementor-size-xs\" href=\"https:\/\/www.bossapromotions.com\/pt-br\/bbmag\/\">\n\t\t\t\t\t\t\tSaiba Mais\t\t\t\t\t\t<\/a>\n\t\t\t\t\t\t\t\t<\/div>\n\t\t<\/div>\n\t\t<\/div>\n\t\t<\/div>\n\t\t\t\t\t\t<\/div>\n\t\t\t\t<\/div>\n\t\t\t\t<div class=\"elementor-element elementor-element-e24859b elementor-flip-box--direction-down elementor-widget__width-initial elementor-flip-box--effect-flip elementor-widget elementor-widget-flip-box\" data-id=\"e24859b\" data-element_type=\"widget\" data-e-type=\"widget\" data-widget_type=\"flip-box.default\">\n\t\t\t\t<div class=\"elementor-widget-container\">\n\t\t\t\t\t\t\t<div class=\"elementor-flip-box\" tabindex=\"0\">\n\t\t\t<div class=\"elementor-flip-box__layer elementor-flip-box__front\">\n\t\t\t\t<div class=\"elementor-flip-box__layer__overlay\">\n\t\t\t\t\t<div class=\"elementor-flip-box__layer__inner\">\n\t\t\t\t\t\t\t\t\t\t\t\t\t<div class=\"elementor-flip-box__image\">\n\t\t\t\t\t\t\t\t<img decoding=\"async\" width=\"150\" height=\"150\" src=\"https:\/\/www.bossapromotions.com\/wp-content\/uploads\/2024\/06\/tourism_promotion_w-150x150.png\" class=\"attachment-thumbnail size-thumbnail wp-image-21974\" alt=\"tourism promotion w\" srcset=\"https:\/\/www.bossapromotions.com\/wp-content\/uploads\/2024\/06\/tourism_promotion_w-150x150.png 150w, https:\/\/www.bossapromotions.com\/wp-content\/uploads\/2024\/06\/tourism_promotion_w.png 300w\" sizes=\"(max-width: 150px) 100vw, 150px\" \/>\t\t\t\t\t\t\t<\/div>\n\t\t\t\t\t\t\n\t\t\t\t\t\t\t\t\t\t\t\t\t<h3 class=\"elementor-flip-box__layer__title\">\n\t\t\t\t\t\t\t\tPromo\u00e7\u00e3o Tur\u00edstica\t\t\t\t\t\t\t<\/h3>\n\t\t\t\t\t\t\n\t\t\t\t\t\t\t\t\t\t\t<\/div>\n\t\t\t\t<\/div>\n\t\t\t<\/div>\n\t\t\t<div class=\"elementor-flip-box__layer elementor-flip-box__back\">\n\t\t\t<div class=\"elementor-flip-box__layer__overlay\">\n\t\t\t\t<div class=\"elementor-flip-box__layer__inner\">\n\t\t\t\t\t\t\t\t\t\t\t<h3 class=\"elementor-flip-box__layer__title\">\n\t\t\t\t\t\t\tPromo\u00e7\u00e3o Tur\u00edstica\t\t\t\t\t\t<\/h3>\n\t\t\t\t\t\n\t\t\t\t\t\t\t\t\t\t\t<div class=\"elementor-flip-box__layer__description\">\n\t\t\t\t\t\t\tPromo\u00e7\u00e3o Internacional de Destinos Tur\u00edsticos: Estrat\u00e9gias para Aumentar a Visibilidade Global\t\t\t\t\t\t<\/div>\n\t\t\t\t\t\n\t\t\t\t\t\t\t\t\t\t\t<a class=\"elementor-flip-box__button elementor-button elementor-size-xs\" href=\"https:\/\/www.bossapromotions.com\/pt-br\/turismo\/\">\n\t\t\t\t\t\t\tSaiba Mais\t\t\t\t\t\t<\/a>\n\t\t\t\t\t\t\t\t<\/div>\n\t\t<\/div>\n\t\t<\/div>\n\t\t<\/div>\n\t\t\t\t\t\t<\/div>\n\t\t\t\t<\/div>\n\t\t\t\t<div class=\"elementor-element elementor-element-2acd140 elementor-flip-box--direction-down elementor-widget__width-initial elementor-flip-box--effect-flip elementor-widget elementor-widget-flip-box\" data-id=\"2acd140\" data-element_type=\"widget\" data-e-type=\"widget\" data-widget_type=\"flip-box.default\">\n\t\t\t\t<div class=\"elementor-widget-container\">\n\t\t\t\t\t\t\t<div class=\"elementor-flip-box\" tabindex=\"0\">\n\t\t\t<div class=\"elementor-flip-box__layer elementor-flip-box__front\">\n\t\t\t\t<div class=\"elementor-flip-box__layer__overlay\">\n\t\t\t\t\t<div class=\"elementor-flip-box__layer__inner\">\n\t\t\t\t\t\t\t\t\t\t\t\t\t<div class=\"elementor-flip-box__image\">\n\t\t\t\t\t\t\t\t<img decoding=\"async\" width=\"150\" height=\"150\" src=\"https:\/\/www.bossapromotions.com\/wp-content\/uploads\/2024\/06\/events-organising_w-150x150.png\" class=\"attachment-thumbnail size-thumbnail wp-image-21934\" alt=\"events organising w\" srcset=\"https:\/\/www.bossapromotions.com\/wp-content\/uploads\/2024\/06\/events-organising_w-150x150.png 150w, https:\/\/www.bossapromotions.com\/wp-content\/uploads\/2024\/06\/events-organising_w.png 300w\" sizes=\"(max-width: 150px) 100vw, 150px\" \/>\t\t\t\t\t\t\t<\/div>\n\t\t\t\t\t\t\n\t\t\t\t\t\t\t\t\t\t\t\t\t<h3 class=\"elementor-flip-box__layer__title\">\n\t\t\t\t\t\t\t\tOrganiza\u00e7\u00e3o de Eventos\t\t\t\t\t\t\t<\/h3>\n\t\t\t\t\t\t\n\t\t\t\t\t\t\t\t\t\t\t<\/div>\n\t\t\t\t<\/div>\n\t\t\t<\/div>\n\t\t\t<div class=\"elementor-flip-box__layer elementor-flip-box__back\">\n\t\t\t<div class=\"elementor-flip-box__layer__overlay\">\n\t\t\t\t<div class=\"elementor-flip-box__layer__inner\">\n\t\t\t\t\t\t\t\t\t\t\t<h3 class=\"elementor-flip-box__layer__title\">\n\t\t\t\t\t\t\tOrganiza\u00e7\u00e3o de Eventos\t\t\t\t\t\t<\/h3>\n\t\t\t\t\t\n\t\t\t\t\t\t\t\t\t\t\t<div class=\"elementor-flip-box__layer__description\">\n\t\t\t\t\t\t\tOrganiza\u00e7\u00e3o de Eventos Corporativos para a Promo\u00e7\u00e3o do Turismo: Estrat\u00e9gias Eficazes\t\t\t\t\t\t<\/div>\n\t\t\t\t\t\n\t\t\t\t\t\t\t\t\t\t\t<a class=\"elementor-flip-box__button elementor-button elementor-size-xs\" href=\"https:\/\/www.bossapromotions.com\/pt-br\/eventos\/\">\n\t\t\t\t\t\t\tSaiba Mais\t\t\t\t\t\t<\/a>\n\t\t\t\t\t\t\t\t<\/div>\n\t\t<\/div>\n\t\t<\/div>\n\t\t<\/div>\n\t\t\t\t\t\t<\/div>\n\t\t\t\t<\/div>\n\t\t\t\t<div class=\"elementor-element elementor-element-30ec25f elementor-flip-box--direction-down elementor-widget__width-initial elementor-flip-box--effect-flip elementor-widget elementor-widget-flip-box\" data-id=\"30ec25f\" data-element_type=\"widget\" data-e-type=\"widget\" data-widget_type=\"flip-box.default\">\n\t\t\t\t<div class=\"elementor-widget-container\">\n\t\t\t\t\t\t\t<div class=\"elementor-flip-box\" tabindex=\"0\">\n\t\t\t<div class=\"elementor-flip-box__layer elementor-flip-box__front\">\n\t\t\t\t<div class=\"elementor-flip-box__layer__overlay\">\n\t\t\t\t\t<div class=\"elementor-flip-box__layer__inner\">\n\t\t\t\t\t\t\t\t\t\t\t\t\t<div class=\"elementor-flip-box__image\">\n\t\t\t\t\t\t\t\t<img loading=\"lazy\" decoding=\"async\" width=\"150\" height=\"150\" src=\"https:\/\/www.bossapromotions.com\/wp-content\/uploads\/2024\/06\/exhibition_w-150x150.png\" class=\"attachment-thumbnail size-thumbnail wp-image-21942\" alt=\"exhibition w\" srcset=\"https:\/\/www.bossapromotions.com\/wp-content\/uploads\/2024\/06\/exhibition_w-150x150.png 150w, https:\/\/www.bossapromotions.com\/wp-content\/uploads\/2024\/06\/exhibition_w.png 300w\" sizes=\"(max-width: 150px) 100vw, 150px\" \/>\t\t\t\t\t\t\t<\/div>\n\t\t\t\t\t\t\n\t\t\t\t\t\t\t\t\t\t\t\t\t<h3 class=\"elementor-flip-box__layer__title\">\n\t\t\t\t\t\t\t\tServi\u00e7os para Feiras Comerciais\t\t\t\t\t\t\t<\/h3>\n\t\t\t\t\t\t\n\t\t\t\t\t\t\t\t\t\t\t<\/div>\n\t\t\t\t<\/div>\n\t\t\t<\/div>\n\t\t\t<div class=\"elementor-flip-box__layer elementor-flip-box__back\">\n\t\t\t<div class=\"elementor-flip-box__layer__overlay\">\n\t\t\t\t<div class=\"elementor-flip-box__layer__inner\">\n\t\t\t\t\t\t\t\t\t\t\t<h3 class=\"elementor-flip-box__layer__title\">\n\t\t\t\t\t\t\tServi\u00e7os para Feiras Comerciais\t\t\t\t\t\t<\/h3>\n\t\t\t\t\t\n\t\t\t\t\t\t\t\t\t\t\t<div class=\"elementor-flip-box__layer__description\">\n\t\t\t\t\t\t\tServi\u00e7os para participa\u00e7\u00e3o em feiras de neg\u00f3cios: solu\u00e7\u00f5es completas para aproveitar as oportunidades de networking\t\t\t\t\t\t<\/div>\n\t\t\t\t\t\n\t\t\t\t\t\t\t\t\t\t\t<a class=\"elementor-flip-box__button elementor-button elementor-size-xs\" href=\"https:\/\/www.bossapromotions.com\/pt-br\/feiras\/\">\n\t\t\t\t\t\t\tSaiba Mais\t\t\t\t\t\t<\/a>\n\t\t\t\t\t\t\t\t<\/div>\n\t\t<\/div>\n\t\t<\/div>\n\t\t<\/div>\n\t\t\t\t\t\t<\/div>\n\t\t\t\t<\/div>\n\t\t\t\t<div class=\"elementor-element elementor-element-b0060d5 elementor-flip-box--direction-down elementor-widget__width-initial elementor-flip-box--effect-flip elementor-widget elementor-widget-flip-box\" data-id=\"b0060d5\" data-element_type=\"widget\" data-e-type=\"widget\" data-widget_type=\"flip-box.default\">\n\t\t\t\t<div class=\"elementor-widget-container\">\n\t\t\t\t\t\t\t<div class=\"elementor-flip-box\" tabindex=\"0\">\n\t\t\t<div class=\"elementor-flip-box__layer elementor-flip-box__front\">\n\t\t\t\t<div class=\"elementor-flip-box__layer__overlay\">\n\t\t\t\t\t<div class=\"elementor-flip-box__layer__inner\">\n\t\t\t\t\t\t\t\t\t\t\t\t\t<div class=\"elementor-flip-box__image\">\n\t\t\t\t\t\t\t\t<img loading=\"lazy\" decoding=\"async\" width=\"150\" height=\"150\" src=\"https:\/\/www.bossapromotions.com\/wp-content\/uploads\/2024\/06\/marketing_w-150x150.png\" class=\"attachment-thumbnail size-thumbnail wp-image-21950\" alt=\"marketing w\" srcset=\"https:\/\/www.bossapromotions.com\/wp-content\/uploads\/2024\/06\/marketing_w-150x150.png 150w, https:\/\/www.bossapromotions.com\/wp-content\/uploads\/2024\/06\/marketing_w.png 300w\" sizes=\"(max-width: 150px) 100vw, 150px\" \/>\t\t\t\t\t\t\t<\/div>\n\t\t\t\t\t\t\n\t\t\t\t\t\t\t\t\t\t\t\t\t<h3 class=\"elementor-flip-box__layer__title\">\n\t\t\t\t\t\t\t\tMarketing\t\t\t\t\t\t\t<\/h3>\n\t\t\t\t\t\t\n\t\t\t\t\t\t\t\t\t\t\t<\/div>\n\t\t\t\t<\/div>\n\t\t\t<\/div>\n\t\t\t<div class=\"elementor-flip-box__layer elementor-flip-box__back\">\n\t\t\t<div class=\"elementor-flip-box__layer__overlay\">\n\t\t\t\t<div class=\"elementor-flip-box__layer__inner\">\n\t\t\t\t\t\t\t\t\t\t\t<h3 class=\"elementor-flip-box__layer__title\">\n\t\t\t\t\t\t\tMarketing\t\t\t\t\t\t<\/h3>\n\t\t\t\t\t\n\t\t\t\t\t\t\t\t\t\t\t<div class=\"elementor-flip-box__layer__description\">\n\t\t\t\t\t\t\tComo a Bossa usa campanhas de marketing para impulsionar empresas e destinos tur\u00edsticos\t\t\t\t\t\t<\/div>\n\t\t\t\t\t\n\t\t\t\t\t\t\t\t\t\t\t<a class=\"elementor-flip-box__button elementor-button elementor-size-xs\" href=\"https:\/\/www.bossapromotions.com\/pt-br\/marketing\/\">\n\t\t\t\t\t\t\tSaiba Mais\t\t\t\t\t\t<\/a>\n\t\t\t\t\t\t\t\t<\/div>\n\t\t<\/div>\n\t\t<\/div>\n\t\t<\/div>\n\t\t\t\t\t\t<\/div>\n\t\t\t\t<\/div>\n\t\t\t\t<div class=\"elementor-element elementor-element-4725eb8 elementor-flip-box--direction-down elementor-widget__width-initial elementor-flip-box--effect-flip elementor-widget elementor-widget-flip-box\" data-id=\"4725eb8\" data-element_type=\"widget\" data-e-type=\"widget\" data-widget_type=\"flip-box.default\">\n\t\t\t\t<div class=\"elementor-widget-container\">\n\t\t\t\t\t\t\t<div class=\"elementor-flip-box\" tabindex=\"0\">\n\t\t\t<div class=\"elementor-flip-box__layer elementor-flip-box__front\">\n\t\t\t\t<div class=\"elementor-flip-box__layer__overlay\">\n\t\t\t\t\t<div class=\"elementor-flip-box__layer__inner\">\n\t\t\t\t\t\t\t\t\t\t\t\t\t<div class=\"elementor-flip-box__image\">\n\t\t\t\t\t\t\t\t<img loading=\"lazy\" decoding=\"async\" width=\"150\" height=\"150\" src=\"https:\/\/www.bossapromotions.com\/wp-content\/uploads\/2024\/06\/representation_w-150x150.png\" class=\"attachment-thumbnail size-thumbnail wp-image-21966\" alt=\"representation w\" srcset=\"https:\/\/www.bossapromotions.com\/wp-content\/uploads\/2024\/06\/representation_w-150x150.png 150w, https:\/\/www.bossapromotions.com\/wp-content\/uploads\/2024\/06\/representation_w.png 300w\" sizes=\"(max-width: 150px) 100vw, 150px\" \/>\t\t\t\t\t\t\t<\/div>\n\t\t\t\t\t\t\n\t\t\t\t\t\t\t\t\t\t\t\t\t<h3 class=\"elementor-flip-box__layer__title\">\n\t\t\t\t\t\t\t\tRepresenta\u00e7\u00e3o\t\t\t\t\t\t\t<\/h3>\n\t\t\t\t\t\t\n\t\t\t\t\t\t\t\t\t\t\t<\/div>\n\t\t\t\t<\/div>\n\t\t\t<\/div>\n\t\t\t<div class=\"elementor-flip-box__layer elementor-flip-box__back\">\n\t\t\t<div class=\"elementor-flip-box__layer__overlay\">\n\t\t\t\t<div class=\"elementor-flip-box__layer__inner\">\n\t\t\t\t\t\t\t\t\t\t\t<h3 class=\"elementor-flip-box__layer__title\">\n\t\t\t\t\t\t\tRepresenta\u00e7\u00e3o\t\t\t\t\t\t<\/h3>\n\t\t\t\t\t\n\t\t\t\t\t\t\t\t\t\t\t<div class=\"elementor-flip-box__layer__description\">\n\t\t\t\t\t\t\tConectando empresas e destinos tur\u00edsticos com mercados globais atrav\u00e9s da representa\u00e7\u00e3o comercial\t\t\t\t\t\t<\/div>\n\t\t\t\t\t\n\t\t\t\t\t\t\t\t\t\t\t<a class=\"elementor-flip-box__button elementor-button elementor-size-xs\" href=\"https:\/\/www.bossapromotions.com\/pt-br\/representacao\/\">\n\t\t\t\t\t\t\tSaiba Mais\t\t\t\t\t\t<\/a>\n\t\t\t\t\t\t\t\t<\/div>\n\t\t<\/div>\n\t\t<\/div>\n\t\t<\/div>\n\t\t\t\t\t\t<\/div>\n\t\t\t\t<\/div>\n\t\t\t\t<div class=\"elementor-element elementor-element-ff5a841 elementor-flip-box--direction-down elementor-widget__width-initial elementor-flip-box--effect-flip elementor-widget elementor-widget-flip-box\" data-id=\"ff5a841\" data-element_type=\"widget\" data-e-type=\"widget\" data-widget_type=\"flip-box.default\">\n\t\t\t\t<div class=\"elementor-widget-container\">\n\t\t\t\t\t\t\t<div class=\"elementor-flip-box\" tabindex=\"0\">\n\t\t\t<div class=\"elementor-flip-box__layer elementor-flip-box__front\">\n\t\t\t\t<div class=\"elementor-flip-box__layer__overlay\">\n\t\t\t\t\t<div class=\"elementor-flip-box__layer__inner\">\n\t\t\t\t\t\t\t\t\t\t\t\t\t<div class=\"elementor-flip-box__image\">\n\t\t\t\t\t\t\t\t<img loading=\"lazy\" decoding=\"async\" width=\"150\" height=\"150\" src=\"https:\/\/www.bossapromotions.com\/wp-content\/uploads\/2024\/06\/public-relations_w-150x150.png\" class=\"attachment-thumbnail size-thumbnail wp-image-21958\" alt=\"public relations w\" srcset=\"https:\/\/www.bossapromotions.com\/wp-content\/uploads\/2024\/06\/public-relations_w-150x150.png 150w, https:\/\/www.bossapromotions.com\/wp-content\/uploads\/2024\/06\/public-relations_w.png 300w\" sizes=\"(max-width: 150px) 100vw, 150px\" \/>\t\t\t\t\t\t\t<\/div>\n\t\t\t\t\t\t\n\t\t\t\t\t\t\t\t\t\t\t\t\t<h3 class=\"elementor-flip-box__layer__title\">\n\t\t\t\t\t\t\t\tRela\u00e7\u00f5es P\u00fablicas\t\t\t\t\t\t\t<\/h3>\n\t\t\t\t\t\t\n\t\t\t\t\t\t\t\t\t\t\t<\/div>\n\t\t\t\t<\/div>\n\t\t\t<\/div>\n\t\t\t<div class=\"elementor-flip-box__layer elementor-flip-box__back\">\n\t\t\t<div class=\"elementor-flip-box__layer__overlay\">\n\t\t\t\t<div class=\"elementor-flip-box__layer__inner\">\n\t\t\t\t\t\t\t\t\t\t\t<h3 class=\"elementor-flip-box__layer__title\">\n\t\t\t\t\t\t\tRela\u00e7\u00f5es P\u00fablicas\t\t\t\t\t\t<\/h3>\n\t\t\t\t\t\n\t\t\t\t\t\t\t\t\t\t\t<div class=\"elementor-flip-box__layer__description\">\n\t\t\t\t\t\t\tConstruindo Conex\u00f5es S\u00f3lidas e Impactantes Por Servi\u00e7os de Rela\u00e7\u00f5es P\u00fablicas\t\t\t\t\t\t<\/div>\n\t\t\t\t\t\n\t\t\t\t\t\t\t\t\t\t\t<a class=\"elementor-flip-box__button elementor-button elementor-size-xs\" href=\"https:\/\/www.bossapromotions.com\/pt-br\/relacoes-publicas\/\">\n\t\t\t\t\t\t\tSaiba Mais\t\t\t\t\t\t<\/a>\n\t\t\t\t\t\t\t\t<\/div>\n\t\t<\/div>\n\t\t<\/div>\n\t\t<\/div>\n\t\t\t\t\t\t<\/div>\n\t\t\t\t<\/div>\n\t\t\t\t<div class=\"elementor-element elementor-element-ce235ee elementor-flip-box--direction-down elementor-widget__width-initial elementor-flip-box--effect-flip elementor-widget elementor-widget-flip-box\" data-id=\"ce235ee\" data-element_type=\"widget\" data-e-type=\"widget\" data-widget_type=\"flip-box.default\">\n\t\t\t\t<div class=\"elementor-widget-container\">\n\t\t\t\t\t\t\t<div class=\"elementor-flip-box\" tabindex=\"0\">\n\t\t\t<div class=\"elementor-flip-box__layer elementor-flip-box__front\">\n\t\t\t\t<div class=\"elementor-flip-box__layer__overlay\">\n\t\t\t\t\t<div class=\"elementor-flip-box__layer__inner\">\n\t\t\t\t\t\t\t\t\t\t\t\t\t<div class=\"elementor-flip-box__image\">\n\t\t\t\t\t\t\t\t<img loading=\"lazy\" decoding=\"async\" width=\"150\" height=\"150\" src=\"https:\/\/www.bossapromotions.com\/wp-content\/uploads\/2024\/06\/training_w-150x150.png\" class=\"attachment-thumbnail size-thumbnail wp-image-21982\" alt=\"training w\" srcset=\"https:\/\/www.bossapromotions.com\/wp-content\/uploads\/2024\/06\/training_w-150x150.png 150w, https:\/\/www.bossapromotions.com\/wp-content\/uploads\/2024\/06\/training_w.png 300w\" sizes=\"(max-width: 150px) 100vw, 150px\" \/>\t\t\t\t\t\t\t<\/div>\n\t\t\t\t\t\t\n\t\t\t\t\t\t\t\t\t\t\t\t\t<h3 class=\"elementor-flip-box__layer__title\">\n\t\t\t\t\t\t\t\tTreinamentos\t\t\t\t\t\t\t<\/h3>\n\t\t\t\t\t\t\n\t\t\t\t\t\t\t\t\t\t\t<\/div>\n\t\t\t\t<\/div>\n\t\t\t<\/div>\n\t\t\t<div class=\"elementor-flip-box__layer elementor-flip-box__back\">\n\t\t\t<div class=\"elementor-flip-box__layer__overlay\">\n\t\t\t\t<div class=\"elementor-flip-box__layer__inner\">\n\t\t\t\t\t\t\t\t\t\t\t<h3 class=\"elementor-flip-box__layer__title\">\n\t\t\t\t\t\t\tTreinamentos\t\t\t\t\t\t<\/h3>\n\t\t\t\t\t\n\t\t\t\t\t\t\t\t\t\t\t<div class=\"elementor-flip-box__layer__description\">\n\t\t\t\t\t\t\tCapacita\u00e7\u00e3o atrav\u00e9s de treinamentos online e presenciais e webinars para a promo\u00e7\u00e3o de destinos tur\u00edsticos\t\t\t\t\t\t<\/div>\n\t\t\t\t\t\n\t\t\t\t\t\t\t\t\t\t\t<a class=\"elementor-flip-box__button elementor-button elementor-size-xs\" href=\"https:\/\/www.bossapromotions.com\/pt-br\/treinamentos\/\">\n\t\t\t\t\t\t\tSaiba Mais\t\t\t\t\t\t<\/a>\n\t\t\t\t\t\t\t\t<\/div>\n\t\t<\/div>\n\t\t<\/div>\n\t\t<\/div>\n\t\t\t\t\t\t<\/div>\n\t\t\t\t<\/div>\n\t\t\t\t<\/div>\n\t\t\t\t\t<\/div>\n\t\t<\/div>\n\t\t\t\t\t<\/div>\n\t\t<\/section>\n\t\t\t\t<\/div>\n\t\t","protected":false},"excerpt":{"rendered":"<p>Organiza\u00e7\u00e3o de eventos, promo\u00e7\u00e3o e marketing tur\u00edstico, representa\u00e7\u00e3o comercial e institucional, servi\u00e7os de rela\u00e7\u00f5es p\u00fablicas e treinamentos Ao longo dos anos, com as nossas equipes no Reino Unido, na Europa&hellip;<\/p>\n<p> <a class=\"more-link\" href=\"https:\/\/www.bossapromotions.com\/pt-br\/o-que-fazemos\/\">Leia mais<\/a><\/p>\n","protected":false},"author":1,"featured_media":22931,"parent":0,"menu_order":0,"comment_status":"closed","ping_status":"closed","template":"","meta":{"footnotes":""},"class_list":["post-16691","page","type-page","status-publish","has-post-thumbnail"],"_links":{"self":[{"href":"https:\/\/www.bossapromotions.com\/pt-br\/wp-json\/wp\/v2\/pages\/16691","targetHints":{"allow":["GET"]}}],"collection":[{"href":"https:\/\/www.bossapromotions.com\/pt-br\/wp-json\/wp\/v2\/pages"}],"about":[{"href":"https:\/\/www.bossapromotions.com\/pt-br\/wp-json\/wp\/v2\/types\/page"}],"author":[{"embeddable":true,"href":"https:\/\/www.bossapromotions.com\/pt-br\/wp-json\/wp\/v2\/users\/1"}],"replies":[{"embeddable":true,"href":"https:\/\/www.bossapromotions.com\/pt-br\/wp-json\/wp\/v2\/comments?post=16691"}],"version-history":[{"count":0,"href":"https:\/\/www.bossapromotions.com\/pt-br\/wp-json\/wp\/v2\/pages\/16691\/revisions"}],"wp:featuredmedia":[{"embeddable":true,"href":"https:\/\/www.bossapromotions.com\/pt-br\/wp-json\/wp\/v2\/media\/22931"}],"wp:attachment":[{"href":"https:\/\/www.bossapromotions.com\/pt-br\/wp-json\/wp\/v2\/media?parent=16691"}],"curies":[{"name":"wp","href":"https:\/\/api.w.org\/{rel}","templated":true}]}}