{"id":16685,"date":"2019-11-26T09:40:06","date_gmt":"2019-11-26T09:40:06","guid":{"rendered":"https:\/\/bossapromotions.com\/quem-somos\/"},"modified":"2024-08-23T05:14:27","modified_gmt":"2024-08-23T04:14:27","slug":"quem-somos","status":"publish","type":"page","link":"https:\/\/www.bossapromotions.com\/pt-br\/quem-somos\/","title":{"rendered":"Quem Somos"},"content":{"rendered":"\t\t<div data-elementor-type=\"wp-page\" data-elementor-id=\"16685\" class=\"elementor elementor-16685 elementor-16724\" data-elementor-post-type=\"page\">\n\t\t\t\t\t\t<section class=\"elementor-section elementor-top-section elementor-element elementor-element-5e0dceb elementor-section-stretched elementor-section-boxed elementor-section-height-default elementor-section-height-default\" data-id=\"5e0dceb\" data-element_type=\"section\" data-e-type=\"section\" data-settings=\"{&quot;stretch_section&quot;:&quot;section-stretched&quot;,&quot;background_background&quot;:&quot;classic&quot;}\">\n\t\t\t\t\t\t\t<div class=\"elementor-background-overlay\"><\/div>\n\t\t\t\t\t\t\t<div class=\"elementor-container elementor-column-gap-default\">\n\t\t\t\t\t<div class=\"elementor-column elementor-col-100 elementor-top-column elementor-element elementor-element-3cf2bbc\" data-id=\"3cf2bbc\" data-element_type=\"column\" data-e-type=\"column\">\n\t\t\t<div class=\"elementor-widget-wrap elementor-element-populated\">\n\t\t\t\t\t\t<div class=\"elementor-element elementor-element-68588f9 elementor-widget elementor-widget-text-editor\" data-id=\"68588f9\" data-element_type=\"widget\" data-e-type=\"widget\" data-widget_type=\"text-editor.default\">\n\t\t\t\t<div class=\"elementor-widget-container\">\n\t\t\t\t\t\t\t\t\t<p><b>Com anos de experi\u00eancia, a Bossa \u00e9 uma ag\u00eancia de promo\u00e7\u00e3o internacional com foco em organiza\u00e7\u00e3o de eventos, promo\u00e7\u00e3o e marketing tur\u00edstico, representa\u00e7\u00e3o comercial, assessoria de imprensa e comunica\u00e7\u00e3o e rela\u00e7\u00f5es p\u00fablicas<\/b><\/p><p><span style=\"font-weight: 400;\">A Bossa \u00e9 uma ag\u00eancia internacional de promo\u00e7\u00e3o com uma s\u00f3lida trajet\u00f3ria desde 1997, quando come\u00e7amos como especialistas na promo\u00e7\u00e3o e servi\u00e7os para o Brasil. Hoje, expandimos nosso alcance para oferecer os mesmos servi\u00e7os de alta qualidade para uma diversidade de destinos e clientes em todo o mundo.<\/span><\/p><p><span style=\"font-weight: 400;\">Somos especializados na organiza\u00e7\u00e3o de eventos corporativos, semin\u00e1rios, treinamentos, roadshows, lan\u00e7amentos de produtos, miss\u00f5es empresariais, e uma ampla gama de servi\u00e7os que incluem representa\u00e7\u00e3o comercial e institucional, rela\u00e7\u00f5es p\u00fablicas, servi\u00e7os para feiras, internacionaliza\u00e7\u00e3o de empresas, promo\u00e7\u00e3o tur\u00edstica, cultural e de neg\u00f3cios.<\/span><\/p><p><span style=\"font-weight: 400;\">Nos destacamos pela organiza\u00e7\u00e3o de eventos voltados para o setor de turismo, facilitando o relacionamento entre fornecedores, atrativos e destinos tur\u00edsticos com profissionais do setor de viagens. Nosso objetivo \u00e9 gerar neg\u00f3cios e expandir a distribui\u00e7\u00e3o de produtos tur\u00edsticos globalmente.<\/span><\/p><p><span style=\"font-weight: 400;\">Fundada em Londres como Bossa Brazil, passamos por uma evolu\u00e7\u00e3o significativa entre 2011 e 2012, quando incorporamos executivos com vasta experi\u00eancia nas ind\u00fastrias de turismo, marketing e eventos. Isso nos permitiu transformar a Bossa em uma ag\u00eancia internacional de multi-servi\u00e7os, operando no Reino Unido, Europa, Am\u00e9rica do Norte, Am\u00e9rica do Sul e Brasil.<\/span><\/p><p><span style=\"font-weight: 400;\">Nossa miss\u00e3o \u00e9 fornecer uma experi\u00eancia comercial abrangente, ajudando nossos clientes a expandirem seus neg\u00f3cios e a explorarem novos mercados. &#8220;Bossa&#8221; \u00e9 sin\u00f4nimo de estilo, paix\u00e3o, criatividade e inova\u00e7\u00e3o &#8211; valores que guiam cada aspecto do nosso trabalho.<\/span><\/p><p><b>Promo\u00e7\u00e3o e Representa\u00e7\u00e3o de Clientes Brasileiros e Internacionais<\/b><\/p><p><span style=\"font-weight: 400;\">Originalmente focada na promo\u00e7\u00e3o do Brasil no exterior, a Bossa agora oferece seus servi\u00e7os tamb\u00e9m para clientes internacionais que buscam oportunidades no Brasil e em v\u00e1rios pa\u00edses. Com uma abordagem estrat\u00e9gica de marketing e relacionamento, ajudamos a expandir fronteiras, fortalecer parcerias e aumentar a presen\u00e7a global de nossos clientes.<\/span><\/p><p><span style=\"font-weight: 400;\">A Bossa Brazil, que deu origem ao grupo, foi criada com a miss\u00e3o de promover o Brasil no Reino Unido e na Europa. \u00c0 medida que evolu\u00edmos, expandimos nossa atua\u00e7\u00e3o para outros mercados na Am\u00e9rica do Norte e do Sul, mantendo o compromisso com a excel\u00eancia e a qualidade. Hoje, nossa expertise est\u00e1 dispon\u00edvel para todos os clientes que desejam crescer e se destacar em diferentes setores, seja no Brasil ou internacionalmente.<\/span><\/p><p><span style=\"font-weight: 400;\">A Bossa Brazil, uma divis\u00e3o da Bossa, continua a apoiar empresas privadas e \u00f3rg\u00e3os governamentais brasileiros em suas campanhas de promo\u00e7\u00e3o no exterior, enquanto tamb\u00e9m assessora empresas internacionais interessadas em entrar no mercado brasileiro.<\/span><\/p>\t\t\t\t\t\t\t\t<\/div>\n\t\t\t\t<\/div>\n\t\t\t\t\t<\/div>\n\t\t<\/div>\n\t\t\t\t\t<\/div>\n\t\t<\/section>\n\t\t\t\t<\/div>\n\t\t","protected":false},"excerpt":{"rendered":"<p>Com anos de experi\u00eancia, a Bossa \u00e9 uma ag\u00eancia de promo\u00e7\u00e3o internacional com foco em organiza\u00e7\u00e3o de eventos, promo\u00e7\u00e3o e marketing tur\u00edstico, representa\u00e7\u00e3o comercial, assessoria de imprensa e comunica\u00e7\u00e3o e&hellip;<\/p>\n<p> <a class=\"more-link\" href=\"https:\/\/www.bossapromotions.com\/pt-br\/quem-somos\/\">Leia mais<\/a><\/p>\n","protected":false},"author":1,"featured_media":22980,"parent":0,"menu_order":0,"comment_status":"closed","ping_status":"closed","template":"","meta":{"footnotes":""},"class_list":["post-16685","page","type-page","status-publish","has-post-thumbnail"],"_links":{"self":[{"href":"https:\/\/www.bossapromotions.com\/pt-br\/wp-json\/wp\/v2\/pages\/16685","targetHints":{"allow":["GET"]}}],"collection":[{"href":"https:\/\/www.bossapromotions.com\/pt-br\/wp-json\/wp\/v2\/pages"}],"about":[{"href":"https:\/\/www.bossapromotions.com\/pt-br\/wp-json\/wp\/v2\/types\/page"}],"author":[{"embeddable":true,"href":"https:\/\/www.bossapromotions.com\/pt-br\/wp-json\/wp\/v2\/users\/1"}],"replies":[{"embeddable":true,"href":"https:\/\/www.bossapromotions.com\/pt-br\/wp-json\/wp\/v2\/comments?post=16685"}],"version-history":[{"count":0,"href":"https:\/\/www.bossapromotions.com\/pt-br\/wp-json\/wp\/v2\/pages\/16685\/revisions"}],"wp:featuredmedia":[{"embeddable":true,"href":"https:\/\/www.bossapromotions.com\/pt-br\/wp-json\/wp\/v2\/media\/22980"}],"wp:attachment":[{"href":"https:\/\/www.bossapromotions.com\/pt-br\/wp-json\/wp\/v2\/media?parent=16685"}],"curies":[{"name":"wp","href":"https:\/\/api.w.org\/{rel}","templated":true}]}}