{"id":16679,"date":"2019-11-26T09:34:35","date_gmt":"2019-11-26T09:34:35","guid":{"rendered":"https:\/\/bossapromotions.com\/bossa-destinations\/"},"modified":"2024-08-23T13:58:34","modified_gmt":"2024-08-23T12:58:34","slug":"turismo","status":"publish","type":"page","link":"https:\/\/www.bossapromotions.com\/pt-br\/turismo\/","title":{"rendered":"Promo\u00e7\u00e3o Tur\u00edstica"},"content":{"rendered":"\t\t<div data-elementor-type=\"wp-page\" data-elementor-id=\"16679\" class=\"elementor elementor-16679 elementor-16545\" data-elementor-post-type=\"page\">\n\t\t\t\t\t\t<section class=\"elementor-section elementor-top-section elementor-element elementor-element-1b2a28a elementor-section-stretched elementor-section-boxed elementor-section-height-default elementor-section-height-default\" data-id=\"1b2a28a\" data-element_type=\"section\" data-e-type=\"section\" data-settings=\"{&quot;stretch_section&quot;:&quot;section-stretched&quot;,&quot;background_background&quot;:&quot;classic&quot;}\">\n\t\t\t\t\t\t\t<div class=\"elementor-background-overlay\"><\/div>\n\t\t\t\t\t\t\t<div class=\"elementor-container elementor-column-gap-default\">\n\t\t\t\t\t<div class=\"elementor-column elementor-col-100 elementor-top-column elementor-element elementor-element-53f1b69\" data-id=\"53f1b69\" data-element_type=\"column\" data-e-type=\"column\">\n\t\t\t<div class=\"elementor-widget-wrap elementor-element-populated\">\n\t\t\t\t\t\t<div class=\"elementor-element elementor-element-405c268 elementor-widget elementor-widget-text-editor\" data-id=\"405c268\" data-element_type=\"widget\" data-e-type=\"widget\" data-widget_type=\"text-editor.default\">\n\t\t\t\t<div class=\"elementor-widget-container\">\n\t\t\t\t\t\t\t\t\t<section class=\"elementor-section elementor-inner-section elementor-element elementor-element-5abebb2 elementor-section-boxed elementor-section-height-default elementor-section-height-default\" data-id=\"5abebb2\" data-element_type=\"section\"><div class=\"elementor-container elementor-column-gap-default\"><div class=\"elementor-column elementor-col-100 elementor-inner-column elementor-element elementor-element-0151de1\" data-id=\"0151de1\" data-element_type=\"column\"><div class=\"elementor-widget-wrap elementor-element-populated\"><div class=\"elementor-element elementor-element-d341dd7 elementor-widget elementor-widget-text-editor\" data-id=\"d341dd7\" data-element_type=\"widget\" data-widget_type=\"text-editor.default\"><div class=\"elementor-widget-container\"><p><b>Promo\u00e7\u00e3o Internacional de Destinos Tur\u00edsticos: Estrat\u00e9gias para Aumentar a Visibilidade Global<\/b><\/p><p><b>Como a promo\u00e7\u00e3o internacional de destinos tur\u00edsticos pode atrair visitantes de todo o mundo, aumentando a visibilidade e o fluxo tur\u00edstico via t\u00e9cnicas eficazes de marketing e comunica\u00e7\u00e3o.<\/b><\/p><p><span style=\"font-weight: 400;\">A Bossa disponibiliza servi\u00e7os essenciais para promover de maneira eficaz destinos e atrativos tur\u00edsticos ao n\u00edvel nacional e internacional, atraindo visitantes e garantindo uma experi\u00eancia positiva que estimula o retorno e a recomenda\u00e7\u00e3o.\u00a0<\/span><\/p><\/div><\/div><\/div><\/div><\/div><\/section>\t\t\t\t\t\t\t\t<\/div>\n\t\t\t\t<\/div>\n\t\t\t\t<div class=\"elementor-element elementor-element-b00d984 elementor-widget elementor-widget-text-editor\" data-id=\"b00d984\" data-element_type=\"widget\" data-e-type=\"widget\" data-widget_type=\"text-editor.default\">\n\t\t\t\t<div class=\"elementor-widget-container\">\n\t\t\t\t\t\t\t\t\t<section class=\"elementor-section elementor-inner-section elementor-element elementor-element-5abebb2 elementor-section-boxed elementor-section-height-default elementor-section-height-default\" data-id=\"5abebb2\" data-element_type=\"section\"><div class=\"elementor-container elementor-column-gap-default\"><div class=\"elementor-column elementor-col-100 elementor-inner-column elementor-element elementor-element-0151de1\" data-id=\"0151de1\" data-element_type=\"column\"><div class=\"elementor-widget-wrap elementor-element-populated\"><div class=\"elementor-element elementor-element-d341dd7 elementor-widget elementor-widget-text-editor\" data-id=\"d341dd7\" data-element_type=\"widget\" data-widget_type=\"text-editor.default\"><div class=\"elementor-widget-container\"><p><b>Marketing e Publicidade<\/b><span style=\"font-weight: 400;\">: <br \/>Cria\u00e7\u00e3o de campanhas de marketing digital, publicidade em m\u00eddias tradicionais (televis\u00e3o, r\u00e1dio, jornais, revistas) e cria\u00e7\u00e3o de conte\u00fado (blogs, vlogs, influenciadores digitais).<\/span><\/p><p><span style=\"font-weight: 400;\"><strong>Organiza\u00e7\u00e3o e Participa\u00e7\u00e3o em Feiras e Eventos:<\/strong> <br \/>Organiza\u00e7\u00e3o de eventos para consumidor final (festivais, eventos culturais etc), participa\u00e7\u00e3o em feiras de turismo nacionais e internacionais, e eventos para o trade tur\u00edstico (roadshow, workshops e semin\u00e1rios para promover destinos).<\/span><\/p><p><span style=\"font-weight: 400;\"><strong>Tecnologia e Inova\u00e7\u00e3o:<\/strong> <br \/>Aplicativos, sites de turismo e plataforma para treinamentos online.<\/span><\/p><p><span style=\"font-weight: 400;\">Campanhas de incentivo para agentes de viagem: organiza\u00e7\u00e3o de fam trips.<\/span><\/p><p><span style=\"font-weight: 400;\"><strong>Rela\u00e7\u00f5es P\u00fablicas, Assessoria de Imprensa e Comunica\u00e7\u00e3o:<\/strong> <br \/>Rela\u00e7\u00f5es com a m\u00eddia para obter cobertura positiva, organiza\u00e7\u00e3o de viagens de familiariza\u00e7\u00e3o para jornalistas e influenciadores, gest\u00e3o de crises e comunica\u00e7\u00e3o institucional.<\/span><\/p><p><span style=\"font-weight: 400;\"><strong>Treinamento e capacita\u00e7\u00e3o de profissionais do setor tur\u00edstico:<\/strong> <br \/>Digitais e presenciais.<\/span><\/p><p><span style=\"font-weight: 400;\"><strong>Estudos e Pesquisas:<\/strong> <br \/>Pesquisas de mercado e an\u00e1lise de dados e estat\u00edsticas do setor tur\u00edstico.<\/span><\/p><p><span style=\"font-weight: 400;\">Uma equipe qualificada com experi\u00eancia comprovada neste setor, trabalhando em v\u00e1rios escrit\u00f3rios de turismo nacionais e internacionais, oferece consultoria para desenvolvimento de estrat\u00e9gias de promo\u00e7\u00e3o tur\u00edstica.<\/span><\/p><p><span style=\"font-weight: 400;\">Trabalhamos com pacotes personalizados que visam diversos setores de mercado relevantes para nossos clientes, adaptados \u00e0s necessidades, estrat\u00e9gias e or\u00e7amentos.<\/span><\/p><\/div><\/div><\/div><\/div><\/div><\/section>\t\t\t\t\t\t\t\t<\/div>\n\t\t\t\t<\/div>\n\t\t\t\t<div class=\"elementor-element elementor-element-9feb95a elementor-widget elementor-widget-image\" data-id=\"9feb95a\" data-element_type=\"widget\" data-e-type=\"widget\" data-widget_type=\"image.default\">\n\t\t\t\t<div class=\"elementor-widget-container\">\n\t\t\t\t\t\t\t\t\t\t\t\t\t\t\t<img fetchpriority=\"high\" decoding=\"async\" width=\"1966\" height=\"368\" src=\"https:\/\/www.bossapromotions.com\/wp-content\/uploads\/2019\/11\/logo_bossa_bossadestinations_azul.png\" class=\"elementor-animation-grow attachment-full size-full wp-image-16064\" alt=\"\" srcset=\"https:\/\/www.bossapromotions.com\/wp-content\/uploads\/2019\/11\/logo_bossa_bossadestinations_azul.png 1966w, https:\/\/www.bossapromotions.com\/wp-content\/uploads\/2019\/11\/logo_bossa_bossadestinations_azul-300x56.png 300w, https:\/\/www.bossapromotions.com\/wp-content\/uploads\/2019\/11\/logo_bossa_bossadestinations_azul-768x144.png 768w, https:\/\/www.bossapromotions.com\/wp-content\/uploads\/2019\/11\/logo_bossa_bossadestinations_azul-1024x192.png 1024w\" sizes=\"(max-width: 1966px) 100vw, 1966px\" \/>\t\t\t\t\t\t\t\t\t\t\t\t\t\t\t<\/div>\n\t\t\t\t<\/div>\n\t\t\t\t\t<\/div>\n\t\t<\/div>\n\t\t\t\t\t<\/div>\n\t\t<\/section>\n\t\t\t\t<\/div>\n\t\t","protected":false},"excerpt":{"rendered":"<p>Promo\u00e7\u00e3o Internacional de Destinos Tur\u00edsticos: Estrat\u00e9gias para Aumentar a Visibilidade Global Como a promo\u00e7\u00e3o internacional de destinos tur\u00edsticos pode atrair visitantes de todo o mundo, aumentando a visibilidade e o&hellip;<\/p>\n<p> <a class=\"more-link\" href=\"https:\/\/www.bossapromotions.com\/pt-br\/turismo\/\">Leia mais<\/a><\/p>\n","protected":false},"author":1,"featured_media":23157,"parent":0,"menu_order":0,"comment_status":"closed","ping_status":"closed","template":"","meta":{"footnotes":""},"class_list":["post-16679","page","type-page","status-publish","has-post-thumbnail"],"_links":{"self":[{"href":"https:\/\/www.bossapromotions.com\/pt-br\/wp-json\/wp\/v2\/pages\/16679","targetHints":{"allow":["GET"]}}],"collection":[{"href":"https:\/\/www.bossapromotions.com\/pt-br\/wp-json\/wp\/v2\/pages"}],"about":[{"href":"https:\/\/www.bossapromotions.com\/pt-br\/wp-json\/wp\/v2\/types\/page"}],"author":[{"embeddable":true,"href":"https:\/\/www.bossapromotions.com\/pt-br\/wp-json\/wp\/v2\/users\/1"}],"replies":[{"embeddable":true,"href":"https:\/\/www.bossapromotions.com\/pt-br\/wp-json\/wp\/v2\/comments?post=16679"}],"version-history":[{"count":0,"href":"https:\/\/www.bossapromotions.com\/pt-br\/wp-json\/wp\/v2\/pages\/16679\/revisions"}],"wp:featuredmedia":[{"embeddable":true,"href":"https:\/\/www.bossapromotions.com\/pt-br\/wp-json\/wp\/v2\/media\/23157"}],"wp:attachment":[{"href":"https:\/\/www.bossapromotions.com\/pt-br\/wp-json\/wp\/v2\/media?parent=16679"}],"curies":[{"name":"wp","href":"https:\/\/api.w.org\/{rel}","templated":true}]}}