{"id":16673,"date":"2019-11-26T09:25:02","date_gmt":"2019-11-26T09:25:02","guid":{"rendered":"https:\/\/bossapromotions.com\/bossa-events\/"},"modified":"2024-08-23T14:08:14","modified_gmt":"2024-08-23T13:08:14","slug":"eventos","status":"publish","type":"page","link":"https:\/\/www.bossapromotions.com\/pt-br\/eventos\/","title":{"rendered":"Organiza\u00e7\u00e3o de Eventos"},"content":{"rendered":"\t\t<div data-elementor-type=\"wp-page\" data-elementor-id=\"16673\" class=\"elementor elementor-16673 elementor-16550\" data-elementor-post-type=\"page\">\n\t\t\t\t\t\t<section class=\"elementor-section elementor-top-section elementor-element elementor-element-1b2a28a elementor-section-stretched elementor-section-boxed elementor-section-height-default elementor-section-height-default\" data-id=\"1b2a28a\" data-element_type=\"section\" data-e-type=\"section\" data-settings=\"{&quot;stretch_section&quot;:&quot;section-stretched&quot;,&quot;background_background&quot;:&quot;classic&quot;}\">\n\t\t\t\t\t\t\t<div class=\"elementor-background-overlay\"><\/div>\n\t\t\t\t\t\t\t<div class=\"elementor-container elementor-column-gap-default\">\n\t\t\t\t\t<div class=\"elementor-column elementor-col-100 elementor-top-column elementor-element elementor-element-53f1b69\" data-id=\"53f1b69\" data-element_type=\"column\" data-e-type=\"column\">\n\t\t\t<div class=\"elementor-widget-wrap elementor-element-populated\">\n\t\t\t\t\t\t<div class=\"elementor-element elementor-element-16b1ff3 elementor-widget elementor-widget-text-editor\" data-id=\"16b1ff3\" data-element_type=\"widget\" data-e-type=\"widget\" data-widget_type=\"text-editor.default\">\n\t\t\t\t<div class=\"elementor-widget-container\">\n\t\t\t\t\t\t\t\t\t<p><b>Organiza\u00e7\u00e3o de Eventos Corporativos para a Promo\u00e7\u00e3o do Turismo: Estrat\u00e9gias Eficazes<\/b><\/p><p><b>A organiza\u00e7\u00e3o de eventos corporativos impulsiona a promo\u00e7\u00e3o do turismo, atraindo visitantes e fortalecendo a imagem de destinos por planejamentos estrat\u00e9gicos e experi\u00eancias memor\u00e1veis.<\/b><\/p><p><span style=\"font-weight: 400;\">A Bossa possui vasta expertise na organiza\u00e7\u00e3o de eventos corporativos voltados para a promo\u00e7\u00e3o do turismo e a gera\u00e7\u00e3o de novos neg\u00f3cios setoriais, oferecendo servi\u00e7os personalizados para atender \u00e0s necessidades espec\u00edficas de cada cliente.<\/span><\/p><p><span style=\"font-weight: 400;\">Tipos de eventos que realizamos s\u00e3o: workshops entre fornecedores e compradores, semin\u00e1rios, treinamentos e capacita\u00e7\u00e3o, festivais ao ar livre, promo\u00e7\u00e3o de destinos, al\u00e9m dos eventos de turismo em parceria com associa\u00e7\u00f5es, entidades p\u00fablicas e privadas, entre v\u00e1rios outros eventos corporativos, dos mais diversos setores e ind\u00fastrias.<\/span><\/p><p><span style=\"font-weight: 400;\">Seja qual for o tipo de evento, consideramos todos os detalhes, desde o planejamento e gest\u00e3o de or\u00e7amento, dando apoio em toda a log\u00edstica, como a pesquisa e reserva dos locais, negocia\u00e7\u00e3o com fornecedores, at\u00e9 desenvolvimento de campanhas de marketing digital, material e assessoria de imprensa.\u00a0\u00a0<\/span><\/p><p><span style=\"font-weight: 400;\">N\u00e3o esquecendo o principal, os participantes: n\u00f3s cuidamos desde a inscri\u00e7\u00e3o at\u00e9 o nosso servi\u00e7o de RSVP, utilizando bancos de dados atualizados e promo\u00e7\u00e3o por telefone para contatar cada convidado individualmente, o que garante o sucesso do evento.<\/span><\/p><p><span style=\"font-weight: 400;\">Sabemos da import\u00e2ncia do conte\u00fado e por isso nos encarregamos de dar apoio na curadoria de palestras, workshops e sele\u00e7\u00e3o de palestrantes, produzindo materiais promocionais e educativos personalizados conforme a identidade visual do evento.<\/span><\/p><p><span style=\"font-weight: 400;\">E para completar, uma ampla sele\u00e7\u00e3o de atra\u00e7\u00f5es culturais e shows, assim como op\u00e7\u00f5es de catering, que podem ser tem\u00e1ticos, e que dar\u00e3o o toque final ao evento.\u00a0<\/span><\/p>\t\t\t\t\t\t\t\t<\/div>\n\t\t\t\t<\/div>\n\t\t\t\t<div class=\"elementor-element elementor-element-9feb95a elementor-widget elementor-widget-image\" data-id=\"9feb95a\" data-element_type=\"widget\" data-e-type=\"widget\" data-widget_type=\"image.default\">\n\t\t\t\t<div class=\"elementor-widget-container\">\n\t\t\t\t\t\t\t\t\t\t\t\t\t\t\t<img fetchpriority=\"high\" decoding=\"async\" width=\"1391\" height=\"359\" src=\"https:\/\/www.bossapromotions.com\/wp-content\/uploads\/2019\/11\/logo_bossa_bossaevents_azul.png\" class=\"elementor-animation-grow attachment-full size-full wp-image-16074\" alt=\"\" srcset=\"https:\/\/www.bossapromotions.com\/wp-content\/uploads\/2019\/11\/logo_bossa_bossaevents_azul.png 1391w, https:\/\/www.bossapromotions.com\/wp-content\/uploads\/2019\/11\/logo_bossa_bossaevents_azul-300x77.png 300w, https:\/\/www.bossapromotions.com\/wp-content\/uploads\/2019\/11\/logo_bossa_bossaevents_azul-768x198.png 768w, https:\/\/www.bossapromotions.com\/wp-content\/uploads\/2019\/11\/logo_bossa_bossaevents_azul-1024x264.png 1024w\" sizes=\"(max-width: 1391px) 100vw, 1391px\" \/>\t\t\t\t\t\t\t\t\t\t\t\t\t\t\t<\/div>\n\t\t\t\t<\/div>\n\t\t\t\t<section class=\"elementor-section elementor-inner-section elementor-element elementor-element-6df0183 elementor-section-boxed elementor-section-height-default elementor-section-height-default\" data-id=\"6df0183\" data-element_type=\"section\" data-e-type=\"section\">\n\t\t\t\t\t\t<div class=\"elementor-container elementor-column-gap-default\">\n\t\t\t\t\t<div class=\"elementor-column elementor-col-100 elementor-inner-column elementor-element elementor-element-0a66cd1\" data-id=\"0a66cd1\" data-element_type=\"column\" data-e-type=\"column\">\n\t\t\t<div class=\"elementor-widget-wrap\">\n\t\t\t\t\t\t\t<\/div>\n\t\t<\/div>\n\t\t\t\t\t<\/div>\n\t\t<\/section>\n\t\t\t\t\t<\/div>\n\t\t<\/div>\n\t\t\t\t\t<\/div>\n\t\t<\/section>\n\t\t\t\t<\/div>\n\t\t","protected":false},"excerpt":{"rendered":"<p>Organiza\u00e7\u00e3o de Eventos Corporativos para a Promo\u00e7\u00e3o do Turismo: Estrat\u00e9gias Eficazes A organiza\u00e7\u00e3o de eventos corporativos impulsiona a promo\u00e7\u00e3o do turismo, atraindo visitantes e fortalecendo a imagem de destinos por&hellip;<\/p>\n<p> <a class=\"more-link\" href=\"https:\/\/www.bossapromotions.com\/pt-br\/eventos\/\">Leia mais<\/a><\/p>\n","protected":false},"author":1,"featured_media":25269,"parent":0,"menu_order":0,"comment_status":"closed","ping_status":"closed","template":"","meta":{"footnotes":""},"class_list":["post-16673","page","type-page","status-publish","has-post-thumbnail"],"_links":{"self":[{"href":"https:\/\/www.bossapromotions.com\/pt-br\/wp-json\/wp\/v2\/pages\/16673","targetHints":{"allow":["GET"]}}],"collection":[{"href":"https:\/\/www.bossapromotions.com\/pt-br\/wp-json\/wp\/v2\/pages"}],"about":[{"href":"https:\/\/www.bossapromotions.com\/pt-br\/wp-json\/wp\/v2\/types\/page"}],"author":[{"embeddable":true,"href":"https:\/\/www.bossapromotions.com\/pt-br\/wp-json\/wp\/v2\/users\/1"}],"replies":[{"embeddable":true,"href":"https:\/\/www.bossapromotions.com\/pt-br\/wp-json\/wp\/v2\/comments?post=16673"}],"version-history":[{"count":0,"href":"https:\/\/www.bossapromotions.com\/pt-br\/wp-json\/wp\/v2\/pages\/16673\/revisions"}],"wp:featuredmedia":[{"embeddable":true,"href":"https:\/\/www.bossapromotions.com\/pt-br\/wp-json\/wp\/v2\/media\/25269"}],"wp:attachment":[{"href":"https:\/\/www.bossapromotions.com\/pt-br\/wp-json\/wp\/v2\/media?parent=16673"}],"curies":[{"name":"wp","href":"https:\/\/api.w.org\/{rel}","templated":true}]}}