{"id":15676,"date":"2019-10-09T07:05:51","date_gmt":"2019-10-09T07:05:51","guid":{"rendered":"https:\/\/bossapromotions.com\/bossa-exhibitions\/"},"modified":"2026-01-26T18:01:56","modified_gmt":"2026-01-26T18:01:56","slug":"feiras","status":"publish","type":"page","link":"https:\/\/www.bossapromotions.com\/pt-br\/feiras\/","title":{"rendered":"Servi\u00e7os para Feiras"},"content":{"rendered":"\t\t<div data-elementor-type=\"wp-post\" data-elementor-id=\"15676\" class=\"elementor elementor-15676 elementor-14922\" data-elementor-post-type=\"page\">\n\t\t\t\t\t\t<section class=\"elementor-section elementor-top-section elementor-element elementor-element-268e0c3 elementor-section-stretched elementor-section-boxed elementor-section-height-default elementor-section-height-default\" data-id=\"268e0c3\" data-element_type=\"section\" data-e-type=\"section\" data-settings=\"{&quot;stretch_section&quot;:&quot;section-stretched&quot;,&quot;background_background&quot;:&quot;classic&quot;}\">\n\t\t\t\t\t\t\t<div class=\"elementor-background-overlay\"><\/div>\n\t\t\t\t\t\t\t<div class=\"elementor-container elementor-column-gap-default\">\n\t\t\t\t\t<div class=\"elementor-column elementor-col-100 elementor-top-column elementor-element elementor-element-fb9378a\" data-id=\"fb9378a\" data-element_type=\"column\" data-e-type=\"column\">\n\t\t\t<div class=\"elementor-widget-wrap elementor-element-populated\">\n\t\t\t\t\t\t<div class=\"elementor-element elementor-element-f826247 elementor-widget elementor-widget-text-editor\" data-id=\"f826247\" data-element_type=\"widget\" data-e-type=\"widget\" data-widget_type=\"text-editor.default\">\n\t\t\t\t<div class=\"elementor-widget-container\">\n\t\t\t\t\t\t\t\t\t<p><b>Servi\u00e7os para participa\u00e7\u00e3o em feiras de neg\u00f3cios: solu\u00e7\u00f5es completas para aproveitar as oportunidades de networking<\/b><b>\u00a0<\/b><\/p><p><b>Com uma vasta experi\u00eancia em feiras de neg\u00f3cios, a Bossa oferece solu\u00e7\u00f5es sob medida que garantem sucesso e visibilidade aos nossos clientes em todos os pa\u00edses onde atua<\/b><\/p><p><span style=\"font-weight: 400;\">A Bossa oferece solu\u00e7\u00f5es sob medida que abrangem desde a montagem do estande at\u00e9 servi\u00e7os adicionais para a participa\u00e7\u00e3o de empresas em feiras de turismo e neg\u00f3cios, criando oportunidades que garantem sucesso e visibilidade aos nossos clientes em todos os pa\u00edses onde atuamos.<\/span><\/p><p><span style=\"font-weight: 400;\">Para empresas que desejem uma solu\u00e7\u00e3o completa, dispomos de um pacote abrangente que inclui a montagem do estande, com a cria\u00e7\u00e3o de design alinhado \u00e0 identidade visual da empresa e\u00a0 aos objetivos da feira, fornecendo equipamentos e mobili\u00e1rio, e obviamente a desmontagem, garantindo praticidade e efici\u00eancia.<\/span><\/p><p><span style=\"font-weight: 400;\">Para os clientes que prefiram gerenciar a log\u00edstica do estande com seu projeto e montadora pr\u00f3prios, a Bossa oferece servi\u00e7os complementares, garantindo que todos os outros aspectos do evento sejam geridos de maneira profissional e eficaz. A gama de servi\u00e7os adicionais vai desde agendamentos de reuni\u00f5es, assessoria de imprensa, catering, recepcionistas, seguran\u00e7a, limpeza, tradutores e int\u00e9rpretes, entre outros. Este pacote \u00e9 ideal para empresas que busquem uma abordagem integrada e que queiram evitar preocupa\u00e7\u00f5es com a log\u00edstica, permitindo que se concentrem no networking e nas oportunidades de neg\u00f3cios.<\/span><\/p><p><span style=\"font-weight: 400;\">Optando pela montagem completa do estande com todos os servi\u00e7os adicionais ou apenas com servi\u00e7os complementares, com a Bossa as empresas t\u00eam a garantia de uma participa\u00e7\u00e3o em feiras de neg\u00f3cios que n\u00e3o s\u00f3 atrai a aten\u00e7\u00e3o do p\u00fablico-alvo, mas tamb\u00e9m maximiza as oportunidades de networking e gera\u00e7\u00e3o de novos neg\u00f3cios.\u00a0<\/span><\/p>\t\t\t\t\t\t\t\t<\/div>\n\t\t\t\t<\/div>\n\t\t\t\t<div class=\"elementor-element elementor-element-3a6787a elementor-widget elementor-widget-image\" data-id=\"3a6787a\" data-element_type=\"widget\" data-e-type=\"widget\" data-widget_type=\"image.default\">\n\t\t\t\t<div class=\"elementor-widget-container\">\n\t\t\t\t\t\t\t\t\t\t\t\t\t\t\t<img fetchpriority=\"high\" decoding=\"async\" width=\"1680\" height=\"358\" src=\"https:\/\/www.bossapromotions.com\/wp-content\/uploads\/2019\/11\/logo_bossa_bossaexhibition_azul.png\" class=\"elementor-animation-grow attachment-full size-full wp-image-16083\" alt=\"\" srcset=\"https:\/\/www.bossapromotions.com\/wp-content\/uploads\/2019\/11\/logo_bossa_bossaexhibition_azul.png 1680w, https:\/\/www.bossapromotions.com\/wp-content\/uploads\/2019\/11\/logo_bossa_bossaexhibition_azul-300x64.png 300w, https:\/\/www.bossapromotions.com\/wp-content\/uploads\/2019\/11\/logo_bossa_bossaexhibition_azul-768x164.png 768w, https:\/\/www.bossapromotions.com\/wp-content\/uploads\/2019\/11\/logo_bossa_bossaexhibition_azul-1024x218.png 1024w\" sizes=\"(max-width: 1680px) 100vw, 1680px\" \/>\t\t\t\t\t\t\t\t\t\t\t\t\t\t\t<\/div>\n\t\t\t\t<\/div>\n\t\t<div class=\"elementor-element elementor-element-88900ff e-grid e-con-boxed e-con e-parent\" data-id=\"88900ff\" data-element_type=\"container\" data-e-type=\"container\">\n\t\t\t\t\t<div class=\"e-con-inner\">\n\t\t\t\t<div class=\"elementor-element elementor-element-f3e57eb elementor-widget elementor-widget-image\" data-id=\"f3e57eb\" data-element_type=\"widget\" data-e-type=\"widget\" data-widget_type=\"image.default\">\n\t\t\t\t<div class=\"elementor-widget-container\">\n\t\t\t\t\t\t\t\t\t\t\t\t\t\t\t<img decoding=\"async\" width=\"800\" height=\"800\" src=\"https:\/\/www.bossapromotions.com\/wp-content\/uploads\/2024\/08\/marca-bett-1-1024x1024.png\" class=\"elementor-animation-grow attachment-large size-large wp-image-24711\" alt=\"\" srcset=\"https:\/\/www.bossapromotions.com\/wp-content\/uploads\/2024\/08\/marca-bett-1-1024x1024.png 1024w, https:\/\/www.bossapromotions.com\/wp-content\/uploads\/2024\/08\/marca-bett-1-300x300.png 300w, https:\/\/www.bossapromotions.com\/wp-content\/uploads\/2024\/08\/marca-bett-1-150x150.png 150w, https:\/\/www.bossapromotions.com\/wp-content\/uploads\/2024\/08\/marca-bett-1-768x768.png 768w, https:\/\/www.bossapromotions.com\/wp-content\/uploads\/2024\/08\/marca-bett-1.png 1080w\" sizes=\"(max-width: 800px) 100vw, 800px\" \/>\t\t\t\t\t\t\t\t\t\t\t\t\t\t\t<\/div>\n\t\t\t\t<\/div>\n\t\t\t\t<div class=\"elementor-element elementor-element-627c068 elementor-widget elementor-widget-image\" data-id=\"627c068\" data-element_type=\"widget\" data-e-type=\"widget\" data-widget_type=\"image.default\">\n\t\t\t\t<div class=\"elementor-widget-container\">\n\t\t\t\t\t\t\t\t\t\t\t\t\t\t\t<img decoding=\"async\" width=\"461\" height=\"109\" src=\"https:\/\/www.bossapromotions.com\/wp-content\/uploads\/2024\/08\/cosmoprof-1-461x109.png\" class=\"elementor-animation-grow attachment-large size-large wp-image-24719\" alt=\"\" \/>\t\t\t\t\t\t\t\t\t\t\t\t\t\t\t<\/div>\n\t\t\t\t<\/div>\n\t\t\t\t<div class=\"elementor-element elementor-element-ea74d2b elementor-widget elementor-widget-image\" data-id=\"ea74d2b\" data-element_type=\"widget\" data-e-type=\"widget\" data-widget_type=\"image.default\">\n\t\t\t\t<div class=\"elementor-widget-container\">\n\t\t\t\t\t\t\t\t\t\t\t\t\t\t\t<img loading=\"lazy\" decoding=\"async\" width=\"225\" height=\"225\" src=\"https:\/\/www.bossapromotions.com\/wp-content\/uploads\/2024\/08\/fitur-1-225x225.png\" class=\"elementor-animation-grow attachment-large size-large wp-image-24723\" alt=\"\" srcset=\"https:\/\/www.bossapromotions.com\/wp-content\/uploads\/2024\/08\/fitur-1.png 225w, https:\/\/www.bossapromotions.com\/wp-content\/uploads\/2024\/08\/fitur-1-150x150.png 150w\" sizes=\"(max-width: 225px) 100vw, 225px\" \/>\t\t\t\t\t\t\t\t\t\t\t\t\t\t\t<\/div>\n\t\t\t\t<\/div>\n\t\t\t\t<div class=\"elementor-element elementor-element-6d20adc elementor-widget elementor-widget-image\" data-id=\"6d20adc\" data-element_type=\"widget\" data-e-type=\"widget\" data-widget_type=\"image.default\">\n\t\t\t\t<div class=\"elementor-widget-container\">\n\t\t\t\t\t\t\t\t\t\t\t\t\t\t\t<img loading=\"lazy\" decoding=\"async\" width=\"800\" height=\"800\" src=\"https:\/\/www.bossapromotions.com\/wp-content\/uploads\/2024\/08\/meeting_show_london-1-1024x1024.webp\" class=\"elementor-animation-grow attachment-large size-large wp-image-24727\" alt=\"\" srcset=\"https:\/\/www.bossapromotions.com\/wp-content\/uploads\/2024\/08\/meeting_show_london-1-1024x1024.webp 1024w, https:\/\/www.bossapromotions.com\/wp-content\/uploads\/2024\/08\/meeting_show_london-1-300x300.webp 300w, https:\/\/www.bossapromotions.com\/wp-content\/uploads\/2024\/08\/meeting_show_london-1-150x150.webp 150w, https:\/\/www.bossapromotions.com\/wp-content\/uploads\/2024\/08\/meeting_show_london-1-768x769.webp 768w\" sizes=\"(max-width: 800px) 100vw, 800px\" \/>\t\t\t\t\t\t\t\t\t\t\t\t\t\t\t<\/div>\n\t\t\t\t<\/div>\n\t\t\t\t<div class=\"elementor-element elementor-element-9ef01a3 elementor-widget elementor-widget-image\" data-id=\"9ef01a3\" data-element_type=\"widget\" data-e-type=\"widget\" data-widget_type=\"image.default\">\n\t\t\t\t<div class=\"elementor-widget-container\">\n\t\t\t\t\t\t\t\t\t\t\t\t\t\t\t<img loading=\"lazy\" decoding=\"async\" width=\"563\" height=\"250\" src=\"https:\/\/www.bossapromotions.com\/wp-content\/uploads\/2024\/08\/wtm-1-563x250.png\" class=\"elementor-animation-grow attachment-large size-large wp-image-24731\" alt=\"\" \/>\t\t\t\t\t\t\t\t\t\t\t\t\t\t\t<\/div>\n\t\t\t\t<\/div>\n\t\t\t\t<div class=\"elementor-element elementor-element-19e19f8 elementor-widget elementor-widget-image\" data-id=\"19e19f8\" data-element_type=\"widget\" data-e-type=\"widget\" data-widget_type=\"image.default\">\n\t\t\t\t<div class=\"elementor-widget-container\">\n\t\t\t\t\t\t\t\t\t\t\t\t\t\t\t<img loading=\"lazy\" decoding=\"async\" width=\"359\" height=\"125\" src=\"https:\/\/www.bossapromotions.com\/wp-content\/uploads\/2024\/08\/wtm-london.png\" class=\"elementor-animation-grow attachment-large size-large wp-image-24816\" alt=\"\" srcset=\"https:\/\/www.bossapromotions.com\/wp-content\/uploads\/2024\/08\/wtm-london.png 359w, https:\/\/www.bossapromotions.com\/wp-content\/uploads\/2024\/08\/wtm-london-300x104.png 300w\" sizes=\"(max-width: 359px) 100vw, 359px\" \/>\t\t\t\t\t\t\t\t\t\t\t\t\t\t\t<\/div>\n\t\t\t\t<\/div>\n\t\t\t\t<div class=\"elementor-element elementor-element-0b379bf elementor-widget elementor-widget-image\" data-id=\"0b379bf\" data-element_type=\"widget\" data-e-type=\"widget\" data-widget_type=\"image.default\">\n\t\t\t\t<div class=\"elementor-widget-container\">\n\t\t\t\t\t\t\t\t\t\t\t\t\t\t\t<img loading=\"lazy\" decoding=\"async\" width=\"220\" height=\"145\" src=\"https:\/\/www.bossapromotions.com\/wp-content\/uploads\/2024\/08\/BTL-1-220x145.png\" class=\"elementor-animation-grow attachment-large size-large wp-image-24735\" alt=\"\" \/>\t\t\t\t\t\t\t\t\t\t\t\t\t\t\t<\/div>\n\t\t\t\t<\/div>\n\t\t\t\t<div class=\"elementor-element elementor-element-565cc38 elementor-widget elementor-widget-image\" data-id=\"565cc38\" data-element_type=\"widget\" data-e-type=\"widget\" data-widget_type=\"image.default\">\n\t\t\t\t<div class=\"elementor-widget-container\">\n\t\t\t\t\t\t\t\t\t\t\t\t\t\t\t<img loading=\"lazy\" decoding=\"async\" width=\"800\" height=\"356\" src=\"https:\/\/www.bossapromotions.com\/wp-content\/uploads\/2024\/08\/eima-logo-1-1000x445.jpg\" class=\"elementor-animation-grow attachment-large size-large wp-image-24739\" alt=\"\" srcset=\"https:\/\/www.bossapromotions.com\/wp-content\/uploads\/2024\/08\/eima-logo-1.jpg 1000w, https:\/\/www.bossapromotions.com\/wp-content\/uploads\/2024\/08\/eima-logo-1-768x341.jpg 768w\" sizes=\"(max-width: 800px) 100vw, 800px\" \/>\t\t\t\t\t\t\t\t\t\t\t\t\t\t\t<\/div>\n\t\t\t\t<\/div>\n\t\t\t\t<div class=\"elementor-element elementor-element-6524c67 elementor-widget elementor-widget-image\" data-id=\"6524c67\" data-element_type=\"widget\" data-e-type=\"widget\" data-widget_type=\"image.default\">\n\t\t\t\t<div class=\"elementor-widget-container\">\n\t\t\t\t\t\t\t\t\t\t\t\t\t\t\t<img loading=\"lazy\" decoding=\"async\" width=\"1163\" height=\"445\" src=\"https:\/\/www.bossapromotions.com\/wp-content\/uploads\/2024\/08\/logo-fitpar-2023-02-1.png\" class=\"attachment-full size-full wp-image-24743\" alt=\"\" srcset=\"https:\/\/www.bossapromotions.com\/wp-content\/uploads\/2024\/08\/logo-fitpar-2023-02-1.png 1163w, https:\/\/www.bossapromotions.com\/wp-content\/uploads\/2024\/08\/logo-fitpar-2023-02-1-768x293.png 768w\" sizes=\"(max-width: 1163px) 100vw, 1163px\" \/>\t\t\t\t\t\t\t\t\t\t\t\t\t\t\t<\/div>\n\t\t\t\t<\/div>\n\t\t\t\t<div class=\"elementor-element elementor-element-21a2682 elementor-widget elementor-widget-image\" data-id=\"21a2682\" data-element_type=\"widget\" data-e-type=\"widget\" data-widget_type=\"image.default\">\n\t\t\t\t<div class=\"elementor-widget-container\">\n\t\t\t\t\t\t\t\t\t\t\t\t\t\t\t<img loading=\"lazy\" decoding=\"async\" width=\"300\" height=\"200\" src=\"https:\/\/www.bossapromotions.com\/wp-content\/uploads\/2024\/08\/fit-1-300x200.png\" class=\"elementor-animation-grow attachment-large size-large wp-image-24747\" alt=\"\" \/>\t\t\t\t\t\t\t\t\t\t\t\t\t\t\t<\/div>\n\t\t\t\t<\/div>\n\t\t\t\t<div class=\"elementor-element elementor-element-61f4424 elementor-widget elementor-widget-image\" data-id=\"61f4424\" data-element_type=\"widget\" data-e-type=\"widget\" data-widget_type=\"image.default\">\n\t\t\t\t<div class=\"elementor-widget-container\">\n\t\t\t\t\t\t\t\t\t\t\t\t\t\t\t<img loading=\"lazy\" decoding=\"async\" width=\"592\" height=\"200\" src=\"https:\/\/www.bossapromotions.com\/wp-content\/uploads\/2024\/08\/INCOS-Global_370x125_Atlas-logo-1-592x200.png\" class=\"elementor-animation-grow attachment-large size-large wp-image-24751\" alt=\"\" \/>\t\t\t\t\t\t\t\t\t\t\t\t\t\t\t<\/div>\n\t\t\t\t<\/div>\n\t\t\t\t<div class=\"elementor-element elementor-element-de18af3 elementor-widget elementor-widget-image\" data-id=\"de18af3\" data-element_type=\"widget\" data-e-type=\"widget\" data-widget_type=\"image.default\">\n\t\t\t\t<div class=\"elementor-widget-container\">\n\t\t\t\t\t\t\t\t\t\t\t\t\t\t\t<img loading=\"lazy\" decoding=\"async\" width=\"200\" height=\"200\" src=\"https:\/\/www.bossapromotions.com\/wp-content\/uploads\/2024\/08\/ITB-1-200x200.jpg\" class=\"elementor-animation-grow attachment-large size-large wp-image-24755\" alt=\"\" srcset=\"https:\/\/www.bossapromotions.com\/wp-content\/uploads\/2024\/08\/ITB-1.jpg 200w, https:\/\/www.bossapromotions.com\/wp-content\/uploads\/2024\/08\/ITB-1-150x150.jpg 150w\" sizes=\"(max-width: 200px) 100vw, 200px\" \/>\t\t\t\t\t\t\t\t\t\t\t\t\t\t\t<\/div>\n\t\t\t\t<\/div>\n\t\t\t\t<div class=\"elementor-element elementor-element-7928218 elementor-widget elementor-widget-image\" data-id=\"7928218\" data-element_type=\"widget\" data-e-type=\"widget\" data-widget_type=\"image.default\">\n\t\t\t\t<div class=\"elementor-widget-container\">\n\t\t\t\t\t\t\t\t\t\t\t\t\t\t\t<img loading=\"lazy\" decoding=\"async\" width=\"2560\" height=\"1100\" src=\"https:\/\/www.bossapromotions.com\/wp-content\/uploads\/2024\/08\/IMEX_Logo_Colour_RGB-01-scaled-1-1.jpg\" class=\"elementor-animation-grow attachment-full size-full wp-image-24759\" alt=\"\" srcset=\"https:\/\/www.bossapromotions.com\/wp-content\/uploads\/2024\/08\/IMEX_Logo_Colour_RGB-01-scaled-1-1.jpg 2560w, https:\/\/www.bossapromotions.com\/wp-content\/uploads\/2024\/08\/IMEX_Logo_Colour_RGB-01-scaled-1-1-768x330.jpg 768w\" sizes=\"(max-width: 2560px) 100vw, 2560px\" \/>\t\t\t\t\t\t\t\t\t\t\t\t\t\t\t<\/div>\n\t\t\t\t<\/div>\n\t\t\t\t<div class=\"elementor-element elementor-element-ef22a29 elementor-widget elementor-widget-image\" data-id=\"ef22a29\" data-element_type=\"widget\" data-e-type=\"widget\" data-widget_type=\"image.default\">\n\t\t\t\t<div class=\"elementor-widget-container\">\n\t\t\t\t\t\t\t\t\t\t\t\t\t\t\t<img loading=\"lazy\" decoding=\"async\" width=\"296\" height=\"296\" src=\"https:\/\/www.bossapromotions.com\/wp-content\/uploads\/2024\/08\/leatherworld-paris-1-296x296.jpg\" class=\"elementor-animation-grow attachment-large size-large wp-image-24767\" alt=\"\" srcset=\"https:\/\/www.bossapromotions.com\/wp-content\/uploads\/2024\/08\/leatherworld-paris-1.jpg 296w, https:\/\/www.bossapromotions.com\/wp-content\/uploads\/2024\/08\/leatherworld-paris-1-150x150.jpg 150w\" sizes=\"(max-width: 296px) 100vw, 296px\" \/>\t\t\t\t\t\t\t\t\t\t\t\t\t\t\t<\/div>\n\t\t\t\t<\/div>\n\t\t\t\t<div class=\"elementor-element elementor-element-8039782 elementor-widget elementor-widget-image\" data-id=\"8039782\" data-element_type=\"widget\" data-e-type=\"widget\" data-widget_type=\"image.default\">\n\t\t\t\t<div class=\"elementor-widget-container\">\n\t\t\t\t\t\t\t\t\t\t\t\t\t\t\t<img loading=\"lazy\" decoding=\"async\" width=\"200\" height=\"200\" src=\"https:\/\/www.bossapromotions.com\/wp-content\/uploads\/2024\/08\/ttg_logo_7331-1-200x200.webp\" class=\"elementor-animation-grow attachment-large size-large wp-image-24771\" alt=\"\" srcset=\"https:\/\/www.bossapromotions.com\/wp-content\/uploads\/2024\/08\/ttg_logo_7331-1.webp 200w, https:\/\/www.bossapromotions.com\/wp-content\/uploads\/2024\/08\/ttg_logo_7331-1-150x150.webp 150w\" sizes=\"(max-width: 200px) 100vw, 200px\" \/>\t\t\t\t\t\t\t\t\t\t\t\t\t\t\t<\/div>\n\t\t\t\t<\/div>\n\t\t\t\t<div class=\"elementor-element elementor-element-865009d elementor-widget elementor-widget-image\" data-id=\"865009d\" data-element_type=\"widget\" data-e-type=\"widget\" data-widget_type=\"image.default\">\n\t\t\t\t<div class=\"elementor-widget-container\">\n\t\t\t\t\t\t\t\t\t\t\t\t\t\t\t<img loading=\"lazy\" decoding=\"async\" width=\"225\" height=\"225\" src=\"https:\/\/www.bossapromotions.com\/wp-content\/uploads\/2024\/08\/zoomark-1-225x225.png\" class=\"attachment-large size-large wp-image-24779\" alt=\"\" srcset=\"https:\/\/www.bossapromotions.com\/wp-content\/uploads\/2024\/08\/zoomark-1.png 225w, https:\/\/www.bossapromotions.com\/wp-content\/uploads\/2024\/08\/zoomark-1-150x150.png 150w\" sizes=\"(max-width: 225px) 100vw, 225px\" \/>\t\t\t\t\t\t\t\t\t\t\t\t\t\t\t<\/div>\n\t\t\t\t<\/div>\n\t\t\t\t\t<\/div>\n\t\t\t\t<\/div>\n\t\t\t\t\t<\/div>\n\t\t<\/div>\n\t\t\t\t\t<\/div>\n\t\t<\/section>\n\t\t\t\t<\/div>\n\t\t","protected":false},"excerpt":{"rendered":"<p>Servi\u00e7os para participa\u00e7\u00e3o em feiras de neg\u00f3cios: solu\u00e7\u00f5es completas para aproveitar as oportunidades de networking\u00a0 Com uma vasta experi\u00eancia em feiras de neg\u00f3cios, a Bossa oferece solu\u00e7\u00f5es sob medida que&hellip;<\/p>\n<p> <a class=\"more-link\" href=\"https:\/\/www.bossapromotions.com\/pt-br\/feiras\/\">Leia mais<\/a><\/p>\n","protected":false},"author":1,"featured_media":25131,"parent":0,"menu_order":0,"comment_status":"closed","ping_status":"closed","template":"","meta":{"footnotes":""},"class_list":["post-15676","page","type-page","status-publish","has-post-thumbnail"],"_links":{"self":[{"href":"https:\/\/www.bossapromotions.com\/pt-br\/wp-json\/wp\/v2\/pages\/15676","targetHints":{"allow":["GET"]}}],"collection":[{"href":"https:\/\/www.bossapromotions.com\/pt-br\/wp-json\/wp\/v2\/pages"}],"about":[{"href":"https:\/\/www.bossapromotions.com\/pt-br\/wp-json\/wp\/v2\/types\/page"}],"author":[{"embeddable":true,"href":"https:\/\/www.bossapromotions.com\/pt-br\/wp-json\/wp\/v2\/users\/1"}],"replies":[{"embeddable":true,"href":"https:\/\/www.bossapromotions.com\/pt-br\/wp-json\/wp\/v2\/comments?post=15676"}],"version-history":[{"count":0,"href":"https:\/\/www.bossapromotions.com\/pt-br\/wp-json\/wp\/v2\/pages\/15676\/revisions"}],"wp:featuredmedia":[{"embeddable":true,"href":"https:\/\/www.bossapromotions.com\/pt-br\/wp-json\/wp\/v2\/media\/25131"}],"wp:attachment":[{"href":"https:\/\/www.bossapromotions.com\/pt-br\/wp-json\/wp\/v2\/media?parent=15676"}],"curies":[{"name":"wp","href":"https:\/\/api.w.org\/{rel}","templated":true}]}}