{"id":15674,"date":"2019-10-09T07:05:17","date_gmt":"2019-10-09T07:05:17","guid":{"rendered":"https:\/\/bossapromotions.com\/bossa-brazil\/"},"modified":"2024-08-09T19:53:43","modified_gmt":"2024-08-09T18:53:43","slug":"bossa-brazil","status":"publish","type":"page","link":"https:\/\/www.bossapromotions.com\/pt-br\/bossa-brazil\/","title":{"rendered":"Bossa Brazil"},"content":{"rendered":"\t\t<div data-elementor-type=\"wp-post\" data-elementor-id=\"15674\" class=\"elementor elementor-15674 elementor-14924\" data-elementor-post-type=\"page\">\n\t\t\t\t\t\t<section class=\"elementor-section elementor-top-section elementor-element elementor-element-58c21e3 elementor-section-stretched elementor-section-boxed elementor-section-height-default elementor-section-height-default\" data-id=\"58c21e3\" data-element_type=\"section\" data-e-type=\"section\" data-settings=\"{&quot;stretch_section&quot;:&quot;section-stretched&quot;,&quot;background_background&quot;:&quot;classic&quot;}\">\n\t\t\t\t\t\t\t<div class=\"elementor-background-overlay\"><\/div>\n\t\t\t\t\t\t\t<div class=\"elementor-container elementor-column-gap-default\">\n\t\t\t\t\t<div class=\"elementor-column elementor-col-100 elementor-top-column elementor-element elementor-element-15fedeb\" data-id=\"15fedeb\" data-element_type=\"column\" data-e-type=\"column\">\n\t\t\t<div class=\"elementor-widget-wrap elementor-element-populated\">\n\t\t\t\t\t\t<div class=\"elementor-element elementor-element-787f598 elementor-widget elementor-widget-image\" data-id=\"787f598\" data-element_type=\"widget\" data-e-type=\"widget\" data-widget_type=\"image.default\">\n\t\t\t\t<div class=\"elementor-widget-container\">\n\t\t\t\t\t\t\t\t\t\t\t\t\t\t\t<img fetchpriority=\"high\" decoding=\"async\" width=\"1239\" height=\"367\" src=\"https:\/\/www.bossapromotions.com\/wp-content\/uploads\/2019\/11\/logo_bossa_bossabrazil_azul.png\" class=\"elementor-animation-grow attachment-full size-full wp-image-16054\" alt=\"\" srcset=\"https:\/\/www.bossapromotions.com\/wp-content\/uploads\/2019\/11\/logo_bossa_bossabrazil_azul.png 1239w, https:\/\/www.bossapromotions.com\/wp-content\/uploads\/2019\/11\/logo_bossa_bossabrazil_azul-300x89.png 300w, https:\/\/www.bossapromotions.com\/wp-content\/uploads\/2019\/11\/logo_bossa_bossabrazil_azul-768x227.png 768w, https:\/\/www.bossapromotions.com\/wp-content\/uploads\/2019\/11\/logo_bossa_bossabrazil_azul-1024x303.png 1024w\" sizes=\"(max-width: 1239px) 100vw, 1239px\" \/>\t\t\t\t\t\t\t\t\t\t\t\t\t\t\t<\/div>\n\t\t\t\t<\/div>\n\t\t\t\t<section class=\"elementor-section elementor-inner-section elementor-element elementor-element-96efa33 elementor-section-boxed elementor-section-height-default elementor-section-height-default\" data-id=\"96efa33\" data-element_type=\"section\" data-e-type=\"section\">\n\t\t\t\t\t\t<div class=\"elementor-container elementor-column-gap-default\">\n\t\t\t\t\t<div class=\"elementor-column elementor-col-100 elementor-inner-column elementor-element elementor-element-1ce3df7\" data-id=\"1ce3df7\" data-element_type=\"column\" data-e-type=\"column\">\n\t\t\t<div class=\"elementor-widget-wrap elementor-element-populated\">\n\t\t\t\t\t\t<div class=\"elementor-element elementor-element-4d00e5e elementor-widget elementor-widget-text-editor\" data-id=\"4d00e5e\" data-element_type=\"widget\" data-e-type=\"widget\" data-widget_type=\"text-editor.default\">\n\t\t\t\t<div class=\"elementor-widget-container\">\n\t\t\t\t\t\t\t\t\t<p><b>Promo\u00e7\u00e3o e Representa\u00e7\u00e3o de Clientes Brasileiros no Exterior e Clientes Internacionais no Brasil<\/b><\/p><p><b>A promo\u00e7\u00e3o e representa\u00e7\u00e3o de clientes brasileiros no exterior e de clientes internacionais no Brasil podem expandir fronteiras, fortalecendo parcerias e aumentando a presen\u00e7a global por meio de estrat\u00e9gias eficazes de marketing e relacionamento.<\/b><\/p><p><span style=\"font-weight: 400;\">A Bossa Brazil, empresa que deu origem ao grupo Bossa, fundada em Londres em 1997, nasceu como organizadora de eventos especializada na promo\u00e7\u00e3o do Brasil e de clientes brasileiros no Reino Unido e na Europa, disponibilizando servi\u00e7os de promo\u00e7\u00e3o tur\u00edstica, rela\u00e7\u00f5es p\u00fablicas, marketing e os demais oferecidos pela Bossa, por\u00e9m com foco espec\u00edfico no Brasil.\u00a0<\/span><\/p><p><span style=\"font-weight: 400;\">Entre 2011 e 2012, agregamos \u00e0 nossa equipe profissionais com experi\u00eancia nas ind\u00fastrias de viagens, turismo, eventos e na \u00e1rea comercial. Isso nos permitiu evoluir para uma ag\u00eancia internacional de servi\u00e7os m\u00faltiplos, a Bossa.<\/span><\/p><p><span style=\"font-weight: 400;\">Al\u00e9m do Reino Unido e da Europa, atuamos tamb\u00e9m em v\u00e1rios pa\u00edses da Am\u00e9rica do Norte e Am\u00e9rica do Sul, incluindo, \u00e9 claro, o Brasil e com a mesma qualidade e servi\u00e7os de alto padr\u00e3o oferecidos anteriormente apenas para clientes brasileiros. Agora nossa expertise est\u00e1 dispon\u00edvel para todos os clientes que desejem expandir seus neg\u00f3cios e participa\u00e7\u00e3o de mercado em v\u00e1rios setores.<\/span><\/p><p><span style=\"font-weight: 400;\">Hoje a Bossa Brazil, uma divis\u00e3o da Bossa, trabalha assessorando, apoiando empresas privadas e \u00f3rg\u00e3os do governo brasileiro que precisem de promo\u00e7\u00e3o no exterior e empresas internacionais que queiram entrar no mercado brasileiro.<\/span><\/p>\t\t\t\t\t\t\t\t<\/div>\n\t\t\t\t<\/div>\n\t\t\t\t<div class=\"elementor-element elementor-element-7faaf19 elementor-widget elementor-widget-image\" data-id=\"7faaf19\" data-element_type=\"widget\" data-e-type=\"widget\" data-widget_type=\"image.default\">\n\t\t\t\t<div class=\"elementor-widget-container\">\n\t\t\t\t\t\t\t\t\t\t\t\t\t\t\t<img decoding=\"async\" src=\"https:\/\/www.bossapromotions.com\/wp-content\/uploads\/elementor\/thumbs\/shutterstock_189226328-bossa-brazil-pguaje6cjzbzkvcxdo0rp07ov0vsavt55q05453p7c.jpg\" title=\"shutterstock_189226328 bossa brazil\" alt=\"shutterstock_189226328 bossa brazil\" loading=\"lazy\" \/>\t\t\t\t\t\t\t\t\t\t\t\t\t\t\t<\/div>\n\t\t\t\t<\/div>\n\t\t\t\t\t<\/div>\n\t\t<\/div>\n\t\t\t\t\t<\/div>\n\t\t<\/section>\n\t\t\t\t\t<\/div>\n\t\t<\/div>\n\t\t\t\t\t<\/div>\n\t\t<\/section>\n\t\t\t\t<section class=\"elementor-section elementor-top-section elementor-element elementor-element-6a7ffc12 elementor-section-stretched elementor-section-full_width elementor-section-height-default elementor-section-height-default\" data-id=\"6a7ffc12\" data-element_type=\"section\" data-e-type=\"section\" id=\"works\" data-settings=\"{&quot;stretch_section&quot;:&quot;section-stretched&quot;,&quot;background_background&quot;:&quot;classic&quot;}\">\n\t\t\t\t\t\t\t<div class=\"elementor-background-overlay\"><\/div>\n\t\t\t\t\t\t\t<div class=\"elementor-container elementor-column-gap-default\">\n\t\t\t\t\t<div class=\"elementor-column elementor-col-100 elementor-top-column elementor-element elementor-element-56806d1f\" data-id=\"56806d1f\" data-element_type=\"column\" data-e-type=\"column\">\n\t\t\t<div class=\"elementor-widget-wrap elementor-element-populated\">\n\t\t\t\t\t\t<div class=\"elementor-element elementor-element-e92e3c5 elementor-widget elementor-widget-heading\" data-id=\"e92e3c5\" data-element_type=\"widget\" data-e-type=\"widget\" data-widget_type=\"heading.default\">\n\t\t\t\t<div class=\"elementor-widget-container\">\n\t\t\t\t\t<h2 class=\"elementor-heading-title elementor-size-default\">NOSSOS TRABALHOS<\/h2>\t\t\t\t<\/div>\n\t\t\t\t<\/div>\n\t\t\t\t\t<\/div>\n\t\t<\/div>\n\t\t\t\t\t<\/div>\n\t\t<\/section>\n\t\t\t\t<section class=\"elementor-section elementor-top-section elementor-element elementor-element-19e214c6 elementor-section-stretched elementor-section-full_width elementor-section-content-middle elementor-section-height-default elementor-section-height-default\" data-id=\"19e214c6\" data-element_type=\"section\" data-e-type=\"section\" data-settings=\"{&quot;stretch_section&quot;:&quot;section-stretched&quot;}\">\n\t\t\t\t\t\t<div class=\"elementor-container elementor-column-gap-no\">\n\t\t\t\t\t<div class=\"elementor-column elementor-col-100 elementor-top-column elementor-element elementor-element-3d5045d6\" data-id=\"3d5045d6\" data-element_type=\"column\" data-e-type=\"column\">\n\t\t\t<div class=\"elementor-widget-wrap elementor-element-populated\">\n\t\t\t\t\t\t<div class=\"elementor-element elementor-element-7f51e510 galleryC elementor-widget elementor-widget-a13fe-gallery\" data-id=\"7f51e510\" data-element_type=\"widget\" data-e-type=\"widget\" data-widget_type=\"a13fe-gallery.default\">\n\t\t\t\t<div class=\"elementor-widget-container\">\n\t\t\t\t\t\r\n\t\t<ul class=\"category-filter single-album-filter clearfix\"><li class=\"selected\" data-filter=\"__all\"><a href=\"https:\/\/www.bossapromotions.com\/pt-br\/wp-json\/wp\/v2\/pages\/15674\/\">Todos<\/a><\/li><li data-filter=\"filter_0\"><a href=\"#filter_0\">Events<\/a><\/li><li data-filter=\"filter_2\"><a href=\"#filter_2\">Tourism<\/a><\/li><\/ul>\t    <div class=\"bricks-frame gallery-frame bricks-gallery-17924 variant-overlay bricks-columns-4 album-content-off title-bottom title-left hover-effect-drop gradient-no-hover texts-no-hover\">\r\n\t\t\t\t    <ul class=\"gallery-media-collection screen-reader-text\">\r\n\t\t\t\t<li class=\"gallery-item type-image subtype-gif link\" data-id=\"19304\" data-ratio_x=\"1\" data-bg_color=\"\" data-alt_attr=\"\" data-main-image=\"https:\/\/www.bossapromotions.com\/wp-content\/uploads\/2019\/12\/catering-functions-5.gif\" data-brick_image=\"https:\/\/www.bossapromotions.com\/wp-content\/uploads\/2019\/12\/catering-functions-5.gif\" data-thumb=\"https:\/\/www.bossapromotions.com\/wp-content\/uploads\/2019\/12\/catering-functions-5-150x150.gif\" data-link_target=\"0\" data-category-filter_0=\"1\" data-filter=\"filter_0,\">\r\n\t\t<a class=\"item__link\" href=\"https:\/\/www.bossapromotions.com\/album\/catering-functions\/\">Catering, Festas e Eventos Corporativos<\/a>\r\n\t\t\t\t\t<div id=\"item-desc-1\" class=\"item-desc\"><\/div>\r\n\t\t\t<\/li>\r\n\t<li class=\"gallery-item type-image subtype-jpeg link\" data-id=\"19460\" data-ratio_x=\"1\" data-bg_color=\"\" data-alt_attr=\"\" data-main-image=\"https:\/\/www.bossapromotions.com\/wp-content\/uploads\/2019\/12\/samba-chapeu-1.jpg\" data-brick_image=\"https:\/\/www.bossapromotions.com\/wp-content\/uploads\/apollo13_images\/samba-chapeu-1-x085lv3jkigjc80b4v1m33ws0y16qchokc04jeye.jpg\" data-thumb=\"https:\/\/www.bossapromotions.com\/wp-content\/uploads\/2019\/12\/samba-chapeu-1-150x150.jpg\" data-link_target=\"0\" data-category-filter_0=\"1\" data-filter=\"filter_0,\">\r\n\t\t<a class=\"item__link\" href=\"https:\/\/www.bossapromotions.com\/album\/entertainment\/\">Entretenimento<\/a>\r\n\t\t\t\t\t<div id=\"item-desc-2\" class=\"item-desc\"><\/div>\r\n\t\t\t<\/li>\r\n\t<li class=\"gallery-item type-image subtype-jpeg link\" data-id=\"21549\" data-ratio_x=\"1\" data-bg_color=\"\" data-alt_attr=\"\" data-main-image=\"https:\/\/www.bossapromotions.com\/wp-content\/uploads\/2024\/01\/mockupbott.jpg\" data-brick_image=\"https:\/\/www.bossapromotions.com\/wp-content\/uploads\/apollo13_images\/mockupbott-yd0yvjbe2gmbqy5vutwl2mqbtjdga92611e5ot4m.jpg\" data-thumb=\"https:\/\/www.bossapromotions.com\/wp-content\/uploads\/2024\/01\/mockupbott-150x150.jpg\" data-link_target=\"0\">\r\n\t\t<a class=\"item__link\" href=\"https:\/\/www.bossapromotions.com\/album\/bossa-online-training\/\">Bossa Online Training<\/a>\r\n\t\t\t\t\t<div id=\"item-desc-3\" class=\"item-desc\"><\/div>\r\n\t\t\t<\/li>\r\n\t<li class=\"gallery-item type-image subtype-jpeg link\" data-id=\"14012\" data-ratio_x=\"1\" data-bg_color=\"\" data-alt_attr=\"\" data-main-image=\"https:\/\/www.bossapromotions.com\/wp-content\/uploads\/2019\/10\/WTM-LONDON-2016-CRIS-PERSONAL-IMG_20161109_142158.jpg\" data-brick_image=\"https:\/\/www.bossapromotions.com\/wp-content\/uploads\/apollo13_images\/WTM-LONDON-2016-CRIS-PERSONAL-IMG_20161109_142158-x085l0n67vp8w21ch3haublfz9ehsybz8y2e6uly.jpg\" data-thumb=\"https:\/\/www.bossapromotions.com\/wp-content\/uploads\/2019\/10\/WTM-LONDON-2016-CRIS-PERSONAL-IMG_20161109_142158-150x150.jpg\" data-link_target=\"0\">\r\n\t\t<a class=\"item__link\" href=\"https:\/\/www.bossapromotions.com\/album\/exhibitions\/\">Servi\u00e7os para Feiras de Neg\u00f3cios<\/a>\r\n\t\t\t\t\t<div id=\"item-desc-4\" class=\"item-desc\"><\/div>\r\n\t\t\t<\/li>\r\n\t<li class=\"gallery-item type-image subtype-png link\" data-id=\"15912\" data-ratio_x=\"1\" data-bg_color=\"\" data-alt_attr=\"\" data-main-image=\"https:\/\/www.bossapromotions.com\/wp-content\/uploads\/2019\/10\/bbmagmockup.png\" data-brick_image=\"https:\/\/www.bossapromotions.com\/wp-content\/uploads\/apollo13_images\/bbmagmockup-x085l1v0zqunpi46nt29uo8xqosd1hmaca56lr3q.png\" data-thumb=\"https:\/\/www.bossapromotions.com\/wp-content\/uploads\/2019\/10\/bbmagmockup-150x150.png\" data-link_target=\"0\">\r\n\t\t<a class=\"item__link\" href=\"https:\/\/www.bossapromotions.com\/album\/bbmag\/\">BBMag<\/a>\r\n\t\t\t\t\t<div id=\"item-desc-5\" class=\"item-desc\"><\/div>\r\n\t\t\t<\/li>\r\n\t<li class=\"gallery-item type-image subtype-jpeg link\" data-id=\"14037\" data-ratio_x=\"1\" data-bg_color=\"\" data-alt_attr=\"\" data-main-image=\"https:\/\/www.bossapromotions.com\/wp-content\/uploads\/2019\/10\/20170705_193407.jpg\" data-brick_image=\"https:\/\/www.bossapromotions.com\/wp-content\/uploads\/apollo13_images\/20170705_193407-x085l0n67vp8w21ch3haublfz9ehsybz8y2e6uly.jpg\" data-thumb=\"https:\/\/www.bossapromotions.com\/wp-content\/uploads\/2019\/10\/20170705_193407-150x150.jpg\" data-link_target=\"0\" data-category-filter_0=\"1\" data-filter=\"filter_0,\">\r\n\t\t<a class=\"item__link\" href=\"https:\/\/www.bossapromotions.com\/album\/roadshows\/\">Roadshows, Workshops e Semin\u00e1rios<\/a>\r\n\t\t\t\t\t<div id=\"item-desc-6\" class=\"item-desc\"><\/div>\r\n\t\t\t<\/li>\r\n\t<li class=\"gallery-item type-image subtype-jpeg link\" data-id=\"13624\" data-ratio_x=\"1\" data-bg_color=\"\" data-alt_attr=\"\" data-main-image=\"https:\/\/www.bossapromotions.com\/wp-content\/uploads\/2019\/10\/65462848_459771041488490_3453582068842233856_n.jpg\" data-brick_image=\"https:\/\/www.bossapromotions.com\/wp-content\/uploads\/apollo13_images\/65462848_459771041488490_3453582068842233856_n-x085l0n67vp8w21ch3haublfz9ehsybz8y2e6uly.jpg\" data-thumb=\"https:\/\/www.bossapromotions.com\/wp-content\/uploads\/2019\/10\/65462848_459771041488490_3453582068842233856_n-150x150.jpg\" data-link_target=\"0\" data-category-filter_0=\"1\" data-filter=\"filter_0,\">\r\n\t\t<a class=\"item__link\" href=\"https:\/\/www.bossapromotions.com\/album\/festivals\/\">Festivais de Comidas, Bebidas, M\u00fasica e Cultura<\/a>\r\n\t\t\t\t\t<div id=\"item-desc-7\" class=\"item-desc\"><\/div>\r\n\t\t\t<\/li>\r\n\t<li class=\"gallery-item type-image subtype-jpeg link\" data-id=\"19632\" data-ratio_x=\"1\" data-bg_color=\"\" data-alt_attr=\"\" data-main-image=\"https:\/\/www.bossapromotions.com\/wp-content\/uploads\/2019\/12\/fam-tours-2.jpg\" data-brick_image=\"https:\/\/www.bossapromotions.com\/wp-content\/uploads\/apollo13_images\/fam-tours-2-x085lxj948rcz45zia7k3t7rjssx7f2ar05pd7xy.jpg\" data-thumb=\"https:\/\/www.bossapromotions.com\/wp-content\/uploads\/2019\/12\/fam-tours-2-150x150.jpg\" data-link_target=\"0\" data-category-filter_2=\"1\" data-filter=\"filter_2,\">\r\n\t\t<a class=\"item__link\" href=\"https:\/\/www.bossapromotions.com\/album\/tourism\/\">Promo\u00e7\u00e3o e Marketing Tur\u00edstico<\/a>\r\n\t\t\t\t\t<div id=\"item-desc-8\" class=\"item-desc\"><\/div>\r\n\t\t\t<\/li>\r\n\t\t<\/ul>\r\n\t                <div class=\"a13-bricks-items\" data-margin=\"2\" data-desc=\"1\" data-proofing=\"0\" data-socials=\"0\" data-lightbox_off=\"1\" data-lightbox_off_mobile=\"0\" data-cover-color=\"rgba(33, 148, 242, 0.45)\">\r\n                <div class=\"grid-master\"><\/div>\r\n            <\/div>\r\n        <\/div>\r\n\t    \t\t\t\t<\/div>\n\t\t\t\t<\/div>\n\t\t\t\t\t<\/div>\n\t\t<\/div>\n\t\t\t\t\t<\/div>\n\t\t<\/section>\n\t\t\t\t<\/div>\n\t\t","protected":false},"excerpt":{"rendered":"<p>Promo\u00e7\u00e3o e Representa\u00e7\u00e3o de Clientes Brasileiros no Exterior e Clientes Internacionais no Brasil A promo\u00e7\u00e3o e representa\u00e7\u00e3o de clientes brasileiros no exterior e de clientes internacionais no Brasil podem expandir&hellip;<\/p>\n<p> <a class=\"more-link\" href=\"https:\/\/bossapromotions.com\/#trabalhos\">Leia mais<\/a><\/p>\n","protected":false},"author":1,"featured_media":21425,"parent":0,"menu_order":0,"comment_status":"closed","ping_status":"closed","template":"","meta":{"footnotes":""},"class_list":["post-15674","page","type-page","status-publish","has-post-thumbnail"],"_links":{"self":[{"href":"https:\/\/www.bossapromotions.com\/pt-br\/wp-json\/wp\/v2\/pages\/15674","targetHints":{"allow":["GET"]}}],"collection":[{"href":"https:\/\/www.bossapromotions.com\/pt-br\/wp-json\/wp\/v2\/pages"}],"about":[{"href":"https:\/\/www.bossapromotions.com\/pt-br\/wp-json\/wp\/v2\/types\/page"}],"author":[{"embeddable":true,"href":"https:\/\/www.bossapromotions.com\/pt-br\/wp-json\/wp\/v2\/users\/1"}],"replies":[{"embeddable":true,"href":"https:\/\/www.bossapromotions.com\/pt-br\/wp-json\/wp\/v2\/comments?post=15674"}],"version-history":[{"count":0,"href":"https:\/\/www.bossapromotions.com\/pt-br\/wp-json\/wp\/v2\/pages\/15674\/revisions"}],"wp:featuredmedia":[{"embeddable":true,"href":"https:\/\/www.bossapromotions.com\/pt-br\/wp-json\/wp\/v2\/media\/21425"}],"wp:attachment":[{"href":"https:\/\/www.bossapromotions.com\/pt-br\/wp-json\/wp\/v2\/media?parent=15674"}],"curies":[{"name":"wp","href":"https:\/\/api.w.org\/{rel}","templated":true}]}}