{"id":15666,"date":"2019-10-09T06:57:22","date_gmt":"2019-10-09T06:57:22","guid":{"rendered":"https:\/\/bossapromotions.com\/bossa-representation\/"},"modified":"2026-01-26T18:09:24","modified_gmt":"2026-01-26T18:09:24","slug":"representacao","status":"publish","type":"page","link":"https:\/\/www.bossapromotions.com\/pt-br\/representacao\/","title":{"rendered":"Representa\u00e7\u00e3o"},"content":{"rendered":"\t\t<div data-elementor-type=\"wp-post\" data-elementor-id=\"15666\" class=\"elementor elementor-15666 elementor-14935\" data-elementor-post-type=\"page\">\n\t\t\t\t\t\t<section class=\"elementor-section elementor-top-section elementor-element elementor-element-f92dc96 elementor-section-stretched elementor-section-boxed elementor-section-height-default elementor-section-height-default\" data-id=\"f92dc96\" data-element_type=\"section\" data-e-type=\"section\" data-settings=\"{&quot;stretch_section&quot;:&quot;section-stretched&quot;,&quot;background_background&quot;:&quot;classic&quot;}\">\n\t\t\t\t\t\t\t<div class=\"elementor-background-overlay\"><\/div>\n\t\t\t\t\t\t\t<div class=\"elementor-container elementor-column-gap-default\">\n\t\t\t\t\t<div class=\"elementor-column elementor-col-100 elementor-top-column elementor-element elementor-element-4a6e902\" data-id=\"4a6e902\" data-element_type=\"column\" data-e-type=\"column\">\n\t\t\t<div class=\"elementor-widget-wrap elementor-element-populated\">\n\t\t\t\t\t\t<div class=\"elementor-element elementor-element-d1f7494 elementor-widget elementor-widget-text-editor\" data-id=\"d1f7494\" data-element_type=\"widget\" data-e-type=\"widget\" data-widget_type=\"text-editor.default\">\n\t\t\t\t<div class=\"elementor-widget-container\">\n\t\t\t\t\t\t\t\t\t<p><b>Conectando empresas e destinos tur\u00edsticos com mercados globais atrav\u00e9s da representa\u00e7\u00e3o comercial\u00a0<\/b><\/p><p><em>Como a Bossa atua atrav\u00e9s da representa\u00e7\u00e3o comercial para empresas e destinos tur\u00edsticos em mercados internacionais, gerando oportunidades de neg\u00f3cios<\/em><\/p>\t\t\t\t\t\t\t\t<\/div>\n\t\t\t\t<\/div>\n\t\t\t\t<div class=\"elementor-element elementor-element-2e36662 elementor-widget elementor-widget-text-editor\" data-id=\"2e36662\" data-element_type=\"widget\" data-e-type=\"widget\" data-widget_type=\"text-editor.default\">\n\t\t\t\t<div class=\"elementor-widget-container\">\n\t\t\t\t\t\t\t\t\t<p>A representa\u00e7\u00e3o comercial e de destinos tur\u00edsticos \u00e9 crucial para alcan\u00e7ar novos mercados e maximizar o potencial de crescimento, por isso a Bossa oferece servi\u00e7os especializados que conectam seus clientes a uma rede global de oportunidades.<\/p><p>A Bossa entende que cada cliente tem necessidades e objetivos \u00fanicos, sendo assim a abordagem personalizada \u00e9 um pilar fundamental de seus servi\u00e7os, trabalhando em estreita colabora\u00e7\u00e3o com seus clientes para entender profundamente suas metas e criar estrat\u00e9gias comerciais que reflitam a identidade e os valores da marca. Seja para um hotel butique, um resort de luxo ou um destino tur\u00edstico emergente, a Bossa desenvolve planos de a\u00e7\u00e3o sob medida que garantem visibilidade e sucesso.<\/p><p>Parte essencial desses servi\u00e7os \u00e9 a cria\u00e7\u00e3o de parcerias estrat\u00e9gicas. A Bossa possui uma extensa rede de contatos internacionais, incluindo operadores tur\u00edsticos, ag\u00eancias de viagem, influenciadores e profissionais da m\u00eddia. Utilizando essa rede, a ag\u00eancia facilita colabora\u00e7\u00f5es que ampliam o alcance e a credibilidade dos clientes. Al\u00e9m disso, a Bossa seus clientes s\u00e3o representados em feiras e eventos de turismo de grande relev\u00e2ncia, proporcionando oportunidades de networking e neg\u00f3cios que seriam dif\u00edceis de alcan\u00e7ar de outra forma.<\/p><p>A promo\u00e7\u00e3o dos destinos tur\u00edsticos \u00e9 realizada por meio de campanhas de marketing integradas e inovadoras. A Bossa utiliza uma combina\u00e7\u00e3o de marketing digital, rela\u00e7\u00f5es p\u00fablicas, eventos e promo\u00e7\u00e3o para garantir que os destinos tenham destaque em todos os mercados onde atua.<\/p><p>Relat\u00f3rios detalhados e insights valiosos s\u00e3o fornecidos aos clientes, permitindo que eles tomem decis\u00f5es informadas e maximizem o retorno sobre o investimento.<\/p><p>A Bossa tamb\u00e9m oferece treinamento e suporte cont\u00ednuos para as equipes de vendas dos clientes. Workshops, semin\u00e1rios e treinamentos personalizados s\u00e3o realizados para garantir que a equipe esteja bem preparada para representar a marca de forma eficaz e profissional. Esse investimento no desenvolvimento das habilidades da equipe contribui para um desempenho superior e para o alcance dos objetivos comerciais.<\/p><p>Al\u00e9m disso, a Bossa possui vasta experi\u00eancia na organiza\u00e7\u00e3o de miss\u00f5es empresariais, que s\u00e3o cuidadosamente planejadas para conectar empres\u00e1rios e representantes de destinos tur\u00edsticos com potenciais parceiros, investidores e clientes em mercados estrat\u00e9gicos ao redor do mundo. A Bossa cuida de todos os detalhes log\u00edsticos e program\u00e1ticos, garantindo que os participantes tenham uma experi\u00eancia produtiva e enriquecedora.<\/p><p>Em suma, a representa\u00e7\u00e3o comercial oferecida pela Bossa \u00e9 projetada para conectar empresas e destinos tur\u00edsticos a mercados globais de forma eficaz e estrat\u00e9gica, por an\u00e1lise cont\u00ednua e suporte dedicado, ajudando a transformar o potencial de seus clientes em sucesso tang\u00edvel e sustent\u00e1vel.<\/p>\t\t\t\t\t\t\t\t<\/div>\n\t\t\t\t<\/div>\n\t\t\t\t<div class=\"elementor-element elementor-element-3a6787a elementor-widget elementor-widget-image\" data-id=\"3a6787a\" data-element_type=\"widget\" data-e-type=\"widget\" data-widget_type=\"image.default\">\n\t\t\t\t<div class=\"elementor-widget-container\">\n\t\t\t\t\t\t\t\t\t\t\t\t\t\t\t<img fetchpriority=\"high\" decoding=\"async\" width=\"2239\" height=\"359\" src=\"https:\/\/www.bossapromotions.com\/wp-content\/uploads\/2019\/11\/logo_bossa_bossarepresentation_azul.png\" class=\"elementor-animation-grow attachment-full size-full wp-image-16113\" alt=\"\" srcset=\"https:\/\/www.bossapromotions.com\/wp-content\/uploads\/2019\/11\/logo_bossa_bossarepresentation_azul.png 2239w, https:\/\/www.bossapromotions.com\/wp-content\/uploads\/2019\/11\/logo_bossa_bossarepresentation_azul-300x48.png 300w, https:\/\/www.bossapromotions.com\/wp-content\/uploads\/2019\/11\/logo_bossa_bossarepresentation_azul-768x123.png 768w, https:\/\/www.bossapromotions.com\/wp-content\/uploads\/2019\/11\/logo_bossa_bossarepresentation_azul-1024x164.png 1024w\" sizes=\"(max-width: 2239px) 100vw, 2239px\" \/>\t\t\t\t\t\t\t\t\t\t\t\t\t\t\t<\/div>\n\t\t\t\t<\/div>\n\t\t<div class=\"elementor-element elementor-element-f089995 e-grid e-con-boxed e-con e-parent\" data-id=\"f089995\" data-element_type=\"container\" data-e-type=\"container\">\n\t\t\t\t\t<div class=\"e-con-inner\">\n\t\t\t\t<div class=\"elementor-element elementor-element-ec44e85 elementor-widget elementor-widget-image\" data-id=\"ec44e85\" data-element_type=\"widget\" data-e-type=\"widget\" data-widget_type=\"image.default\">\n\t\t\t\t<div class=\"elementor-widget-container\">\n\t\t\t\t\t\t\t\t\t\t\t\t\t\t\t<img decoding=\"async\" width=\"799\" height=\"268\" src=\"https:\/\/www.bossapromotions.com\/wp-content\/uploads\/2024\/08\/logo-visit_rio-1-799x268.png\" class=\"elementor-animation-grow attachment-large size-large wp-image-25009\" alt=\"\" srcset=\"https:\/\/www.bossapromotions.com\/wp-content\/uploads\/2024\/08\/logo-visit_rio-1.png 799w, https:\/\/www.bossapromotions.com\/wp-content\/uploads\/2024\/08\/logo-visit_rio-1-768x257.png 768w\" sizes=\"(max-width: 799px) 100vw, 799px\" \/>\t\t\t\t\t\t\t\t\t\t\t\t\t\t\t<\/div>\n\t\t\t\t<\/div>\n\t\t\t\t<div class=\"elementor-element elementor-element-0ff7962 elementor-widget elementor-widget-image\" data-id=\"0ff7962\" data-element_type=\"widget\" data-e-type=\"widget\" data-widget_type=\"image.default\">\n\t\t\t\t<div class=\"elementor-widget-container\">\n\t\t\t\t\t\t\t\t\t\t\t\t\t\t\t<img decoding=\"async\" width=\"1130\" height=\"255\" src=\"https:\/\/www.bossapromotions.com\/wp-content\/uploads\/2024\/08\/vbrata_logo_ukeu_blue-1.png\" class=\"elementor-animation-grow attachment-full size-full wp-image-25013\" alt=\"\" srcset=\"https:\/\/www.bossapromotions.com\/wp-content\/uploads\/2024\/08\/vbrata_logo_ukeu_blue-1.png 1130w, https:\/\/www.bossapromotions.com\/wp-content\/uploads\/2024\/08\/vbrata_logo_ukeu_blue-1-768x173.png 768w\" sizes=\"(max-width: 1130px) 100vw, 1130px\" \/>\t\t\t\t\t\t\t\t\t\t\t\t\t\t\t<\/div>\n\t\t\t\t<\/div>\n\t\t\t\t<div class=\"elementor-element elementor-element-347fbfa elementor-widget elementor-widget-image\" data-id=\"347fbfa\" data-element_type=\"widget\" data-e-type=\"widget\" data-widget_type=\"image.default\">\n\t\t\t\t<div class=\"elementor-widget-container\">\n\t\t\t\t\t\t\t\t\t\t\t\t\t\t\t<img loading=\"lazy\" decoding=\"async\" width=\"2530\" height=\"1074\" src=\"https:\/\/www.bossapromotions.com\/wp-content\/uploads\/2024\/08\/Logo-Turismo-MS-1.png\" class=\"elementor-animation-grow attachment-full size-full wp-image-25017\" alt=\"\" srcset=\"https:\/\/www.bossapromotions.com\/wp-content\/uploads\/2024\/08\/Logo-Turismo-MS-1.png 2530w, https:\/\/www.bossapromotions.com\/wp-content\/uploads\/2024\/08\/Logo-Turismo-MS-1-768x326.png 768w\" sizes=\"(max-width: 2530px) 100vw, 2530px\" \/>\t\t\t\t\t\t\t\t\t\t\t\t\t\t\t<\/div>\n\t\t\t\t<\/div>\n\t\t\t\t<div class=\"elementor-element elementor-element-45bacaf elementor-widget elementor-widget-image\" data-id=\"45bacaf\" data-element_type=\"widget\" data-e-type=\"widget\" data-widget_type=\"image.default\">\n\t\t\t\t<div class=\"elementor-widget-container\">\n\t\t\t\t\t\t\t\t\t\t\t\t\t\t\t<img loading=\"lazy\" decoding=\"async\" width=\"200\" height=\"141\" src=\"https:\/\/www.bossapromotions.com\/wp-content\/uploads\/2024\/08\/tickingallboxes_logo-2-1-200x141.png\" class=\"elementor-animation-grow attachment-large size-large wp-image-25021\" alt=\"\" \/>\t\t\t\t\t\t\t\t\t\t\t\t\t\t\t<\/div>\n\t\t\t\t<\/div>\n\t\t\t\t<div class=\"elementor-element elementor-element-5152724 elementor-widget elementor-widget-image\" data-id=\"5152724\" data-element_type=\"widget\" data-e-type=\"widget\" data-widget_type=\"image.default\">\n\t\t\t\t<div class=\"elementor-widget-container\">\n\t\t\t\t\t\t\t\t\t\t\t\t\t\t\t<img loading=\"lazy\" decoding=\"async\" width=\"3508\" height=\"2481\" src=\"https:\/\/www.bossapromotions.com\/wp-content\/uploads\/2024\/08\/rancho3-irmaos-3.png\" class=\"elementor-animation-grow attachment-full size-full wp-image-25037\" alt=\"\" srcset=\"https:\/\/www.bossapromotions.com\/wp-content\/uploads\/2024\/08\/rancho3-irmaos-3.png 3508w, https:\/\/www.bossapromotions.com\/wp-content\/uploads\/2024\/08\/rancho3-irmaos-3-768x543.png 768w\" sizes=\"(max-width: 3508px) 100vw, 3508px\" \/>\t\t\t\t\t\t\t\t\t\t\t\t\t\t\t<\/div>\n\t\t\t\t<\/div>\n\t\t\t\t<div class=\"elementor-element elementor-element-585c4a9 elementor-widget elementor-widget-image\" data-id=\"585c4a9\" data-element_type=\"widget\" data-e-type=\"widget\" data-widget_type=\"image.default\">\n\t\t\t\t<div class=\"elementor-widget-container\">\n\t\t\t\t\t\t\t\t\t\t\t\t\t\t\t<img loading=\"lazy\" decoding=\"async\" width=\"731\" height=\"435\" src=\"https:\/\/www.bossapromotions.com\/wp-content\/uploads\/2024\/08\/fiscolandis-2-731x435.png\" class=\"elementor-animation-grow attachment-large size-large wp-image-25045\" alt=\"\" \/>\t\t\t\t\t\t\t\t\t\t\t\t\t\t\t<\/div>\n\t\t\t\t<\/div>\n\t\t\t\t<div class=\"elementor-element elementor-element-7f7260e elementor-widget elementor-widget-image\" data-id=\"7f7260e\" data-element_type=\"widget\" data-e-type=\"widget\" data-widget_type=\"image.default\">\n\t\t\t\t<div class=\"elementor-widget-container\">\n\t\t\t\t\t\t\t\t\t\t\t\t\t\t\t<img loading=\"lazy\" decoding=\"async\" width=\"1080\" height=\"410\" src=\"https:\/\/www.bossapromotions.com\/wp-content\/uploads\/2024\/08\/logo_vetor_fpro_black-1.png\" class=\"elementor-animation-grow attachment-full size-full wp-image-25049\" alt=\"\" srcset=\"https:\/\/www.bossapromotions.com\/wp-content\/uploads\/2024\/08\/logo_vetor_fpro_black-1.png 1080w, https:\/\/www.bossapromotions.com\/wp-content\/uploads\/2024\/08\/logo_vetor_fpro_black-1-768x291.png 768w\" sizes=\"(max-width: 1080px) 100vw, 1080px\" \/>\t\t\t\t\t\t\t\t\t\t\t\t\t\t\t<\/div>\n\t\t\t\t<\/div>\n\t\t\t\t<div class=\"elementor-element elementor-element-0da02e5 elementor-widget elementor-widget-image\" data-id=\"0da02e5\" data-element_type=\"widget\" data-e-type=\"widget\" data-widget_type=\"image.default\">\n\t\t\t\t<div class=\"elementor-widget-container\">\n\t\t\t\t\t\t\t\t\t\t\t\t\t\t\t<img loading=\"lazy\" decoding=\"async\" width=\"993\" height=\"643\" src=\"https:\/\/www.bossapromotions.com\/wp-content\/uploads\/2024\/08\/DMT-PROM-EVENTOS-1.jpg\" class=\"attachment-full size-full wp-image-25053\" alt=\"\" srcset=\"https:\/\/www.bossapromotions.com\/wp-content\/uploads\/2024\/08\/DMT-PROM-EVENTOS-1.jpg 993w, https:\/\/www.bossapromotions.com\/wp-content\/uploads\/2024\/08\/DMT-PROM-EVENTOS-1-768x497.jpg 768w\" sizes=\"(max-width: 993px) 100vw, 993px\" \/>\t\t\t\t\t\t\t\t\t\t\t\t\t\t\t<\/div>\n\t\t\t\t<\/div>\n\t\t\t\t<div class=\"elementor-element elementor-element-8e4b0df elementor-widget elementor-widget-image\" data-id=\"8e4b0df\" data-element_type=\"widget\" data-e-type=\"widget\" data-widget_type=\"image.default\">\n\t\t\t\t<div class=\"elementor-widget-container\">\n\t\t\t\t\t\t\t\t\t\t\t\t\t\t\t<img loading=\"lazy\" decoding=\"async\" width=\"800\" height=\"517\" src=\"https:\/\/www.bossapromotions.com\/wp-content\/uploads\/2024\/08\/Z-CARD-1-2-993x642.jpg\" class=\"elementor-animation-grow attachment-large size-large wp-image-25065\" alt=\"\" srcset=\"https:\/\/www.bossapromotions.com\/wp-content\/uploads\/2024\/08\/Z-CARD-1-2.jpg 993w, https:\/\/www.bossapromotions.com\/wp-content\/uploads\/2024\/08\/Z-CARD-1-2-768x496.jpg 768w\" sizes=\"(max-width: 800px) 100vw, 800px\" \/>\t\t\t\t\t\t\t\t\t\t\t\t\t\t\t<\/div>\n\t\t\t\t<\/div>\n\t\t\t\t<div class=\"elementor-element elementor-element-e1be30c elementor-widget elementor-widget-image\" data-id=\"e1be30c\" data-element_type=\"widget\" data-e-type=\"widget\" data-widget_type=\"image.default\">\n\t\t\t\t<div class=\"elementor-widget-container\">\n\t\t\t\t\t\t\t\t\t\t\t\t\t\t\t<img loading=\"lazy\" decoding=\"async\" width=\"1200\" height=\"559\" src=\"https:\/\/www.bossapromotions.com\/wp-content\/uploads\/2024\/08\/rosy_holt_celebrant_logo-2.png\" class=\"elementor-animation-grow attachment-full size-full wp-image-25079\" alt=\"\" srcset=\"https:\/\/www.bossapromotions.com\/wp-content\/uploads\/2024\/08\/rosy_holt_celebrant_logo-2.png 1200w, https:\/\/www.bossapromotions.com\/wp-content\/uploads\/2024\/08\/rosy_holt_celebrant_logo-2-768x357.png 768w\" sizes=\"(max-width: 1200px) 100vw, 1200px\" \/>\t\t\t\t\t\t\t\t\t\t\t\t\t\t\t<\/div>\n\t\t\t\t<\/div>\n\t\t\t\t\t<\/div>\n\t\t\t\t<\/div>\n\t\t\t\t\t<\/div>\n\t\t<\/div>\n\t\t\t\t\t<\/div>\n\t\t<\/section>\n\t\t\t\t<\/div>\n\t\t","protected":false},"excerpt":{"rendered":"<p>Conectando empresas e destinos tur\u00edsticos com mercados globais atrav\u00e9s da representa\u00e7\u00e3o comercial\u00a0 Como a Bossa atua atrav\u00e9s da representa\u00e7\u00e3o comercial para empresas e destinos tur\u00edsticos em mercados internacionais, gerando oportunidades&hellip;<\/p>\n<p> <a class=\"more-link\" href=\"https:\/\/www.bossapromotions.com\/pt-br\/representacao\/\">Leia mais<\/a><\/p>\n","protected":false},"author":1,"featured_media":17682,"parent":0,"menu_order":0,"comment_status":"closed","ping_status":"closed","template":"","meta":{"footnotes":""},"class_list":["post-15666","page","type-page","status-publish","has-post-thumbnail"],"_links":{"self":[{"href":"https:\/\/www.bossapromotions.com\/pt-br\/wp-json\/wp\/v2\/pages\/15666","targetHints":{"allow":["GET"]}}],"collection":[{"href":"https:\/\/www.bossapromotions.com\/pt-br\/wp-json\/wp\/v2\/pages"}],"about":[{"href":"https:\/\/www.bossapromotions.com\/pt-br\/wp-json\/wp\/v2\/types\/page"}],"author":[{"embeddable":true,"href":"https:\/\/www.bossapromotions.com\/pt-br\/wp-json\/wp\/v2\/users\/1"}],"replies":[{"embeddable":true,"href":"https:\/\/www.bossapromotions.com\/pt-br\/wp-json\/wp\/v2\/comments?post=15666"}],"version-history":[{"count":0,"href":"https:\/\/www.bossapromotions.com\/pt-br\/wp-json\/wp\/v2\/pages\/15666\/revisions"}],"wp:featuredmedia":[{"embeddable":true,"href":"https:\/\/www.bossapromotions.com\/pt-br\/wp-json\/wp\/v2\/media\/17682"}],"wp:attachment":[{"href":"https:\/\/www.bossapromotions.com\/pt-br\/wp-json\/wp\/v2\/media?parent=15666"}],"curies":[{"name":"wp","href":"https:\/\/api.w.org\/{rel}","templated":true}]}}