{"id":15664,"date":"2019-10-09T06:56:34","date_gmt":"2019-10-09T06:56:34","guid":{"rendered":"https:\/\/bossapromotions.com\/bossa-pr-public-relations\/"},"modified":"2024-08-23T14:18:10","modified_gmt":"2024-08-23T13:18:10","slug":"relacoes-publicas","status":"publish","type":"page","link":"https:\/\/www.bossapromotions.com\/pt-br\/relacoes-publicas\/","title":{"rendered":"Servi\u00e7os de Rela\u00e7\u00f5es P\u00fablicas"},"content":{"rendered":"\t\t<div data-elementor-type=\"wp-post\" data-elementor-id=\"15664\" class=\"elementor elementor-15664 elementor-14933\" data-elementor-post-type=\"page\">\n\t\t\t\t\t\t<section class=\"elementor-section elementor-top-section elementor-element elementor-element-59dc2ec elementor-section-stretched elementor-section-boxed elementor-section-height-default elementor-section-height-default\" data-id=\"59dc2ec\" data-element_type=\"section\" data-e-type=\"section\" data-settings=\"{&quot;stretch_section&quot;:&quot;section-stretched&quot;,&quot;background_background&quot;:&quot;classic&quot;}\">\n\t\t\t\t\t\t\t<div class=\"elementor-background-overlay\"><\/div>\n\t\t\t\t\t\t\t<div class=\"elementor-container elementor-column-gap-default\">\n\t\t\t\t\t<div class=\"elementor-column elementor-col-100 elementor-top-column elementor-element elementor-element-13c3430\" data-id=\"13c3430\" data-element_type=\"column\" data-e-type=\"column\">\n\t\t\t<div class=\"elementor-widget-wrap elementor-element-populated\">\n\t\t\t\t\t\t<div class=\"elementor-element elementor-element-fb0e63e elementor-widget elementor-widget-text-editor\" data-id=\"fb0e63e\" data-element_type=\"widget\" data-e-type=\"widget\" data-widget_type=\"text-editor.default\">\n\t\t\t\t<div class=\"elementor-widget-container\">\n\t\t\t\t\t\t\t\t\t<p><b>Construindo Conex\u00f5es S\u00f3lidas e Impactantes Por Servi\u00e7os de Rela\u00e7\u00f5es P\u00fablicas<\/b><\/p><p><b>Como a Bossa ajuda empresas e destinos tur\u00edsticos a construir e manter uma imagem positiva e atraente atrav\u00e9s de seus servi\u00e7os de rela\u00e7\u00f5es p\u00fablicas.<\/b><\/p><p><span style=\"font-weight: 400;\">A Bossa entende que cada cliente \u00e9 \u00fanico, e por isso, desenvolve estrat\u00e9gias personalizadas de rela\u00e7\u00f5es p\u00fablicas que atendem \u00e0s necessidades espec\u00edficas de cada um. Desde o in\u00edcio, sua equipe trabalha em estreita colabora\u00e7\u00e3o com seus clientes para entender profundamente suas metas e valores, garantindo que todas as a\u00e7\u00f5es de rela\u00e7\u00f5es p\u00fablicas estejam alinhadas com a identidade da marca.<\/span><\/p><p><span style=\"font-weight: 400;\">A Bossa se destaca na cria\u00e7\u00e3o e distribui\u00e7\u00e3o de conte\u00fado de alta qualidade. A equipe de rela\u00e7\u00f5es p\u00fablicas da ag\u00eancia \u00e9 especialista em produzir comunicados de imprensa, artigos, blogs e conte\u00fado para redes sociais que capturam a ess\u00eancia das marcas e atraem a aten\u00e7\u00e3o do p\u00fablico e da m\u00eddia. Com uma rede extensa de contatos na m\u00eddia, a Bossa garante que as hist\u00f3rias de seus clientes sejam contadas nos canais mais relevantes e influentes.<\/span><\/p><p><span style=\"font-weight: 400;\">Parte fundamental desses esfor\u00e7os \u00e9 a organiza\u00e7\u00e3o de coletivas de imprensa e a cria\u00e7\u00e3o de <\/span><i><span style=\"font-weight: 400;\">press releases <\/span><\/i><span style=\"font-weight: 400;\">impactantes. A Bossa planeja e coordena coletivas de imprensa que garantem cobertura ampla e positiva, permitindo que os clientes comuniquem suas mensagens-chave de maneira direta e eficaz. Os <\/span><i><span style=\"font-weight: 400;\">press releases<\/span><\/i><span style=\"font-weight: 400;\"> elaborados pela Bossa s\u00e3o cuidadosamente redigidos para destacar novidades, eventos e conquistas dos clientes, garantindo que as informa\u00e7\u00f5es sejam transmitidas de forma clara e atrativa.<\/span><\/p><p><span style=\"font-weight: 400;\">Eventos e parcerias estrat\u00e9gicas s\u00e3o outra ferramenta poderosa utilizada pela Bossa. A ag\u00eancia organiza eventos memor\u00e1veis que colocam os clientes no centro das aten\u00e7\u00f5es, desde lan\u00e7amentos de produtos at\u00e9 confer\u00eancias e festivais. Al\u00e9m disso, a Bossa facilita parcerias com influenciadores, celebridades e outras marcas, ampliando o alcance e a credibilidade das campanhas.<\/span><\/p><p><span style=\"font-weight: 400;\">A Ag\u00eancia Bossa tamb\u00e9m entende a import\u00e2ncia do monitoramento e da an\u00e1lise cont\u00ednua. Utilizando ferramentas de an\u00e1lise de m\u00eddia, a equipe acompanha a cobertura da imprensa e o engajamento nas redes sociais, fornecendo relat\u00f3rios detalhados e <\/span><i><span style=\"font-weight: 400;\">insights <\/span><\/i><span style=\"font-weight: 400;\">valiosos. Essas informa\u00e7\u00f5es permitem ajustes estrat\u00e9gicos e a maximiza\u00e7\u00e3o dos resultados das campanhas de rela\u00e7\u00f5es p\u00fablicas.<\/span><\/p><p><span style=\"font-weight: 400;\">Finalmente, a Bossa valoriza a constru\u00e7\u00e3o de relacionamentos duradouros e aut\u00eanticos, investindo tempo em conhecer os jornalistas, editores e influenciadores, criando conex\u00f5es genu\u00ednas que beneficiam tanto os clientes quanto os profissionais da m\u00eddia. Esse enfoque relacional assegura que as comunica\u00e7\u00f5es sejam eficazes e impactantes.<\/span><\/p><p><span style=\"font-weight: 400;\">Em resumo, os servi\u00e7os de rela\u00e7\u00f5es p\u00fablicas da Bossa s\u00e3o projetados para criar uma presen\u00e7a de marca forte, construir relacionamentos valiosos e gerar resultados tang\u00edveis. Com uma abordagem personalizada e inovadora, a Bossa ajuda seus clientes a se destacarem em um mercado competitivo e a alcan\u00e7arem seus objetivos de forma sustent\u00e1vel e eficaz.<\/span><\/p>\t\t\t\t\t\t\t\t<\/div>\n\t\t\t\t<\/div>\n\t\t\t\t<div class=\"elementor-element elementor-element-3a6787a elementor-widget elementor-widget-image\" data-id=\"3a6787a\" data-element_type=\"widget\" data-e-type=\"widget\" data-widget_type=\"image.default\">\n\t\t\t\t<div class=\"elementor-widget-container\">\n\t\t\t\t\t\t\t\t\t\t\t\t\t\t\t<img fetchpriority=\"high\" decoding=\"async\" width=\"788\" height=\"354\" src=\"https:\/\/www.bossapromotions.com\/wp-content\/uploads\/2019\/11\/logo_bossa-pr-2.png\" class=\"elementor-animation-grow attachment-full size-full wp-image-17457\" alt=\"\" srcset=\"https:\/\/www.bossapromotions.com\/wp-content\/uploads\/2019\/11\/logo_bossa-pr-2.png 788w, https:\/\/www.bossapromotions.com\/wp-content\/uploads\/2019\/11\/logo_bossa-pr-2-300x135.png 300w, https:\/\/www.bossapromotions.com\/wp-content\/uploads\/2019\/11\/logo_bossa-pr-2-768x345.png 768w\" sizes=\"(max-width: 788px) 100vw, 788px\" \/>\t\t\t\t\t\t\t\t\t\t\t\t\t\t\t<\/div>\n\t\t\t\t<\/div>\n\t\t\t\t\t<\/div>\n\t\t<\/div>\n\t\t\t\t\t<\/div>\n\t\t<\/section>\n\t\t\t\t<\/div>\n\t\t","protected":false},"excerpt":{"rendered":"<p>Construindo Conex\u00f5es S\u00f3lidas e Impactantes Por Servi\u00e7os de Rela\u00e7\u00f5es P\u00fablicas Como a Bossa ajuda empresas e destinos tur\u00edsticos a construir e manter uma imagem positiva e atraente atrav\u00e9s de seus&hellip;<\/p>\n<p> <a class=\"more-link\" href=\"https:\/\/www.bossapromotions.com\/pt-br\/relacoes-publicas\/\">Leia mais<\/a><\/p>\n","protected":false},"author":1,"featured_media":18179,"parent":0,"menu_order":0,"comment_status":"closed","ping_status":"closed","template":"","meta":{"footnotes":""},"class_list":["post-15664","page","type-page","status-publish","has-post-thumbnail"],"_links":{"self":[{"href":"https:\/\/www.bossapromotions.com\/pt-br\/wp-json\/wp\/v2\/pages\/15664","targetHints":{"allow":["GET"]}}],"collection":[{"href":"https:\/\/www.bossapromotions.com\/pt-br\/wp-json\/wp\/v2\/pages"}],"about":[{"href":"https:\/\/www.bossapromotions.com\/pt-br\/wp-json\/wp\/v2\/types\/page"}],"author":[{"embeddable":true,"href":"https:\/\/www.bossapromotions.com\/pt-br\/wp-json\/wp\/v2\/users\/1"}],"replies":[{"embeddable":true,"href":"https:\/\/www.bossapromotions.com\/pt-br\/wp-json\/wp\/v2\/comments?post=15664"}],"version-history":[{"count":0,"href":"https:\/\/www.bossapromotions.com\/pt-br\/wp-json\/wp\/v2\/pages\/15664\/revisions"}],"wp:featuredmedia":[{"embeddable":true,"href":"https:\/\/www.bossapromotions.com\/pt-br\/wp-json\/wp\/v2\/media\/18179"}],"wp:attachment":[{"href":"https:\/\/www.bossapromotions.com\/pt-br\/wp-json\/wp\/v2\/media?parent=15664"}],"curies":[{"name":"wp","href":"https:\/\/api.w.org\/{rel}","templated":true}]}}