{"id":20817,"date":"2022-09-21T14:46:23","date_gmt":"2022-09-21T14:46:23","guid":{"rendered":"https:\/\/www.bossapromotions.com\/?page_id=20817"},"modified":"2024-08-26T21:58:22","modified_gmt":"2024-08-26T20:58:22","slug":"formazione","status":"publish","type":"page","link":"https:\/\/www.bossapromotions.com\/it\/formazione\/","title":{"rendered":"Formazione"},"content":{"rendered":"\t\t<div data-elementor-type=\"wp-page\" data-elementor-id=\"20817\" class=\"elementor elementor-20817 elementor-20785\" data-elementor-post-type=\"page\">\n\t\t\t\t\t\t<section class=\"elementor-section elementor-top-section elementor-element elementor-element-2cbce7d elementor-section-stretched elementor-section-boxed elementor-section-height-default elementor-section-height-default\" data-id=\"2cbce7d\" data-element_type=\"section\" data-e-type=\"section\" data-settings=\"{&quot;stretch_section&quot;:&quot;section-stretched&quot;,&quot;background_background&quot;:&quot;classic&quot;}\">\n\t\t\t\t\t\t\t<div class=\"elementor-background-overlay\"><\/div>\n\t\t\t\t\t\t\t<div class=\"elementor-container elementor-column-gap-default\">\n\t\t\t\t\t<div class=\"elementor-column elementor-col-100 elementor-top-column elementor-element elementor-element-c8b9272\" data-id=\"c8b9272\" data-element_type=\"column\" data-e-type=\"column\">\n\t\t\t<div class=\"elementor-widget-wrap elementor-element-populated\">\n\t\t\t\t\t\t<div class=\"elementor-element elementor-element-2ca4fb0 elementor-widget elementor-widget-text-editor\" data-id=\"2ca4fb0\" data-element_type=\"widget\" data-e-type=\"widget\" data-widget_type=\"text-editor.default\">\n\t\t\t\t<div class=\"elementor-widget-container\">\n\t\t\t\t\t\t\t\t\t<p style=\"text-align: center;\"><b>Formare<\/b><b> i Professionisti attraverso <\/b><b>Corsi<\/b><b> Online e in Presenza, nonch\u00e9 Webinar per la Promozione di Destinazioni Turistiche di Successo<\/b>\n\n<p style=\"text-align: center;\"><b>Con un approccio completo e flessibile, Bossa offre <\/b><b>corsi <\/b><b>online, webinar e in presenza che rispondono alle diverse esigenze <\/b><b>del settore turistico<\/b><b>.<\/b>\n\n<p style=\"text-align: left;\"><span style=\"font-weight: 400;\">Nel mondo dinamico e competitivo del turismo, formare i professionisti come agenti di viaggio e lo staff degli operatori turistici \u00e8 essenziale per promuovere efficacemente le destinazioni turistiche. Con anni di esperienza nel settore, Bossa offre una vasta gamma di opzioni formative, tra cui corsi online, webinar e sessioni di formazione in presenza.<\/span>\n\n<b>BOT \u2013 Bossa Online Training<\/b>\n\n<span style=\"font-weight: 400;\">Bossa<\/span><span style=\"font-weight: 400;\"> brilla <\/span><span style=\"font-weight: 400;\">nella formazione online attraverso la sua piattaforma esclusiva, BOT \u2013 Bossa Online Training, che consente ai clienti di offrire corsi brevi e rapidi. Ci\u00f2 d\u00e0 ai professionisti l&#8217;opportunit\u00e0 di apprendere <\/span><span style=\"font-weight: 400;\">sulle<\/span><span style=\"font-weight: 400;\"> destinazioni turistiche, prodotti o servizi per ampliare le loro conoscenze e diventare esperti. I corsi online sono gratuiti per i partecipanti, che vengono regolarmente aggiornati sulle nuove opzioni formative <\/span><span style=\"font-weight: 400;\">per adattarsi ai<\/span><span style=\"font-weight: 400;\"> cambiamenti e le tendenze nel settore turistico. Oltre ai contenuti, BOT si distingue per la sua comodit\u00e0 e flessibilit\u00e0, poich\u00e9 i professionisti possono accedere ai programmi in qualsiasi momento senza scadenze. <\/span><span style=\"font-weight: 400;\">Al termine e con successo della formazione<\/span><span style=\"font-weight: 400;\">, i partecipanti possono scaricare e stampare i loro certificati, ottenendo il titolo di &#8220;specialista&#8221; di valore.<\/span>\n\n<b>Webinar<\/b>\n\n<span style=\"font-weight: 400;\">I webinar di Bossa sono uno strumento potente per un apprendimento flessibile e accessibile. Questi seminari online coprono una variet\u00e0 di argomenti rilevanti per il settore turistico, dalle destinazioni turistiche\u00a0 <\/span><span style=\"font-weight: 400;\">alle ultime<\/span><span style=\"font-weight: 400;\"> tendenze del marketing digitale alle tecniche avanzate di vendita e di assistenza clienti. Con la possibilit\u00e0 di partecipare da qualsiasi parte del mondo, i webinar consentono ai professionisti di aggiornare le loro conoscenze e competenze senza interruzioni significative <\/span><span style=\"font-weight: 400;\">nella<\/span><span style=\"font-weight: 400;\"> loro routine quotidiana.<\/span>\n\n<b>Formazione in Presenza<\/b>\n\n<span style=\"font-weight: 400;\">Per un&#8217;esperienza di apprendimento pi\u00f9 immersiva, Bossa offre formazioni in presenza come seminari e workshop per agenti di viaggio e lo staff degli operatori turistici. Queste sessioni sono ideali per approfondire le loro conoscenze sulle destinazioni turistiche, garantendo loro di offrire un servizio qualificato e personalizzato ai clienti. Durante queste formazioni, i partecipanti apprendono le caratteristiche uniche delle destinazioni, dei prodotti e delle attrazioni, diventando cos\u00ec pi\u00f9 preparati per consigliare i prossimi viaggi <\/span><span style=\"font-weight: 400;\">ai<\/span><span style=\"font-weight: 400;\"> loro clienti. Promuovere le destinazioni turistiche attraverso questi eventi \u00e8 una delle forme di promozione pi\u00f9 efficaci.<\/span>\n\n<span style=\"font-weight: 400;\">Per soddisfare le esigenze uniche dei clienti e dei professionisti del turismo, tutti i programmi formativi di Bossa sono personalizzati. Prima di ogni formazione, il team dell&#8217;agenzia conduce un&#8217;analisi dettagliata delle esigenze e degli obiettivi, garantendo che i contenuti siano pertinenti e direttamente applicabili al contesto lavorativo dei partecipanti. Questo approccio personalizzato massimizza l&#8217;efficacia della formazione e assicura risultati tangibili.<\/span>\n\n<span style=\"font-weight: 400;\">Che sia attraverso BOT \u2013 Bossa Online Training, webinar o formazioni in presenza come seminari o workshop, Bossa offre un&#8217;esperienza di apprendimento completa e <\/span><span style=\"font-weight: 400;\">stimolante<\/span><span style=\"font-weight: 400;\">. Con un approccio personalizzato e un impegno per la qualit\u00e0, Bossa aiuta i suoi clienti a distinguersi in mercati internazionali sempre pi\u00f9 competitivi e a raggiungere i loro obiettivi in modo sostenibile ed efficace.<\/span>\t\t\t\t\t\t\t\t<\/div>\n\t\t\t\t<\/div>\n\t\t\t\t<div class=\"elementor-element elementor-element-950b08e elementor-widget elementor-widget-image\" data-id=\"950b08e\" data-element_type=\"widget\" data-e-type=\"widget\" data-widget_type=\"image.default\">\n\t\t\t\t<div class=\"elementor-widget-container\">\n\t\t\t\t\t\t\t\t\t\t\t\t\t\t\t<img fetchpriority=\"high\" decoding=\"async\" width=\"1245\" height=\"820\" src=\"https:\/\/www.bossapromotions.com\/wp-content\/uploads\/2019\/11\/BOT_Logo.png\" class=\"elementor-animation-grow attachment-full size-full wp-image-16058\" alt=\"\" srcset=\"https:\/\/www.bossapromotions.com\/wp-content\/uploads\/2019\/11\/BOT_Logo.png 1245w, https:\/\/www.bossapromotions.com\/wp-content\/uploads\/2019\/11\/BOT_Logo-300x198.png 300w, https:\/\/www.bossapromotions.com\/wp-content\/uploads\/2019\/11\/BOT_Logo-768x506.png 768w, https:\/\/www.bossapromotions.com\/wp-content\/uploads\/2019\/11\/BOT_Logo-1024x674.png 1024w\" sizes=\"(max-width: 1245px) 100vw, 1245px\" \/>\t\t\t\t\t\t\t\t\t\t\t\t\t\t\t<\/div>\n\t\t\t\t<\/div>\n\t\t\t\t<div class=\"elementor-element elementor-element-f9de94d elementor-button-success elementor-align-center animated-slow elementor-invisible elementor-widget elementor-widget-button\" data-id=\"f9de94d\" data-element_type=\"widget\" data-e-type=\"widget\" data-settings=\"{&quot;_animation&quot;:&quot;fadeInRight&quot;,&quot;_animation_delay&quot;:900}\" data-widget_type=\"button.default\">\n\t\t\t\t<div class=\"elementor-widget-container\">\n\t\t\t\t\t\t\t\t\t<div class=\"elementor-button-wrapper\">\n\t\t\t\t\t<a class=\"elementor-button elementor-button-link elementor-size-xs elementor-animation-grow\" href=\"https:\/\/bossaot.com\/it\/\" target=\"_blank\" rel=\"noopener\">\n\t\t\t\t\t\t<span class=\"elementor-button-content-wrapper\">\n\t\t\t\t\t\t\t\t\t<span class=\"elementor-button-text\">VISITA IL SITO<\/span>\n\t\t\t\t\t<\/span>\n\t\t\t\t\t<\/a>\n\t\t\t\t<\/div>\n\t\t\t\t\t\t\t\t<\/div>\n\t\t\t\t<\/div>\n\t\t\t\t\t<\/div>\n\t\t<\/div>\n\t\t\t\t\t<\/div>\n\t\t<\/section>\n\t\t\t\t<\/div>\n\t\t","protected":false},"excerpt":{"rendered":"<p>Formare i Professionisti attraverso Corsi Online e in Presenza, nonch\u00e9 Webinar per la Promozione di Destinazioni Turistiche di Successo Con un approccio completo e flessibile, Bossa offre corsi online, webinar&hellip;<\/p>\n<p> <a class=\"more-link\" href=\"https:\/\/www.bossapromotions.com\/it\/formazione\/\">Leggi tutto<\/a><\/p>\n","protected":false},"author":1,"featured_media":23413,"parent":0,"menu_order":0,"comment_status":"closed","ping_status":"closed","template":"","meta":{"footnotes":""},"class_list":["post-20817","page","type-page","status-publish","has-post-thumbnail"],"_links":{"self":[{"href":"https:\/\/www.bossapromotions.com\/it\/wp-json\/wp\/v2\/pages\/20817","targetHints":{"allow":["GET"]}}],"collection":[{"href":"https:\/\/www.bossapromotions.com\/it\/wp-json\/wp\/v2\/pages"}],"about":[{"href":"https:\/\/www.bossapromotions.com\/it\/wp-json\/wp\/v2\/types\/page"}],"author":[{"embeddable":true,"href":"https:\/\/www.bossapromotions.com\/it\/wp-json\/wp\/v2\/users\/1"}],"replies":[{"embeddable":true,"href":"https:\/\/www.bossapromotions.com\/it\/wp-json\/wp\/v2\/comments?post=20817"}],"version-history":[{"count":0,"href":"https:\/\/www.bossapromotions.com\/it\/wp-json\/wp\/v2\/pages\/20817\/revisions"}],"wp:featuredmedia":[{"embeddable":true,"href":"https:\/\/www.bossapromotions.com\/it\/wp-json\/wp\/v2\/media\/23413"}],"wp:attachment":[{"href":"https:\/\/www.bossapromotions.com\/it\/wp-json\/wp\/v2\/media?parent=20817"}],"curies":[{"name":"wp","href":"https:\/\/api.w.org\/{rel}","templated":true}]}}