{"id":20793,"date":"2022-09-21T13:56:09","date_gmt":"2022-09-21T13:56:09","guid":{"rendered":"https:\/\/www.bossapromotions.com\/?page_id=20793"},"modified":"2024-08-26T21:56:37","modified_gmt":"2024-08-26T20:56:37","slug":"bbmag","status":"publish","type":"page","link":"https:\/\/www.bossapromotions.com\/it\/bbmag\/","title":{"rendered":"BBMag"},"content":{"rendered":"\t\t<div data-elementor-type=\"wp-page\" data-elementor-id=\"20793\" class=\"elementor elementor-20793 elementor-20766\" data-elementor-post-type=\"page\">\n\t\t\t\t\t\t<section class=\"elementor-section elementor-top-section elementor-element elementor-element-2c40cbc elementor-section-stretched elementor-section-boxed elementor-section-height-default elementor-section-height-default\" data-id=\"2c40cbc\" data-element_type=\"section\" data-e-type=\"section\" data-settings=\"{&quot;stretch_section&quot;:&quot;section-stretched&quot;,&quot;background_background&quot;:&quot;classic&quot;}\">\n\t\t\t\t\t\t\t<div class=\"elementor-background-overlay\"><\/div>\n\t\t\t\t\t\t\t<div class=\"elementor-container elementor-column-gap-default\">\n\t\t\t\t\t<div class=\"elementor-column elementor-col-100 elementor-top-column elementor-element elementor-element-5c8a7e3 animated-slow elementor-invisible\" data-id=\"5c8a7e3\" data-element_type=\"column\" data-e-type=\"column\" data-settings=\"{&quot;background_background&quot;:&quot;classic&quot;,&quot;animation&quot;:&quot;fadeIn&quot;}\">\n\t\t\t<div class=\"elementor-widget-wrap elementor-element-populated\">\n\t\t\t\t\t\t<section class=\"elementor-section elementor-inner-section elementor-element elementor-element-5337cd3 elementor-section-boxed elementor-section-height-default elementor-section-height-default\" data-id=\"5337cd3\" data-element_type=\"section\" data-e-type=\"section\">\n\t\t\t\t\t\t<div class=\"elementor-container elementor-column-gap-default\">\n\t\t\t\t\t<div class=\"elementor-column elementor-col-100 elementor-inner-column elementor-element elementor-element-7e06617\" data-id=\"7e06617\" data-element_type=\"column\" data-e-type=\"column\">\n\t\t\t<div class=\"elementor-widget-wrap elementor-element-populated\">\n\t\t\t\t\t\t<div class=\"elementor-element elementor-element-40875ed elementor-widget elementor-widget-text-editor\" data-id=\"40875ed\" data-element_type=\"widget\" data-e-type=\"widget\" data-widget_type=\"text-editor.default\">\n\t\t\t\t<div class=\"elementor-widget-container\">\n\t\t\t\t\t\t\t\t\t<section class=\"elementor-section elementor-inner-section elementor-element elementor-element-205d6df elementor-section-boxed elementor-section-height-default elementor-section-height-default\" data-id=\"205d6df\" data-element_type=\"section\"><div class=\"elementor-container elementor-column-gap-default\"><div class=\"elementor-row\"><div class=\"elementor-column elementor-col-100 elementor-inner-column elementor-element elementor-element-b3a83c0\" data-id=\"b3a83c0\" data-element_type=\"column\"><div class=\"elementor-column-wrap elementor-element-populated\"><div class=\"elementor-widget-wrap\"><div class=\"elementor-element elementor-element-415293a elementor-widget elementor-widget-text-editor\" data-id=\"415293a\" data-element_type=\"widget\" data-widget_type=\"text-editor.default\"><div class=\"elementor-widget-container\"><div class=\"elementor-text-editor elementor-clearfix\"><p><b>BBMAG &#8211; Opportunit\u00e0 Pubblicitarie: Portata Globale con Focalizzazione Locale<\/b><\/p><p><strong>Scopri come BBMAG pu\u00f2 aumentare la tua visibilit\u00e0 e connettere il tuo brand con un pubblico diversificato a Londra e oltre.<\/strong><\/p><p><em><span style=\"letter-spacing: 0px; word-spacing: 0.7px;\">Consulta il nostro Media Pack <\/span><a style=\"background-color: #ffffff; letter-spacing: 0px; word-spacing: 0.7px;\" href=\"https:\/\/www.bbmag.co.uk\/advertise\" target=\"_blank\" rel=\"noopener\">qui<\/a><span style=\"letter-spacing: 0px; word-spacing: 0.7px;\">.\u00a0<\/span><\/em><\/p><\/div><\/div><\/div><\/div><\/div><\/div><\/div><\/div><\/section>\t\t\t\t\t\t\t\t<\/div>\n\t\t\t\t<\/div>\n\t\t<div class=\"elementor-element elementor-element-b494da2 e-grid e-con-boxed e-con e-parent\" data-id=\"b494da2\" data-element_type=\"container\" data-e-type=\"container\">\n\t\t\t\t\t<div class=\"e-con-inner\">\n\t\t\t\t<div class=\"elementor-element elementor-element-0319ee7 elementor-widget elementor-widget-text-editor\" data-id=\"0319ee7\" data-element_type=\"widget\" data-e-type=\"widget\" data-widget_type=\"text-editor.default\">\n\t\t\t\t<div class=\"elementor-widget-container\">\n\t\t\t\t\t\t\t\t\t<p><strong>Collegando Londra al Mondo<\/strong><\/p><p>BBMAG si distingue come l&#8217;unica rivista trilingue a Londra, offrendo contenuti vivaci su lifestyle, turismo e cultura in inglese, portoghese e spagnolo. Siamo la piattaforma ideale per raggiungere non solo i londinesi, ma anche le comunit\u00e0 lusofone, ispanofone e un pubblico internazionale.<\/p>\t\t\t\t\t\t\t\t<\/div>\n\t\t\t\t<\/div>\n\t\t\t\t<div class=\"elementor-element elementor-element-110ded4 elementor-widget elementor-widget-text-editor\" data-id=\"110ded4\" data-element_type=\"widget\" data-e-type=\"widget\" data-widget_type=\"text-editor.default\">\n\t\t\t\t<div class=\"elementor-widget-container\">\n\t\t\t\t\t\t\t\t\t<p><strong>BBMAG Digitale: Espandi la Tua Portata<\/strong><\/p><p>Il nostro sito web \u00e8 una piattaforma interattiva integrata con i principali social media, tenendo i nostri lettori aggiornati con le ultime notizie dal Regno Unito e dal resto del mondo. Con versioni in tre lingue, raggiungiamo oltre 800.000 persone al mese, fornendo un canale efficace per promuovere il tuo brand a livello <span style=\"font-weight: 400;\">mondiale<\/span>.<\/p>\t\t\t\t\t\t\t\t<\/div>\n\t\t\t\t<\/div>\n\t\t\t\t<div class=\"elementor-element elementor-element-c33ef7a elementor-widget elementor-widget-text-editor\" data-id=\"c33ef7a\" data-element_type=\"widget\" data-e-type=\"widget\" data-widget_type=\"text-editor.default\">\n\t\t\t\t<div class=\"elementor-widget-container\">\n\t\t\t\t\t\t\t\t\t<p><strong>Esperti in Turismo e Business<\/strong><\/p><p>Comprendiamo l&#8217;importanza di indirizzare il tuo messaggio al pubblico giusto. Che il tuo business sia una destinazione turistica, una compagnia aerea, gastronomia, servizi professionali o retail, il nostro team commerciale specializzato \u00e8 qui per aiutare il tuo brand a <span style=\"font-weight: 400;\">emergere<\/span>.<\/p>\t\t\t\t\t\t\t\t<\/div>\n\t\t\t\t<\/div>\n\t\t\t\t<div class=\"elementor-element elementor-element-28a863f elementor-widget elementor-widget-text-editor\" data-id=\"28a863f\" data-element_type=\"widget\" data-e-type=\"widget\" data-widget_type=\"text-editor.default\">\n\t\t\t\t<div class=\"elementor-widget-container\">\n\t\t\t\t\t\t\t\t\t<p><strong>Directory Aziendale di BBMAG: Potenzia la Tua Presenza<\/strong><\/p><p>Unisciti alla nostra Directory Aziendale di BBMAG, uno strumento essenziale per promuovere annunci classificati, fornitori e prodotti a Londra e nel Regno Unito. La tua pubblicit\u00e0 qui significa <span style=\"font-weight: 400;\">un\u2019esposizione<\/span> strategica e incisiva per il tuo business.<\/p>\t\t\t\t\t\t\t\t<\/div>\n\t\t\t\t<\/div>\n\t\t\t\t<div class=\"elementor-element elementor-element-0cc265c elementor-widget elementor-widget-text-editor\" data-id=\"0cc265c\" data-element_type=\"widget\" data-e-type=\"widget\" data-widget_type=\"text-editor.default\">\n\t\t\t\t<div class=\"elementor-widget-container\">\n\t\t\t\t\t\t\t\t\t<p><strong>Perch\u00e9 Pubblicizzare su BBMAG?<\/strong><\/p><p>Pubblicizzare su BBMAG \u00e8 il tuo accesso per raggiungere pubblici lusofoni, ispanofoni, britannici e internazionali a Londra. Con una tariffazione competitiva e flessibilit\u00e0 nella posizione e nel layout, ci assicuriamo che la tua campagna ottenga massima visibilit\u00e0 e copertura.<\/p>\t\t\t\t\t\t\t\t<\/div>\n\t\t\t\t<\/div>\n\t\t\t\t<div class=\"elementor-element elementor-element-ff26cfb elementor-widget elementor-widget-text-editor\" data-id=\"ff26cfb\" data-element_type=\"widget\" data-e-type=\"widget\" data-widget_type=\"text-editor.default\">\n\t\t\t\t<div class=\"elementor-widget-container\">\n\t\t\t\t\t\t\t\t\t<p><strong>Massimizza la Tua Esposizione<\/strong><\/p><p>Non perdere l&#8217;opportunit\u00e0 di mostrare il tuo brand con BBMAG. Consulta il nostro Media Pack per scoprire come possiamo aiutarti a raggiungere i tuoi obiettivi pubblicitari in modo efficace e <span style=\"font-weight: 400;\">significativo<\/span>.<\/p>\t\t\t\t\t\t\t\t<\/div>\n\t\t\t\t<\/div>\n\t\t\t\t\t<\/div>\n\t\t\t\t<\/div>\n\t\t\t\t\t<\/div>\n\t\t<\/div>\n\t\t\t\t\t<\/div>\n\t\t<\/section>\n\t\t\t\t<section class=\"elementor-section elementor-inner-section elementor-element elementor-element-4b8cfe4 elementor-section-boxed elementor-section-height-default elementor-section-height-default\" data-id=\"4b8cfe4\" data-element_type=\"section\" data-e-type=\"section\">\n\t\t\t\t\t\t<div class=\"elementor-container elementor-column-gap-default\">\n\t\t\t\t\t<div class=\"elementor-column elementor-col-100 elementor-inner-column elementor-element elementor-element-16c7cce\" data-id=\"16c7cce\" data-element_type=\"column\" data-e-type=\"column\">\n\t\t\t<div class=\"elementor-widget-wrap elementor-element-populated\">\n\t\t\t\t\t\t<div class=\"elementor-element elementor-element-291ae42 elementor-button-success elementor-align-center animated-slow elementor-invisible elementor-widget elementor-widget-button\" data-id=\"291ae42\" data-element_type=\"widget\" data-e-type=\"widget\" data-settings=\"{&quot;_animation&quot;:&quot;fadeInRight&quot;,&quot;_animation_delay&quot;:900}\" data-widget_type=\"button.default\">\n\t\t\t\t<div class=\"elementor-widget-container\">\n\t\t\t\t\t\t\t\t\t<div class=\"elementor-button-wrapper\">\n\t\t\t\t\t<a class=\"elementor-button elementor-button-link elementor-size-xs elementor-animation-grow\" href=\"https:\/\/www.bbmag.co.uk\/it\/\" target=\"_blank\" rel=\"noopener\">\n\t\t\t\t\t\t<span class=\"elementor-button-content-wrapper\">\n\t\t\t\t\t\t\t\t\t<span class=\"elementor-button-text\">VISITA IL SITO<\/span>\n\t\t\t\t\t<\/span>\n\t\t\t\t\t<\/a>\n\t\t\t\t<\/div>\n\t\t\t\t\t\t\t\t<\/div>\n\t\t\t\t<\/div>\n\t\t\t\t<div class=\"elementor-element elementor-element-96db9b0 elementor-widget elementor-widget-image\" data-id=\"96db9b0\" data-element_type=\"widget\" data-e-type=\"widget\" data-widget_type=\"image.default\">\n\t\t\t\t<div class=\"elementor-widget-container\">\n\t\t\t\t\t\t\t\t\t\t\t\t\t\t\t<img fetchpriority=\"high\" decoding=\"async\" width=\"1024\" height=\"637\" src=\"https:\/\/www.bossapromotions.com\/wp-content\/uploads\/2024\/08\/bbmag_revistas-1-1024x637.jpeg\" class=\"attachment-1536x1536 size-1536x1536 wp-image-24838\" alt=\"\" srcset=\"https:\/\/www.bossapromotions.com\/wp-content\/uploads\/2024\/08\/bbmag_revistas-1.jpeg 1024w, https:\/\/www.bossapromotions.com\/wp-content\/uploads\/2024\/08\/bbmag_revistas-1-768x477.jpeg 768w\" sizes=\"(max-width: 1024px) 100vw, 1024px\" \/>\t\t\t\t\t\t\t\t\t\t\t\t\t\t\t<\/div>\n\t\t\t\t<\/div>\n\t\t\t\t\t<\/div>\n\t\t<\/div>\n\t\t\t\t\t<\/div>\n\t\t<\/section>\n\t\t\t\t\t<\/div>\n\t\t<\/div>\n\t\t\t\t\t<\/div>\n\t\t<\/section>\n\t\t\t\t<\/div>\n\t\t","protected":false},"excerpt":{"rendered":"<p>BBMAG &#8211; Opportunit\u00e0 Pubblicitarie: Portata Globale con Focalizzazione Locale Scopri come BBMAG pu\u00f2 aumentare la tua visibilit\u00e0 e connettere il tuo brand con un pubblico diversificato a Londra e oltre.&hellip;<\/p>\n<p> <a class=\"more-link\" href=\"https:\/\/www.bossapromotions.com\/it\/bbmag\/\">Leggi tutto<\/a><\/p>\n","protected":false},"author":1,"featured_media":22689,"parent":0,"menu_order":0,"comment_status":"closed","ping_status":"closed","template":"","meta":{"footnotes":""},"class_list":["post-20793","page","type-page","status-publish","has-post-thumbnail"],"_links":{"self":[{"href":"https:\/\/www.bossapromotions.com\/it\/wp-json\/wp\/v2\/pages\/20793","targetHints":{"allow":["GET"]}}],"collection":[{"href":"https:\/\/www.bossapromotions.com\/it\/wp-json\/wp\/v2\/pages"}],"about":[{"href":"https:\/\/www.bossapromotions.com\/it\/wp-json\/wp\/v2\/types\/page"}],"author":[{"embeddable":true,"href":"https:\/\/www.bossapromotions.com\/it\/wp-json\/wp\/v2\/users\/1"}],"replies":[{"embeddable":true,"href":"https:\/\/www.bossapromotions.com\/it\/wp-json\/wp\/v2\/comments?post=20793"}],"version-history":[{"count":0,"href":"https:\/\/www.bossapromotions.com\/it\/wp-json\/wp\/v2\/pages\/20793\/revisions"}],"wp:featuredmedia":[{"embeddable":true,"href":"https:\/\/www.bossapromotions.com\/it\/wp-json\/wp\/v2\/media\/22689"}],"wp:attachment":[{"href":"https:\/\/www.bossapromotions.com\/it\/wp-json\/wp\/v2\/media?parent=20793"}],"curies":[{"name":"wp","href":"https:\/\/api.w.org\/{rel}","templated":true}]}}