{"id":16681,"date":"2019-11-26T09:36:47","date_gmt":"2019-11-26T09:36:47","guid":{"rendered":"https:\/\/bossapromotions.com\/bossa-destinations\/"},"modified":"2024-08-26T22:11:56","modified_gmt":"2024-08-26T21:11:56","slug":"promozione-turistica","status":"publish","type":"page","link":"https:\/\/www.bossapromotions.com\/it\/promozione-turistica\/","title":{"rendered":"Promozione turistica"},"content":{"rendered":"\t\t<div data-elementor-type=\"wp-page\" data-elementor-id=\"16681\" class=\"elementor elementor-16681 elementor-16545\" data-elementor-post-type=\"page\">\n\t\t\t\t\t\t<section class=\"elementor-section elementor-top-section elementor-element elementor-element-1b2a28a elementor-section-stretched elementor-section-boxed elementor-section-height-default elementor-section-height-default\" data-id=\"1b2a28a\" data-element_type=\"section\" data-e-type=\"section\" data-settings=\"{&quot;stretch_section&quot;:&quot;section-stretched&quot;,&quot;background_background&quot;:&quot;classic&quot;}\">\n\t\t\t\t\t\t\t<div class=\"elementor-background-overlay\"><\/div>\n\t\t\t\t\t\t\t<div class=\"elementor-container elementor-column-gap-default\">\n\t\t\t\t\t<div class=\"elementor-column elementor-col-100 elementor-top-column elementor-element elementor-element-53f1b69\" data-id=\"53f1b69\" data-element_type=\"column\" data-e-type=\"column\">\n\t\t\t<div class=\"elementor-widget-wrap elementor-element-populated\">\n\t\t\t\t\t\t<div class=\"elementor-element elementor-element-afa1e5d elementor-widget elementor-widget-text-editor\" data-id=\"afa1e5d\" data-element_type=\"widget\" data-e-type=\"widget\" data-widget_type=\"text-editor.default\">\n\t\t\t\t<div class=\"elementor-widget-container\">\n\t\t\t\t\t\t\t\t\t<p style=\"text-align: center;\"><b>Promozione Internazionale delle Destinazioni Turistiche: Strategie per Aumentare la Visibilit\u00e0 <\/b><b>Mondiale<\/b>\n<p style=\"text-align: center;\"><b>Conosci,come la promozione internazionale delle destinazioni turistiche pu\u00f2 attrarre i<\/b><b> visitatori da tutto il mondo, migliorando la visibilit\u00e0 e il flusso turistico attraverso tecniche efficaci di marketing e comunicazione<\/b><\/p>\n<p style=\"text-align: center;\"><span style=\"font-weight: 400;\">Bossa fornisce servizi essenziali per promuovere efficacemente destinazioni turistiche e attrazioni a livello nazionale e internazionale, attrarre visitatori e garantire un&#8217;esperienza positiva che incoraggi visite ripetute e raccomandazioni.<\/span><\/p>\t\t\t\t\t\t\t\t<\/div>\n\t\t\t\t<\/div>\n\t\t\t\t<div class=\"elementor-element elementor-element-3938bb2 elementor-widget elementor-widget-text-editor\" data-id=\"3938bb2\" data-element_type=\"widget\" data-e-type=\"widget\" data-widget_type=\"text-editor.default\">\n\t\t\t\t<div class=\"elementor-widget-container\">\n\t\t\t\t\t\t\t\t\t<p><span style=\"font-weight: 400;\"><strong>Marketing e Pubblicit\u00e0:<\/strong> <\/span><span style=\"font-weight: 400;\">Creazione di campagne di marketing <\/span><span style=\"font-weight: 400;\">digitale<\/span><span style=\"font-weight: 400;\">, pubblicit\u00e0 <\/span><span style=\"font-weight: 400;\">per i<\/span><span style=\"font-weight: 400;\"> media tradizionali (televisione, radio, giornali, riviste) e creazione di contenuti (blog, vlog, influencer digitali).<\/span><\/p><p><b>Organizzazione e Partecipazione a Fiere ed Eventi<\/b><span style=\"font-weight: 400;\">: <br \/>Organizzazione di eventi per i consumatori (festival, eventi culturali, ecc.), partecipazione a fiere turistiche nazionali e internazionali, e eventi per il settore turistico (roadshow, workshop, seminari per promuovere destinazioni).<\/span><\/p><p><b>Tecnologia e Innovazione<\/b><span style=\"font-weight: 400;\">: <br \/>App, siti web turistici e piattaforme per la formazione online.<\/span><\/p><p><b>Campagne e Incentive per Agenti di Viaggio<\/b><span style=\"font-weight: 400;\">: <br \/>Organizzazione di viaggi di familiarizzazione (fam trips).<\/span><\/p><p><b>Relazioni Pubbliche, Ufficio Stampa e Comunicazione<\/b><span style=\"font-weight: 400;\">: <br \/>Relazioni con i media per ottenere una copertura positiva, organizzazione di viaggi di familiarizzazione per giornalisti e influencer, gestione delle crisi e comunicazione istituzionale.<\/span><\/p><p><b>Formazione e Sviluppo delle Capacit\u00e0 per Professionisti del Turismo<\/b><span style=\"font-weight: 400;\">: <\/span><\/p><p><span style=\"font-weight: 400;\">Formazione <\/span><span style=\"font-weight: 400;\">online<\/span><span style=\"font-weight: 400;\"> e in presenza.<\/span><\/p><p><b>Studi e Ricerca<\/b><span style=\"font-weight: 400;\">: <br \/>Ricerche di mercato e analisi di dati e statistiche nel settore turistico.<\/span><\/p><p><span style=\"font-weight: 400;\">Un team qualificato con esperienza comprovata in questo settore, che lavora con vari enti nazionali e internazionali del turismo, offre consulenza per lo sviluppo di strategie di promozione turistica.<\/span><\/p><p><span style=\"font-weight: 400;\">Lavoriamo con pacchetti personalizzati mirati a vari settori di mercato rilevanti per i nostri clienti, adattati alle loro esigenze, strategie e budget.<\/span><\/p>\t\t\t\t\t\t\t\t<\/div>\n\t\t\t\t<\/div>\n\t\t\t\t<div class=\"elementor-element elementor-element-9feb95a elementor-widget elementor-widget-image\" data-id=\"9feb95a\" data-element_type=\"widget\" data-e-type=\"widget\" data-widget_type=\"image.default\">\n\t\t\t\t<div class=\"elementor-widget-container\">\n\t\t\t\t\t\t\t\t\t\t\t\t\t\t\t<img fetchpriority=\"high\" decoding=\"async\" width=\"1966\" height=\"368\" src=\"https:\/\/www.bossapromotions.com\/wp-content\/uploads\/2019\/11\/logo_bossa_bossadestinations_azul.png\" class=\"elementor-animation-grow attachment-full size-full wp-image-16063\" alt=\"\" srcset=\"https:\/\/www.bossapromotions.com\/wp-content\/uploads\/2019\/11\/logo_bossa_bossadestinations_azul.png 1966w, https:\/\/www.bossapromotions.com\/wp-content\/uploads\/2019\/11\/logo_bossa_bossadestinations_azul-300x56.png 300w, https:\/\/www.bossapromotions.com\/wp-content\/uploads\/2019\/11\/logo_bossa_bossadestinations_azul-768x144.png 768w, https:\/\/www.bossapromotions.com\/wp-content\/uploads\/2019\/11\/logo_bossa_bossadestinations_azul-1024x192.png 1024w\" sizes=\"(max-width: 1966px) 100vw, 1966px\" \/>\t\t\t\t\t\t\t\t\t\t\t\t\t\t\t<\/div>\n\t\t\t\t<\/div>\n\t\t\t\t\t<\/div>\n\t\t<\/div>\n\t\t\t\t\t<\/div>\n\t\t<\/section>\n\t\t\t\t<\/div>\n\t\t","protected":false},"excerpt":{"rendered":"<p>Promozione Internazionale delle Destinazioni Turistiche: Strategie per Aumentare la Visibilit\u00e0 Mondiale Conosci,come la promozione internazionale delle destinazioni turistiche pu\u00f2 attrarre i visitatori da tutto il mondo, migliorando la visibilit\u00e0 e&hellip;<\/p>\n<p> <a class=\"more-link\" href=\"https:\/\/www.bossapromotions.com\/it\/promozione-turistica\/\">Leggi tutto<\/a><\/p>\n","protected":false},"author":1,"featured_media":23156,"parent":0,"menu_order":0,"comment_status":"closed","ping_status":"closed","template":"","meta":{"footnotes":""},"class_list":["post-16681","page","type-page","status-publish","has-post-thumbnail"],"_links":{"self":[{"href":"https:\/\/www.bossapromotions.com\/it\/wp-json\/wp\/v2\/pages\/16681","targetHints":{"allow":["GET"]}}],"collection":[{"href":"https:\/\/www.bossapromotions.com\/it\/wp-json\/wp\/v2\/pages"}],"about":[{"href":"https:\/\/www.bossapromotions.com\/it\/wp-json\/wp\/v2\/types\/page"}],"author":[{"embeddable":true,"href":"https:\/\/www.bossapromotions.com\/it\/wp-json\/wp\/v2\/users\/1"}],"replies":[{"embeddable":true,"href":"https:\/\/www.bossapromotions.com\/it\/wp-json\/wp\/v2\/comments?post=16681"}],"version-history":[{"count":0,"href":"https:\/\/www.bossapromotions.com\/it\/wp-json\/wp\/v2\/pages\/16681\/revisions"}],"wp:featuredmedia":[{"embeddable":true,"href":"https:\/\/www.bossapromotions.com\/it\/wp-json\/wp\/v2\/media\/23156"}],"wp:attachment":[{"href":"https:\/\/www.bossapromotions.com\/it\/wp-json\/wp\/v2\/media?parent=16681"}],"curies":[{"name":"wp","href":"https:\/\/api.w.org\/{rel}","templated":true}]}}