{"id":15695,"date":"2019-10-09T07:23:13","date_gmt":"2019-10-09T07:23:13","guid":{"rendered":"https:\/\/bossapromotions.com\/bossa-marketing\/"},"modified":"2024-08-26T22:05:15","modified_gmt":"2024-08-26T21:05:15","slug":"marketing","status":"publish","type":"page","link":"https:\/\/www.bossapromotions.com\/it\/marketing\/","title":{"rendered":"Marketing"},"content":{"rendered":"\t\t<div data-elementor-type=\"wp-post\" data-elementor-id=\"15695\" class=\"elementor elementor-15695 elementor-14939\" data-elementor-post-type=\"page\">\n\t\t\t\t\t\t<section class=\"elementor-section elementor-top-section elementor-element elementor-element-17825ca elementor-section-stretched elementor-section-boxed elementor-section-height-default elementor-section-height-default\" data-id=\"17825ca\" data-element_type=\"section\" data-e-type=\"section\" data-settings=\"{&quot;stretch_section&quot;:&quot;section-stretched&quot;,&quot;background_background&quot;:&quot;classic&quot;}\">\n\t\t\t\t\t\t\t<div class=\"elementor-background-overlay\"><\/div>\n\t\t\t\t\t\t\t<div class=\"elementor-container elementor-column-gap-default\">\n\t\t\t\t\t<div class=\"elementor-column elementor-col-100 elementor-top-column elementor-element elementor-element-b943b5a\" data-id=\"b943b5a\" data-element_type=\"column\" data-e-type=\"column\">\n\t\t\t<div class=\"elementor-widget-wrap elementor-element-populated\">\n\t\t\t\t\t\t<div class=\"elementor-element elementor-element-7604494 elementor-widget elementor-widget-text-editor\" data-id=\"7604494\" data-element_type=\"widget\" data-e-type=\"widget\" data-widget_type=\"text-editor.default\">\n\t\t\t\t<div class=\"elementor-widget-container\">\n\t\t\t\t\t\t\t\t\t<p><b>Campagne di marketing innovative mirate a<\/b><b> differente pubblico<\/b><b> assicurano una posizione di rilievo nei mercati competitivi<\/b><\/p><p><b>Conosci come<\/b><b> Bossa utilizza le campagne di marketing per stimolare le imprese e le destinazioni turistiche<\/b><\/p><p><span style=\"font-weight: 400;\">Bossa, con la sua esperienza in marketing e comunicazione, \u00e8 ben posizionata per potenziare imprese e destinazioni turistiche attraverso strategie innovative e mirate. Di seguito sono descritti alcuni modi in cui il marketing viene utilizzato a vantaggio dei suoi clienti:<\/span><\/p>\t\t\t\t\t\t\t\t<\/div>\n\t\t\t\t<\/div>\n\t\t<div class=\"elementor-element elementor-element-990df9d e-grid e-con-boxed e-con e-parent\" data-id=\"990df9d\" data-element_type=\"container\" data-e-type=\"container\">\n\t\t\t\t\t<div class=\"e-con-inner\">\n\t\t\t\t<div class=\"elementor-element elementor-element-1d86041 elementor-widget elementor-widget-text-editor\" data-id=\"1d86041\" data-element_type=\"widget\" data-e-type=\"widget\" data-widget_type=\"text-editor.default\">\n\t\t\t\t<div class=\"elementor-widget-container\">\n\t\t\t\t\t\t\t\t\t<p><strong>Creazione di Contenuti Coinvolgenti<\/strong><\/p><p><span style=\"font-weight: 400;\">La produzione di contenuti di qualit\u00e0 \u00e8 uno strumento potente per coinvolgere e ispirare potenziali turisti. Bossa pu\u00f2 creare video, blog, foto e post sui social media che mettono in risalto la bellezza e le esperienze uniche offerte dalle destinazioni turistiche. Storie coinvolgenti e immagini suggestive possono catturare l&#8217;immaginazione dei viaggiatori e motivarli a scegliere <\/span><span style=\"font-weight: 400;\">le destinazioni per le prossime vacanze<\/span><span style=\"font-weight: 400;\">.<\/span><\/p>\t\t\t\t\t\t\t\t<\/div>\n\t\t\t\t<\/div>\n\t\t\t\t<div class=\"elementor-element elementor-element-5f56fd1 elementor-widget elementor-widget-text-editor\" data-id=\"5f56fd1\" data-element_type=\"widget\" data-e-type=\"widget\" data-widget_type=\"text-editor.default\">\n\t\t\t\t<div class=\"elementor-widget-container\">\n\t\t\t\t\t\t\t\t\t<p><b>Branding e Posizionamento<\/b><\/p><p><span style=\"font-weight: 400;\">Costruire un brand forte e riconoscibile \u00e8 cruciale nel settore turistico. Bossa pu\u00f2 lavorare allo sviluppo di identit\u00e0 <\/span><span style=\"font-weight: 400;\">visuali <\/span><span style=\"font-weight: 400;\">accattivanti e una narrazione coerente per ogni destinazione o azienda, creando loghi, slogan e materiali promozionali che riflettono l&#8217;essenza e i valori delle destinazioni turistiche.<\/span><\/p>\t\t\t\t\t\t\t\t<\/div>\n\t\t\t\t<\/div>\n\t\t\t\t<div class=\"elementor-element elementor-element-4ef9331 elementor-widget elementor-widget-text-editor\" data-id=\"4ef9331\" data-element_type=\"widget\" data-e-type=\"widget\" data-widget_type=\"text-editor.default\">\n\t\t\t\t<div class=\"elementor-widget-container\">\n\t\t\t\t\t\t\t\t\t<p><strong>Marketing Digitale e Presenza Online<\/strong><\/p><p>Nel mondo digitale odierno, una presenza online \u00e8 essenziale. Bossa pu\u00f2 assistere imprese e destinazioni turistiche nello sviluppo di siti web ottimizzati, profili sui social media e campagne di marketing digitale che raggiungono un pubblico ampio e diversificato, aumentando cos\u00ec la visibilit\u00e0 online, attrarre pi\u00f9 visitatori e convertire i lead in clienti.<\/p>\t\t\t\t\t\t\t\t<\/div>\n\t\t\t\t<\/div>\n\t\t\t\t<div class=\"elementor-element elementor-element-6c42a47 elementor-widget elementor-widget-text-editor\" data-id=\"6c42a47\" data-element_type=\"widget\" data-e-type=\"widget\" data-widget_type=\"text-editor.default\">\n\t\t\t\t<div class=\"elementor-widget-container\">\n\t\t\t\t\t\t\t\t\t<p><strong>Partnership con Influencer<\/strong><\/p><p><span style=\"font-weight: 400;\">Gli influencer giocano un ruolo significativo nella promozione delle destinazioni turistiche. Bossa pu\u00f2 individuare e collaborare con influencer che hanno un grande seguito e si allineano con il brand e i valori della destinazione. Le partnership strategiche con questi influencer possono amplificare il messaggio, raggiungere <\/span><span style=\"font-weight: 400;\">nuovo pubblico<\/span><span style=\"font-weight: 400;\"> e migliorare la credibilit\u00e0 delle destinazioni.<\/span><\/p>\t\t\t\t\t\t\t\t<\/div>\n\t\t\t\t<\/div>\n\t\t\t\t<div class=\"elementor-element elementor-element-9827d3d elementor-widget elementor-widget-text-editor\" data-id=\"9827d3d\" data-element_type=\"widget\" data-e-type=\"widget\" data-widget_type=\"text-editor.default\">\n\t\t\t\t<div class=\"elementor-widget-container\">\n\t\t\t\t\t\t\t\t\t<p><strong>Campagne Pubblicitarie Mirate<\/strong><\/p><p><span style=\"font-weight: 400;\">Le campagne pubblicitarie mirate sono essenziali per raggiungere <\/span><span style=\"font-weight: 400;\">il giusto pubblico<\/span><span style=\"font-weight: 400;\"> nel momento giusto. Bossa pu\u00f2 utilizzare dati demografici, comportamentali e geografici per segmentare il pubblico e creare annunci personalizzati. Questo pu\u00f2 includere campagne sui social media, garantendo che i messaggi raggiungano efficacemente i potenziali turisti.<\/span><\/p>\t\t\t\t\t\t\t\t<\/div>\n\t\t\t\t<\/div>\n\t\t\t\t<div class=\"elementor-element elementor-element-f201680 elementor-widget elementor-widget-text-editor\" data-id=\"f201680\" data-element_type=\"widget\" data-e-type=\"widget\" data-widget_type=\"text-editor.default\">\n\t\t\t\t<div class=\"elementor-widget-container\">\n\t\t\t\t\t\t\t\t\t<p><strong>Eventi ed Esperienze Immersive<\/strong><\/p><p><span style=\"font-weight: 400;\">Organizzare eventi ed esperienze immersive pu\u00f2 essere un ottimo modo per promuovere le destinazioni turistiche. Bossa pu\u00f2 pianificare ed eseguire eventi che offrono un assaggio delle attrazioni, della cultura e della cucina delle destinazioni. Questi eventi possono essere organizzati sia fisicamente che virtualmente, consentendo a un pubblico<\/span><span style=\"font-weight: 400;\"> amplio<\/span><span style=\"font-weight: 400;\"> di partecipare e di essere affascinato da ci\u00f2 che le destinazioni hanno da offrire.<\/span><\/p>\t\t\t\t\t\t\t\t<\/div>\n\t\t\t\t<\/div>\n\t\t\t\t<div class=\"elementor-element elementor-element-f705313 elementor-widget elementor-widget-text-editor\" data-id=\"f705313\" data-element_type=\"widget\" data-e-type=\"widget\" data-widget_type=\"text-editor.default\">\n\t\t\t\t<div class=\"elementor-widget-container\">\n\t\t\t\t\t\t\t\t\t<p><strong>Email Marketing e Newsletter<\/strong><\/p><p><span style=\"font-weight: 400;\">L&#8217;email marketing \u00e8 uno strumento potente per tenere informati e coinvolti commercianti e turisti. Bossa pu\u00f2 creare newsletter <\/span><span style=\"font-weight: 400;\">regolarmente<\/span><span style=\"font-weight: 400;\"> con aggiornamenti su notizie, promozioni ed eventi <\/span><span style=\"font-weight: 400;\">delle<\/span><span style=\"font-weight: 400;\"> destinazioni turistiche. Contenuti pertinenti e personalizzati possono rafforzare le relazioni con i turisti, incoraggiando visite <\/span><span style=\"font-weight: 400;\">ricorrenti<\/span><span style=\"font-weight: 400;\"> e raccomandazioni.<\/span><\/p>\t\t\t\t\t\t\t\t<\/div>\n\t\t\t\t<\/div>\n\t\t\t\t<div class=\"elementor-element elementor-element-c1cc058 elementor-widget elementor-widget-text-editor\" data-id=\"c1cc058\" data-element_type=\"widget\" data-e-type=\"widget\" data-widget_type=\"text-editor.default\">\n\t\t\t\t<div class=\"elementor-widget-container\">\n\t\t\t\t\t\t\t\t\t<p><b>Analisi dei Dati e<\/b><b> Adattazioni<\/b><b> Strategici<\/b><\/p><p>La capacit\u00e0 di misurare e analizzare i risultati delle campagne di marketing \u00e8 cruciale per il successo continuo. Bossa pu\u00f2 utilizzare strumenti di analisi dei dati per monitorare le prestazioni delle campagne e comprendere il comportamento dei turisti. Con queste informazioni, possono essere apportati adattamenti strategici per ottimizzare le campagne per risultati migliori.<\/p>\t\t\t\t\t\t\t\t<\/div>\n\t\t\t\t<\/div>\n\t\t\t\t<div class=\"elementor-element elementor-element-9e91775 elementor-widget elementor-widget-text-editor\" data-id=\"9e91775\" data-element_type=\"widget\" data-e-type=\"widget\" data-widget_type=\"text-editor.default\">\n\t\t\t\t<div class=\"elementor-widget-container\">\n\t\t\t\t\t\t\t\t\t<p><strong>Sostenibilit\u00e0 e Responsabilit\u00e0 Sociale<\/strong><\/p><p>I turisti sono sempre pi\u00f9 consapevoli delle questioni ambientali e sociali. Bossa pu\u00f2 aiutare imprese e destinazioni turistiche a integrare pratiche sostenibili e comunicare efficacemente queste iniziative. Le campagne che mettono in evidenza la sostenibilit\u00e0 e la responsabilit\u00e0 sociale possono attrarre turisti che valorizzano questi aspetti e migliorare la reputazione delle destinazioni.<\/p>\t\t\t\t\t\t\t\t<\/div>\n\t\t\t\t<\/div>\n\t\t\t\t<div class=\"elementor-element elementor-element-dca4210 elementor-widget elementor-widget-text-editor\" data-id=\"dca4210\" data-element_type=\"widget\" data-e-type=\"widget\" data-widget_type=\"text-editor.default\">\n\t\t\t\t<div class=\"elementor-widget-container\">\n\t\t\t\t\t\t\t\t\t<p><strong>Programmi di Fidelizzazione e Incentivi<\/strong><\/p><p>Sviluppare programmi di fidelizzazione e offrire incentivi pu\u00f2 incoraggiare gli agenti di viaggio a raccomandare destinazioni ai loro clienti. Bossa pu\u00f2 creare e gestire programmi che premiano gli agenti, offrendo benefici esclusivi ed esperienze personalizzate.<\/p>\t\t\t\t\t\t\t\t<\/div>\n\t\t\t\t<\/div>\n\t\t\t\t\t<\/div>\n\t\t\t\t<\/div>\n\t\t\t\t<div class=\"elementor-element elementor-element-90b9347 elementor-widget elementor-widget-text-editor\" data-id=\"90b9347\" data-element_type=\"widget\" data-e-type=\"widget\" data-widget_type=\"text-editor.default\">\n\t\t\t\t<div class=\"elementor-widget-container\">\n\t\t\t\t\t\t\t\t\t<p><span style=\"font-weight: 400;\">Bossa dispone di una vasta gamma di strategie di marketing per promuovere efficacemente imprese e destinazioni turistiche, garantendo che emergano in un mercato competitivo e <\/span><span style=\"font-weight: 400;\">attraggono<\/span><span style=\"font-weight: 400;\"> turisti da tutto il mondo.<\/span><\/p>\t\t\t\t\t\t\t\t<\/div>\n\t\t\t\t<\/div>\n\t\t\t\t<div class=\"elementor-element elementor-element-fcc42c8 elementor-widget elementor-widget-image\" data-id=\"fcc42c8\" data-element_type=\"widget\" data-e-type=\"widget\" data-widget_type=\"image.default\">\n\t\t\t\t<div class=\"elementor-widget-container\">\n\t\t\t\t\t\t\t\t\t\t\t\t\t\t\t<img fetchpriority=\"high\" decoding=\"async\" width=\"1786\" height=\"383\" src=\"https:\/\/www.bossapromotions.com\/wp-content\/uploads\/2024\/08\/logo_bossa_bossamarketing_azul-1.png\" class=\"elementor-animation-grow attachment-full size-full wp-image-24906\" alt=\"\" srcset=\"https:\/\/www.bossapromotions.com\/wp-content\/uploads\/2024\/08\/logo_bossa_bossamarketing_azul-1.png 1786w, https:\/\/www.bossapromotions.com\/wp-content\/uploads\/2024\/08\/logo_bossa_bossamarketing_azul-1-768x164.png 768w\" sizes=\"(max-width: 1786px) 100vw, 1786px\" \/>\t\t\t\t\t\t\t\t\t\t\t\t\t\t\t<\/div>\n\t\t\t\t<\/div>\n\t\t\t\t\t<\/div>\n\t\t<\/div>\n\t\t\t\t\t<\/div>\n\t\t<\/section>\n\t\t\t\t<\/div>\n\t\t","protected":false},"excerpt":{"rendered":"<p>Campagne di marketing innovative mirate a differente pubblico assicurano una posizione di rilievo nei mercati competitivi Conosci come Bossa utilizza le campagne di marketing per stimolare le imprese e le&hellip;<\/p>\n<p> <a class=\"more-link\" href=\"https:\/\/www.bossapromotions.com\/it\/marketing\/\">Leggi tutto<\/a><\/p>\n","protected":false},"author":1,"featured_media":22914,"parent":0,"menu_order":0,"comment_status":"closed","ping_status":"closed","template":"","meta":{"footnotes":""},"class_list":["post-15695","page","type-page","status-publish","has-post-thumbnail"],"_links":{"self":[{"href":"https:\/\/www.bossapromotions.com\/it\/wp-json\/wp\/v2\/pages\/15695","targetHints":{"allow":["GET"]}}],"collection":[{"href":"https:\/\/www.bossapromotions.com\/it\/wp-json\/wp\/v2\/pages"}],"about":[{"href":"https:\/\/www.bossapromotions.com\/it\/wp-json\/wp\/v2\/types\/page"}],"author":[{"embeddable":true,"href":"https:\/\/www.bossapromotions.com\/it\/wp-json\/wp\/v2\/users\/1"}],"replies":[{"embeddable":true,"href":"https:\/\/www.bossapromotions.com\/it\/wp-json\/wp\/v2\/comments?post=15695"}],"version-history":[{"count":0,"href":"https:\/\/www.bossapromotions.com\/it\/wp-json\/wp\/v2\/pages\/15695\/revisions"}],"wp:featuredmedia":[{"embeddable":true,"href":"https:\/\/www.bossapromotions.com\/it\/wp-json\/wp\/v2\/media\/22914"}],"wp:attachment":[{"href":"https:\/\/www.bossapromotions.com\/it\/wp-json\/wp\/v2\/media?parent=15695"}],"curies":[{"name":"wp","href":"https:\/\/api.w.org\/{rel}","templated":true}]}}