{"id":21649,"date":"2024-01-18T17:40:38","date_gmt":"2024-01-18T17:40:38","guid":{"rendered":"https:\/\/www.bossapromotions.com\/contacto-2\/"},"modified":"2025-02-18T14:45:49","modified_gmt":"2025-02-18T14:45:49","slug":"contacto-2","status":"publish","type":"page","link":"https:\/\/www.bossapromotions.com\/es\/contacto-2\/","title":{"rendered":"Contacto"},"content":{"rendered":"\t\t<div data-elementor-type=\"wp-post\" data-elementor-id=\"21649\" class=\"elementor elementor-21649 elementor-15128\" data-elementor-post-type=\"page\">\n\t\t\t\t\t\t<section class=\"elementor-section elementor-top-section elementor-element elementor-element-4c7512d elementor-section-stretched elementor-section-boxed elementor-section-height-default elementor-section-height-default\" data-id=\"4c7512d\" data-element_type=\"section\" data-e-type=\"section\" data-settings=\"{&quot;stretch_section&quot;:&quot;section-stretched&quot;,&quot;background_background&quot;:&quot;classic&quot;}\">\n\t\t\t\t\t\t\t<div class=\"elementor-background-overlay\"><\/div>\n\t\t\t\t\t\t\t<div class=\"elementor-container elementor-column-gap-default\">\n\t\t\t\t\t<div class=\"elementor-column elementor-col-100 elementor-top-column elementor-element elementor-element-3e6f609\" data-id=\"3e6f609\" data-element_type=\"column\" data-e-type=\"column\">\n\t\t\t<div class=\"elementor-widget-wrap elementor-element-populated\">\n\t\t\t\t\t\t<section class=\"elementor-section elementor-inner-section elementor-element elementor-element-58bbaab elementor-section-boxed elementor-section-height-default elementor-section-height-default\" data-id=\"58bbaab\" data-element_type=\"section\" data-e-type=\"section\">\n\t\t\t\t\t\t<div class=\"elementor-container elementor-column-gap-default\">\n\t\t\t\t\t<div class=\"elementor-column elementor-col-50 elementor-inner-column elementor-element elementor-element-e12cb95\" data-id=\"e12cb95\" data-element_type=\"column\" data-e-type=\"column\">\n\t\t\t<div class=\"elementor-widget-wrap elementor-element-populated\">\n\t\t\t\t\t\t<div class=\"elementor-element elementor-element-a4b33e1 elementor-widget elementor-widget-text-editor\" data-id=\"a4b33e1\" data-element_type=\"widget\" data-e-type=\"widget\" data-widget_type=\"text-editor.default\">\n\t\t\t\t<div class=\"elementor-widget-container\">\n\t\t\t\t\t\t\t\t\t<p>Para obtener m\u00e1s detalles o informaci\u00f3n sobre Bossa y nuestros servicios, cont\u00e1ctenos llenando el formulario en esta p\u00e1gina o por tel\u00e9fono:<\/p>\n<p>Tel: 11-3230 7987 (+55-11-3230 7987) \u2013 S\u00e3o Paulo \u2013 Brasil<br \/>\nTel: 020-7617 7284 (+44-20-7617 7284) \u2013 Londres \u2013 UK<\/p>\n\t\t\t\t\t\t\t\t<\/div>\n\t\t\t\t<\/div>\n\t\t\t\t<div class=\"elementor-element elementor-element-da8e610 elementor-widget elementor-widget-image\" data-id=\"da8e610\" data-element_type=\"widget\" data-e-type=\"widget\" data-widget_type=\"image.default\">\n\t\t\t\t<div class=\"elementor-widget-container\">\n\t\t\t\t\t\t\t\t\t\t\t\t\t\t\t<img fetchpriority=\"high\" decoding=\"async\" width=\"800\" height=\"167\" src=\"https:\/\/www.bossapromotions.com\/wp-content\/uploads\/2019\/11\/Logo_Bossa_Promotions_Azul-1024x214.png\" class=\"attachment-large size-large wp-image-16909\" alt=\"\" srcset=\"https:\/\/www.bossapromotions.com\/wp-content\/uploads\/2019\/11\/Logo_Bossa_Promotions_Azul-1024x214.png 1024w, https:\/\/www.bossapromotions.com\/wp-content\/uploads\/2019\/11\/Logo_Bossa_Promotions_Azul-300x63.png 300w, https:\/\/www.bossapromotions.com\/wp-content\/uploads\/2019\/11\/Logo_Bossa_Promotions_Azul-768x160.png 768w, https:\/\/www.bossapromotions.com\/wp-content\/uploads\/2019\/11\/Logo_Bossa_Promotions_Azul.png 1127w\" sizes=\"(max-width: 800px) 100vw, 800px\" \/>\t\t\t\t\t\t\t\t\t\t\t\t\t\t\t<\/div>\n\t\t\t\t<\/div>\n\t\t\t\t\t<\/div>\n\t\t<\/div>\n\t\t\t\t<div class=\"elementor-column elementor-col-50 elementor-inner-column elementor-element elementor-element-faf27a9\" data-id=\"faf27a9\" data-element_type=\"column\" data-e-type=\"column\">\n\t\t\t<div class=\"elementor-widget-wrap elementor-element-populated\">\n\t\t\t\t\t\t<div class=\"elementor-element elementor-element-8b80f03 elementor-widget elementor-widget-spacer\" data-id=\"8b80f03\" data-element_type=\"widget\" data-e-type=\"widget\" data-widget_type=\"spacer.default\">\n\t\t\t\t<div class=\"elementor-widget-container\">\n\t\t\t\t\t\t\t<div class=\"elementor-spacer\">\n\t\t\t<div class=\"elementor-spacer-inner\"><\/div>\n\t\t<\/div>\n\t\t\t\t\t\t<\/div>\n\t\t\t\t<\/div>\n\t\t\t\t<div class=\"elementor-element elementor-element-9aeeb11 elementor-button-align-stretch elementor-widget elementor-widget-form\" data-id=\"9aeeb11\" data-element_type=\"widget\" data-e-type=\"widget\" data-settings=\"{&quot;step_next_label&quot;:&quot;Next&quot;,&quot;step_previous_label&quot;:&quot;Previous&quot;,&quot;button_width&quot;:&quot;100&quot;,&quot;step_type&quot;:&quot;number_text&quot;,&quot;step_icon_shape&quot;:&quot;circle&quot;}\" data-widget_type=\"form.default\">\n\t\t\t\t<div class=\"elementor-widget-container\">\n\t\t\t\t\t\t\t<form class=\"elementor-form\" method=\"post\" name=\"New Form\" aria-label=\"New Form\">\n\t\t\t<input type=\"hidden\" name=\"post_id\" value=\"21649\"\/>\n\t\t\t<input type=\"hidden\" name=\"form_id\" value=\"9aeeb11\"\/>\n\t\t\t<input type=\"hidden\" name=\"referer_title\" value=\"Bossa | Contacto\" \/>\n\n\t\t\t\t\t\t\t<input type=\"hidden\" name=\"queried_id\" value=\"21649\"\/>\n\t\t\t\n\t\t\t<div class=\"elementor-form-fields-wrapper elementor-labels-\">\n\t\t\t\t\t\t\t\t<div class=\"elementor-field-type-text elementor-field-group elementor-column elementor-field-group-name elementor-col-100 elementor-field-required\">\n\t\t\t\t\t\t\t\t\t\t\t\t<label for=\"form-field-name\" class=\"elementor-field-label elementor-screen-only\">\n\t\t\t\t\t\t\t\tTu Nombre\t\t\t\t\t\t\t<\/label>\n\t\t\t\t\t\t\t\t\t\t\t\t\t\t<input size=\"1\" type=\"text\" name=\"form_fields[name]\" id=\"form-field-name\" class=\"elementor-field elementor-size-lg  elementor-field-textual\" placeholder=\"Tu Nombre\" required=\"required\">\n\t\t\t\t\t\t\t\t\t\t\t<\/div>\n\t\t\t\t\t\t\t\t<div class=\"elementor-field-type-email elementor-field-group elementor-column elementor-field-group-email elementor-col-100 elementor-field-required\">\n\t\t\t\t\t\t\t\t\t\t\t\t<label for=\"form-field-email\" class=\"elementor-field-label elementor-screen-only\">\n\t\t\t\t\t\t\t\tTu Correo Electr\u00f3nico\t\t\t\t\t\t\t<\/label>\n\t\t\t\t\t\t\t\t\t\t\t\t\t\t<input size=\"1\" type=\"email\" name=\"form_fields[email]\" id=\"form-field-email\" class=\"elementor-field elementor-size-lg  elementor-field-textual\" placeholder=\"Tu Correo Electr\u00f3nico\" required=\"required\">\n\t\t\t\t\t\t\t\t\t\t\t<\/div>\n\t\t\t\t\t\t\t\t<div class=\"elementor-field-type-select elementor-field-group elementor-column elementor-field-group-message elementor-col-100 elementor-field-required\">\n\t\t\t\t\t\t\t\t\t\t\t\t<label for=\"form-field-message\" class=\"elementor-field-label elementor-screen-only\">\n\t\t\t\t\t\t\t\tYour Country\t\t\t\t\t\t\t<\/label>\n\t\t\t\t\t\t\t\t<div class=\"elementor-field elementor-select-wrapper remove-before \">\n\t\t\t<div class=\"select-caret-down-wrapper\">\n\t\t\t\t<i aria-hidden=\"true\" class=\"eicon-caret-down\"><\/i>\t\t\t<\/div>\n\t\t\t<select name=\"form_fields[message]\" id=\"form-field-message\" class=\"elementor-field-textual elementor-size-lg\" required=\"required\">\n\t\t\t\t\t\t\t\t\t<option value=\"spain\">Espa\u00f1a *<\/option>\n\t\t\t\t\t\t\t\t\t<option value=\"argentina  \">Argentina<\/option>\n\t\t\t\t\t\t\t\t\t<option value=\"australia  \">Australia<\/option>\n\t\t\t\t\t\t\t\t\t<option value=\"austria  \">Austria<\/option>\n\t\t\t\t\t\t\t\t\t<option value=\"belgium  \">Belgium<\/option>\n\t\t\t\t\t\t\t\t\t<option value=\"brazil  \">Brazil<\/option>\n\t\t\t\t\t\t\t\t\t<option value=\"canada  \">Canada<\/option>\n\t\t\t\t\t\t\t\t\t<option value=\"chile  \">Chile<\/option>\n\t\t\t\t\t\t\t\t\t<option value=\"china  \">China<\/option>\n\t\t\t\t\t\t\t\t\t<option value=\"colombia  \">Colombia<\/option>\n\t\t\t\t\t\t\t\t\t<option value=\"czech-republic  \">Czech Republic<\/option>\n\t\t\t\t\t\t\t\t\t<option value=\"denmark  \">Denmark<\/option>\n\t\t\t\t\t\t\t\t\t<option value=\"egypt  \">Egypt<\/option>\n\t\t\t\t\t\t\t\t\t<option value=\"finland  \">Finland<\/option>\n\t\t\t\t\t\t\t\t\t<option value=\"france  \">France<\/option>\n\t\t\t\t\t\t\t\t\t<option value=\"germany  \">Germany<\/option>\n\t\t\t\t\t\t\t\t\t<option value=\"greece  \">Greece<\/option>\n\t\t\t\t\t\t\t\t\t<option value=\"hong-kong  \">Hong Kong<\/option>\n\t\t\t\t\t\t\t\t\t<option value=\"hungary  \">Hungary<\/option>\n\t\t\t\t\t\t\t\t\t<option value=\"india  \">India<\/option>\n\t\t\t\t\t\t\t\t\t<option value=\"indonesia  \">Indonesia<\/option>\n\t\t\t\t\t\t\t\t\t<option value=\"ireland  \">Ireland<\/option>\n\t\t\t\t\t\t\t\t\t<option value=\"israel  \">Israel<\/option>\n\t\t\t\t\t\t\t\t\t<option value=\"italy  \">Italy<\/option>\n\t\t\t\t\t\t\t\t\t<option value=\"japan  \">Japan<\/option>\n\t\t\t\t\t\t\t\t\t<option value=\"malaysia  \">Malaysia<\/option>\n\t\t\t\t\t\t\t\t\t<option value=\"mexico  \">Mexico<\/option>\n\t\t\t\t\t\t\t\t\t<option value=\"netherlands  \">Netherlands<\/option>\n\t\t\t\t\t\t\t\t\t<option value=\"new-zealand  \">New Zealand<\/option>\n\t\t\t\t\t\t\t\t\t<option value=\"nigeria  \">Nigeria<\/option>\n\t\t\t\t\t\t\t\t\t<option value=\"norway  \">Norway<\/option>\n\t\t\t\t\t\t\t\t\t<option value=\"pakistan  \">Pakistan<\/option>\n\t\t\t\t\t\t\t\t\t<option value=\"peru  \">Peru<\/option>\n\t\t\t\t\t\t\t\t\t<option value=\"philippines  \">Philippines<\/option>\n\t\t\t\t\t\t\t\t\t<option value=\"poland  \">Poland<\/option>\n\t\t\t\t\t\t\t\t\t<option value=\"portugal  \">Portugal<\/option>\n\t\t\t\t\t\t\t\t\t<option value=\"romania  \">Romania<\/option>\n\t\t\t\t\t\t\t\t\t<option value=\"russia  \">Russia<\/option>\n\t\t\t\t\t\t\t\t\t<option value=\"saudi-arabia  \">Saudi Arabia<\/option>\n\t\t\t\t\t\t\t\t\t<option value=\"singapore  \">Singapore<\/option>\n\t\t\t\t\t\t\t\t\t<option value=\"south-africa  \">South Africa<\/option>\n\t\t\t\t\t\t\t\t\t<option value=\"south-korea  \">South Korea<\/option>\n\t\t\t\t\t\t\t\t\t<option value=\"spain  \">Spain<\/option>\n\t\t\t\t\t\t\t\t\t<option value=\"sweden  \">Sweden<\/option>\n\t\t\t\t\t\t\t\t\t<option value=\"switzerland  \">Switzerland<\/option>\n\t\t\t\t\t\t\t\t\t<option value=\"thailand  \">Thailand<\/option>\n\t\t\t\t\t\t\t\t\t<option value=\"turkey  \">Turkey<\/option>\n\t\t\t\t\t\t\t\t\t<option value=\"ukraine  \">Ukraine<\/option>\n\t\t\t\t\t\t\t\t\t<option value=\"united-arab-emirates  \">United Arab Emirates<\/option>\n\t\t\t\t\t\t\t\t\t<option value=\"united-kingdom  \">United Kingdom<\/option>\n\t\t\t\t\t\t\t\t\t<option value=\"united-states  \">United States<\/option>\n\t\t\t\t\t\t\t\t\t<option value=\"vietnam  \">Vietnam<\/option>\n\t\t\t\t\t\t\t<\/select>\n\t\t<\/div>\n\t\t\t\t\t\t<\/div>\n\t\t\t\t\t\t\t\t<div class=\"elementor-field-type-tel elementor-field-group elementor-column elementor-field-group-field_1de2d3f elementor-col-100 elementor-field-required\">\n\t\t\t\t\t\t\t\t\t\t\t\t<label for=\"form-field-field_1de2d3f\" class=\"elementor-field-label elementor-screen-only\">\n\t\t\t\t\t\t\t\tTu Tel\u00e9fono\t\t\t\t\t\t\t<\/label>\n\t\t\t\t\t\t\t\t<input size=\"1\" type=\"tel\" name=\"form_fields[field_1de2d3f]\" id=\"form-field-field_1de2d3f\" class=\"elementor-field elementor-size-lg  elementor-field-textual\" placeholder=\"Tu Tel\u00e9fono\" required=\"required\" pattern=\"[0-9()#&amp;+*-=.]+\" title=\"Only numbers and phone characters (#, -, *, etc) are accepted.\">\n\n\t\t\t\t\t\t<\/div>\n\t\t\t\t\t\t\t\t<div class=\"elementor-field-type-textarea elementor-field-group elementor-column elementor-field-group-field_583a16b elementor-col-100 elementor-field-required\">\n\t\t\t\t\t\t\t\t\t\t\t\t<label for=\"form-field-field_583a16b\" class=\"elementor-field-label elementor-screen-only\">\n\t\t\t\t\t\t\t\tTu Mensaje\t\t\t\t\t\t\t<\/label>\n\t\t\t\t\t\t<textarea class=\"elementor-field-textual elementor-field  elementor-size-lg\" name=\"form_fields[field_583a16b]\" id=\"form-field-field_583a16b\" rows=\"4\" placeholder=\"Tu Mensaje\" required=\"required\"><\/textarea>\t\t\t\t<\/div>\n\t\t\t\t\t\t\t\t<div class=\"elementor-field-type-recaptcha elementor-field-group elementor-column elementor-field-group-field_c87147a elementor-col-100\">\n\t\t\t\t\t<div class=\"elementor-field\" id=\"form-field-field_c87147a\"><div class=\"elementor-g-recaptcha\" data-sitekey=\"6LdYq5oUAAAAAHpgebGhhEE-V4wZAZ4wL5ckhuyt\" data-type=\"v2_checkbox\" data-theme=\"dark\" data-size=\"normal\"><\/div><\/div>\t\t\t\t<\/div>\n\t\t\t\t\t\t\t\t<div class=\"elementor-field-group elementor-column elementor-field-type-submit elementor-col-100 e-form__buttons\">\n\t\t\t\t\t<button class=\"elementor-button elementor-size-xl\" type=\"submit\">\n\t\t\t\t\t\t<span class=\"elementor-button-content-wrapper\">\n\t\t\t\t\t\t\t\t\t\t\t\t\t\t\t\t\t\t\t\t\t\t<span class=\"elementor-button-text\">Enviar<\/span>\n\t\t\t\t\t\t\t\t\t\t\t\t\t<\/span>\n\t\t\t\t\t<\/button>\n\t\t\t\t<\/div>\n\t\t\t<\/div>\n\t\t<\/form>\n\t\t\t\t\t\t<\/div>\n\t\t\t\t<\/div>\n\t\t\t\t\t<\/div>\n\t\t<\/div>\n\t\t\t\t\t<\/div>\n\t\t<\/section>\n\t\t\t\t\t<\/div>\n\t\t<\/div>\n\t\t\t\t\t<\/div>\n\t\t<\/section>\n\t\t\t\t<\/div>\n\t\t","protected":false},"excerpt":{"rendered":"<p>Para obtener m\u00e1s detalles o informaci\u00f3n sobre Bossa y nuestros servicios, cont\u00e1ctenos llenando el formulario en esta p\u00e1gina o por tel\u00e9fono: Tel: 11-3230 7987 (+55-11-3230 7987) \u2013 S\u00e3o Paulo \u2013&hellip;<\/p>\n<p> <a class=\"more-link\" href=\"https:\/\/www.bossapromotions.com\/es\/contacto-2\/\">Leer m\u00e1s<\/a><\/p>\n","protected":false},"author":1,"featured_media":18192,"parent":0,"menu_order":0,"comment_status":"closed","ping_status":"closed","template":"","meta":{"footnotes":""},"class_list":["post-21649","page","type-page","status-publish","has-post-thumbnail"],"_links":{"self":[{"href":"https:\/\/www.bossapromotions.com\/es\/wp-json\/wp\/v2\/pages\/21649","targetHints":{"allow":["GET"]}}],"collection":[{"href":"https:\/\/www.bossapromotions.com\/es\/wp-json\/wp\/v2\/pages"}],"about":[{"href":"https:\/\/www.bossapromotions.com\/es\/wp-json\/wp\/v2\/types\/page"}],"author":[{"embeddable":true,"href":"https:\/\/www.bossapromotions.com\/es\/wp-json\/wp\/v2\/users\/1"}],"replies":[{"embeddable":true,"href":"https:\/\/www.bossapromotions.com\/es\/wp-json\/wp\/v2\/comments?post=21649"}],"version-history":[{"count":0,"href":"https:\/\/www.bossapromotions.com\/es\/wp-json\/wp\/v2\/pages\/21649\/revisions"}],"wp:featuredmedia":[{"embeddable":true,"href":"https:\/\/www.bossapromotions.com\/es\/wp-json\/wp\/v2\/media\/18192"}],"wp:attachment":[{"href":"https:\/\/www.bossapromotions.com\/es\/wp-json\/wp\/v2\/media?parent=21649"}],"curies":[{"name":"wp","href":"https:\/\/api.w.org\/{rel}","templated":true}]}}