{"id":20826,"date":"2022-09-21T14:57:12","date_gmt":"2022-09-21T14:57:12","guid":{"rendered":"https:\/\/www.bossapromotions.com\/?page_id=20826"},"modified":"2024-08-23T14:22:13","modified_gmt":"2024-08-23T13:22:13","slug":"capacitacion","status":"publish","type":"page","link":"https:\/\/www.bossapromotions.com\/es\/capacitacion\/","title":{"rendered":"Capacitaci\u00f3n"},"content":{"rendered":"\t\t<div data-elementor-type=\"wp-page\" data-elementor-id=\"20826\" class=\"elementor elementor-20826 elementor-20785\" data-elementor-post-type=\"page\">\n\t\t\t\t\t\t<section class=\"elementor-section elementor-top-section elementor-element elementor-element-2cbce7d elementor-section-stretched elementor-section-boxed elementor-section-height-default elementor-section-height-default\" data-id=\"2cbce7d\" data-element_type=\"section\" data-e-type=\"section\" data-settings=\"{&quot;stretch_section&quot;:&quot;section-stretched&quot;,&quot;background_background&quot;:&quot;classic&quot;}\">\n\t\t\t\t\t\t\t<div class=\"elementor-background-overlay\"><\/div>\n\t\t\t\t\t\t\t<div class=\"elementor-container elementor-column-gap-default\">\n\t\t\t\t\t<div class=\"elementor-column elementor-col-100 elementor-top-column elementor-element elementor-element-c8b9272\" data-id=\"c8b9272\" data-element_type=\"column\" data-e-type=\"column\">\n\t\t\t<div class=\"elementor-widget-wrap elementor-element-populated\">\n\t\t\t\t\t\t<div class=\"elementor-element elementor-element-2d2f8bd elementor-widget elementor-widget-text-editor\" data-id=\"2d2f8bd\" data-element_type=\"widget\" data-e-type=\"widget\" data-widget_type=\"text-editor.default\">\n\t\t\t\t<div class=\"elementor-widget-container\">\n\t\t\t\t\t\t\t\t\t<p><b>Capacitando a Profesionales a trav\u00e9s de Formaciones en L\u00ednea y Presenciales, y Webinars para la Exitosa Promoci\u00f3n de Destinos Tur\u00edsticos<\/b><\/p><p><b>Con un enfoque completo y flexible, Bossa ofrece formaciones en l\u00ednea, webinars y presenciales que satisfacen las diversas necesidades de la industria tur\u00edstica.<\/b><\/p><p><span style=\"font-weight: 400;\">En el din\u00e1mico y competitivo mundo del turismo, capacitar a profesionales como agentes de viajes y personal de operadores tur\u00edsticos es esencial para promover destinos tur\u00edsticos de manera efectiva. Con a\u00f1os de experiencia en el sector, Bossa proporciona una amplia gama de opciones de formaci\u00f3n, que incluyen cursos en l\u00ednea, webinars y sesiones presenciales.<\/span><\/p><p><b>BOT \u2013 Bossa Online Training<\/b><\/p><p><span style=\"font-weight: 400;\">Bossa se destaca en la formaci\u00f3n en l\u00ednea a trav\u00e9s de su plataforma exclusiva, BOT \u2013 Bossa Online Training, que permite a los clientes ofrecer cursos cortos y r\u00e1pidos. Esto brinda a los profesionales la oportunidad de aprender sobre destinos tur\u00edsticos, productos o servicios para ampliar sus conocimientos y convertirse en expertos. Los cursos en l\u00ednea son gratuitos para los participantes, quienes reciben regularmente actualizaciones sobre nuevas opciones de formaci\u00f3n para reflejar cambios y tendencias en la industria del turismo. Adem\u00e1s del contenido, BOT se distingue por su conveniencia y flexibilidad, ya que los profesionales pueden acceder a los programas en cualquier momento sin plazos. Al completar con \u00e9xito la formaci\u00f3n, los participantes pueden descargar e imprimir sus certificados, obteniendo el valioso t\u00edtulo de &#8216;especialista&#8217;.<\/span><\/p><p><b>Webinars<\/b><\/p><p><span style=\"font-weight: 400;\">Los webinars de Bossa son una herramienta poderosa para el aprendizaje flexible y accesible. Estos seminarios en l\u00ednea cubren una variedad de temas relevantes para el sector tur\u00edstico, desde destinos tur\u00edsticos y las \u00faltimas tendencias en marketing digital hasta t\u00e9cnicas avanzadas de ventas y servicio al cliente. Con la posibilidad de participar desde cualquier parte del mundo, los webinars permiten a los profesionales actualizar sus conocimientos y habilidades sin interrupciones significativas en su rutina diaria.<\/span><\/p><p><b>Formaci\u00f3n Presencial<\/b><\/p><p><span style=\"font-weight: 400;\">Para una experiencia de aprendizaje m\u00e1s inmersiva, Bossa ofrece formaciones presenciales como seminarios y talleres para agentes de viajes y personal de operadores tur\u00edsticos. Estas sesiones son ideales para profundizar en su conocimiento sobre destinos tur\u00edsticos, asegurando que ofrezcan un servicio cualificado y personalizado a los clientes. Durante estas formaciones, los participantes aprenden sobre las caracter\u00edsticas \u00fanicas de destinos, productos y atracciones, lo que los capacita mejor para recomendar los pr\u00f3ximos viajes de sus clientes. La promoci\u00f3n de destinos tur\u00edsticos a trav\u00e9s de estos eventos es una de las formas m\u00e1s efectivas de promoci\u00f3n.<\/span><\/p><p><span style=\"font-weight: 400;\">Para satisfacer las necesidades \u00fanicas de los clientes y profesionales del turismo, todos los programas de formaci\u00f3n de Bossa son personalizados. Antes de cada formaci\u00f3n, el equipo de la agencia realiza un an\u00e1lisis detallado de necesidades y objetivos, asegurando que el contenido sea relevante y directamente aplicable al contexto laboral de los participantes. Este enfoque personalizado maximiza la efectividad de la formaci\u00f3n y garantiza resultados tangibles.<\/span><\/p><p><span style=\"font-weight: 400;\">Ya sea a trav\u00e9s de BOT \u2013 Bossa Online Training, webinars o formaciones presenciales como seminarios o talleres, Bossa proporciona una experiencia de aprendizaje completa y enriquecedora. Con un enfoque personalizado y un compromiso con la calidad, Bossa ayuda a sus clientes a destacarse en mercados internacionales cada vez m\u00e1s competitivos y a alcanzar sus objetivos de manera sostenible y efectiva.<\/span><\/p>\t\t\t\t\t\t\t\t<\/div>\n\t\t\t\t<\/div>\n\t\t\t\t<div class=\"elementor-element elementor-element-950b08e elementor-widget elementor-widget-image\" data-id=\"950b08e\" data-element_type=\"widget\" data-e-type=\"widget\" data-widget_type=\"image.default\">\n\t\t\t\t<div class=\"elementor-widget-container\">\n\t\t\t\t\t\t\t\t\t\t\t\t\t\t\t<img fetchpriority=\"high\" decoding=\"async\" width=\"1245\" height=\"820\" src=\"https:\/\/www.bossapromotions.com\/wp-content\/uploads\/2019\/11\/BOT_Logo.png\" class=\"elementor-animation-grow attachment-full size-full wp-image-16060\" alt=\"\" srcset=\"https:\/\/www.bossapromotions.com\/wp-content\/uploads\/2019\/11\/BOT_Logo.png 1245w, https:\/\/www.bossapromotions.com\/wp-content\/uploads\/2019\/11\/BOT_Logo-300x198.png 300w, https:\/\/www.bossapromotions.com\/wp-content\/uploads\/2019\/11\/BOT_Logo-768x506.png 768w, https:\/\/www.bossapromotions.com\/wp-content\/uploads\/2019\/11\/BOT_Logo-1024x674.png 1024w\" sizes=\"(max-width: 1245px) 100vw, 1245px\" \/>\t\t\t\t\t\t\t\t\t\t\t\t\t\t\t<\/div>\n\t\t\t\t<\/div>\n\t\t\t\t<div class=\"elementor-element elementor-element-f9de94d elementor-button-success elementor-align-center animated-slow elementor-invisible elementor-widget elementor-widget-button\" data-id=\"f9de94d\" data-element_type=\"widget\" data-e-type=\"widget\" data-settings=\"{&quot;_animation&quot;:&quot;fadeInRight&quot;,&quot;_animation_delay&quot;:900}\" data-widget_type=\"button.default\">\n\t\t\t\t<div class=\"elementor-widget-container\">\n\t\t\t\t\t\t\t\t\t<div class=\"elementor-button-wrapper\">\n\t\t\t\t\t<a class=\"elementor-button elementor-button-link elementor-size-xs elementor-animation-grow\" href=\"https:\/\/bossaot.com\/es\/\" target=\"_blank\" rel=\"noopener\">\n\t\t\t\t\t\t<span class=\"elementor-button-content-wrapper\">\n\t\t\t\t\t\t\t\t\t<span class=\"elementor-button-text\">VISITA EL SITIO<\/span>\n\t\t\t\t\t<\/span>\n\t\t\t\t\t<\/a>\n\t\t\t\t<\/div>\n\t\t\t\t\t\t\t\t<\/div>\n\t\t\t\t<\/div>\n\t\t\t\t\t<\/div>\n\t\t<\/div>\n\t\t\t\t\t<\/div>\n\t\t<\/section>\n\t\t\t\t<\/div>\n\t\t","protected":false},"excerpt":{"rendered":"<p>Capacitando a Profesionales a trav\u00e9s de Formaciones en L\u00ednea y Presenciales, y Webinars para la Exitosa Promoci\u00f3n de Destinos Tur\u00edsticos Con un enfoque completo y flexible, Bossa ofrece formaciones en&hellip;<\/p>\n<p> <a class=\"more-link\" href=\"https:\/\/www.bossapromotions.com\/es\/capacitacion\/\">Leer m\u00e1s<\/a><\/p>\n","protected":false},"author":1,"featured_media":23415,"parent":0,"menu_order":0,"comment_status":"closed","ping_status":"closed","template":"","meta":{"footnotes":""},"class_list":["post-20826","page","type-page","status-publish","has-post-thumbnail"],"_links":{"self":[{"href":"https:\/\/www.bossapromotions.com\/es\/wp-json\/wp\/v2\/pages\/20826","targetHints":{"allow":["GET"]}}],"collection":[{"href":"https:\/\/www.bossapromotions.com\/es\/wp-json\/wp\/v2\/pages"}],"about":[{"href":"https:\/\/www.bossapromotions.com\/es\/wp-json\/wp\/v2\/types\/page"}],"author":[{"embeddable":true,"href":"https:\/\/www.bossapromotions.com\/es\/wp-json\/wp\/v2\/users\/1"}],"replies":[{"embeddable":true,"href":"https:\/\/www.bossapromotions.com\/es\/wp-json\/wp\/v2\/comments?post=20826"}],"version-history":[{"count":0,"href":"https:\/\/www.bossapromotions.com\/es\/wp-json\/wp\/v2\/pages\/20826\/revisions"}],"wp:featuredmedia":[{"embeddable":true,"href":"https:\/\/www.bossapromotions.com\/es\/wp-json\/wp\/v2\/media\/23415"}],"wp:attachment":[{"href":"https:\/\/www.bossapromotions.com\/es\/wp-json\/wp\/v2\/media?parent=20826"}],"curies":[{"name":"wp","href":"https:\/\/api.w.org\/{rel}","templated":true}]}}