{"id":20791,"date":"2022-09-21T13:14:44","date_gmt":"2022-09-21T13:14:44","guid":{"rendered":"https:\/\/www.bossapromotions.com\/?page_id=20791"},"modified":"2024-08-23T13:57:40","modified_gmt":"2024-08-23T12:57:40","slug":"bbmag","status":"publish","type":"page","link":"https:\/\/www.bossapromotions.com\/es\/bbmag\/","title":{"rendered":"BBMag"},"content":{"rendered":"\t\t<div data-elementor-type=\"wp-page\" data-elementor-id=\"20791\" class=\"elementor elementor-20791 elementor-20766\" data-elementor-post-type=\"page\">\n\t\t\t\t\t\t<section class=\"elementor-section elementor-top-section elementor-element elementor-element-2c40cbc elementor-section-stretched elementor-section-boxed elementor-section-height-default elementor-section-height-default\" data-id=\"2c40cbc\" data-element_type=\"section\" data-e-type=\"section\" data-settings=\"{&quot;stretch_section&quot;:&quot;section-stretched&quot;,&quot;background_background&quot;:&quot;classic&quot;}\">\n\t\t\t\t\t\t\t<div class=\"elementor-background-overlay\"><\/div>\n\t\t\t\t\t\t\t<div class=\"elementor-container elementor-column-gap-default\">\n\t\t\t\t\t<div class=\"elementor-column elementor-col-100 elementor-top-column elementor-element elementor-element-5c8a7e3 animated-slow elementor-invisible\" data-id=\"5c8a7e3\" data-element_type=\"column\" data-e-type=\"column\" data-settings=\"{&quot;background_background&quot;:&quot;classic&quot;,&quot;animation&quot;:&quot;fadeIn&quot;}\">\n\t\t\t<div class=\"elementor-widget-wrap elementor-element-populated\">\n\t\t\t\t\t\t<section class=\"elementor-section elementor-inner-section elementor-element elementor-element-5337cd3 elementor-section-boxed elementor-section-height-default elementor-section-height-default\" data-id=\"5337cd3\" data-element_type=\"section\" data-e-type=\"section\">\n\t\t\t\t\t\t<div class=\"elementor-container elementor-column-gap-default\">\n\t\t\t\t\t<div class=\"elementor-column elementor-col-100 elementor-inner-column elementor-element elementor-element-7e06617\" data-id=\"7e06617\" data-element_type=\"column\" data-e-type=\"column\">\n\t\t\t<div class=\"elementor-widget-wrap elementor-element-populated\">\n\t\t\t\t\t\t<div class=\"elementor-element elementor-element-40875ed elementor-widget elementor-widget-text-editor\" data-id=\"40875ed\" data-element_type=\"widget\" data-e-type=\"widget\" data-widget_type=\"text-editor.default\">\n\t\t\t\t<div class=\"elementor-widget-container\">\n\t\t\t\t\t\t\t\t\t<p><b>Oportunidades Publicitarias en BBMAG: Alcance Global con Enfoque Local<\/b><\/p><p>Descubre c\u00f3mo BBMAG puede aumentar tu visibilidad y conectar tu marca con una audiencia diversa en Londres y m\u00e1s all\u00e1.<\/p><p><em><span style=\"font-weight: 400;\">Consulta nuestro Paquete de Medios <a href=\"https:\/\/www.bbmag.co.uk\/advertise\" target=\"_blank\" rel=\"noopener\">aqu\u00ed<\/a>.<\/span><\/em><\/p>\t\t\t\t\t\t\t\t<\/div>\n\t\t\t\t<\/div>\n\t\t<div class=\"elementor-element elementor-element-db296c0 e-grid e-con-boxed e-con e-parent\" data-id=\"db296c0\" data-element_type=\"container\" data-e-type=\"container\">\n\t\t\t\t\t<div class=\"e-con-inner\">\n\t\t\t\t<div class=\"elementor-element elementor-element-6479f13 elementor-widget elementor-widget-text-editor\" data-id=\"6479f13\" data-element_type=\"widget\" data-e-type=\"widget\" data-widget_type=\"text-editor.default\">\n\t\t\t\t<div class=\"elementor-widget-container\">\n\t\t\t\t\t\t\t\t\t<p><strong>Conectando Londres con el Mundo<\/strong><\/p><p>BBMAG se destaca como la \u00fanica revista triling\u00fce en Londres, ofreciendo contenido vibrante sobre estilo de vida, turismo y cultura en ingl\u00e9s, portugu\u00e9s y espa\u00f1ol. Somos la plataforma ideal para llegar no solo a los londinenses, sino tambi\u00e9n a las comunidades lus\u00f3fonas, hispanas y a una audiencia internacional.<\/p>\t\t\t\t\t\t\t\t<\/div>\n\t\t\t\t<\/div>\n\t\t\t\t<div class=\"elementor-element elementor-element-8571d87 elementor-widget elementor-widget-text-editor\" data-id=\"8571d87\" data-element_type=\"widget\" data-e-type=\"widget\" data-widget_type=\"text-editor.default\">\n\t\t\t\t<div class=\"elementor-widget-container\">\n\t\t\t\t\t\t\t\t\t<p><strong>BBMAG Digital: Ampl\u00eda Tu Alcance<\/strong><\/p><p>Nuestro sitio web es una plataforma interactiva integrada con las principales redes sociales, manteniendo a nuestros lectores actualizados con las \u00faltimas noticias del Reino Unido y de todo el mundo. Con versiones en tres idiomas, alcanzamos a m\u00e1s de 800,000 personas al mes, proporcionando un canal efectivo para promover tu marca a nivel global.<\/p>\t\t\t\t\t\t\t\t<\/div>\n\t\t\t\t<\/div>\n\t\t\t\t<div class=\"elementor-element elementor-element-60f9d70 elementor-widget elementor-widget-text-editor\" data-id=\"60f9d70\" data-element_type=\"widget\" data-e-type=\"widget\" data-widget_type=\"text-editor.default\">\n\t\t\t\t<div class=\"elementor-widget-container\">\n\t\t\t\t\t\t\t\t\t<p><strong>Expertos en Turismo y Negocios<\/strong><\/p><p>Entendemos la importancia de dirigir tu mensaje al p\u00fablico adecuado. Ya sea que tu negocio sea un destino tur\u00edstico, una aerol\u00ednea, gastronom\u00eda, servicios profesionales o comercio minorista, nuestro equipo especializado de ventas est\u00e1 aqu\u00ed para ayudar a que tu marca se destaque.<\/p>\t\t\t\t\t\t\t\t<\/div>\n\t\t\t\t<\/div>\n\t\t\t\t<div class=\"elementor-element elementor-element-3b6979b elementor-widget elementor-widget-text-editor\" data-id=\"3b6979b\" data-element_type=\"widget\" data-e-type=\"widget\" data-widget_type=\"text-editor.default\">\n\t\t\t\t<div class=\"elementor-widget-container\">\n\t\t\t\t\t\t\t\t\t<p><strong>Directorio de Negocios BBMAG: Impulsa tu Presencia<\/strong><\/p><p>\u00danete a nuestro Directorio de Negocios BBMAG, una herramienta esencial para promover clasificados, proveedores y productos en Londres y el Reino Unido. Tu anuncio aqu\u00ed significa una exposici\u00f3n estrat\u00e9gica e impactante para tu negocio.<\/p>\t\t\t\t\t\t\t\t<\/div>\n\t\t\t\t<\/div>\n\t\t\t\t<div class=\"elementor-element elementor-element-1016389 elementor-widget elementor-widget-text-editor\" data-id=\"1016389\" data-element_type=\"widget\" data-e-type=\"widget\" data-widget_type=\"text-editor.default\">\n\t\t\t\t<div class=\"elementor-widget-container\">\n\t\t\t\t\t\t\t\t\t<p><strong>\u00bfPor Qu\u00e9 Anunciar en BBMAG?<\/strong><\/p><p>Anunciar en BBMAG es tu puerta de entrada para llegar a audiencias portuguesas, hispanas, brit\u00e1nicas e internacionales en Londres. Con precios competitivos y flexibilidad en posicionamiento y dise\u00f1o, nos aseguramos de que tu campa\u00f1a reciba la m\u00e1xima visibilidad y alcance.<\/p>\t\t\t\t\t\t\t\t<\/div>\n\t\t\t\t<\/div>\n\t\t\t\t<div class=\"elementor-element elementor-element-3a42c82 elementor-widget elementor-widget-text-editor\" data-id=\"3a42c82\" data-element_type=\"widget\" data-e-type=\"widget\" data-widget_type=\"text-editor.default\">\n\t\t\t\t<div class=\"elementor-widget-container\">\n\t\t\t\t\t\t\t\t\t<p><strong>Maximiza tu Exposici\u00f3n<\/strong><\/p><p>No pierdas la oportunidad de mostrar tu marca con BBMAG. Consulta nuestro Paquete de Medios para descubrir c\u00f3mo podemos ayudarte a alcanzar tus objetivos publicitarios de manera efectiva e impactante.<\/p>\t\t\t\t\t\t\t\t<\/div>\n\t\t\t\t<\/div>\n\t\t\t\t\t<\/div>\n\t\t\t\t<\/div>\n\t\t\t\t<div class=\"elementor-element elementor-element-291ae42 elementor-button-success elementor-align-center animated-slow elementor-invisible elementor-widget elementor-widget-button\" data-id=\"291ae42\" data-element_type=\"widget\" data-e-type=\"widget\" data-settings=\"{&quot;_animation&quot;:&quot;fadeInRight&quot;,&quot;_animation_delay&quot;:900}\" data-widget_type=\"button.default\">\n\t\t\t\t<div class=\"elementor-widget-container\">\n\t\t\t\t\t\t\t\t\t<div class=\"elementor-button-wrapper\">\n\t\t\t\t\t<a class=\"elementor-button elementor-button-link elementor-size-xs elementor-animation-grow\" href=\"https:\/\/www.bbmag.co.uk\/\" target=\"_blank\" rel=\"noopener\">\n\t\t\t\t\t\t<span class=\"elementor-button-content-wrapper\">\n\t\t\t\t\t\t\t\t\t<span class=\"elementor-button-text\">VISIT THE WEBSITE<\/span>\n\t\t\t\t\t<\/span>\n\t\t\t\t\t<\/a>\n\t\t\t\t<\/div>\n\t\t\t\t\t\t\t\t<\/div>\n\t\t\t\t<\/div>\n\t\t\t\t\t<\/div>\n\t\t<\/div>\n\t\t\t\t\t<\/div>\n\t\t<\/section>\n\t\t\t\t<section class=\"elementor-section elementor-inner-section elementor-element elementor-element-4b8cfe4 elementor-section-boxed elementor-section-height-default elementor-section-height-default\" data-id=\"4b8cfe4\" data-element_type=\"section\" data-e-type=\"section\">\n\t\t\t\t\t\t<div class=\"elementor-container elementor-column-gap-default\">\n\t\t\t\t\t<div class=\"elementor-column elementor-col-100 elementor-inner-column elementor-element elementor-element-16c7cce\" data-id=\"16c7cce\" data-element_type=\"column\" data-e-type=\"column\">\n\t\t\t<div class=\"elementor-widget-wrap elementor-element-populated\">\n\t\t\t\t\t\t<div class=\"elementor-element elementor-element-2754fcf elementor-widget elementor-widget-image\" data-id=\"2754fcf\" data-element_type=\"widget\" data-e-type=\"widget\" data-widget_type=\"image.default\">\n\t\t\t\t<div class=\"elementor-widget-container\">\n\t\t\t\t\t\t\t\t\t\t\t\t\t\t\t<img fetchpriority=\"high\" decoding=\"async\" width=\"1024\" height=\"637\" src=\"https:\/\/www.bossapromotions.com\/wp-content\/uploads\/2024\/08\/bbmag_revistas-1-1024x637.jpeg\" class=\"attachment-1536x1536 size-1536x1536 wp-image-24840\" alt=\"\" srcset=\"https:\/\/www.bossapromotions.com\/wp-content\/uploads\/2024\/08\/bbmag_revistas-1.jpeg 1024w, https:\/\/www.bossapromotions.com\/wp-content\/uploads\/2024\/08\/bbmag_revistas-1-768x477.jpeg 768w\" sizes=\"(max-width: 1024px) 100vw, 1024px\" \/>\t\t\t\t\t\t\t\t\t\t\t\t\t\t\t<\/div>\n\t\t\t\t<\/div>\n\t\t\t\t\t<\/div>\n\t\t<\/div>\n\t\t\t\t\t<\/div>\n\t\t<\/section>\n\t\t\t\t\t<\/div>\n\t\t<\/div>\n\t\t\t\t\t<\/div>\n\t\t<\/section>\n\t\t\t\t<\/div>\n\t\t","protected":false},"excerpt":{"rendered":"<p>Oportunidades Publicitarias en BBMAG: Alcance Global con Enfoque Local Descubre c\u00f3mo BBMAG puede aumentar tu visibilidad y conectar tu marca con una audiencia diversa en Londres y m\u00e1s all\u00e1. Consulta&hellip;<\/p>\n<p> <a class=\"more-link\" href=\"https:\/\/www.bossapromotions.com\/es\/bbmag\/\">Leer m\u00e1s<\/a><\/p>\n","protected":false},"author":1,"featured_media":22691,"parent":0,"menu_order":0,"comment_status":"closed","ping_status":"closed","template":"","meta":{"footnotes":""},"class_list":["post-20791","page","type-page","status-publish","has-post-thumbnail"],"_links":{"self":[{"href":"https:\/\/www.bossapromotions.com\/es\/wp-json\/wp\/v2\/pages\/20791","targetHints":{"allow":["GET"]}}],"collection":[{"href":"https:\/\/www.bossapromotions.com\/es\/wp-json\/wp\/v2\/pages"}],"about":[{"href":"https:\/\/www.bossapromotions.com\/es\/wp-json\/wp\/v2\/types\/page"}],"author":[{"embeddable":true,"href":"https:\/\/www.bossapromotions.com\/es\/wp-json\/wp\/v2\/users\/1"}],"replies":[{"embeddable":true,"href":"https:\/\/www.bossapromotions.com\/es\/wp-json\/wp\/v2\/comments?post=20791"}],"version-history":[{"count":0,"href":"https:\/\/www.bossapromotions.com\/es\/wp-json\/wp\/v2\/pages\/20791\/revisions"}],"wp:featuredmedia":[{"embeddable":true,"href":"https:\/\/www.bossapromotions.com\/es\/wp-json\/wp\/v2\/media\/22691"}],"wp:attachment":[{"href":"https:\/\/www.bossapromotions.com\/es\/wp-json\/wp\/v2\/media?parent=20791"}],"curies":[{"name":"wp","href":"https:\/\/api.w.org\/{rel}","templated":true}]}}