{"id":20661,"date":"2020-10-08T13:30:35","date_gmt":"2020-10-08T13:30:35","guid":{"rendered":"https:\/\/www.bossapromotions.com\/?page_id=20661"},"modified":"2020-10-08T14:26:29","modified_gmt":"2020-10-08T14:26:29","slug":"descargo-de-responsabilidad","status":"publish","type":"page","link":"https:\/\/www.bossapromotions.com\/es\/descargo-de-responsabilidad\/","title":{"rendered":"Descargo de responsabilidad"},"content":{"rendered":"\t\t<div data-elementor-type=\"wp-page\" data-elementor-id=\"20661\" class=\"elementor elementor-20661 elementor-20657\" data-elementor-post-type=\"page\">\n\t\t\t\t\t\t<section class=\"elementor-section elementor-top-section elementor-element elementor-element-51ffcb26 elementor-section-boxed elementor-section-height-default elementor-section-height-default\" data-id=\"51ffcb26\" data-element_type=\"section\" data-e-type=\"section\">\n\t\t\t\t\t\t<div class=\"elementor-container elementor-column-gap-default\">\n\t\t\t\t\t<div class=\"elementor-column elementor-col-100 elementor-top-column elementor-element elementor-element-6432d5\" data-id=\"6432d5\" data-element_type=\"column\" data-e-type=\"column\">\n\t\t\t<div class=\"elementor-widget-wrap elementor-element-populated\">\n\t\t\t\t\t\t<div class=\"elementor-element elementor-element-2c605672 elementor-widget elementor-widget-text-editor\" data-id=\"2c605672\" data-element_type=\"widget\" data-e-type=\"widget\" data-widget_type=\"text-editor.default\">\n\t\t\t\t<div class=\"elementor-widget-container\">\n\t\t\t\t\t\t\t\t\t\n<h1><strong>WEBSITE DISCLAIMER<\/strong>\u00a0<\/h1>\n\n<p><strong>DERECHO DE AUTOR Y DESCARGO DE RESPONSABILIDAD<\/strong>\u00a0<\/p>\n\n<p><strong>T\u00c9RMINOS Y CONDICIONES DE USO<\/strong>\u00a0<\/p>\n\n<p>Usted no debe acceder a este sitio web o utilizar las informaciones contenidas en el mismo sin la previa aceptaci\u00f3n de estos t\u00e9rminos y condiciones. Al acceder y utilizar este sitio web o el uso de las informaciones contenidas en este sitio web implica la aceptaci\u00f3n de estos t\u00e9rminos y condiciones y su renuncia a todo y cualquier reclamo contra\u00a0nosotros, nuestros\u00a0miembros, socios, afiliados o empleados, planteada por el uso de este sitio web o cualquier material, informaci\u00f3n, opiniones o recomendaciones contenidas en el mismo.\u00a0Este sitio web e todas las propiedad intelectuales son de\u00a0propiedad de\u00a0Bossa Brazil\u00a0Limited, registrada en Inglaterra bajo el n\u00famero de registro No.\u00a03410846, y en Brasil por la empresa\u00a0Bossa Brazil\u00a0Promo\u00e7\u00f5es, Eventos e Turismo Limitada\u00a0CNPJ\u00a014.314.129\/0001-89.\u00a0<\/p>\n\n<p>El usuario reconoce el efecto legalmente vinculante de los siguientes t\u00e9rminos y condiciones de uso en las cl\u00e1usulas que siguen:\u00a0\u00a0\u00a0<\/p>\n\n<p><strong>INFORMACI\u00d3N Y RETRACTACI\u00d3N<\/strong>\u00a0<\/p>\n\n<p>Este sitio web\u00a0y las\u00a0informaciones, nombres, im\u00e1genes, fotos, logotipos e iconos relacionados o relativos al\u00a0BOSSA\u00a0y sus socios, asociados\u00a0y afiliados se proporcionan en\u00a0bases\u00a0siendo y estando\u00a0disponible sin ninguna representaci\u00f3n o garant\u00eda de ning\u00fan tipo, expresa o deducido, incluyendo, pero no limitado a las garant\u00edas\u00a0comerciales deducidas, ajustadas\u00a0para un prop\u00f3sito particular o no\u00a0en infracci\u00f3n. Aunque la informaci\u00f3n en este sitio web han sido compilada de buena fe para proporcionar informaci\u00f3n acerca de los productos y servicios\u00a0de\u00a0BOSSA\u00a0y sus asociados, sus matrices, subsidiarias, afiliadas o empleados\u00a0no deben en cualquier caso, estar sujetos a cualquier da\u00f1o\u00a0y perjuicios de cualquier tipo o naturaleza, incluyendo, sin limitaci\u00f3n, da\u00f1os directos, indirectos, especiales, incidentales o\u00a0por\u00a0consecuencia, y que surja de o\u00a0est\u00e9\u00a0relacionados con el uso o acceso a este sitio web o cualquier materiales, informaciones, calificaciones o recomendaciones en \u00e9l contenidas.\u00a0<\/p>\n\n<p>Reservamos\u00a0el derecho a modificar y actualizar y\/o cambiar en cualquier momento y sin previo aviso\u00a0estos t\u00e9rminos y condiciones,\u00a0informaciones, nombres, im\u00e1genes, fotos, logotipos e iconos que aparecen en este sitio web, o los productos y servicios mencionados en\u00a0este sitio web.\u00a0<\/p>\n\n<p>Este sitio web\u00a0puede contener\u00a0enlaces o referencias a otros sitios web que no est\u00e1n\u00a0sujetas ni al control ni bajo la responsabilidad\u00a0de\u00a0BOSSA,\u00a0y por lo tanto,\u00a0asumimos\u00a0ninguna responsabilidad\u00a0ni garant\u00eda\u00a0por enlaces a otros sitios web o enlaces contenidos en esos\u00a0otros\u00a0sitios.\u00a0<\/p>\n\n<p>Usted acepta no a\u00f1adir, alterar, sustituir o modificar total o parcialmente cualquier informaci\u00f3n en este sitio web.\u00a0<\/p>\n\n<p>Considerando que los datos financieros, tales como los informes anuales y estados financieros, que pueden estar contenidos en este sitio web, s\u00f3lo la versi\u00f3n escrita se puede considerar la versi\u00f3n aut\u00e9ntica.\u00a0<\/p>\n\n<p><strong>PROPIEDAD<\/strong><strong>\u00a0INTELECTUAL<\/strong>\u00a0<\/p>\n\n<p>Por favor, tenga en cuenta que los materiales mostrados en este sitio web, incluyendo, sin limitaci\u00f3n, todos\u00a0los materiales\u00a0editoriales, fotogr\u00e1ficos, ilustraciones y otros materiales gr\u00e1ficos, y nombres, logotipos, marcas comerciales y marcas de servicio son propiedad de\u00a0nosotros\u00a0o cualquiera de\u00a0nuestras\u00a0subsidiarias, filiales o asociadas y est\u00e1n protegidos por derechos de autor, marcas registradas y otras leyes de propiedad intelectual.\u00a0<\/p>\n\n<p>Otros nombres de compa\u00f1\u00edas mencionados en este sitio web deben\u00a0contener las marcas comerciales de sus respectivos propietarios.\u00a0Usted no\u00a0tiene el consentimiento\u00a0para\u00a0reproducir, retransmitir, distribuir, difundir, vender, publicar, difundir o distribuir cualquier material o parte de lo que puede llegar\u00a0a copiar y\/o guardar en archivo, mediante medios electr\u00f3nicos o tradicionales, conocidos o a serene creados.\u00a0<\/p>\n\n<ul>\n<li>Imprimir o\u00a0descargar\u00a0materiales\u00a0de este sitio web\u00a0para fines no comerciales, informativos y personales; o;\u00a0<\/li>\n<li>Copiar\u00a0el material\u00a0de\u00a0este sitio web con el prop\u00f3sito de enviarlo, sin objetivo comercial, a las partes individuales\u00a0para informaciones\u00a0personales\u00a0proporcionadas, reconociendo\u00a0nosotros\u00a0como la fuente del material y que\u00a0Usted\u00a0informe a los terceros\u00a0que estos t\u00e9rminos y\u00a0condiciones se aplican a ellos y que\u00a0los mismos\u00a0deben estar de acuerdo con ellos.\u00a0<\/li>\n<\/ul>\n\n<p>Nada de lo aqu\u00ed\u00a0contenido\u00a0debe interpretarse como concedidos por implicaci\u00f3n, impedimento o de otro modo, de cualquier licencia o derecho bajo cualquier patente o marcas comerciales de\u00a0BOSSA\u202fo por terceros.\u00a0<\/p>\n\n<p>A excepci\u00f3n de lo claramente\u00a0estipulado\u00a0arriba, nada\u00a0del\u00a0contenido aqu\u00ed\u00a0deber\u00e1 ser\u00a0interpretado como una concesi\u00f3n de cualquier licencia o derecho de autor u otros derechos de propiedad intelectual con respecto a cualquier informaci\u00f3n, datos, productos o servicios.\u00a0<\/p>\n\n<p><strong>LEY APLICABLE Y JURISDICCI\u00d3N<\/strong>\u00a0<\/p>\n\n<p>Estos t\u00e9rminos y condiciones\u00a0ser\u00e1n\u00a0 regidos, construidos y ejecutados de conformidad con la legislaci\u00f3n brasile\u00f1a. Cualquier y todas las disputas planteadas aqu\u00ed deben presentarse y resolverse de manera concluyente por las \u00e1reas competentes de Brasil, exclusivamente.\u00a0<\/p>\n\t\t\t\t\t\t\t\t<\/div>\n\t\t\t\t<\/div>\n\t\t\t\t\t<\/div>\n\t\t<\/div>\n\t\t\t\t\t<\/div>\n\t\t<\/section>\n\t\t\t\t<section class=\"elementor-section elementor-top-section elementor-element elementor-element-116524c1 elementor-section-stretched elementor-section-full_width elementor-section-content-middle elementor-section-height-default elementor-section-height-default\" data-id=\"116524c1\" data-element_type=\"section\" data-e-type=\"section\" data-settings=\"{&quot;stretch_section&quot;:&quot;section-stretched&quot;,&quot;background_background&quot;:&quot;classic&quot;}\">\n\t\t\t\t\t\t<div class=\"elementor-container elementor-column-gap-no\">\n\t\t\t\t\t<div class=\"elementor-column elementor-col-100 elementor-top-column elementor-element elementor-element-32363c1c\" data-id=\"32363c1c\" data-element_type=\"column\" data-e-type=\"column\">\n\t\t\t<div class=\"elementor-widget-wrap elementor-element-populated\">\n\t\t\t\t\t\t<div class=\"elementor-element elementor-element-327951c0 elementor-widget elementor-widget-text-editor\" data-id=\"327951c0\" data-element_type=\"widget\" data-e-type=\"widget\" data-widget_type=\"text-editor.default\">\n\t\t\t\t<div class=\"elementor-widget-container\">\n\t\t\t\t\t\t\t\t\t<p><span style=\"color: #999999;\">Copyright \u2013 Todos los derechos reservados Bossa \u00a9 <a style=\"color: #999999;\" href=\"https:\/\/www.bossapromotions.com\/page-sitemap.xml\" target=\"_blank\" rel=\"noopener noreferrer\">Mapa del sitio<\/a> | <a style=\"color: #999999;\" href=\"https:\/\/www.bossapromotions.com\/disclaimer-and-privacy-policy\/\">Descargo de Responsabilidad<\/a><\/span><\/p>\t\t\t\t\t\t\t\t<\/div>\n\t\t\t\t<\/div>\n\t\t\t\t\t<\/div>\n\t\t<\/div>\n\t\t\t\t\t<\/div>\n\t\t<\/section>\n\t\t\t\t<\/div>\n\t\t","protected":false},"excerpt":{"rendered":"<p>WEBSITE DISCLAIMER\u00a0 DERECHO DE AUTOR Y DESCARGO DE RESPONSABILIDAD\u00a0 T\u00c9RMINOS Y CONDICIONES DE USO\u00a0 Usted no debe acceder a este sitio web o utilizar las informaciones contenidas en el mismo&hellip;<\/p>\n<p> <a class=\"more-link\" href=\"https:\/\/www.bossapromotions.com\/es\/descargo-de-responsabilidad\/\">Leer m\u00e1s<\/a><\/p>\n","protected":false},"author":1,"featured_media":0,"parent":0,"menu_order":0,"comment_status":"closed","ping_status":"closed","template":"","meta":{"footnotes":""},"class_list":["post-20661","page","type-page","status-publish"],"_links":{"self":[{"href":"https:\/\/www.bossapromotions.com\/es\/wp-json\/wp\/v2\/pages\/20661","targetHints":{"allow":["GET"]}}],"collection":[{"href":"https:\/\/www.bossapromotions.com\/es\/wp-json\/wp\/v2\/pages"}],"about":[{"href":"https:\/\/www.bossapromotions.com\/es\/wp-json\/wp\/v2\/types\/page"}],"author":[{"embeddable":true,"href":"https:\/\/www.bossapromotions.com\/es\/wp-json\/wp\/v2\/users\/1"}],"replies":[{"embeddable":true,"href":"https:\/\/www.bossapromotions.com\/es\/wp-json\/wp\/v2\/comments?post=20661"}],"version-history":[{"count":0,"href":"https:\/\/www.bossapromotions.com\/es\/wp-json\/wp\/v2\/pages\/20661\/revisions"}],"wp:attachment":[{"href":"https:\/\/www.bossapromotions.com\/es\/wp-json\/wp\/v2\/media?parent=20661"}],"curies":[{"name":"wp","href":"https:\/\/api.w.org\/{rel}","templated":true}]}}