{"id":16689,"date":"2019-11-26T09:47:43","date_gmt":"2019-11-26T09:47:43","guid":{"rendered":"https:\/\/bossapromotions.com\/que-hacemos\/"},"modified":"2024-08-23T18:18:48","modified_gmt":"2024-08-23T17:18:48","slug":"que-hacemos","status":"publish","type":"page","link":"https:\/\/www.bossapromotions.com\/es\/que-hacemos\/","title":{"rendered":"Lo Qu\u00e9 Hacemos"},"content":{"rendered":"\t\t<div data-elementor-type=\"wp-page\" data-elementor-id=\"16689\" class=\"elementor elementor-16689 elementor-16532\" data-elementor-post-type=\"page\">\n\t\t\t\t\t\t<section class=\"elementor-section elementor-top-section elementor-element elementor-element-5e0dceb elementor-section-stretched elementor-section-boxed elementor-section-height-default elementor-section-height-default\" data-id=\"5e0dceb\" data-element_type=\"section\" data-e-type=\"section\" data-settings=\"{&quot;stretch_section&quot;:&quot;section-stretched&quot;,&quot;background_background&quot;:&quot;classic&quot;}\">\n\t\t\t\t\t\t\t<div class=\"elementor-background-overlay\"><\/div>\n\t\t\t\t\t\t\t<div class=\"elementor-container elementor-column-gap-default\">\n\t\t\t\t\t<div class=\"elementor-column elementor-col-100 elementor-top-column elementor-element elementor-element-3cf2bbc\" data-id=\"3cf2bbc\" data-element_type=\"column\" data-e-type=\"column\">\n\t\t\t<div class=\"elementor-widget-wrap elementor-element-populated\">\n\t\t\t\t\t\t<div class=\"elementor-element elementor-element-2806ead elementor-widget elementor-widget-text-editor\" data-id=\"2806ead\" data-element_type=\"widget\" data-e-type=\"widget\" data-widget_type=\"text-editor.default\">\n\t\t\t\t<div class=\"elementor-widget-container\">\n\t\t\t\t\t\t\t\t\t<p><b>Organizaci\u00f3n de eventos, promoci\u00f3n y marketing tur\u00edstico, representaci\u00f3n comercial e institucional, servicios de relaciones p\u00fablicas y formaci\u00f3n.<\/b><\/p><p><span style=\"font-weight: 400;\">Con el paso de los a\u00f1os, con nuestros equipos en el Reino Unido, Europa, Am\u00e9rica del Norte y del Sur, incluyendo Brasil, hemos consolidado nuestros servicios con un enfoque en la promoci\u00f3n tur\u00edstica, organizaci\u00f3n de eventos, seminarios, talleres, misiones comerciales y visitas de referencia, servicios para ferias, marketing tur\u00edstico, representaci\u00f3n comercial e institucional, internacionalizaci\u00f3n empresarial, servicios de relaciones p\u00fablicas y formaci\u00f3n.<\/span><\/p><p><span style=\"font-weight: 400;\">Trabajamos con propuestas personalizadas, ofreciendo a nuestros clientes exactamente lo que necesitan seg\u00fan sus requisitos espec\u00edficos, dirigidos a los segmentos m\u00e1s relevantes en cada \u00e1rea, proporcionando as\u00ed oportunidades para micro, peque\u00f1as y grandes empresas que buscan expandirse comercialmente.<\/span><\/p><p><span style=\"font-weight: 400;\">A trav\u00e9s de nuestros servicios y amplia experiencia empresarial, con un equipo altamente cualificado y estrategias y campa\u00f1as innovadoras y creativas, desarrollamos herramientas \u00fanicas para asegurar que nuestros clientes logren visibilidad y resultados crecientes, asegur\u00e1ndoles una posici\u00f3n destacada en mercados competitivos.<\/span><\/p>\t\t\t\t\t\t\t\t<\/div>\n\t\t\t\t<\/div>\n\t\t<div class=\"elementor-element elementor-element-f23ee94 e-con-full e-flex e-con e-parent\" data-id=\"f23ee94\" data-element_type=\"container\" data-e-type=\"container\">\n\t\t\t\t<div class=\"elementor-element elementor-element-c6bac90 elementor-flip-box--direction-down elementor-widget__width-initial elementor-flip-box--effect-flip elementor-widget elementor-widget-flip-box\" data-id=\"c6bac90\" data-element_type=\"widget\" data-e-type=\"widget\" data-widget_type=\"flip-box.default\">\n\t\t\t\t<div class=\"elementor-widget-container\">\n\t\t\t\t\t\t\t<div class=\"elementor-flip-box\" tabindex=\"0\">\n\t\t\t<div class=\"elementor-flip-box__layer elementor-flip-box__front\">\n\t\t\t\t<div class=\"elementor-flip-box__layer__overlay\">\n\t\t\t\t\t<div class=\"elementor-flip-box__layer__inner\">\n\t\t\t\t\t\t\t\t\t\t\t\t\t<div class=\"elementor-flip-box__image\">\n\t\t\t\t\t\t\t\t<img decoding=\"async\" width=\"150\" height=\"150\" src=\"https:\/\/www.bossapromotions.com\/wp-content\/uploads\/2024\/06\/bbmag_magazine_w-150x150.png\" class=\"attachment-thumbnail size-thumbnail wp-image-21926\" alt=\"bbmag magazine w\" srcset=\"https:\/\/www.bossapromotions.com\/wp-content\/uploads\/2024\/06\/bbmag_magazine_w-150x150.png 150w, https:\/\/www.bossapromotions.com\/wp-content\/uploads\/2024\/06\/bbmag_magazine_w.png 240w\" sizes=\"(max-width: 150px) 100vw, 150px\" \/>\t\t\t\t\t\t\t<\/div>\n\t\t\t\t\t\t\n\t\t\t\t\t\t\t\t\t\t\t\t\t<h3 class=\"elementor-flip-box__layer__title\">\n\t\t\t\t\t\t\t\tBBMag Revista\t\t\t\t\t\t\t<\/h3>\n\t\t\t\t\t\t\n\t\t\t\t\t\t\t\t\t\t\t<\/div>\n\t\t\t\t<\/div>\n\t\t\t<\/div>\n\t\t\t<div class=\"elementor-flip-box__layer elementor-flip-box__back\">\n\t\t\t<div class=\"elementor-flip-box__layer__overlay\">\n\t\t\t\t<div class=\"elementor-flip-box__layer__inner\">\n\t\t\t\t\t\t\t\t\t\t\t<h3 class=\"elementor-flip-box__layer__title\">\n\t\t\t\t\t\t\tBBMag Revista\t\t\t\t\t\t<\/h3>\n\t\t\t\t\t\n\t\t\t\t\t\t\t\t\t\t\t<div class=\"elementor-flip-box__layer__description\">\n\t\t\t\t\t\t\tOportunidades Publicitarias en BBMAG: Alcance Global con Enfoque Local\n\t\t\t\t\t\t<\/div>\n\t\t\t\t\t\n\t\t\t\t\t\t\t\t\t\t\t<a class=\"elementor-flip-box__button elementor-button elementor-size-xs\" href=\"https:\/\/www.bossapromotions.com\/es\/bbmag\/\">\n\t\t\t\t\t\t\tConoce m\u00e1s\t\t\t\t\t\t<\/a>\n\t\t\t\t\t\t\t\t<\/div>\n\t\t<\/div>\n\t\t<\/div>\n\t\t<\/div>\n\t\t\t\t\t\t<\/div>\n\t\t\t\t<\/div>\n\t\t\t\t<div class=\"elementor-element elementor-element-8ec1dd7 elementor-flip-box--direction-down elementor-widget__width-initial elementor-flip-box--effect-flip elementor-widget elementor-widget-flip-box\" data-id=\"8ec1dd7\" data-element_type=\"widget\" data-e-type=\"widget\" data-widget_type=\"flip-box.default\">\n\t\t\t\t<div class=\"elementor-widget-container\">\n\t\t\t\t\t\t\t<div class=\"elementor-flip-box\" tabindex=\"0\">\n\t\t\t<div class=\"elementor-flip-box__layer elementor-flip-box__front\">\n\t\t\t\t<div class=\"elementor-flip-box__layer__overlay\">\n\t\t\t\t\t<div class=\"elementor-flip-box__layer__inner\">\n\t\t\t\t\t\t\t\t\t\t\t\t\t<div class=\"elementor-flip-box__image\">\n\t\t\t\t\t\t\t\t<img decoding=\"async\" width=\"150\" height=\"150\" src=\"https:\/\/www.bossapromotions.com\/wp-content\/uploads\/2024\/06\/tourism_promotion_w-150x150.png\" class=\"attachment-thumbnail size-thumbnail wp-image-21974\" alt=\"tourism promotion w\" srcset=\"https:\/\/www.bossapromotions.com\/wp-content\/uploads\/2024\/06\/tourism_promotion_w-150x150.png 150w, https:\/\/www.bossapromotions.com\/wp-content\/uploads\/2024\/06\/tourism_promotion_w.png 300w\" sizes=\"(max-width: 150px) 100vw, 150px\" \/>\t\t\t\t\t\t\t<\/div>\n\t\t\t\t\t\t\n\t\t\t\t\t\t\t\t\t\t\t\t\t<h3 class=\"elementor-flip-box__layer__title\">\n\t\t\t\t\t\t\t\tPromoci\u00f3n Tur\u00edstica\t\t\t\t\t\t\t<\/h3>\n\t\t\t\t\t\t\n\t\t\t\t\t\t\t\t\t\t\t<\/div>\n\t\t\t\t<\/div>\n\t\t\t<\/div>\n\t\t\t<div class=\"elementor-flip-box__layer elementor-flip-box__back\">\n\t\t\t<div class=\"elementor-flip-box__layer__overlay\">\n\t\t\t\t<div class=\"elementor-flip-box__layer__inner\">\n\t\t\t\t\t\t\t\t\t\t\t<h3 class=\"elementor-flip-box__layer__title\">\n\t\t\t\t\t\t\tPromoci\u00f3n Tur\u00edstica\t\t\t\t\t\t<\/h3>\n\t\t\t\t\t\n\t\t\t\t\t\t\t\t\t\t\t<div class=\"elementor-flip-box__layer__description\">\n\t\t\t\t\t\t\tPromoci\u00f3n Internacional de Destinos Tur\u00edsticos: Estrategias para Aumentar la Visibilidad Global\t\t\t\t\t\t<\/div>\n\t\t\t\t\t\n\t\t\t\t\t\t\t\t\t\t\t<a class=\"elementor-flip-box__button elementor-button elementor-size-xs\" href=\"https:\/\/www.bossapromotions.com\/es\/promocion-turistica\/\">\n\t\t\t\t\t\t\tConoce m\u00e1s\t\t\t\t\t\t<\/a>\n\t\t\t\t\t\t\t\t<\/div>\n\t\t<\/div>\n\t\t<\/div>\n\t\t<\/div>\n\t\t\t\t\t\t<\/div>\n\t\t\t\t<\/div>\n\t\t\t\t<div class=\"elementor-element elementor-element-e9d37d4 elementor-flip-box--direction-down elementor-widget__width-initial elementor-flip-box--effect-flip elementor-widget elementor-widget-flip-box\" data-id=\"e9d37d4\" data-element_type=\"widget\" data-e-type=\"widget\" data-widget_type=\"flip-box.default\">\n\t\t\t\t<div class=\"elementor-widget-container\">\n\t\t\t\t\t\t\t<div class=\"elementor-flip-box\" tabindex=\"0\">\n\t\t\t<div class=\"elementor-flip-box__layer elementor-flip-box__front\">\n\t\t\t\t<div class=\"elementor-flip-box__layer__overlay\">\n\t\t\t\t\t<div class=\"elementor-flip-box__layer__inner\">\n\t\t\t\t\t\t\t\t\t\t\t\t\t<div class=\"elementor-flip-box__image\">\n\t\t\t\t\t\t\t\t<img decoding=\"async\" width=\"150\" height=\"150\" src=\"https:\/\/www.bossapromotions.com\/wp-content\/uploads\/2024\/06\/events-organising_w-150x150.png\" class=\"attachment-thumbnail size-thumbnail wp-image-21934\" alt=\"events organising w\" srcset=\"https:\/\/www.bossapromotions.com\/wp-content\/uploads\/2024\/06\/events-organising_w-150x150.png 150w, https:\/\/www.bossapromotions.com\/wp-content\/uploads\/2024\/06\/events-organising_w.png 300w\" sizes=\"(max-width: 150px) 100vw, 150px\" \/>\t\t\t\t\t\t\t<\/div>\n\t\t\t\t\t\t\n\t\t\t\t\t\t\t\t\t\t\t\t\t<h3 class=\"elementor-flip-box__layer__title\">\n\t\t\t\t\t\t\t\tOrganizaci\u00f3n de eventos\t\t\t\t\t\t\t<\/h3>\n\t\t\t\t\t\t\n\t\t\t\t\t\t\t\t\t\t\t<\/div>\n\t\t\t\t<\/div>\n\t\t\t<\/div>\n\t\t\t<div class=\"elementor-flip-box__layer elementor-flip-box__back\">\n\t\t\t<div class=\"elementor-flip-box__layer__overlay\">\n\t\t\t\t<div class=\"elementor-flip-box__layer__inner\">\n\t\t\t\t\t\t\t\t\t\t\t<h3 class=\"elementor-flip-box__layer__title\">\n\t\t\t\t\t\t\tOrganizaci\u00f3n de eventos\t\t\t\t\t\t<\/h3>\n\t\t\t\t\t\n\t\t\t\t\t\t\t\t\t\t\t<div class=\"elementor-flip-box__layer__description\">\n\t\t\t\t\t\t\tOrganizaci\u00f3n de Eventos Corporativos para la Promoci\u00f3n Tur\u00edstica: Estrategias Eficaces\t\t\t\t\t\t<\/div>\n\t\t\t\t\t\n\t\t\t\t\t\t\t\t\t\t\t<a class=\"elementor-flip-box__button elementor-button elementor-size-xs\" href=\"https:\/\/www.bossapromotions.com\/es\/eventos\/\">\n\t\t\t\t\t\t\tConoce m\u00e1s\t\t\t\t\t\t<\/a>\n\t\t\t\t\t\t\t\t<\/div>\n\t\t<\/div>\n\t\t<\/div>\n\t\t<\/div>\n\t\t\t\t\t\t<\/div>\n\t\t\t\t<\/div>\n\t\t\t\t<div class=\"elementor-element elementor-element-d843b77 elementor-flip-box--direction-down elementor-widget__width-initial elementor-flip-box--effect-flip elementor-widget elementor-widget-flip-box\" data-id=\"d843b77\" data-element_type=\"widget\" data-e-type=\"widget\" data-widget_type=\"flip-box.default\">\n\t\t\t\t<div class=\"elementor-widget-container\">\n\t\t\t\t\t\t\t<div class=\"elementor-flip-box\" tabindex=\"0\">\n\t\t\t<div class=\"elementor-flip-box__layer elementor-flip-box__front\">\n\t\t\t\t<div class=\"elementor-flip-box__layer__overlay\">\n\t\t\t\t\t<div class=\"elementor-flip-box__layer__inner\">\n\t\t\t\t\t\t\t\t\t\t\t\t\t<div class=\"elementor-flip-box__image\">\n\t\t\t\t\t\t\t\t<img loading=\"lazy\" decoding=\"async\" width=\"150\" height=\"150\" src=\"https:\/\/www.bossapromotions.com\/wp-content\/uploads\/2024\/06\/exhibition_w-150x150.png\" class=\"attachment-thumbnail size-thumbnail wp-image-21942\" alt=\"exhibition w\" srcset=\"https:\/\/www.bossapromotions.com\/wp-content\/uploads\/2024\/06\/exhibition_w-150x150.png 150w, https:\/\/www.bossapromotions.com\/wp-content\/uploads\/2024\/06\/exhibition_w.png 300w\" sizes=\"(max-width: 150px) 100vw, 150px\" \/>\t\t\t\t\t\t\t<\/div>\n\t\t\t\t\t\t\n\t\t\t\t\t\t\t\t\t\t\t\t\t<h3 class=\"elementor-flip-box__layer__title\">\n\t\t\t\t\t\t\t\tServicios para Ferias Comerciales\t\t\t\t\t\t\t<\/h3>\n\t\t\t\t\t\t\n\t\t\t\t\t\t\t\t\t\t\t<\/div>\n\t\t\t\t<\/div>\n\t\t\t<\/div>\n\t\t\t<div class=\"elementor-flip-box__layer elementor-flip-box__back\">\n\t\t\t<div class=\"elementor-flip-box__layer__overlay\">\n\t\t\t\t<div class=\"elementor-flip-box__layer__inner\">\n\t\t\t\t\t\t\t\t\t\t\t<h3 class=\"elementor-flip-box__layer__title\">\n\t\t\t\t\t\t\tServicios para Ferias Comerciales\t\t\t\t\t\t<\/h3>\n\t\t\t\t\t\n\t\t\t\t\t\t\t\t\t\t\t<div class=\"elementor-flip-box__layer__description\">\n\t\t\t\t\t\t\tServicios para la participaci\u00f3n en ferias comerciales: soluciones integrales para aprovechar oportunidades de networking\t\t\t\t\t\t<\/div>\n\t\t\t\t\t\n\t\t\t\t\t\t\t\t\t\t\t<a class=\"elementor-flip-box__button elementor-button elementor-size-xs\" href=\"https:\/\/www.bossapromotions.com\/es\/servicios-para-ferias\/\">\n\t\t\t\t\t\t\tConoce m\u00e1s\t\t\t\t\t\t<\/a>\n\t\t\t\t\t\t\t\t<\/div>\n\t\t<\/div>\n\t\t<\/div>\n\t\t<\/div>\n\t\t\t\t\t\t<\/div>\n\t\t\t\t<\/div>\n\t\t\t\t<div class=\"elementor-element elementor-element-bf33bd1 elementor-flip-box--direction-down elementor-widget__width-initial elementor-flip-box--effect-flip elementor-widget elementor-widget-flip-box\" data-id=\"bf33bd1\" data-element_type=\"widget\" data-e-type=\"widget\" data-widget_type=\"flip-box.default\">\n\t\t\t\t<div class=\"elementor-widget-container\">\n\t\t\t\t\t\t\t<div class=\"elementor-flip-box\" tabindex=\"0\">\n\t\t\t<div class=\"elementor-flip-box__layer elementor-flip-box__front\">\n\t\t\t\t<div class=\"elementor-flip-box__layer__overlay\">\n\t\t\t\t\t<div class=\"elementor-flip-box__layer__inner\">\n\t\t\t\t\t\t\t\t\t\t\t\t\t<div class=\"elementor-flip-box__image\">\n\t\t\t\t\t\t\t\t<img loading=\"lazy\" decoding=\"async\" width=\"150\" height=\"150\" src=\"https:\/\/www.bossapromotions.com\/wp-content\/uploads\/2024\/06\/marketing_w-150x150.png\" class=\"attachment-thumbnail size-thumbnail wp-image-21950\" alt=\"marketing w\" srcset=\"https:\/\/www.bossapromotions.com\/wp-content\/uploads\/2024\/06\/marketing_w-150x150.png 150w, https:\/\/www.bossapromotions.com\/wp-content\/uploads\/2024\/06\/marketing_w.png 300w\" sizes=\"(max-width: 150px) 100vw, 150px\" \/>\t\t\t\t\t\t\t<\/div>\n\t\t\t\t\t\t\n\t\t\t\t\t\t\t\t\t\t\t\t\t<h3 class=\"elementor-flip-box__layer__title\">\n\t\t\t\t\t\t\t\tMarketing\t\t\t\t\t\t\t<\/h3>\n\t\t\t\t\t\t\n\t\t\t\t\t\t\t\t\t\t\t<\/div>\n\t\t\t\t<\/div>\n\t\t\t<\/div>\n\t\t\t<div class=\"elementor-flip-box__layer elementor-flip-box__back\">\n\t\t\t<div class=\"elementor-flip-box__layer__overlay\">\n\t\t\t\t<div class=\"elementor-flip-box__layer__inner\">\n\t\t\t\t\t\t\t\t\t\t\t<h3 class=\"elementor-flip-box__layer__title\">\n\t\t\t\t\t\t\tMarketing\t\t\t\t\t\t<\/h3>\n\t\t\t\t\t\n\t\t\t\t\t\t\t\t\t\t\t<div class=\"elementor-flip-box__layer__description\">\n\t\t\t\t\t\t\tCampa\u00f1as de marketing innovadoras adaptadas a diversos p\u00fablicos aseguran prominencia en mercados competitivos\t\t\t\t\t\t<\/div>\n\t\t\t\t\t\n\t\t\t\t\t\t\t\t\t\t\t<a class=\"elementor-flip-box__button elementor-button elementor-size-xs\" href=\"https:\/\/www.bossapromotions.com\/es\/marketing\/\">\n\t\t\t\t\t\t\tConoce m\u00e1s\t\t\t\t\t\t<\/a>\n\t\t\t\t\t\t\t\t<\/div>\n\t\t<\/div>\n\t\t<\/div>\n\t\t<\/div>\n\t\t\t\t\t\t<\/div>\n\t\t\t\t<\/div>\n\t\t\t\t<div class=\"elementor-element elementor-element-586ab87 elementor-flip-box--direction-down elementor-widget__width-initial elementor-flip-box--effect-flip elementor-widget elementor-widget-flip-box\" data-id=\"586ab87\" data-element_type=\"widget\" data-e-type=\"widget\" data-widget_type=\"flip-box.default\">\n\t\t\t\t<div class=\"elementor-widget-container\">\n\t\t\t\t\t\t\t<div class=\"elementor-flip-box\" tabindex=\"0\">\n\t\t\t<div class=\"elementor-flip-box__layer elementor-flip-box__front\">\n\t\t\t\t<div class=\"elementor-flip-box__layer__overlay\">\n\t\t\t\t\t<div class=\"elementor-flip-box__layer__inner\">\n\t\t\t\t\t\t\t\t\t\t\t\t\t<div class=\"elementor-flip-box__image\">\n\t\t\t\t\t\t\t\t<img loading=\"lazy\" decoding=\"async\" width=\"150\" height=\"150\" src=\"https:\/\/www.bossapromotions.com\/wp-content\/uploads\/2024\/06\/representation_w-150x150.png\" class=\"attachment-thumbnail size-thumbnail wp-image-21966\" alt=\"representation w\" srcset=\"https:\/\/www.bossapromotions.com\/wp-content\/uploads\/2024\/06\/representation_w-150x150.png 150w, https:\/\/www.bossapromotions.com\/wp-content\/uploads\/2024\/06\/representation_w.png 300w\" sizes=\"(max-width: 150px) 100vw, 150px\" \/>\t\t\t\t\t\t\t<\/div>\n\t\t\t\t\t\t\n\t\t\t\t\t\t\t\t\t\t\t\t\t<h3 class=\"elementor-flip-box__layer__title\">\n\t\t\t\t\t\t\t\tRepresentaci\u00f3n Comercial\t\t\t\t\t\t\t<\/h3>\n\t\t\t\t\t\t\n\t\t\t\t\t\t\t\t\t\t\t<\/div>\n\t\t\t\t<\/div>\n\t\t\t<\/div>\n\t\t\t<div class=\"elementor-flip-box__layer elementor-flip-box__back\">\n\t\t\t<div class=\"elementor-flip-box__layer__overlay\">\n\t\t\t\t<div class=\"elementor-flip-box__layer__inner\">\n\t\t\t\t\t\t\t\t\t\t\t<h3 class=\"elementor-flip-box__layer__title\">\n\t\t\t\t\t\t\tRepresentaci\u00f3n Comercial\t\t\t\t\t\t<\/h3>\n\t\t\t\t\t\n\t\t\t\t\t\t\t\t\t\t\t<div class=\"elementor-flip-box__layer__description\">\n\t\t\t\t\t\t\tConectando Empresas y Destinos Tur\u00edsticos con Mercados Globales a trav\u00e9s de la Representaci\u00f3n Comercial\t\t\t\t\t\t<\/div>\n\t\t\t\t\t\n\t\t\t\t\t\t\t\t\t\t\t<a class=\"elementor-flip-box__button elementor-button elementor-size-xs\" href=\"https:\/\/www.bossapromotions.com\/es\/representacion-comercial\/\">\n\t\t\t\t\t\t\tConoce m\u00e1s\t\t\t\t\t\t<\/a>\n\t\t\t\t\t\t\t\t<\/div>\n\t\t<\/div>\n\t\t<\/div>\n\t\t<\/div>\n\t\t\t\t\t\t<\/div>\n\t\t\t\t<\/div>\n\t\t\t\t<div class=\"elementor-element elementor-element-1c76f9f elementor-flip-box--direction-down elementor-widget__width-initial elementor-flip-box--effect-flip elementor-widget elementor-widget-flip-box\" data-id=\"1c76f9f\" data-element_type=\"widget\" data-e-type=\"widget\" data-widget_type=\"flip-box.default\">\n\t\t\t\t<div class=\"elementor-widget-container\">\n\t\t\t\t\t\t\t<div class=\"elementor-flip-box\" tabindex=\"0\">\n\t\t\t<div class=\"elementor-flip-box__layer elementor-flip-box__front\">\n\t\t\t\t<div class=\"elementor-flip-box__layer__overlay\">\n\t\t\t\t\t<div class=\"elementor-flip-box__layer__inner\">\n\t\t\t\t\t\t\t\t\t\t\t\t\t<div class=\"elementor-flip-box__image\">\n\t\t\t\t\t\t\t\t<img loading=\"lazy\" decoding=\"async\" width=\"150\" height=\"150\" src=\"https:\/\/www.bossapromotions.com\/wp-content\/uploads\/2024\/06\/public-relations_w-150x150.png\" class=\"attachment-thumbnail size-thumbnail wp-image-21958\" alt=\"public relations w\" srcset=\"https:\/\/www.bossapromotions.com\/wp-content\/uploads\/2024\/06\/public-relations_w-150x150.png 150w, https:\/\/www.bossapromotions.com\/wp-content\/uploads\/2024\/06\/public-relations_w.png 300w\" sizes=\"(max-width: 150px) 100vw, 150px\" \/>\t\t\t\t\t\t\t<\/div>\n\t\t\t\t\t\t\n\t\t\t\t\t\t\t\t\t\t\t\t\t<h3 class=\"elementor-flip-box__layer__title\">\n\t\t\t\t\t\t\t\tServicios de Relaciones P\u00fablicas\t\t\t\t\t\t\t<\/h3>\n\t\t\t\t\t\t\n\t\t\t\t\t\t\t\t\t\t\t<\/div>\n\t\t\t\t<\/div>\n\t\t\t<\/div>\n\t\t\t<div class=\"elementor-flip-box__layer elementor-flip-box__back\">\n\t\t\t<div class=\"elementor-flip-box__layer__overlay\">\n\t\t\t\t<div class=\"elementor-flip-box__layer__inner\">\n\t\t\t\t\t\t\t\t\t\t\t<h3 class=\"elementor-flip-box__layer__title\">\n\t\t\t\t\t\t\tServicios de Relaciones P\u00fablicas\t\t\t\t\t\t<\/h3>\n\t\t\t\t\t\n\t\t\t\t\t\t\t\t\t\t\t<div class=\"elementor-flip-box__layer__description\">\n\t\t\t\t\t\t\tConstrucci\u00f3n de Conexiones S\u00f3lidas e Impactantes a trav\u00e9s de Servicios de Relaciones P\u00fablicas\t\t\t\t\t\t<\/div>\n\t\t\t\t\t\n\t\t\t\t\t\t\t\t\t\t\t<a class=\"elementor-flip-box__button elementor-button elementor-size-xs\" href=\"https:\/\/www.bossapromotions.com\/es\/relaciones-publicas\/\">\n\t\t\t\t\t\t\tConoce m\u00e1s\t\t\t\t\t\t<\/a>\n\t\t\t\t\t\t\t\t<\/div>\n\t\t<\/div>\n\t\t<\/div>\n\t\t<\/div>\n\t\t\t\t\t\t<\/div>\n\t\t\t\t<\/div>\n\t\t\t\t<div class=\"elementor-element elementor-element-61d0924 elementor-flip-box--direction-down elementor-widget__width-initial elementor-flip-box--effect-flip elementor-widget elementor-widget-flip-box\" data-id=\"61d0924\" data-element_type=\"widget\" data-e-type=\"widget\" data-widget_type=\"flip-box.default\">\n\t\t\t\t<div class=\"elementor-widget-container\">\n\t\t\t\t\t\t\t<div class=\"elementor-flip-box\" tabindex=\"0\">\n\t\t\t<div class=\"elementor-flip-box__layer elementor-flip-box__front\">\n\t\t\t\t<div class=\"elementor-flip-box__layer__overlay\">\n\t\t\t\t\t<div class=\"elementor-flip-box__layer__inner\">\n\t\t\t\t\t\t\t\t\t\t\t\t\t<div class=\"elementor-flip-box__image\">\n\t\t\t\t\t\t\t\t<img loading=\"lazy\" decoding=\"async\" width=\"150\" height=\"150\" src=\"https:\/\/www.bossapromotions.com\/wp-content\/uploads\/2024\/06\/training_w-150x150.png\" class=\"attachment-thumbnail size-thumbnail wp-image-21982\" alt=\"training w\" srcset=\"https:\/\/www.bossapromotions.com\/wp-content\/uploads\/2024\/06\/training_w-150x150.png 150w, https:\/\/www.bossapromotions.com\/wp-content\/uploads\/2024\/06\/training_w.png 300w\" sizes=\"(max-width: 150px) 100vw, 150px\" \/>\t\t\t\t\t\t\t<\/div>\n\t\t\t\t\t\t\n\t\t\t\t\t\t\t\t\t\t\t\t\t<h3 class=\"elementor-flip-box__layer__title\">\n\t\t\t\t\t\t\t\tCapacitaci\u00f3nes\t\t\t\t\t\t\t<\/h3>\n\t\t\t\t\t\t\n\t\t\t\t\t\t\t\t\t\t\t<\/div>\n\t\t\t\t<\/div>\n\t\t\t<\/div>\n\t\t\t<div class=\"elementor-flip-box__layer elementor-flip-box__back\">\n\t\t\t<div class=\"elementor-flip-box__layer__overlay\">\n\t\t\t\t<div class=\"elementor-flip-box__layer__inner\">\n\t\t\t\t\t\t\t\t\t\t\t<h3 class=\"elementor-flip-box__layer__title\">\n\t\t\t\t\t\t\tCapacitaci\u00f3nes\t\t\t\t\t\t<\/h3>\n\t\t\t\t\t\n\t\t\t\t\t\t\t\t\t\t\t<div class=\"elementor-flip-box__layer__description\">\n\t\t\t\t\t\t\tCapacitando a Profesionales a trav\u00e9s de Formaciones en L\u00ednea y Presenciales, y Webinars para la Exitosa Promoci\u00f3n de Destinos Tur\u00edsticos\t\t\t\t\t\t<\/div>\n\t\t\t\t\t\n\t\t\t\t\t\t\t\t\t\t\t<a class=\"elementor-flip-box__button elementor-button elementor-size-xs\" href=\"https:\/\/www.bossapromotions.com\/es\/capacitacion\/\">\n\t\t\t\t\t\t\tConoce m\u00e1s\t\t\t\t\t\t<\/a>\n\t\t\t\t\t\t\t\t<\/div>\n\t\t<\/div>\n\t\t<\/div>\n\t\t<\/div>\n\t\t\t\t\t\t<\/div>\n\t\t\t\t<\/div>\n\t\t\t\t<\/div>\n\t\t\t\t\t<\/div>\n\t\t<\/div>\n\t\t\t\t\t<\/div>\n\t\t<\/section>\n\t\t\t\t<\/div>\n\t\t","protected":false},"excerpt":{"rendered":"<p>Organizaci\u00f3n de eventos, promoci\u00f3n y marketing tur\u00edstico, representaci\u00f3n comercial e institucional, servicios de relaciones p\u00fablicas y formaci\u00f3n. Con el paso de los a\u00f1os, con nuestros equipos en el Reino Unido,&hellip;<\/p>\n<p> <a class=\"more-link\" href=\"https:\/\/www.bossapromotions.com\/es\/que-hacemos\/\">Leer m\u00e1s<\/a><\/p>\n","protected":false},"author":1,"featured_media":22932,"parent":0,"menu_order":0,"comment_status":"closed","ping_status":"closed","template":"","meta":{"footnotes":""},"class_list":["post-16689","page","type-page","status-publish","has-post-thumbnail"],"_links":{"self":[{"href":"https:\/\/www.bossapromotions.com\/es\/wp-json\/wp\/v2\/pages\/16689","targetHints":{"allow":["GET"]}}],"collection":[{"href":"https:\/\/www.bossapromotions.com\/es\/wp-json\/wp\/v2\/pages"}],"about":[{"href":"https:\/\/www.bossapromotions.com\/es\/wp-json\/wp\/v2\/types\/page"}],"author":[{"embeddable":true,"href":"https:\/\/www.bossapromotions.com\/es\/wp-json\/wp\/v2\/users\/1"}],"replies":[{"embeddable":true,"href":"https:\/\/www.bossapromotions.com\/es\/wp-json\/wp\/v2\/comments?post=16689"}],"version-history":[{"count":0,"href":"https:\/\/www.bossapromotions.com\/es\/wp-json\/wp\/v2\/pages\/16689\/revisions"}],"wp:featuredmedia":[{"embeddable":true,"href":"https:\/\/www.bossapromotions.com\/es\/wp-json\/wp\/v2\/media\/22932"}],"wp:attachment":[{"href":"https:\/\/www.bossapromotions.com\/es\/wp-json\/wp\/v2\/media?parent=16689"}],"curies":[{"name":"wp","href":"https:\/\/api.w.org\/{rel}","templated":true}]}}