{"id":16683,"date":"2019-11-26T09:38:17","date_gmt":"2019-11-26T09:38:17","guid":{"rendered":"https:\/\/bossapromotions.com\/quienes-somos\/"},"modified":"2024-08-23T05:14:25","modified_gmt":"2024-08-23T04:14:25","slug":"quienes-somos","status":"publish","type":"page","link":"https:\/\/www.bossapromotions.com\/es\/quienes-somos\/","title":{"rendered":"Quienes Somos"},"content":{"rendered":"\t\t<div data-elementor-type=\"wp-page\" data-elementor-id=\"16683\" class=\"elementor elementor-16683 elementor-16724\" data-elementor-post-type=\"page\">\n\t\t\t\t\t\t<section class=\"elementor-section elementor-top-section elementor-element elementor-element-5e0dceb elementor-section-stretched elementor-section-boxed elementor-section-height-default elementor-section-height-default\" data-id=\"5e0dceb\" data-element_type=\"section\" data-e-type=\"section\" data-settings=\"{&quot;stretch_section&quot;:&quot;section-stretched&quot;,&quot;background_background&quot;:&quot;classic&quot;}\">\n\t\t\t\t\t\t\t<div class=\"elementor-background-overlay\"><\/div>\n\t\t\t\t\t\t\t<div class=\"elementor-container elementor-column-gap-default\">\n\t\t\t\t\t<div class=\"elementor-column elementor-col-100 elementor-top-column elementor-element elementor-element-3cf2bbc\" data-id=\"3cf2bbc\" data-element_type=\"column\" data-e-type=\"column\">\n\t\t\t<div class=\"elementor-widget-wrap elementor-element-populated\">\n\t\t\t\t\t\t<div class=\"elementor-element elementor-element-1586ba2 elementor-widget elementor-widget-text-editor\" data-id=\"1586ba2\" data-element_type=\"widget\" data-e-type=\"widget\" data-widget_type=\"text-editor.default\">\n\t\t\t\t<div class=\"elementor-widget-container\">\n\t\t\t\t\t\t\t\t\t<p><b>Con a\u00f1os de experiencia, Bossa es una agencia de promoci\u00f3n internacional enfocada en la organizaci\u00f3n de eventos, promoci\u00f3n y marketing tur\u00edstico, representaci\u00f3n comercial, asesor\u00eda de prensa y comunicaci\u00f3n, y relaciones p\u00fablicas.<\/b><\/p><p><span style=\"font-weight: 400;\">Bossa es una agencia internacional de promoci\u00f3n con un s\u00f3lido historial desde 1997, cuando comenzamos como especialistas en promoci\u00f3n y servicios para Brasil. Hoy en d\u00eda, hemos ampliado nuestro alcance para ofrecer los mismos servicios de alta calidad a una diversa gama de destinos y clientes en todo el mundo.<\/span><\/p><p><span style=\"font-weight: 400;\">Estamos especializados en la organizaci\u00f3n de eventos corporativos, seminarios, capacitaciones, roadshows, lanzamientos de productos, misiones empresariales y una amplia gama de servicios que incluyen representaci\u00f3n comercial e institucional, relaciones p\u00fablicas, servicios para ferias, internacionalizaci\u00f3n de empresas, y promoci\u00f3n tur\u00edstica, cultural y de negocios.<\/span><\/p><p><span style=\"font-weight: 400;\">Nos destacamos por la organizaci\u00f3n de eventos orientados al sector tur\u00edstico, facilitando la relaci\u00f3n entre proveedores, atractivos y destinos tur\u00edsticos con profesionales del sector de viajes. Nuestro objetivo es generar negocios y expandir la distribuci\u00f3n global de productos tur\u00edsticos.<\/span><\/p><p><span style=\"font-weight: 400;\">Fundada en Londres como Bossa Brazil, experimentamos una evoluci\u00f3n significativa entre 2011 y 2012, cuando incorporamos ejecutivos con amplia experiencia en las industrias de turismo, marketing y eventos. Esto nos permiti\u00f3 transformar a Bossa en una agencia internacional de servicios m\u00faltiples, operando en el Reino Unido, Europa, Am\u00e9rica del Norte, Am\u00e9rica del Sur y Brasil.<\/span><\/p><p><span style=\"font-weight: 400;\">Nuestra misi\u00f3n es proporcionar una experiencia comercial integral, ayudando a nuestros clientes a expandir sus negocios y explorar nuevos mercados. \u00abBossa\u00bb es sin\u00f3nimo de estilo, pasi\u00f3n, creatividad e innovaci\u00f3n, valores que gu\u00edan cada aspecto de nuestro trabajo.<\/span><\/p><p><b>Promoci\u00f3n y Representaci\u00f3n de Clientes Brasile\u00f1os e Internacionales<\/b><\/p><p><span style=\"font-weight: 400;\">Originalmente enfocada en la promoci\u00f3n de Brasil en el exterior, Bossa ahora ofrece sus servicios tambi\u00e9n a clientes internacionales que buscan oportunidades en Brasil y en varios pa\u00edses. Con un enfoque estrat\u00e9gico de marketing y relaciones, ayudamos a expandir fronteras, fortalecer asociaciones y aumentar la presencia global de nuestros clientes.<\/span><\/p><p><span style=\"font-weight: 400;\">Bossa Brazil, que dio origen al grupo, fue creada con la misi\u00f3n de promover Brasil en el Reino Unido y en Europa. A medida que evolucionamos, expandimos nuestras operaciones a otros mercados en Am\u00e9rica del Norte y del Sur, manteniendo el compromiso con la excelencia y la calidad. Hoy, nuestra experiencia est\u00e1 disponible para todos los clientes que desean crecer y destacarse en diferentes sectores, ya sea en Brasil o internacionalmente.<\/span><\/p><p><span style=\"font-weight: 400;\">Bossa Brazil, una divisi\u00f3n de Bossa, contin\u00faa apoyando a empresas privadas y organismos gubernamentales brasile\u00f1os en sus campa\u00f1as de promoci\u00f3n en el extranjero, al tiempo que asesora a empresas internacionales interesadas en ingresar al mercado brasile\u00f1o.<\/span><\/p>\t\t\t\t\t\t\t\t<\/div>\n\t\t\t\t<\/div>\n\t\t\t\t\t<\/div>\n\t\t<\/div>\n\t\t\t\t\t<\/div>\n\t\t<\/section>\n\t\t\t\t<\/div>\n\t\t","protected":false},"excerpt":{"rendered":"<p>Con a\u00f1os de experiencia, Bossa es una agencia de promoci\u00f3n internacional enfocada en la organizaci\u00f3n de eventos, promoci\u00f3n y marketing tur\u00edstico, representaci\u00f3n comercial, asesor\u00eda de prensa y comunicaci\u00f3n, y relaciones&hellip;<\/p>\n<p> <a class=\"more-link\" href=\"https:\/\/www.bossapromotions.com\/es\/quienes-somos\/\">Leer m\u00e1s<\/a><\/p>\n","protected":false},"author":1,"featured_media":22981,"parent":0,"menu_order":0,"comment_status":"closed","ping_status":"closed","template":"","meta":{"footnotes":""},"class_list":["post-16683","page","type-page","status-publish","has-post-thumbnail"],"_links":{"self":[{"href":"https:\/\/www.bossapromotions.com\/es\/wp-json\/wp\/v2\/pages\/16683","targetHints":{"allow":["GET"]}}],"collection":[{"href":"https:\/\/www.bossapromotions.com\/es\/wp-json\/wp\/v2\/pages"}],"about":[{"href":"https:\/\/www.bossapromotions.com\/es\/wp-json\/wp\/v2\/types\/page"}],"author":[{"embeddable":true,"href":"https:\/\/www.bossapromotions.com\/es\/wp-json\/wp\/v2\/users\/1"}],"replies":[{"embeddable":true,"href":"https:\/\/www.bossapromotions.com\/es\/wp-json\/wp\/v2\/comments?post=16683"}],"version-history":[{"count":0,"href":"https:\/\/www.bossapromotions.com\/es\/wp-json\/wp\/v2\/pages\/16683\/revisions"}],"wp:featuredmedia":[{"embeddable":true,"href":"https:\/\/www.bossapromotions.com\/es\/wp-json\/wp\/v2\/media\/22981"}],"wp:attachment":[{"href":"https:\/\/www.bossapromotions.com\/es\/wp-json\/wp\/v2\/media?parent=16683"}],"curies":[{"name":"wp","href":"https:\/\/api.w.org\/{rel}","templated":true}]}}