{"id":16677,"date":"2019-11-26T09:33:20","date_gmt":"2019-11-26T09:33:20","guid":{"rendered":"https:\/\/bossapromotions.com\/bossa-destinations\/"},"modified":"2024-08-23T13:58:39","modified_gmt":"2024-08-23T12:58:39","slug":"promocion-turistica","status":"publish","type":"page","link":"https:\/\/www.bossapromotions.com\/es\/promocion-turistica\/","title":{"rendered":"Promoci\u00f3n Tur\u00edstica"},"content":{"rendered":"\t\t<div data-elementor-type=\"wp-page\" data-elementor-id=\"16677\" class=\"elementor elementor-16677 elementor-16545\" data-elementor-post-type=\"page\">\n\t\t\t\t\t\t<section class=\"elementor-section elementor-top-section elementor-element elementor-element-1b2a28a elementor-section-stretched elementor-section-boxed elementor-section-height-default elementor-section-height-default\" data-id=\"1b2a28a\" data-element_type=\"section\" data-e-type=\"section\" data-settings=\"{&quot;stretch_section&quot;:&quot;section-stretched&quot;,&quot;background_background&quot;:&quot;classic&quot;}\">\n\t\t\t\t\t\t\t<div class=\"elementor-background-overlay\"><\/div>\n\t\t\t\t\t\t\t<div class=\"elementor-container elementor-column-gap-default\">\n\t\t\t\t\t<div class=\"elementor-column elementor-col-100 elementor-top-column elementor-element elementor-element-53f1b69\" data-id=\"53f1b69\" data-element_type=\"column\" data-e-type=\"column\">\n\t\t\t<div class=\"elementor-widget-wrap elementor-element-populated\">\n\t\t\t\t\t\t<div class=\"elementor-element elementor-element-3fe008d elementor-widget elementor-widget-text-editor\" data-id=\"3fe008d\" data-element_type=\"widget\" data-e-type=\"widget\" data-widget_type=\"text-editor.default\">\n\t\t\t\t<div class=\"elementor-widget-container\">\n\t\t\t\t\t\t\t\t\t<p><b>Promoci\u00f3n Internacional de Destinos Tur\u00edsticos: Estrategias para Aumentar la Visibilidad Global<\/b><\/p><p><b>C\u00f3mo la promoci\u00f3n internacional de destinos tur\u00edsticos puede atraer visitantes de todo el mundo, mejorando la visibilidad y el flujo tur\u00edstico a trav\u00e9s de t\u00e9cnicas efectivas de marketing y comunicaci\u00f3n.<\/b><\/p><p><span style=\"font-weight: 400;\">Bossa proporciona servicios esenciales para promover de manera efectiva destinos tur\u00edsticos y atracciones a nivel nacional e internacional, atrayendo visitantes y garantizando una experiencia positiva que fomente visitas repetidas y recomendaciones.<\/span><\/p>\t\t\t\t\t\t\t\t<\/div>\n\t\t\t\t<\/div>\n\t\t\t\t<div class=\"elementor-element elementor-element-5f78278 elementor-widget elementor-widget-text-editor\" data-id=\"5f78278\" data-element_type=\"widget\" data-e-type=\"widget\" data-widget_type=\"text-editor.default\">\n\t\t\t\t<div class=\"elementor-widget-container\">\n\t\t\t\t\t\t\t\t\t<p><span style=\"font-weight: 400;\"><strong>Marketing y Publicidad:<\/strong> <br \/>Creaci\u00f3n de campa\u00f1as de marketing digital, publicidad en medios tradicionales (televisi\u00f3n, radio, peri\u00f3dicos, revistas) y creaci\u00f3n de contenido (blogs, vlogs, influencers digitales).<\/span><\/p><p><span style=\"font-weight: 400;\"><strong>Organizaci\u00f3n y Participaci\u00f3n en Ferias y Eventos:<\/strong> <br \/>Organizaci\u00f3n de eventos para consumidores (festivales, eventos culturales, etc.), participaci\u00f3n en ferias de turismo nacionales e internacionales, y eventos para profesionales del turismo (roadshows, talleres, seminarios para promover destinos).<\/span><\/p><p><span style=\"font-weight: 400;\"><strong>Tecnolog\u00eda e Innovaci\u00f3n:<\/strong> <br \/>Aplicaciones, sitios web de turismo y plataformas para formaci\u00f3n online.<\/span><\/p><p><span style=\"font-weight: 400;\"><strong>Campa\u00f1as de Incentivos para Agentes de Viaje:<\/strong> <br \/>Organizaci\u00f3n de viajes de familiarizaci\u00f3n (fam trips).<\/span><\/p><p><span style=\"font-weight: 400;\"><strong>Relaciones P\u00fablicas, Relaciones con la Prensa y Comunicaci\u00f3n:<br \/><\/strong>Relaciones con los medios para obtener cobertura positiva, organizaci\u00f3n de viajes de familiarizaci\u00f3n para periodistas e influencers, gesti\u00f3n de crisis y comunicaci\u00f3n institucional.<\/span><\/p><p><span style=\"font-weight: 400;\"><strong>Formaci\u00f3n y Desarrollo de Capacidades para Profesionales del Turismo:<\/strong> <br \/>Formaci\u00f3n digital y presencial.<\/span><\/p><p><span style=\"font-weight: 400;\"><strong>Estudios e Investigaci\u00f3n:<\/strong> <br \/>Investigaci\u00f3n de mercado y an\u00e1lisis de datos y estad\u00edsticas en el sector tur\u00edstico.<\/span><\/p><p><span style=\"font-weight: 400;\">Un equipo cualificado con experiencia probada en este sector, trabajando con diversas juntas nacionales e internacionales de turismo, ofrece consultor\u00eda para desarrollar estrategias de promoci\u00f3n tur\u00edstica.<\/span><\/p><p><span style=\"font-weight: 400;\">Trabajamos con paquetes personalizados dirigidos a diversos sectores de mercado relevantes para nuestros clientes, adaptados a sus necesidades, estrategias y presupuestos.<\/span><\/p>\t\t\t\t\t\t\t\t<\/div>\n\t\t\t\t<\/div>\n\t\t\t\t<div class=\"elementor-element elementor-element-9feb95a elementor-widget elementor-widget-image\" data-id=\"9feb95a\" data-element_type=\"widget\" data-e-type=\"widget\" data-widget_type=\"image.default\">\n\t\t\t\t<div class=\"elementor-widget-container\">\n\t\t\t\t\t\t\t\t\t\t\t\t\t\t\t<img fetchpriority=\"high\" decoding=\"async\" width=\"1966\" height=\"368\" src=\"https:\/\/www.bossapromotions.com\/wp-content\/uploads\/2019\/11\/logo_bossa_bossadestinations_azul.png\" class=\"elementor-animation-grow attachment-full size-full wp-image-16065\" alt=\"\" srcset=\"https:\/\/www.bossapromotions.com\/wp-content\/uploads\/2019\/11\/logo_bossa_bossadestinations_azul.png 1966w, https:\/\/www.bossapromotions.com\/wp-content\/uploads\/2019\/11\/logo_bossa_bossadestinations_azul-300x56.png 300w, https:\/\/www.bossapromotions.com\/wp-content\/uploads\/2019\/11\/logo_bossa_bossadestinations_azul-768x144.png 768w, https:\/\/www.bossapromotions.com\/wp-content\/uploads\/2019\/11\/logo_bossa_bossadestinations_azul-1024x192.png 1024w\" sizes=\"(max-width: 1966px) 100vw, 1966px\" \/>\t\t\t\t\t\t\t\t\t\t\t\t\t\t\t<\/div>\n\t\t\t\t<\/div>\n\t\t\t\t\t<\/div>\n\t\t<\/div>\n\t\t\t\t\t<\/div>\n\t\t<\/section>\n\t\t\t\t<\/div>\n\t\t","protected":false},"excerpt":{"rendered":"<p>Promoci\u00f3n Internacional de Destinos Tur\u00edsticos: Estrategias para Aumentar la Visibilidad Global C\u00f3mo la promoci\u00f3n internacional de destinos tur\u00edsticos puede atraer visitantes de todo el mundo, mejorando la visibilidad y el&hellip;<\/p>\n<p> <a class=\"more-link\" href=\"https:\/\/www.bossapromotions.com\/es\/promocion-turistica\/\">Leer m\u00e1s<\/a><\/p>\n","protected":false},"author":1,"featured_media":23158,"parent":0,"menu_order":0,"comment_status":"closed","ping_status":"closed","template":"","meta":{"footnotes":""},"class_list":["post-16677","page","type-page","status-publish","has-post-thumbnail"],"_links":{"self":[{"href":"https:\/\/www.bossapromotions.com\/es\/wp-json\/wp\/v2\/pages\/16677","targetHints":{"allow":["GET"]}}],"collection":[{"href":"https:\/\/www.bossapromotions.com\/es\/wp-json\/wp\/v2\/pages"}],"about":[{"href":"https:\/\/www.bossapromotions.com\/es\/wp-json\/wp\/v2\/types\/page"}],"author":[{"embeddable":true,"href":"https:\/\/www.bossapromotions.com\/es\/wp-json\/wp\/v2\/users\/1"}],"replies":[{"embeddable":true,"href":"https:\/\/www.bossapromotions.com\/es\/wp-json\/wp\/v2\/comments?post=16677"}],"version-history":[{"count":0,"href":"https:\/\/www.bossapromotions.com\/es\/wp-json\/wp\/v2\/pages\/16677\/revisions"}],"wp:featuredmedia":[{"embeddable":true,"href":"https:\/\/www.bossapromotions.com\/es\/wp-json\/wp\/v2\/media\/23158"}],"wp:attachment":[{"href":"https:\/\/www.bossapromotions.com\/es\/wp-json\/wp\/v2\/media?parent=16677"}],"curies":[{"name":"wp","href":"https:\/\/api.w.org\/{rel}","templated":true}]}}