{"id":16671,"date":"2019-11-26T09:17:24","date_gmt":"2019-11-26T09:17:24","guid":{"rendered":"https:\/\/bossapromotions.com\/bossa-events\/"},"modified":"2024-08-23T14:08:18","modified_gmt":"2024-08-23T13:08:18","slug":"eventos","status":"publish","type":"page","link":"https:\/\/www.bossapromotions.com\/es\/eventos\/","title":{"rendered":"Organizaci\u00f3n de Eventos"},"content":{"rendered":"\t\t<div data-elementor-type=\"wp-page\" data-elementor-id=\"16671\" class=\"elementor elementor-16671 elementor-16550\" data-elementor-post-type=\"page\">\n\t\t\t\t\t\t<section class=\"elementor-section elementor-top-section elementor-element elementor-element-1b2a28a elementor-section-stretched elementor-section-boxed elementor-section-height-default elementor-section-height-default\" data-id=\"1b2a28a\" data-element_type=\"section\" data-e-type=\"section\" data-settings=\"{&quot;stretch_section&quot;:&quot;section-stretched&quot;,&quot;background_background&quot;:&quot;classic&quot;}\">\n\t\t\t\t\t\t\t<div class=\"elementor-background-overlay\"><\/div>\n\t\t\t\t\t\t\t<div class=\"elementor-container elementor-column-gap-default\">\n\t\t\t\t\t<div class=\"elementor-column elementor-col-100 elementor-top-column elementor-element elementor-element-53f1b69\" data-id=\"53f1b69\" data-element_type=\"column\" data-e-type=\"column\">\n\t\t\t<div class=\"elementor-widget-wrap elementor-element-populated\">\n\t\t\t\t\t\t<div class=\"elementor-element elementor-element-16b1ff3 elementor-widget elementor-widget-text-editor\" data-id=\"16b1ff3\" data-element_type=\"widget\" data-e-type=\"widget\" data-widget_type=\"text-editor.default\">\n\t\t\t\t<div class=\"elementor-widget-container\">\n\t\t\t\t\t\t\t\t\t<p><b>Organizaci\u00f3n de Eventos Corporativos para la Promoci\u00f3n Tur\u00edstica: Estrategias Eficaces<\/b><\/p><p><b>La organizaci\u00f3n de eventos corporativos impulsa la promoci\u00f3n tur\u00edstica, atrayendo visitantes y mejorando la imagen del destino a trav\u00e9s de una planificaci\u00f3n estrat\u00e9gica y experiencias memorables.<\/b><\/p><p><span style=\"font-weight: 400;\">Bossa cuenta con una amplia experiencia en la organizaci\u00f3n de eventos corporativos orientados a la promoci\u00f3n tur\u00edstica y generaci\u00f3n de nuevos negocios sectoriales, ofreciendo servicios personalizados para satisfacer las necesidades espec\u00edficas de cada cliente.<\/span><\/p><p><span style=\"font-weight: 400;\">Entre los tipos de eventos que organizamos se incluyen: talleres entre proveedores y compradores, seminarios, sesiones de formaci\u00f3n y desarrollo, festivales al aire libre, promoci\u00f3n de destinos, as\u00ed como eventos tur\u00edsticos en colaboraci\u00f3n con asociaciones, entidades p\u00fablicas y privadas, entre otros eventos corporativos que abarcan diversos sectores e industrias.<\/span><\/p><p><span style=\"font-weight: 400;\">Independientemente del tipo de evento, consideramos cada detalle desde la planificaci\u00f3n y gesti\u00f3n del presupuesto, proporcionando soporte en log\u00edstica como investigaci\u00f3n y reserva de lugares, negociaciones con proveedores, hasta el desarrollo de campa\u00f1as de marketing digital, materiales y relaci\u00f3n con la prensa.<\/span><\/p><p><span style=\"font-weight: 400;\">En el centro de nuestro enfoque est\u00e1n los participantes: desde la inscripci\u00f3n hasta nuestro servicio de confirmaci\u00f3n de asistencia, utilizamos bases de datos actualizadas y promoci\u00f3n telef\u00f3nica para contactar individualmente a cada invitado, garantizando el \u00e9xito del evento.<\/span><\/p><p><span style=\"font-weight: 400;\">Reconociendo la importancia del contenido, apoyamos en la curadur\u00eda de conferencias, talleres y selecci\u00f3n de ponentes, produciendo materiales promocionales y educativos personalizados consistentes con la identidad visual del evento.<\/span><\/p><p><span style=\"font-weight: 400;\">Para completar la experiencia, ofrecemos una amplia selecci\u00f3n de atracciones culturales y espect\u00e1culos, junto con opciones de catering tem\u00e1tico, a\u00f1adiendo el toque final al evento.<\/span><\/p>\t\t\t\t\t\t\t\t<\/div>\n\t\t\t\t<\/div>\n\t\t\t\t<div class=\"elementor-element elementor-element-9feb95a elementor-widget elementor-widget-image\" data-id=\"9feb95a\" data-element_type=\"widget\" data-e-type=\"widget\" data-widget_type=\"image.default\">\n\t\t\t\t<div class=\"elementor-widget-container\">\n\t\t\t\t\t\t\t\t\t\t\t\t\t\t\t<img fetchpriority=\"high\" decoding=\"async\" width=\"1391\" height=\"359\" src=\"https:\/\/www.bossapromotions.com\/wp-content\/uploads\/2019\/11\/logo_bossa_bossaevents_azul.png\" class=\"elementor-animation-grow attachment-full size-full wp-image-16075\" alt=\"\" srcset=\"https:\/\/www.bossapromotions.com\/wp-content\/uploads\/2019\/11\/logo_bossa_bossaevents_azul.png 1391w, https:\/\/www.bossapromotions.com\/wp-content\/uploads\/2019\/11\/logo_bossa_bossaevents_azul-300x77.png 300w, https:\/\/www.bossapromotions.com\/wp-content\/uploads\/2019\/11\/logo_bossa_bossaevents_azul-768x198.png 768w, https:\/\/www.bossapromotions.com\/wp-content\/uploads\/2019\/11\/logo_bossa_bossaevents_azul-1024x264.png 1024w\" sizes=\"(max-width: 1391px) 100vw, 1391px\" \/>\t\t\t\t\t\t\t\t\t\t\t\t\t\t\t<\/div>\n\t\t\t\t<\/div>\n\t\t\t\t\t<\/div>\n\t\t<\/div>\n\t\t\t\t\t<\/div>\n\t\t<\/section>\n\t\t\t\t<\/div>\n\t\t","protected":false},"excerpt":{"rendered":"<p>Organizaci\u00f3n de Eventos Corporativos para la Promoci\u00f3n Tur\u00edstica: Estrategias Eficaces La organizaci\u00f3n de eventos corporativos impulsa la promoci\u00f3n tur\u00edstica, atrayendo visitantes y mejorando la imagen del destino a trav\u00e9s de&hellip;<\/p>\n<p> <a class=\"more-link\" href=\"https:\/\/www.bossapromotions.com\/es\/eventos\/\">Leer m\u00e1s<\/a><\/p>\n","protected":false},"author":1,"featured_media":25270,"parent":0,"menu_order":0,"comment_status":"closed","ping_status":"closed","template":"","meta":{"footnotes":""},"class_list":["post-16671","page","type-page","status-publish","has-post-thumbnail"],"_links":{"self":[{"href":"https:\/\/www.bossapromotions.com\/es\/wp-json\/wp\/v2\/pages\/16671","targetHints":{"allow":["GET"]}}],"collection":[{"href":"https:\/\/www.bossapromotions.com\/es\/wp-json\/wp\/v2\/pages"}],"about":[{"href":"https:\/\/www.bossapromotions.com\/es\/wp-json\/wp\/v2\/types\/page"}],"author":[{"embeddable":true,"href":"https:\/\/www.bossapromotions.com\/es\/wp-json\/wp\/v2\/users\/1"}],"replies":[{"embeddable":true,"href":"https:\/\/www.bossapromotions.com\/es\/wp-json\/wp\/v2\/comments?post=16671"}],"version-history":[{"count":0,"href":"https:\/\/www.bossapromotions.com\/es\/wp-json\/wp\/v2\/pages\/16671\/revisions"}],"wp:featuredmedia":[{"embeddable":true,"href":"https:\/\/www.bossapromotions.com\/es\/wp-json\/wp\/v2\/media\/25270"}],"wp:attachment":[{"href":"https:\/\/www.bossapromotions.com\/es\/wp-json\/wp\/v2\/media?parent=16671"}],"curies":[{"name":"wp","href":"https:\/\/api.w.org\/{rel}","templated":true}]}}