{"id":15744,"date":"2019-10-09T07:57:16","date_gmt":"2019-10-09T07:57:16","guid":{"rendered":"https:\/\/bossapromotions.com\/bossa-exhibitions\/"},"modified":"2026-01-26T18:01:35","modified_gmt":"2026-01-26T18:01:35","slug":"servicios-para-ferias","status":"publish","type":"page","link":"https:\/\/www.bossapromotions.com\/es\/servicios-para-ferias\/","title":{"rendered":"SERVICIOS PARA FERIAS COMERCIALES"},"content":{"rendered":"\t\t<div data-elementor-type=\"wp-post\" data-elementor-id=\"15744\" class=\"elementor elementor-15744 elementor-14922\" data-elementor-post-type=\"page\">\n\t\t\t\t\t\t<section class=\"elementor-section elementor-top-section elementor-element elementor-element-268e0c3 elementor-section-stretched elementor-section-boxed elementor-section-height-default elementor-section-height-default\" data-id=\"268e0c3\" data-element_type=\"section\" data-e-type=\"section\" data-settings=\"{&quot;stretch_section&quot;:&quot;section-stretched&quot;,&quot;background_background&quot;:&quot;classic&quot;}\">\n\t\t\t\t\t\t\t<div class=\"elementor-background-overlay\"><\/div>\n\t\t\t\t\t\t\t<div class=\"elementor-container elementor-column-gap-default\">\n\t\t\t\t\t<div class=\"elementor-column elementor-col-100 elementor-top-column elementor-element elementor-element-fb9378a\" data-id=\"fb9378a\" data-element_type=\"column\" data-e-type=\"column\">\n\t\t\t<div class=\"elementor-widget-wrap elementor-element-populated\">\n\t\t\t\t\t\t<div class=\"elementor-element elementor-element-7168b13 elementor-widget elementor-widget-text-editor\" data-id=\"7168b13\" data-element_type=\"widget\" data-e-type=\"widget\" data-widget_type=\"text-editor.default\">\n\t\t\t\t<div class=\"elementor-widget-container\">\n\t\t\t\t\t\t\t\t\t<p><b>Servicios para la participaci\u00f3n en ferias comerciales: soluciones integrales para aprovechar oportunidades de networking<\/b><\/p><p><b>Con una amplia experiencia en ferias comerciales, Bossa ofrece soluciones a medida que garantizan el \u00e9xito y la visibilidad para nuestros clientes en cada pa\u00eds donde operamos.<\/b><\/p><p><span style=\"font-weight: 400;\">Bossa proporciona soluciones personalizadas que abarcan desde el montaje del stand hasta servicios adicionales para empresas participantes en ferias de turismo y negocios, creando oportunidades que aseguran el \u00e9xito y la visibilidad de nuestros clientes a nivel mundial.<\/span><\/p><p><span style=\"font-weight: 400;\">Para las empresas que buscan una soluci\u00f3n completa, ofrecemos un paquete integral que incluye el montaje del stand con dise\u00f1o alineado con la identidad visual y los objetivos de la empresa en la feria, proporcionando equipamiento y mobiliario, y por supuesto, desmontaje, garantizando conveniencia y eficiencia.<\/span><\/p><p><span style=\"font-weight: 400;\">Para clientes que prefieren gestionar la log\u00edstica del stand con su propio equipo de dise\u00f1o y montaje, Bossa ofrece servicios complementarios, asegurando que todos los dem\u00e1s aspectos del evento sean gestionados de manera profesional y efectiva. La gama de servicios adicionales incluye la programaci\u00f3n de reuniones, relaciones con la prensa, catering, recepcionistas, seguridad, limpieza, traductores e int\u00e9rpretes, entre otros. Este paquete es ideal para empresas que buscan un enfoque integrado y desean evitar preocupaciones log\u00edsticas, permiti\u00e9ndoles concentrarse en oportunidades de networking y de negocios.<\/span><\/p><p><span style=\"font-weight: 400;\">Ya sea optando por el montaje completo del stand con todos los servicios adicionales o solo por servicios complementarios, con Bossa, las empresas tienen la certeza de participar en ferias comerciales que no solo atraen la atenci\u00f3n del p\u00fablico objetivo, sino que tambi\u00e9n maximizan las oportunidades de networking y generaci\u00f3n de nuevos negocios.<\/span><\/p>\t\t\t\t\t\t\t\t<\/div>\n\t\t\t\t<\/div>\n\t\t\t\t<div class=\"elementor-element elementor-element-3a6787a elementor-widget elementor-widget-image\" data-id=\"3a6787a\" data-element_type=\"widget\" data-e-type=\"widget\" data-widget_type=\"image.default\">\n\t\t\t\t<div class=\"elementor-widget-container\">\n\t\t\t\t\t\t\t\t\t\t\t\t\t\t\t<img fetchpriority=\"high\" decoding=\"async\" width=\"1680\" height=\"358\" src=\"https:\/\/www.bossapromotions.com\/wp-content\/uploads\/2019\/11\/logo_bossa_bossaexhibition_azul.png\" class=\"elementor-animation-grow attachment-full size-full wp-image-16084\" alt=\"\" srcset=\"https:\/\/www.bossapromotions.com\/wp-content\/uploads\/2019\/11\/logo_bossa_bossaexhibition_azul.png 1680w, https:\/\/www.bossapromotions.com\/wp-content\/uploads\/2019\/11\/logo_bossa_bossaexhibition_azul-300x64.png 300w, https:\/\/www.bossapromotions.com\/wp-content\/uploads\/2019\/11\/logo_bossa_bossaexhibition_azul-768x164.png 768w, https:\/\/www.bossapromotions.com\/wp-content\/uploads\/2019\/11\/logo_bossa_bossaexhibition_azul-1024x218.png 1024w\" sizes=\"(max-width: 1680px) 100vw, 1680px\" \/>\t\t\t\t\t\t\t\t\t\t\t\t\t\t\t<\/div>\n\t\t\t\t<\/div>\n\t\t<div class=\"elementor-element elementor-element-17280b4 e-grid e-con-boxed e-con e-parent\" data-id=\"17280b4\" data-element_type=\"container\" data-e-type=\"container\">\n\t\t\t\t\t<div class=\"e-con-inner\">\n\t\t\t\t<div class=\"elementor-element elementor-element-92c7cdf elementor-widget elementor-widget-image\" data-id=\"92c7cdf\" data-element_type=\"widget\" data-e-type=\"widget\" data-widget_type=\"image.default\">\n\t\t\t\t<div class=\"elementor-widget-container\">\n\t\t\t\t\t\t\t\t\t\t\t\t\t\t\t<img decoding=\"async\" width=\"800\" height=\"800\" src=\"https:\/\/www.bossapromotions.com\/wp-content\/uploads\/2024\/08\/marca-bett-1-1024x1024.png\" class=\"elementor-animation-grow attachment-large size-large wp-image-24712\" alt=\"\" srcset=\"https:\/\/www.bossapromotions.com\/wp-content\/uploads\/2024\/08\/marca-bett-1-1024x1024.png 1024w, https:\/\/www.bossapromotions.com\/wp-content\/uploads\/2024\/08\/marca-bett-1-300x300.png 300w, https:\/\/www.bossapromotions.com\/wp-content\/uploads\/2024\/08\/marca-bett-1-150x150.png 150w, https:\/\/www.bossapromotions.com\/wp-content\/uploads\/2024\/08\/marca-bett-1-768x768.png 768w, https:\/\/www.bossapromotions.com\/wp-content\/uploads\/2024\/08\/marca-bett-1.png 1080w\" sizes=\"(max-width: 800px) 100vw, 800px\" \/>\t\t\t\t\t\t\t\t\t\t\t\t\t\t\t<\/div>\n\t\t\t\t<\/div>\n\t\t\t\t<div class=\"elementor-element elementor-element-9959d17 elementor-widget elementor-widget-image\" data-id=\"9959d17\" data-element_type=\"widget\" data-e-type=\"widget\" data-widget_type=\"image.default\">\n\t\t\t\t<div class=\"elementor-widget-container\">\n\t\t\t\t\t\t\t\t\t\t\t\t\t\t\t<img decoding=\"async\" width=\"461\" height=\"109\" src=\"https:\/\/www.bossapromotions.com\/wp-content\/uploads\/2024\/08\/cosmoprof-1-461x109.png\" class=\"elementor-animation-grow attachment-large size-large wp-image-24720\" alt=\"\" \/>\t\t\t\t\t\t\t\t\t\t\t\t\t\t\t<\/div>\n\t\t\t\t<\/div>\n\t\t\t\t<div class=\"elementor-element elementor-element-3fc0462 elementor-widget elementor-widget-image\" data-id=\"3fc0462\" data-element_type=\"widget\" data-e-type=\"widget\" data-widget_type=\"image.default\">\n\t\t\t\t<div class=\"elementor-widget-container\">\n\t\t\t\t\t\t\t\t\t\t\t\t\t\t\t<img loading=\"lazy\" decoding=\"async\" width=\"225\" height=\"225\" src=\"https:\/\/www.bossapromotions.com\/wp-content\/uploads\/2024\/08\/fitur-1-225x225.png\" class=\"elementor-animation-grow attachment-large size-large wp-image-24724\" alt=\"\" srcset=\"https:\/\/www.bossapromotions.com\/wp-content\/uploads\/2024\/08\/fitur-1.png 225w, https:\/\/www.bossapromotions.com\/wp-content\/uploads\/2024\/08\/fitur-1-150x150.png 150w\" sizes=\"(max-width: 225px) 100vw, 225px\" \/>\t\t\t\t\t\t\t\t\t\t\t\t\t\t\t<\/div>\n\t\t\t\t<\/div>\n\t\t\t\t<div class=\"elementor-element elementor-element-e7a8448 elementor-widget elementor-widget-image\" data-id=\"e7a8448\" data-element_type=\"widget\" data-e-type=\"widget\" data-widget_type=\"image.default\">\n\t\t\t\t<div class=\"elementor-widget-container\">\n\t\t\t\t\t\t\t\t\t\t\t\t\t\t\t<img loading=\"lazy\" decoding=\"async\" width=\"800\" height=\"800\" src=\"https:\/\/www.bossapromotions.com\/wp-content\/uploads\/2024\/08\/meeting_show_london-1-1024x1024.webp\" class=\"elementor-animation-grow attachment-large size-large wp-image-24728\" alt=\"\" srcset=\"https:\/\/www.bossapromotions.com\/wp-content\/uploads\/2024\/08\/meeting_show_london-1-1024x1024.webp 1024w, https:\/\/www.bossapromotions.com\/wp-content\/uploads\/2024\/08\/meeting_show_london-1-300x300.webp 300w, https:\/\/www.bossapromotions.com\/wp-content\/uploads\/2024\/08\/meeting_show_london-1-150x150.webp 150w, https:\/\/www.bossapromotions.com\/wp-content\/uploads\/2024\/08\/meeting_show_london-1-768x769.webp 768w\" sizes=\"(max-width: 800px) 100vw, 800px\" \/>\t\t\t\t\t\t\t\t\t\t\t\t\t\t\t<\/div>\n\t\t\t\t<\/div>\n\t\t\t\t<div class=\"elementor-element elementor-element-00ade7b elementor-widget elementor-widget-image\" data-id=\"00ade7b\" data-element_type=\"widget\" data-e-type=\"widget\" data-widget_type=\"image.default\">\n\t\t\t\t<div class=\"elementor-widget-container\">\n\t\t\t\t\t\t\t\t\t\t\t\t\t\t\t<img loading=\"lazy\" decoding=\"async\" width=\"563\" height=\"250\" src=\"https:\/\/www.bossapromotions.com\/wp-content\/uploads\/2024\/08\/wtm-1-563x250.png\" class=\"elementor-animation-grow attachment-large size-large wp-image-24732\" alt=\"\" \/>\t\t\t\t\t\t\t\t\t\t\t\t\t\t\t<\/div>\n\t\t\t\t<\/div>\n\t\t\t\t<div class=\"elementor-element elementor-element-473885e elementor-widget elementor-widget-image\" data-id=\"473885e\" data-element_type=\"widget\" data-e-type=\"widget\" data-widget_type=\"image.default\">\n\t\t\t\t<div class=\"elementor-widget-container\">\n\t\t\t\t\t\t\t\t\t\t\t\t\t\t\t<img loading=\"lazy\" decoding=\"async\" width=\"359\" height=\"125\" src=\"https:\/\/www.bossapromotions.com\/wp-content\/uploads\/2024\/08\/wtm-london.png\" class=\"elementor-animation-grow attachment-large size-large wp-image-24817\" alt=\"\" srcset=\"https:\/\/www.bossapromotions.com\/wp-content\/uploads\/2024\/08\/wtm-london.png 359w, https:\/\/www.bossapromotions.com\/wp-content\/uploads\/2024\/08\/wtm-london-300x104.png 300w\" sizes=\"(max-width: 359px) 100vw, 359px\" \/>\t\t\t\t\t\t\t\t\t\t\t\t\t\t\t<\/div>\n\t\t\t\t<\/div>\n\t\t\t\t<div class=\"elementor-element elementor-element-202f898 elementor-widget elementor-widget-image\" data-id=\"202f898\" data-element_type=\"widget\" data-e-type=\"widget\" data-widget_type=\"image.default\">\n\t\t\t\t<div class=\"elementor-widget-container\">\n\t\t\t\t\t\t\t\t\t\t\t\t\t\t\t<img loading=\"lazy\" decoding=\"async\" width=\"220\" height=\"145\" src=\"https:\/\/www.bossapromotions.com\/wp-content\/uploads\/2024\/08\/BTL-1-220x145.png\" class=\"elementor-animation-grow attachment-large size-large wp-image-24736\" alt=\"\" \/>\t\t\t\t\t\t\t\t\t\t\t\t\t\t\t<\/div>\n\t\t\t\t<\/div>\n\t\t\t\t<div class=\"elementor-element elementor-element-4dbc42d elementor-widget elementor-widget-image\" data-id=\"4dbc42d\" data-element_type=\"widget\" data-e-type=\"widget\" data-widget_type=\"image.default\">\n\t\t\t\t<div class=\"elementor-widget-container\">\n\t\t\t\t\t\t\t\t\t\t\t\t\t\t\t<img loading=\"lazy\" decoding=\"async\" width=\"800\" height=\"356\" src=\"https:\/\/www.bossapromotions.com\/wp-content\/uploads\/2024\/08\/eima-logo-1-1000x445.jpg\" class=\"elementor-animation-grow attachment-large size-large wp-image-24740\" alt=\"\" srcset=\"https:\/\/www.bossapromotions.com\/wp-content\/uploads\/2024\/08\/eima-logo-1.jpg 1000w, https:\/\/www.bossapromotions.com\/wp-content\/uploads\/2024\/08\/eima-logo-1-768x341.jpg 768w\" sizes=\"(max-width: 800px) 100vw, 800px\" \/>\t\t\t\t\t\t\t\t\t\t\t\t\t\t\t<\/div>\n\t\t\t\t<\/div>\n\t\t\t\t<div class=\"elementor-element elementor-element-99bf73e elementor-widget elementor-widget-image\" data-id=\"99bf73e\" data-element_type=\"widget\" data-e-type=\"widget\" data-widget_type=\"image.default\">\n\t\t\t\t<div class=\"elementor-widget-container\">\n\t\t\t\t\t\t\t\t\t\t\t\t\t\t\t<img loading=\"lazy\" decoding=\"async\" width=\"1163\" height=\"445\" src=\"https:\/\/www.bossapromotions.com\/wp-content\/uploads\/2024\/08\/logo-fitpar-2023-02-1.png\" class=\"attachment-full size-full wp-image-24744\" alt=\"\" srcset=\"https:\/\/www.bossapromotions.com\/wp-content\/uploads\/2024\/08\/logo-fitpar-2023-02-1.png 1163w, https:\/\/www.bossapromotions.com\/wp-content\/uploads\/2024\/08\/logo-fitpar-2023-02-1-768x293.png 768w\" sizes=\"(max-width: 1163px) 100vw, 1163px\" \/>\t\t\t\t\t\t\t\t\t\t\t\t\t\t\t<\/div>\n\t\t\t\t<\/div>\n\t\t\t\t<div class=\"elementor-element elementor-element-b9a882d elementor-widget elementor-widget-image\" data-id=\"b9a882d\" data-element_type=\"widget\" data-e-type=\"widget\" data-widget_type=\"image.default\">\n\t\t\t\t<div class=\"elementor-widget-container\">\n\t\t\t\t\t\t\t\t\t\t\t\t\t\t\t<img loading=\"lazy\" decoding=\"async\" width=\"300\" height=\"200\" src=\"https:\/\/www.bossapromotions.com\/wp-content\/uploads\/2024\/08\/fit-1-300x200.png\" class=\"elementor-animation-grow attachment-large size-large wp-image-24748\" alt=\"\" \/>\t\t\t\t\t\t\t\t\t\t\t\t\t\t\t<\/div>\n\t\t\t\t<\/div>\n\t\t\t\t<div class=\"elementor-element elementor-element-8040634 elementor-widget elementor-widget-image\" data-id=\"8040634\" data-element_type=\"widget\" data-e-type=\"widget\" data-widget_type=\"image.default\">\n\t\t\t\t<div class=\"elementor-widget-container\">\n\t\t\t\t\t\t\t\t\t\t\t\t\t\t\t<img loading=\"lazy\" decoding=\"async\" width=\"592\" height=\"200\" src=\"https:\/\/www.bossapromotions.com\/wp-content\/uploads\/2024\/08\/INCOS-Global_370x125_Atlas-logo-1-592x200.png\" class=\"elementor-animation-grow attachment-large size-large wp-image-24752\" alt=\"\" \/>\t\t\t\t\t\t\t\t\t\t\t\t\t\t\t<\/div>\n\t\t\t\t<\/div>\n\t\t\t\t<div class=\"elementor-element elementor-element-94adf95 elementor-widget elementor-widget-image\" data-id=\"94adf95\" data-element_type=\"widget\" data-e-type=\"widget\" data-widget_type=\"image.default\">\n\t\t\t\t<div class=\"elementor-widget-container\">\n\t\t\t\t\t\t\t\t\t\t\t\t\t\t\t<img loading=\"lazy\" decoding=\"async\" width=\"200\" height=\"200\" src=\"https:\/\/www.bossapromotions.com\/wp-content\/uploads\/2024\/08\/ITB-1-200x200.jpg\" class=\"elementor-animation-grow attachment-large size-large wp-image-24756\" alt=\"\" srcset=\"https:\/\/www.bossapromotions.com\/wp-content\/uploads\/2024\/08\/ITB-1.jpg 200w, https:\/\/www.bossapromotions.com\/wp-content\/uploads\/2024\/08\/ITB-1-150x150.jpg 150w\" sizes=\"(max-width: 200px) 100vw, 200px\" \/>\t\t\t\t\t\t\t\t\t\t\t\t\t\t\t<\/div>\n\t\t\t\t<\/div>\n\t\t\t\t<div class=\"elementor-element elementor-element-bcff7b5 elementor-widget elementor-widget-image\" data-id=\"bcff7b5\" data-element_type=\"widget\" data-e-type=\"widget\" data-widget_type=\"image.default\">\n\t\t\t\t<div class=\"elementor-widget-container\">\n\t\t\t\t\t\t\t\t\t\t\t\t\t\t\t<img loading=\"lazy\" decoding=\"async\" width=\"2560\" height=\"1100\" src=\"https:\/\/www.bossapromotions.com\/wp-content\/uploads\/2024\/08\/IMEX_Logo_Colour_RGB-01-scaled-1-2.jpg\" class=\"elementor-animation-grow attachment-full size-full wp-image-24764\" alt=\"\" srcset=\"https:\/\/www.bossapromotions.com\/wp-content\/uploads\/2024\/08\/IMEX_Logo_Colour_RGB-01-scaled-1-2.jpg 2560w, https:\/\/www.bossapromotions.com\/wp-content\/uploads\/2024\/08\/IMEX_Logo_Colour_RGB-01-scaled-1-2-768x330.jpg 768w\" sizes=\"(max-width: 2560px) 100vw, 2560px\" \/>\t\t\t\t\t\t\t\t\t\t\t\t\t\t\t<\/div>\n\t\t\t\t<\/div>\n\t\t\t\t<div class=\"elementor-element elementor-element-8622555 elementor-widget elementor-widget-image\" data-id=\"8622555\" data-element_type=\"widget\" data-e-type=\"widget\" data-widget_type=\"image.default\">\n\t\t\t\t<div class=\"elementor-widget-container\">\n\t\t\t\t\t\t\t\t\t\t\t\t\t\t\t<img loading=\"lazy\" decoding=\"async\" width=\"296\" height=\"296\" src=\"https:\/\/www.bossapromotions.com\/wp-content\/uploads\/2024\/08\/leatherworld-paris-1-296x296.jpg\" class=\"elementor-animation-grow attachment-large size-large wp-image-24768\" alt=\"\" srcset=\"https:\/\/www.bossapromotions.com\/wp-content\/uploads\/2024\/08\/leatherworld-paris-1.jpg 296w, https:\/\/www.bossapromotions.com\/wp-content\/uploads\/2024\/08\/leatherworld-paris-1-150x150.jpg 150w\" sizes=\"(max-width: 296px) 100vw, 296px\" \/>\t\t\t\t\t\t\t\t\t\t\t\t\t\t\t<\/div>\n\t\t\t\t<\/div>\n\t\t\t\t<div class=\"elementor-element elementor-element-90b9815 elementor-widget elementor-widget-image\" data-id=\"90b9815\" data-element_type=\"widget\" data-e-type=\"widget\" data-widget_type=\"image.default\">\n\t\t\t\t<div class=\"elementor-widget-container\">\n\t\t\t\t\t\t\t\t\t\t\t\t\t\t\t<img loading=\"lazy\" decoding=\"async\" width=\"200\" height=\"200\" src=\"https:\/\/www.bossapromotions.com\/wp-content\/uploads\/2024\/08\/ttg_logo_7331-2-200x200.webp\" class=\"elementor-animation-grow attachment-large size-large wp-image-24777\" alt=\"\" srcset=\"https:\/\/www.bossapromotions.com\/wp-content\/uploads\/2024\/08\/ttg_logo_7331-2.webp 200w, https:\/\/www.bossapromotions.com\/wp-content\/uploads\/2024\/08\/ttg_logo_7331-2-150x150.webp 150w\" sizes=\"(max-width: 200px) 100vw, 200px\" \/>\t\t\t\t\t\t\t\t\t\t\t\t\t\t\t<\/div>\n\t\t\t\t<\/div>\n\t\t\t\t<div class=\"elementor-element elementor-element-2d96c67 elementor-widget elementor-widget-image\" data-id=\"2d96c67\" data-element_type=\"widget\" data-e-type=\"widget\" data-widget_type=\"image.default\">\n\t\t\t\t<div class=\"elementor-widget-container\">\n\t\t\t\t\t\t\t\t\t\t\t\t\t\t\t<img loading=\"lazy\" decoding=\"async\" width=\"225\" height=\"225\" src=\"https:\/\/www.bossapromotions.com\/wp-content\/uploads\/2024\/08\/zoomark-2-225x225.png\" class=\"attachment-large size-large wp-image-24784\" alt=\"\" srcset=\"https:\/\/www.bossapromotions.com\/wp-content\/uploads\/2024\/08\/zoomark-2.png 225w, https:\/\/www.bossapromotions.com\/wp-content\/uploads\/2024\/08\/zoomark-2-150x150.png 150w\" sizes=\"(max-width: 225px) 100vw, 225px\" \/>\t\t\t\t\t\t\t\t\t\t\t\t\t\t\t<\/div>\n\t\t\t\t<\/div>\n\t\t\t\t\t<\/div>\n\t\t\t\t<\/div>\n\t\t\t\t\t<\/div>\n\t\t<\/div>\n\t\t\t\t\t<\/div>\n\t\t<\/section>\n\t\t\t\t<\/div>\n\t\t","protected":false},"excerpt":{"rendered":"<p>Servicios para la participaci\u00f3n en ferias comerciales: soluciones integrales para aprovechar oportunidades de networking Con una amplia experiencia en ferias comerciales, Bossa ofrece soluciones a medida que garantizan el \u00e9xito&hellip;<\/p>\n<p> <a class=\"more-link\" href=\"https:\/\/www.bossapromotions.com\/es\/servicios-para-ferias\/\">Leer m\u00e1s<\/a><\/p>\n","protected":false},"author":1,"featured_media":25132,"parent":0,"menu_order":0,"comment_status":"closed","ping_status":"closed","template":"","meta":{"footnotes":""},"class_list":["post-15744","page","type-page","status-publish","has-post-thumbnail"],"_links":{"self":[{"href":"https:\/\/www.bossapromotions.com\/es\/wp-json\/wp\/v2\/pages\/15744","targetHints":{"allow":["GET"]}}],"collection":[{"href":"https:\/\/www.bossapromotions.com\/es\/wp-json\/wp\/v2\/pages"}],"about":[{"href":"https:\/\/www.bossapromotions.com\/es\/wp-json\/wp\/v2\/types\/page"}],"author":[{"embeddable":true,"href":"https:\/\/www.bossapromotions.com\/es\/wp-json\/wp\/v2\/users\/1"}],"replies":[{"embeddable":true,"href":"https:\/\/www.bossapromotions.com\/es\/wp-json\/wp\/v2\/comments?post=15744"}],"version-history":[{"count":0,"href":"https:\/\/www.bossapromotions.com\/es\/wp-json\/wp\/v2\/pages\/15744\/revisions"}],"wp:featuredmedia":[{"embeddable":true,"href":"https:\/\/www.bossapromotions.com\/es\/wp-json\/wp\/v2\/media\/25132"}],"wp:attachment":[{"href":"https:\/\/www.bossapromotions.com\/es\/wp-json\/wp\/v2\/media?parent=15744"}],"curies":[{"name":"wp","href":"https:\/\/api.w.org\/{rel}","templated":true}]}}