{"id":15739,"date":"2019-10-09T07:55:48","date_gmt":"2019-10-09T07:55:48","guid":{"rendered":"https:\/\/bossapromotions.com\/bossa-brazil\/"},"modified":"2024-08-14T14:49:04","modified_gmt":"2024-08-14T13:49:04","slug":"bossa-brazil","status":"publish","type":"page","link":"https:\/\/www.bossapromotions.com\/es\/bossa-brazil\/","title":{"rendered":"Bossa Brazil"},"content":{"rendered":"\t\t<div data-elementor-type=\"wp-post\" data-elementor-id=\"15739\" class=\"elementor elementor-15739 elementor-14924\" data-elementor-post-type=\"page\">\n\t\t\t\t\t\t<section class=\"elementor-section elementor-top-section elementor-element elementor-element-58c21e3 elementor-section-stretched elementor-section-boxed elementor-section-height-default elementor-section-height-default\" data-id=\"58c21e3\" data-element_type=\"section\" data-e-type=\"section\" data-settings=\"{&quot;stretch_section&quot;:&quot;section-stretched&quot;,&quot;background_background&quot;:&quot;classic&quot;}\">\n\t\t\t\t\t\t\t<div class=\"elementor-background-overlay\"><\/div>\n\t\t\t\t\t\t\t<div class=\"elementor-container elementor-column-gap-default\">\n\t\t\t\t\t<div class=\"elementor-column elementor-col-100 elementor-top-column elementor-element elementor-element-15fedeb\" data-id=\"15fedeb\" data-element_type=\"column\" data-e-type=\"column\">\n\t\t\t<div class=\"elementor-widget-wrap elementor-element-populated\">\n\t\t\t\t\t\t<div class=\"elementor-element elementor-element-787f598 elementor-widget elementor-widget-image\" data-id=\"787f598\" data-element_type=\"widget\" data-e-type=\"widget\" data-widget_type=\"image.default\">\n\t\t\t\t<div class=\"elementor-widget-container\">\n\t\t\t\t\t\t\t\t\t\t\t\t\t\t\t<img fetchpriority=\"high\" decoding=\"async\" width=\"1239\" height=\"367\" src=\"https:\/\/www.bossapromotions.com\/wp-content\/uploads\/2019\/11\/logo_bossa_bossabrazil_azul.png\" class=\"elementor-animation-grow attachment-full size-full wp-image-16055\" alt=\"\" srcset=\"https:\/\/www.bossapromotions.com\/wp-content\/uploads\/2019\/11\/logo_bossa_bossabrazil_azul.png 1239w, https:\/\/www.bossapromotions.com\/wp-content\/uploads\/2019\/11\/logo_bossa_bossabrazil_azul-300x89.png 300w, https:\/\/www.bossapromotions.com\/wp-content\/uploads\/2019\/11\/logo_bossa_bossabrazil_azul-768x227.png 768w, https:\/\/www.bossapromotions.com\/wp-content\/uploads\/2019\/11\/logo_bossa_bossabrazil_azul-1024x303.png 1024w\" sizes=\"(max-width: 1239px) 100vw, 1239px\" \/>\t\t\t\t\t\t\t\t\t\t\t\t\t\t\t<\/div>\n\t\t\t\t<\/div>\n\t\t\t\t<section class=\"elementor-section elementor-inner-section elementor-element elementor-element-96efa33 elementor-section-boxed elementor-section-height-default elementor-section-height-default\" data-id=\"96efa33\" data-element_type=\"section\" data-e-type=\"section\">\n\t\t\t\t\t\t<div class=\"elementor-container elementor-column-gap-default\">\n\t\t\t\t\t<div class=\"elementor-column elementor-col-100 elementor-inner-column elementor-element elementor-element-1ce3df7\" data-id=\"1ce3df7\" data-element_type=\"column\" data-e-type=\"column\">\n\t\t\t<div class=\"elementor-widget-wrap elementor-element-populated\">\n\t\t\t\t\t\t<div class=\"elementor-element elementor-element-4d00e5e elementor-widget elementor-widget-text-editor\" data-id=\"4d00e5e\" data-element_type=\"widget\" data-e-type=\"widget\" data-widget_type=\"text-editor.default\">\n\t\t\t\t<div class=\"elementor-widget-container\">\n\t\t\t\t\t\t\t\t\t<p><strong>Promoci\u00f3n y Representaci\u00f3n de Clientes Brasile\u00f1os en el Exterior y Clientes Internacionales en Brasil<\/strong><\/p><p><strong>La promoci\u00f3n y representaci\u00f3n de clientes brasile\u00f1os en el exterior y de clientes internacionales en Brasil pueden expandir fronteras, fortaleciendo asociaciones y aumentando la presencia global mediante estrategias efectivas de marketing y relaciones.<\/strong><\/p><p>Bossa Brazil, empresa que dio origen al grupo Bossa, fue fundada en Londres en 1997 y naci\u00f3 como organizadora de eventos especializada en la promoci\u00f3n de Brasil y de clientes brasile\u00f1os en el Reino Unido y en Europa, ofreciendo servicios de promoci\u00f3n tur\u00edstica, relaciones p\u00fablicas, marketing y otros proporcionados por Bossa, pero con un enfoque espec\u00edfico en Brasil.<\/p><p>Entre 2011 y 2012, incorporamos a nuestro equipo profesionales con experiencia en las industrias de viajes, turismo, eventos y en el \u00e1rea comercial. Esto nos permiti\u00f3 evolucionar hacia una agencia internacional de servicios m\u00faltiples, la Bossa.<\/p><p>Adem\u00e1s del Reino Unido y Europa, tambi\u00e9n operamos en varios pa\u00edses de Am\u00e9rica del Norte y Am\u00e9rica del Sur, incluyendo, por supuesto, Brasil, manteniendo la misma calidad y servicios de alto nivel que antes solo se ofrec\u00edan a clientes brasile\u00f1os. Ahora, nuestra experiencia est\u00e1 disponible para todos los clientes que deseen expandir sus negocios y participaci\u00f3n en el mercado en varios sectores.<\/p><p>Hoy en d\u00eda, Bossa Brazil, una divisi\u00f3n de Bossa, trabaja asesorando y apoyando a empresas privadas y organismos del gobierno brasile\u00f1o que necesiten promoci\u00f3n en el exterior, as\u00ed como a empresas internacionales que deseen ingresar al mercado brasile\u00f1o.<\/p>\t\t\t\t\t\t\t\t<\/div>\n\t\t\t\t<\/div>\n\t\t\t\t<div class=\"elementor-element elementor-element-7faaf19 elementor-widget elementor-widget-image\" data-id=\"7faaf19\" data-element_type=\"widget\" data-e-type=\"widget\" data-widget_type=\"image.default\">\n\t\t\t\t<div class=\"elementor-widget-container\">\n\t\t\t\t\t\t\t\t\t\t\t\t\t\t\t<img decoding=\"async\" src=\"https:\/\/www.bossapromotions.com\/wp-content\/uploads\/elementor\/thumbs\/shutterstock_189226328-bossa-brazil-pguaje6cjzbzkvcxdo0rp07ov0vsavt55q05453p7c.jpg\" title=\"shutterstock_189226328 bossa brazil\" alt=\"shutterstock_189226328 bossa brazil\" loading=\"lazy\" \/>\t\t\t\t\t\t\t\t\t\t\t\t\t\t\t<\/div>\n\t\t\t\t<\/div>\n\t\t\t\t\t<\/div>\n\t\t<\/div>\n\t\t\t\t\t<\/div>\n\t\t<\/section>\n\t\t\t\t\t<\/div>\n\t\t<\/div>\n\t\t\t\t\t<\/div>\n\t\t<\/section>\n\t\t\t\t<section class=\"elementor-section elementor-top-section elementor-element elementor-element-6a7ffc12 elementor-section-stretched elementor-section-full_width elementor-section-height-default elementor-section-height-default\" data-id=\"6a7ffc12\" data-element_type=\"section\" data-e-type=\"section\" id=\"works\" data-settings=\"{&quot;stretch_section&quot;:&quot;section-stretched&quot;,&quot;background_background&quot;:&quot;classic&quot;}\">\n\t\t\t\t\t\t\t<div class=\"elementor-background-overlay\"><\/div>\n\t\t\t\t\t\t\t<div class=\"elementor-container elementor-column-gap-default\">\n\t\t\t\t\t<div class=\"elementor-column elementor-col-100 elementor-top-column elementor-element elementor-element-56806d1f\" data-id=\"56806d1f\" data-element_type=\"column\" data-e-type=\"column\">\n\t\t\t<div class=\"elementor-widget-wrap elementor-element-populated\">\n\t\t\t\t\t\t<div class=\"elementor-element elementor-element-e92e3c5 elementor-widget elementor-widget-heading\" data-id=\"e92e3c5\" data-element_type=\"widget\" data-e-type=\"widget\" data-widget_type=\"heading.default\">\n\t\t\t\t<div class=\"elementor-widget-container\">\n\t\t\t\t\t<h2 class=\"elementor-heading-title elementor-size-default\">NUESTROS TRABAJOS<\/h2>\t\t\t\t<\/div>\n\t\t\t\t<\/div>\n\t\t\t\t\t<\/div>\n\t\t<\/div>\n\t\t\t\t\t<\/div>\n\t\t<\/section>\n\t\t\t\t<section class=\"elementor-section elementor-top-section elementor-element elementor-element-19e214c6 elementor-section-stretched elementor-section-full_width elementor-section-content-middle elementor-section-height-default elementor-section-height-default\" data-id=\"19e214c6\" data-element_type=\"section\" data-e-type=\"section\" data-settings=\"{&quot;stretch_section&quot;:&quot;section-stretched&quot;}\">\n\t\t\t\t\t\t<div class=\"elementor-container elementor-column-gap-no\">\n\t\t\t\t\t<div class=\"elementor-column elementor-col-100 elementor-top-column elementor-element elementor-element-3d5045d6\" data-id=\"3d5045d6\" data-element_type=\"column\" data-e-type=\"column\">\n\t\t\t<div class=\"elementor-widget-wrap elementor-element-populated\">\n\t\t\t\t\t\t<div class=\"elementor-element elementor-element-7f51e510 galleryC elementor-widget elementor-widget-a13fe-gallery\" data-id=\"7f51e510\" data-element_type=\"widget\" data-e-type=\"widget\" data-widget_type=\"a13fe-gallery.default\">\n\t\t\t\t<div class=\"elementor-widget-container\">\n\t\t\t\t\t\r\n\t\t<ul class=\"category-filter single-album-filter clearfix\"><li class=\"selected\" data-filter=\"__all\"><a href=\"https:\/\/www.bossapromotions.com\/es\/wp-json\/wp\/v2\/pages\/15739\/\">Todo<\/a><\/li><li data-filter=\"filter_0\"><a href=\"#filter_0\">Events<\/a><\/li><li data-filter=\"filter_2\"><a href=\"#filter_2\">Tourism<\/a><\/li><\/ul>\t    <div class=\"bricks-frame gallery-frame bricks-gallery-17924 variant-overlay bricks-columns-4 album-content-off title-bottom title-left hover-effect-drop gradient-no-hover texts-no-hover\">\r\n\t\t\t\t    <ul class=\"gallery-media-collection screen-reader-text\">\r\n\t\t\t\t<li class=\"gallery-item type-image subtype-gif link\" data-id=\"19307\" data-ratio_x=\"1\" data-bg_color=\"\" data-alt_attr=\"\" data-main-image=\"https:\/\/www.bossapromotions.com\/wp-content\/uploads\/2019\/12\/catering-functions-5.gif\" data-brick_image=\"https:\/\/www.bossapromotions.com\/wp-content\/uploads\/2019\/12\/catering-functions-5.gif\" data-thumb=\"https:\/\/www.bossapromotions.com\/wp-content\/uploads\/2019\/12\/catering-functions-5-150x150.gif\" data-link_target=\"0\" data-category-filter_0=\"1\" data-filter=\"filter_0,\">\r\n\t\t<a class=\"item__link\" href=\"https:\/\/www.bossapromotions.com\/album\/catering-functions\/\">Catering, Fiestas y Eventos Corporativos<\/a>\r\n\t\t\t\t\t<div id=\"item-desc-1\" class=\"item-desc\"><\/div>\r\n\t\t\t<\/li>\r\n\t<li class=\"gallery-item type-image subtype-jpeg link\" data-id=\"13627\" data-ratio_x=\"1\" data-bg_color=\"\" data-alt_attr=\"\" data-main-image=\"https:\/\/www.bossapromotions.com\/wp-content\/uploads\/2019\/10\/65462848_459771041488490_3453582068842233856_n.jpg\" data-brick_image=\"https:\/\/www.bossapromotions.com\/wp-content\/uploads\/apollo13_images\/65462848_459771041488490_3453582068842233856_n-x085l0n67vp8w21ch3haublfz9ehsybz8y2e6uly.jpg\" data-thumb=\"https:\/\/www.bossapromotions.com\/wp-content\/uploads\/2019\/10\/65462848_459771041488490_3453582068842233856_n-150x150.jpg\" data-link_target=\"0\" data-category-filter_0=\"1\" data-filter=\"filter_0,\">\r\n\t\t<a class=\"item__link\" href=\"https:\/\/www.bossapromotions.com\/album\/festivals\/\">Festivales de Comidas, Bebidas, M\u00fasica y Cultura<\/a>\r\n\t\t\t\t\t<div id=\"item-desc-2\" class=\"item-desc\"><\/div>\r\n\t\t\t<\/li>\r\n\t<li class=\"gallery-item type-image subtype-jpeg link\" data-id=\"14015\" data-ratio_x=\"1\" data-bg_color=\"\" data-alt_attr=\"\" data-main-image=\"https:\/\/www.bossapromotions.com\/wp-content\/uploads\/2019\/10\/WTM-LONDON-2016-CRIS-PERSONAL-IMG_20161109_142158.jpg\" data-brick_image=\"https:\/\/www.bossapromotions.com\/wp-content\/uploads\/apollo13_images\/WTM-LONDON-2016-CRIS-PERSONAL-IMG_20161109_142158-x085l0n67vp8w21ch3haublfz9ehsybz8y2e6uly.jpg\" data-thumb=\"https:\/\/www.bossapromotions.com\/wp-content\/uploads\/2019\/10\/WTM-LONDON-2016-CRIS-PERSONAL-IMG_20161109_142158-150x150.jpg\" data-link_target=\"0\">\r\n\t\t<a class=\"item__link\" href=\"https:\/\/www.bossapromotions.com\/album\/exhibitions\/\">Servicios de Ferias<\/a>\r\n\t\t\t\t\t<div id=\"item-desc-3\" class=\"item-desc\"><\/div>\r\n\t\t\t<\/li>\r\n\t<li class=\"gallery-item type-image subtype-jpeg link\" data-id=\"19635\" data-ratio_x=\"1\" data-bg_color=\"\" data-alt_attr=\"\" data-main-image=\"https:\/\/www.bossapromotions.com\/wp-content\/uploads\/2019\/12\/fam-tours-2.jpg\" data-brick_image=\"https:\/\/www.bossapromotions.com\/wp-content\/uploads\/apollo13_images\/fam-tours-2-x085lxj948rcz45zia7k3t7rjssx7f2ar05pd7xy.jpg\" data-thumb=\"https:\/\/www.bossapromotions.com\/wp-content\/uploads\/2019\/12\/fam-tours-2-150x150.jpg\" data-link_target=\"0\" data-category-filter_2=\"1\" data-filter=\"filter_2,\">\r\n\t\t<a class=\"item__link\" href=\"https:\/\/www.bossapromotions.com\/album\/tourism\/\">Promoci\u00f3n y Marketing Tur\u00edstico<\/a>\r\n\t\t\t\t\t<div id=\"item-desc-4\" class=\"item-desc\"><\/div>\r\n\t\t\t<\/li>\r\n\t<li class=\"gallery-item type-image subtype-png link\" data-id=\"15913\" data-ratio_x=\"1\" data-bg_color=\"\" data-alt_attr=\"\" data-main-image=\"https:\/\/www.bossapromotions.com\/wp-content\/uploads\/2019\/10\/bbmagmockup.png\" data-brick_image=\"https:\/\/www.bossapromotions.com\/wp-content\/uploads\/apollo13_images\/bbmagmockup-x085l1v0zqunpi46nt29uo8xqosd1hmaca56lr3q.png\" data-thumb=\"https:\/\/www.bossapromotions.com\/wp-content\/uploads\/2019\/10\/bbmagmockup-150x150.png\" data-link_target=\"0\">\r\n\t\t<a class=\"item__link\" href=\"https:\/\/www.bossapromotions.com\/album\/bbmag\/\">BBMag<\/a>\r\n\t\t\t\t\t<div id=\"item-desc-5\" class=\"item-desc\"><\/div>\r\n\t\t\t<\/li>\r\n\t<li class=\"gallery-item type-image subtype-jpeg link\" data-id=\"21550\" data-ratio_x=\"1\" data-bg_color=\"\" data-alt_attr=\"\" data-main-image=\"https:\/\/www.bossapromotions.com\/wp-content\/uploads\/2024\/01\/mockupbott.jpg\" data-brick_image=\"https:\/\/www.bossapromotions.com\/wp-content\/uploads\/apollo13_images\/mockupbott-yd0yvjbe2gmbqy5vutwl2mqbtjdga92611e5ot4m.jpg\" data-thumb=\"https:\/\/www.bossapromotions.com\/wp-content\/uploads\/2024\/01\/mockupbott-150x150.jpg\" data-link_target=\"0\">\r\n\t\t<a class=\"item__link\" href=\"https:\/\/www.bossapromotions.com\/album\/bossa-online-training\/\">FORMACI\u00d3N BOSSA ONLINE TRAINING<\/a>\r\n\t\t\t\t\t<div id=\"item-desc-6\" class=\"item-desc\"><\/div>\r\n\t\t\t<\/li>\r\n\t<li class=\"gallery-item type-image subtype-jpeg link\" data-id=\"19463\" data-ratio_x=\"1\" data-bg_color=\"\" data-alt_attr=\"\" data-main-image=\"https:\/\/www.bossapromotions.com\/wp-content\/uploads\/2019\/12\/samba-chapeu-1.jpg\" data-brick_image=\"https:\/\/www.bossapromotions.com\/wp-content\/uploads\/apollo13_images\/samba-chapeu-1-x085lv3jkigjc80b4v1m33ws0y16qchokc04jeye.jpg\" data-thumb=\"https:\/\/www.bossapromotions.com\/wp-content\/uploads\/2019\/12\/samba-chapeu-1-150x150.jpg\" data-link_target=\"0\" data-category-filter_0=\"1\" data-filter=\"filter_0,\">\r\n\t\t<a class=\"item__link\" href=\"https:\/\/www.bossapromotions.com\/album\/entertainment\/\">Entretenimiento<\/a>\r\n\t\t\t\t\t<div id=\"item-desc-7\" class=\"item-desc\"><\/div>\r\n\t\t\t<\/li>\r\n\t<li class=\"gallery-item type-image subtype-jpeg link\" data-id=\"14040\" data-ratio_x=\"1\" data-bg_color=\"\" data-alt_attr=\"\" data-main-image=\"https:\/\/www.bossapromotions.com\/wp-content\/uploads\/2019\/10\/20170705_193407.jpg\" data-brick_image=\"https:\/\/www.bossapromotions.com\/wp-content\/uploads\/apollo13_images\/20170705_193407-x085l0n67vp8w21ch3haublfz9ehsybz8y2e6uly.jpg\" data-thumb=\"https:\/\/www.bossapromotions.com\/wp-content\/uploads\/2019\/10\/20170705_193407-150x150.jpg\" data-link_target=\"0\" data-category-filter_0=\"1\" data-filter=\"filter_0,\">\r\n\t\t<a class=\"item__link\" href=\"https:\/\/www.bossapromotions.com\/album\/roadshows\/\">Roadshows, Talleres y Seminarios<\/a>\r\n\t\t\t\t\t<div id=\"item-desc-8\" class=\"item-desc\"><\/div>\r\n\t\t\t<\/li>\r\n\t\t<\/ul>\r\n\t                <div class=\"a13-bricks-items\" data-margin=\"2\" data-desc=\"1\" data-proofing=\"0\" data-socials=\"0\" data-lightbox_off=\"1\" data-lightbox_off_mobile=\"0\" data-cover-color=\"rgba(33, 148, 242, 0.45)\">\r\n                <div class=\"grid-master\"><\/div>\r\n            <\/div>\r\n        <\/div>\r\n\t    \t\t\t\t<\/div>\n\t\t\t\t<\/div>\n\t\t\t\t\t<\/div>\n\t\t<\/div>\n\t\t\t\t\t<\/div>\n\t\t<\/section>\n\t\t\t\t<\/div>\n\t\t","protected":false},"excerpt":{"rendered":"<p>Promoci\u00f3n y Representaci\u00f3n de Clientes Brasile\u00f1os en el Exterior y Clientes Internacionales en Brasil La promoci\u00f3n y representaci\u00f3n de clientes brasile\u00f1os en el exterior y de clientes internacionales en Brasil&hellip;<\/p>\n<p> <a class=\"more-link\" href=\"https:\/\/www.bossapromotions.com\/es\/album\/fullscreen\/\">Leer m\u00e1s<\/a><\/p>\n","protected":false},"author":1,"featured_media":21426,"parent":0,"menu_order":0,"comment_status":"closed","ping_status":"closed","template":"","meta":{"footnotes":""},"class_list":["post-15739","page","type-page","status-publish","has-post-thumbnail"],"_links":{"self":[{"href":"https:\/\/www.bossapromotions.com\/es\/wp-json\/wp\/v2\/pages\/15739","targetHints":{"allow":["GET"]}}],"collection":[{"href":"https:\/\/www.bossapromotions.com\/es\/wp-json\/wp\/v2\/pages"}],"about":[{"href":"https:\/\/www.bossapromotions.com\/es\/wp-json\/wp\/v2\/types\/page"}],"author":[{"embeddable":true,"href":"https:\/\/www.bossapromotions.com\/es\/wp-json\/wp\/v2\/users\/1"}],"replies":[{"embeddable":true,"href":"https:\/\/www.bossapromotions.com\/es\/wp-json\/wp\/v2\/comments?post=15739"}],"version-history":[{"count":0,"href":"https:\/\/www.bossapromotions.com\/es\/wp-json\/wp\/v2\/pages\/15739\/revisions"}],"wp:featuredmedia":[{"embeddable":true,"href":"https:\/\/www.bossapromotions.com\/es\/wp-json\/wp\/v2\/media\/21426"}],"wp:attachment":[{"href":"https:\/\/www.bossapromotions.com\/es\/wp-json\/wp\/v2\/media?parent=15739"}],"curies":[{"name":"wp","href":"https:\/\/api.w.org\/{rel}","templated":true}]}}