{"id":15733,"date":"2019-10-09T07:51:47","date_gmt":"2019-10-09T07:51:47","guid":{"rendered":"https:\/\/bossapromotions.com\/bossa-representation\/"},"modified":"2026-01-26T18:09:32","modified_gmt":"2026-01-26T18:09:32","slug":"representacion-comercial","status":"publish","type":"page","link":"https:\/\/www.bossapromotions.com\/es\/representacion-comercial\/","title":{"rendered":"Representaci\u00f3n"},"content":{"rendered":"\t\t<div data-elementor-type=\"wp-post\" data-elementor-id=\"15733\" class=\"elementor elementor-15733 elementor-14935\" data-elementor-post-type=\"page\">\n\t\t\t\t\t\t<section class=\"elementor-section elementor-top-section elementor-element elementor-element-f92dc96 elementor-section-stretched elementor-section-boxed elementor-section-height-default elementor-section-height-default\" data-id=\"f92dc96\" data-element_type=\"section\" data-e-type=\"section\" data-settings=\"{&quot;stretch_section&quot;:&quot;section-stretched&quot;,&quot;background_background&quot;:&quot;classic&quot;}\">\n\t\t\t\t\t\t\t<div class=\"elementor-background-overlay\"><\/div>\n\t\t\t\t\t\t\t<div class=\"elementor-container elementor-column-gap-default\">\n\t\t\t\t\t<div class=\"elementor-column elementor-col-100 elementor-top-column elementor-element elementor-element-4a6e902\" data-id=\"4a6e902\" data-element_type=\"column\" data-e-type=\"column\">\n\t\t\t<div class=\"elementor-widget-wrap elementor-element-populated\">\n\t\t\t\t\t\t<div class=\"elementor-element elementor-element-31cf766 elementor-widget elementor-widget-text-editor\" data-id=\"31cf766\" data-element_type=\"widget\" data-e-type=\"widget\" data-widget_type=\"text-editor.default\">\n\t\t\t\t<div class=\"elementor-widget-container\">\n\t\t\t\t\t\t\t\t\t<p><b>Conectando Empresas y Destinos Tur\u00edsticos con Mercados Globales a trav\u00e9s de la Representaci\u00f3n Comercial<\/b><\/p><p><em>C\u00f3mo Bossa opera mediante la representaci\u00f3n comercial para empresas y destinos tur\u00edsticos en mercados internacionales, generando oportunidades de negocio<\/em><\/p>\t\t\t\t\t\t\t\t<\/div>\n\t\t\t\t<\/div>\n\t\t\t\t<div class=\"elementor-element elementor-element-9fe9102 elementor-widget elementor-widget-text-editor\" data-id=\"9fe9102\" data-element_type=\"widget\" data-e-type=\"widget\" data-widget_type=\"text-editor.default\">\n\t\t\t\t<div class=\"elementor-widget-container\">\n\t\t\t\t\t\t\t\t\t<p>La representaci\u00f3n comercial para destinos tur\u00edsticos y empresas es crucial para alcanzar nuevos mercados y maximizar el potencial de crecimiento, y Bossa ofrece servicios especializados que conectan a sus clientes con una red global de oportunidades.<\/p><p>Bossa entiende que cada cliente tiene necesidades y objetivos \u00fanicos, por lo que un enfoque personalizado es un pilar fundamental de sus servicios. Trabajando en estrecha colaboraci\u00f3n con los clientes, Bossa comprende profundamente sus metas y crea estrategias comerciales que reflejan la identidad y los valores de la marca. Ya sea para un hotel boutique, un resort de lujo o un destino tur\u00edstico emergente, Bossa desarrolla planes de acci\u00f3n a medida que garantizan visibilidad y \u00e9xito.<\/p><p>Una parte esencial de estos servicios implica la creaci\u00f3n de alianzas estrat\u00e9gicas. Bossa cuenta con una amplia red internacional que incluye operadores tur\u00edsticos, agencias de viajes, influencers y profesionales de los medios. Aprovechando esta red, la agencia facilita colaboraciones que mejoran el alcance y la credibilidad de los clientes. Adem\u00e1s, Bossa asegura que sus clientes est\u00e9n representados en ferias y eventos tur\u00edsticos altamente relevantes, proporcionando oportunidades de networking y negocios que de otro modo ser\u00edan dif\u00edciles de alcanzar.<\/p><p>La promoci\u00f3n de destinos tur\u00edsticos se lleva a cabo mediante campa\u00f1as integradas e innovadoras de marketing. Bossa utiliza una combinaci\u00f3n de marketing digital, relaciones p\u00fablicas, eventos y promociones para asegurar que los destinos se destaquen en todos los mercados donde opera.<\/p><p>Se proporcionan informes detallados y valiosos insights a los clientes, permiti\u00e9ndoles tomar decisiones informadas y maximizar el retorno de la inversi\u00f3n.<\/p><p>Bossa tambi\u00e9n ofrece formaci\u00f3n continua y apoyo para los equipos de ventas de los clientes. Se realizan talleres, seminarios y sesiones de formaci\u00f3n personalizadas para asegurar que los equipos est\u00e9n bien preparados para representar la marca de manera efectiva y profesional. Esta inversi\u00f3n en el desarrollo del equipo contribuye a un rendimiento superior y al logro de los objetivos comerciales.<\/p><p>Adem\u00e1s, Bossa cuenta con una amplia experiencia en la organizaci\u00f3n de misiones comerciales, cuidadosamente planificadas para conectar a empresarios y representantes de destinos tur\u00edsticos con posibles socios, inversores y clientes en mercados estrat\u00e9gicos de todo el mundo. Bossa maneja todos los detalles log\u00edsticos y program\u00e1ticos, asegurando que los participantes tengan una experiencia productiva y enriquecedora.<\/p><p>En resumen, la representaci\u00f3n comercial ofrecida por Bossa est\u00e1 dise\u00f1ada para conectar de manera efectiva y estrat\u00e9gica a empresas y destinos tur\u00edsticos con mercados globales, a trav\u00e9s de un an\u00e1lisis continuo y un soporte dedicado, ayudando a transformar el potencial de sus clientes en \u00e9xito tangible y sostenible.<\/p>\t\t\t\t\t\t\t\t<\/div>\n\t\t\t\t<\/div>\n\t\t\t\t<div class=\"elementor-element elementor-element-3a6787a elementor-widget elementor-widget-image\" data-id=\"3a6787a\" data-element_type=\"widget\" data-e-type=\"widget\" data-widget_type=\"image.default\">\n\t\t\t\t<div class=\"elementor-widget-container\">\n\t\t\t\t\t\t\t\t\t\t\t\t\t\t\t<img fetchpriority=\"high\" decoding=\"async\" width=\"2239\" height=\"359\" src=\"https:\/\/www.bossapromotions.com\/wp-content\/uploads\/2019\/11\/logo_bossa_bossarepresentation_azul.png\" class=\"elementor-animation-grow attachment-full size-full wp-image-16114\" alt=\"\" srcset=\"https:\/\/www.bossapromotions.com\/wp-content\/uploads\/2019\/11\/logo_bossa_bossarepresentation_azul.png 2239w, https:\/\/www.bossapromotions.com\/wp-content\/uploads\/2019\/11\/logo_bossa_bossarepresentation_azul-300x48.png 300w, https:\/\/www.bossapromotions.com\/wp-content\/uploads\/2019\/11\/logo_bossa_bossarepresentation_azul-768x123.png 768w, https:\/\/www.bossapromotions.com\/wp-content\/uploads\/2019\/11\/logo_bossa_bossarepresentation_azul-1024x164.png 1024w\" sizes=\"(max-width: 2239px) 100vw, 2239px\" \/>\t\t\t\t\t\t\t\t\t\t\t\t\t\t\t<\/div>\n\t\t\t\t<\/div>\n\t\t<div class=\"elementor-element elementor-element-2a31b8d e-grid e-con-boxed e-con e-parent\" data-id=\"2a31b8d\" data-element_type=\"container\" data-e-type=\"container\">\n\t\t\t\t\t<div class=\"e-con-inner\">\n\t\t\t\t<div class=\"elementor-element elementor-element-09b1423 elementor-widget elementor-widget-image\" data-id=\"09b1423\" data-element_type=\"widget\" data-e-type=\"widget\" data-widget_type=\"image.default\">\n\t\t\t\t<div class=\"elementor-widget-container\">\n\t\t\t\t\t\t\t\t\t\t\t\t\t\t\t<img decoding=\"async\" width=\"799\" height=\"268\" src=\"https:\/\/www.bossapromotions.com\/wp-content\/uploads\/2024\/08\/logo-visit_rio-1-799x268.png\" class=\"elementor-animation-grow attachment-large size-large wp-image-25010\" alt=\"\" srcset=\"https:\/\/www.bossapromotions.com\/wp-content\/uploads\/2024\/08\/logo-visit_rio-1.png 799w, https:\/\/www.bossapromotions.com\/wp-content\/uploads\/2024\/08\/logo-visit_rio-1-768x257.png 768w\" sizes=\"(max-width: 799px) 100vw, 799px\" \/>\t\t\t\t\t\t\t\t\t\t\t\t\t\t\t<\/div>\n\t\t\t\t<\/div>\n\t\t\t\t<div class=\"elementor-element elementor-element-36d21e2 elementor-widget elementor-widget-image\" data-id=\"36d21e2\" data-element_type=\"widget\" data-e-type=\"widget\" data-widget_type=\"image.default\">\n\t\t\t\t<div class=\"elementor-widget-container\">\n\t\t\t\t\t\t\t\t\t\t\t\t\t\t\t<img decoding=\"async\" width=\"1130\" height=\"255\" src=\"https:\/\/www.bossapromotions.com\/wp-content\/uploads\/2024\/08\/vbrata_logo_ukeu_blue-1.png\" class=\"elementor-animation-grow attachment-full size-full wp-image-25014\" alt=\"\" srcset=\"https:\/\/www.bossapromotions.com\/wp-content\/uploads\/2024\/08\/vbrata_logo_ukeu_blue-1.png 1130w, https:\/\/www.bossapromotions.com\/wp-content\/uploads\/2024\/08\/vbrata_logo_ukeu_blue-1-768x173.png 768w\" sizes=\"(max-width: 1130px) 100vw, 1130px\" \/>\t\t\t\t\t\t\t\t\t\t\t\t\t\t\t<\/div>\n\t\t\t\t<\/div>\n\t\t\t\t<div class=\"elementor-element elementor-element-6f0474a elementor-widget elementor-widget-image\" data-id=\"6f0474a\" data-element_type=\"widget\" data-e-type=\"widget\" data-widget_type=\"image.default\">\n\t\t\t\t<div class=\"elementor-widget-container\">\n\t\t\t\t\t\t\t\t\t\t\t\t\t\t\t<img loading=\"lazy\" decoding=\"async\" width=\"2530\" height=\"1074\" src=\"https:\/\/www.bossapromotions.com\/wp-content\/uploads\/2024\/08\/Logo-Turismo-MS-1.png\" class=\"elementor-animation-grow attachment-full size-full wp-image-25018\" alt=\"\" srcset=\"https:\/\/www.bossapromotions.com\/wp-content\/uploads\/2024\/08\/Logo-Turismo-MS-1.png 2530w, https:\/\/www.bossapromotions.com\/wp-content\/uploads\/2024\/08\/Logo-Turismo-MS-1-768x326.png 768w\" sizes=\"(max-width: 2530px) 100vw, 2530px\" \/>\t\t\t\t\t\t\t\t\t\t\t\t\t\t\t<\/div>\n\t\t\t\t<\/div>\n\t\t\t\t<div class=\"elementor-element elementor-element-78db944 elementor-widget elementor-widget-image\" data-id=\"78db944\" data-element_type=\"widget\" data-e-type=\"widget\" data-widget_type=\"image.default\">\n\t\t\t\t<div class=\"elementor-widget-container\">\n\t\t\t\t\t\t\t\t\t\t\t\t\t\t\t<img loading=\"lazy\" decoding=\"async\" width=\"200\" height=\"141\" src=\"https:\/\/www.bossapromotions.com\/wp-content\/uploads\/2024\/08\/tickingallboxes_logo-2-2-200x141.png\" class=\"elementor-animation-grow attachment-large size-large wp-image-25026\" alt=\"\" \/>\t\t\t\t\t\t\t\t\t\t\t\t\t\t\t<\/div>\n\t\t\t\t<\/div>\n\t\t\t\t<div class=\"elementor-element elementor-element-275df86 elementor-widget elementor-widget-image\" data-id=\"275df86\" data-element_type=\"widget\" data-e-type=\"widget\" data-widget_type=\"image.default\">\n\t\t\t\t<div class=\"elementor-widget-container\">\n\t\t\t\t\t\t\t\t\t\t\t\t\t\t\t<img loading=\"lazy\" decoding=\"async\" width=\"3508\" height=\"2481\" src=\"https:\/\/www.bossapromotions.com\/wp-content\/uploads\/2024\/08\/rancho3-irmaos-2.png\" class=\"elementor-animation-grow attachment-full size-full wp-image-25034\" alt=\"\" srcset=\"https:\/\/www.bossapromotions.com\/wp-content\/uploads\/2024\/08\/rancho3-irmaos-2.png 3508w, https:\/\/www.bossapromotions.com\/wp-content\/uploads\/2024\/08\/rancho3-irmaos-2-768x543.png 768w\" sizes=\"(max-width: 3508px) 100vw, 3508px\" \/>\t\t\t\t\t\t\t\t\t\t\t\t\t\t\t<\/div>\n\t\t\t\t<\/div>\n\t\t\t\t<div class=\"elementor-element elementor-element-b503c7d elementor-widget elementor-widget-image\" data-id=\"b503c7d\" data-element_type=\"widget\" data-e-type=\"widget\" data-widget_type=\"image.default\">\n\t\t\t\t<div class=\"elementor-widget-container\">\n\t\t\t\t\t\t\t\t\t\t\t\t\t\t\t<img loading=\"lazy\" decoding=\"async\" width=\"731\" height=\"435\" src=\"https:\/\/www.bossapromotions.com\/wp-content\/uploads\/2024\/08\/fiscolandis-2-731x435.png\" class=\"elementor-animation-grow attachment-large size-large wp-image-25046\" alt=\"\" \/>\t\t\t\t\t\t\t\t\t\t\t\t\t\t\t<\/div>\n\t\t\t\t<\/div>\n\t\t\t\t<div class=\"elementor-element elementor-element-dddc749 elementor-widget elementor-widget-image\" data-id=\"dddc749\" data-element_type=\"widget\" data-e-type=\"widget\" data-widget_type=\"image.default\">\n\t\t\t\t<div class=\"elementor-widget-container\">\n\t\t\t\t\t\t\t\t\t\t\t\t\t\t\t<img loading=\"lazy\" decoding=\"async\" width=\"1080\" height=\"410\" src=\"https:\/\/www.bossapromotions.com\/wp-content\/uploads\/2024\/08\/logo_vetor_fpro_black-1.png\" class=\"elementor-animation-grow attachment-full size-full wp-image-25050\" alt=\"\" srcset=\"https:\/\/www.bossapromotions.com\/wp-content\/uploads\/2024\/08\/logo_vetor_fpro_black-1.png 1080w, https:\/\/www.bossapromotions.com\/wp-content\/uploads\/2024\/08\/logo_vetor_fpro_black-1-768x291.png 768w\" sizes=\"(max-width: 1080px) 100vw, 1080px\" \/>\t\t\t\t\t\t\t\t\t\t\t\t\t\t\t<\/div>\n\t\t\t\t<\/div>\n\t\t\t\t<div class=\"elementor-element elementor-element-f5c84b3 elementor-widget elementor-widget-image\" data-id=\"f5c84b3\" data-element_type=\"widget\" data-e-type=\"widget\" data-widget_type=\"image.default\">\n\t\t\t\t<div class=\"elementor-widget-container\">\n\t\t\t\t\t\t\t\t\t\t\t\t\t\t\t<img loading=\"lazy\" decoding=\"async\" width=\"993\" height=\"643\" src=\"https:\/\/www.bossapromotions.com\/wp-content\/uploads\/2024\/08\/DMT-PROM-EVENTOS-1.jpg\" class=\"attachment-full size-full wp-image-25054\" alt=\"\" srcset=\"https:\/\/www.bossapromotions.com\/wp-content\/uploads\/2024\/08\/DMT-PROM-EVENTOS-1.jpg 993w, https:\/\/www.bossapromotions.com\/wp-content\/uploads\/2024\/08\/DMT-PROM-EVENTOS-1-768x497.jpg 768w\" sizes=\"(max-width: 993px) 100vw, 993px\" \/>\t\t\t\t\t\t\t\t\t\t\t\t\t\t\t<\/div>\n\t\t\t\t<\/div>\n\t\t\t\t<div class=\"elementor-element elementor-element-1bea486 elementor-widget elementor-widget-image\" data-id=\"1bea486\" data-element_type=\"widget\" data-e-type=\"widget\" data-widget_type=\"image.default\">\n\t\t\t\t<div class=\"elementor-widget-container\">\n\t\t\t\t\t\t\t\t\t\t\t\t\t\t\t<img loading=\"lazy\" decoding=\"async\" width=\"800\" height=\"517\" src=\"https:\/\/www.bossapromotions.com\/wp-content\/uploads\/2024\/08\/Z-CARD-1-1-993x642.jpg\" class=\"elementor-animation-grow attachment-large size-large wp-image-25062\" alt=\"\" srcset=\"https:\/\/www.bossapromotions.com\/wp-content\/uploads\/2024\/08\/Z-CARD-1-1.jpg 993w, https:\/\/www.bossapromotions.com\/wp-content\/uploads\/2024\/08\/Z-CARD-1-1-768x496.jpg 768w\" sizes=\"(max-width: 800px) 100vw, 800px\" \/>\t\t\t\t\t\t\t\t\t\t\t\t\t\t\t<\/div>\n\t\t\t\t<\/div>\n\t\t\t\t<div class=\"elementor-element elementor-element-e1bb001 elementor-widget elementor-widget-image\" data-id=\"e1bb001\" data-element_type=\"widget\" data-e-type=\"widget\" data-widget_type=\"image.default\">\n\t\t\t\t<div class=\"elementor-widget-container\">\n\t\t\t\t\t\t\t\t\t\t\t\t\t\t\t<img loading=\"lazy\" decoding=\"async\" width=\"1200\" height=\"559\" src=\"https:\/\/www.bossapromotions.com\/wp-content\/uploads\/2024\/08\/rosy_holt_celebrant_logo-1.png\" class=\"elementor-animation-grow attachment-full size-full wp-image-25074\" alt=\"\" srcset=\"https:\/\/www.bossapromotions.com\/wp-content\/uploads\/2024\/08\/rosy_holt_celebrant_logo-1.png 1200w, https:\/\/www.bossapromotions.com\/wp-content\/uploads\/2024\/08\/rosy_holt_celebrant_logo-1-768x357.png 768w\" sizes=\"(max-width: 1200px) 100vw, 1200px\" \/>\t\t\t\t\t\t\t\t\t\t\t\t\t\t\t<\/div>\n\t\t\t\t<\/div>\n\t\t\t\t\t<\/div>\n\t\t\t\t<\/div>\n\t\t\t\t\t<\/div>\n\t\t<\/div>\n\t\t\t\t\t<\/div>\n\t\t<\/section>\n\t\t\t\t<\/div>\n\t\t","protected":false},"excerpt":{"rendered":"<p>Conectando Empresas y Destinos Tur\u00edsticos con Mercados Globales a trav\u00e9s de la Representaci\u00f3n Comercial C\u00f3mo Bossa opera mediante la representaci\u00f3n comercial para empresas y destinos tur\u00edsticos en mercados internacionales, generando&hellip;<\/p>\n<p> <a class=\"more-link\" href=\"https:\/\/www.bossapromotions.com\/es\/representacion-comercial\/\">Leer m\u00e1s<\/a><\/p>\n","protected":false},"author":1,"featured_media":17685,"parent":0,"menu_order":0,"comment_status":"closed","ping_status":"closed","template":"","meta":{"footnotes":""},"class_list":["post-15733","page","type-page","status-publish","has-post-thumbnail"],"_links":{"self":[{"href":"https:\/\/www.bossapromotions.com\/es\/wp-json\/wp\/v2\/pages\/15733","targetHints":{"allow":["GET"]}}],"collection":[{"href":"https:\/\/www.bossapromotions.com\/es\/wp-json\/wp\/v2\/pages"}],"about":[{"href":"https:\/\/www.bossapromotions.com\/es\/wp-json\/wp\/v2\/types\/page"}],"author":[{"embeddable":true,"href":"https:\/\/www.bossapromotions.com\/es\/wp-json\/wp\/v2\/users\/1"}],"replies":[{"embeddable":true,"href":"https:\/\/www.bossapromotions.com\/es\/wp-json\/wp\/v2\/comments?post=15733"}],"version-history":[{"count":0,"href":"https:\/\/www.bossapromotions.com\/es\/wp-json\/wp\/v2\/pages\/15733\/revisions"}],"wp:featuredmedia":[{"embeddable":true,"href":"https:\/\/www.bossapromotions.com\/es\/wp-json\/wp\/v2\/media\/17685"}],"wp:attachment":[{"href":"https:\/\/www.bossapromotions.com\/es\/wp-json\/wp\/v2\/media?parent=15733"}],"curies":[{"name":"wp","href":"https:\/\/api.w.org\/{rel}","templated":true}]}}