{"id":15731,"date":"2019-10-09T07:51:05","date_gmt":"2019-10-09T07:51:05","guid":{"rendered":"https:\/\/bossapromotions.com\/bossa-pr-public-relations\/"},"modified":"2024-08-23T14:18:14","modified_gmt":"2024-08-23T13:18:14","slug":"relaciones-publicas","status":"publish","type":"page","link":"https:\/\/www.bossapromotions.com\/es\/relaciones-publicas\/","title":{"rendered":"Servicios de Relaciones P\u00fablicas"},"content":{"rendered":"\t\t<div data-elementor-type=\"wp-post\" data-elementor-id=\"15731\" class=\"elementor elementor-15731 elementor-14933\" data-elementor-post-type=\"page\">\n\t\t\t\t\t\t<section class=\"elementor-section elementor-top-section elementor-element elementor-element-59dc2ec elementor-section-stretched elementor-section-boxed elementor-section-height-default elementor-section-height-default\" data-id=\"59dc2ec\" data-element_type=\"section\" data-e-type=\"section\" data-settings=\"{&quot;stretch_section&quot;:&quot;section-stretched&quot;,&quot;background_background&quot;:&quot;classic&quot;}\">\n\t\t\t\t\t\t\t<div class=\"elementor-background-overlay\"><\/div>\n\t\t\t\t\t\t\t<div class=\"elementor-container elementor-column-gap-default\">\n\t\t\t\t\t<div class=\"elementor-column elementor-col-100 elementor-top-column elementor-element elementor-element-13c3430\" data-id=\"13c3430\" data-element_type=\"column\" data-e-type=\"column\">\n\t\t\t<div class=\"elementor-widget-wrap elementor-element-populated\">\n\t\t\t\t\t\t<div class=\"elementor-element elementor-element-d8dd66f elementor-widget elementor-widget-text-editor\" data-id=\"d8dd66f\" data-element_type=\"widget\" data-e-type=\"widget\" data-widget_type=\"text-editor.default\">\n\t\t\t\t<div class=\"elementor-widget-container\">\n\t\t\t\t\t\t\t\t\t<p><b>Construcci\u00f3n de Conexiones S\u00f3lidas e Impactantes a trav\u00e9s de Servicios de Relaciones P\u00fablicas<\/b><\/p><p><b>C\u00f3mo Bossa ayuda a las empresas y destinos tur\u00edsticos a construir y mantener una imagen positiva y atractiva a trav\u00e9s de sus servicios de relaciones p\u00fablicas.<\/b><\/p><p><span style=\"font-weight: 400;\">Bossa entiende que cada cliente es \u00fanico, por lo tanto, desarrolla estrategias personalizadas de relaciones p\u00fablicas que satisfacen las necesidades espec\u00edficas de cada uno. Desde el principio, su equipo trabaja en estrecha colaboraci\u00f3n con los clientes para comprender profundamente sus objetivos y valores, asegurando que todas las acciones de relaciones p\u00fablicas est\u00e9n alineadas con la identidad de la marca.<\/span><\/p><p><span style=\"font-weight: 400;\">Bossa se destaca en la creaci\u00f3n y distribuci\u00f3n de contenido de alta calidad. El equipo de relaciones p\u00fablicas de la agencia se especializa en la producci\u00f3n de comunicados de prensa, art\u00edculos, blogs y contenido en redes sociales que capturan la esencia de las marcas y atraen la atenci\u00f3n tanto del p\u00fablico como de los medios de comunicaci\u00f3n. Con una extensa red de contactos en los medios, Bossa garantiza que las historias de sus clientes se cuenten a trav\u00e9s de los canales m\u00e1s relevantes e influyentes.<\/span><\/p><p><span style=\"font-weight: 400;\">Una parte fundamental de estos esfuerzos es la organizaci\u00f3n de conferencias de prensa y la redacci\u00f3n de comunicados de prensa impactantes. Bossa planifica y coordina conferencias de prensa que garantizan una amplia y positiva cobertura, permitiendo a los clientes comunicar sus mensajes clave de manera directa y efectiva. Los comunicados de prensa redactados por Bossa est\u00e1n cuidadosamente dise\u00f1ados para destacar las noticias, eventos y logros de los clientes, asegurando que la informaci\u00f3n se transmita de manera clara y atractiva.<\/span><\/p><p><span style=\"font-weight: 400;\">Los eventos y las asociaciones estrat\u00e9gicas son otra herramienta poderosa utilizada por Bossa. La agencia organiza eventos memorables que ponen a los clientes en el centro de atenci\u00f3n, desde lanzamientos de productos hasta conferencias y festivales. Adem\u00e1s, Bossa facilita asociaciones con influencers, celebridades y otras marcas, ampliando el alcance y la credibilidad de las campa\u00f1as.<\/span><\/p><p><span style=\"font-weight: 400;\">Bossa tambi\u00e9n reconoce la importancia del monitoreo continuo y el an\u00e1lisis. Utilizando herramientas de an\u00e1lisis de medios, el equipo sigue la cobertura de prensa y el compromiso en redes sociales, proporcionando informes detallados e insights valiosos. Esta informaci\u00f3n permite ajustes estrat\u00e9gicos y maximizaci\u00f3n de los resultados de las campa\u00f1as de relaciones p\u00fablicas.<\/span><\/p><p><span style=\"font-weight: 400;\">Finalmente, Bossa valora la construcci\u00f3n de relaciones aut\u00e9nticas y duraderas, invirtiendo tiempo en conocer a periodistas, editores e influencers, creando conexiones genuinas que benefician tanto a los clientes como a los profesionales de los medios. Este enfoque relacional asegura que las comunicaciones sean efectivas e impactantes.<\/span><\/p><p><span style=\"font-weight: 400;\">En resumen, los servicios de relaciones p\u00fablicas de Bossa est\u00e1n dise\u00f1ados para crear una s\u00f3lida presencia de marca, construir relaciones valiosas y generar resultados tangibles. Con un enfoque personalizado e innovador, Bossa ayuda a sus clientes a destacarse en un mercado competitivo y alcanzar sus objetivos de manera sostenible y efectiva.<\/span><\/p>\t\t\t\t\t\t\t\t<\/div>\n\t\t\t\t<\/div>\n\t\t\t\t<div class=\"elementor-element elementor-element-3a6787a elementor-widget elementor-widget-image\" data-id=\"3a6787a\" data-element_type=\"widget\" data-e-type=\"widget\" data-widget_type=\"image.default\">\n\t\t\t\t<div class=\"elementor-widget-container\">\n\t\t\t\t\t\t\t\t\t\t\t\t\t\t\t<img fetchpriority=\"high\" decoding=\"async\" width=\"788\" height=\"354\" src=\"https:\/\/www.bossapromotions.com\/wp-content\/uploads\/2019\/11\/logo_bossa-pr-2.png\" class=\"elementor-animation-grow attachment-full size-full wp-image-17458\" alt=\"\" srcset=\"https:\/\/www.bossapromotions.com\/wp-content\/uploads\/2019\/11\/logo_bossa-pr-2.png 788w, https:\/\/www.bossapromotions.com\/wp-content\/uploads\/2019\/11\/logo_bossa-pr-2-300x135.png 300w, https:\/\/www.bossapromotions.com\/wp-content\/uploads\/2019\/11\/logo_bossa-pr-2-768x345.png 768w\" sizes=\"(max-width: 788px) 100vw, 788px\" \/>\t\t\t\t\t\t\t\t\t\t\t\t\t\t\t<\/div>\n\t\t\t\t<\/div>\n\t\t\t\t\t<\/div>\n\t\t<\/div>\n\t\t\t\t\t<\/div>\n\t\t<\/section>\n\t\t\t\t<\/div>\n\t\t","protected":false},"excerpt":{"rendered":"<p>Construcci\u00f3n de Conexiones S\u00f3lidas e Impactantes a trav\u00e9s de Servicios de Relaciones P\u00fablicas C\u00f3mo Bossa ayuda a las empresas y destinos tur\u00edsticos a construir y mantener una imagen positiva y&hellip;<\/p>\n<p> <a class=\"more-link\" href=\"https:\/\/www.bossapromotions.com\/es\/relaciones-publicas\/\">Leer m\u00e1s<\/a><\/p>\n","protected":false},"author":1,"featured_media":18180,"parent":0,"menu_order":0,"comment_status":"closed","ping_status":"closed","template":"","meta":{"footnotes":""},"class_list":["post-15731","page","type-page","status-publish","has-post-thumbnail"],"_links":{"self":[{"href":"https:\/\/www.bossapromotions.com\/es\/wp-json\/wp\/v2\/pages\/15731","targetHints":{"allow":["GET"]}}],"collection":[{"href":"https:\/\/www.bossapromotions.com\/es\/wp-json\/wp\/v2\/pages"}],"about":[{"href":"https:\/\/www.bossapromotions.com\/es\/wp-json\/wp\/v2\/types\/page"}],"author":[{"embeddable":true,"href":"https:\/\/www.bossapromotions.com\/es\/wp-json\/wp\/v2\/users\/1"}],"replies":[{"embeddable":true,"href":"https:\/\/www.bossapromotions.com\/es\/wp-json\/wp\/v2\/comments?post=15731"}],"version-history":[{"count":0,"href":"https:\/\/www.bossapromotions.com\/es\/wp-json\/wp\/v2\/pages\/15731\/revisions"}],"wp:featuredmedia":[{"embeddable":true,"href":"https:\/\/www.bossapromotions.com\/es\/wp-json\/wp\/v2\/media\/18180"}],"wp:attachment":[{"href":"https:\/\/www.bossapromotions.com\/es\/wp-json\/wp\/v2\/media?parent=15731"}],"curies":[{"name":"wp","href":"https:\/\/api.w.org\/{rel}","templated":true}]}}