{"id":15727,"date":"2019-10-09T07:49:12","date_gmt":"2019-10-09T07:49:12","guid":{"rendered":"https:\/\/bossapromotions.com\/bossa-marketing\/"},"modified":"2024-08-23T14:12:13","modified_gmt":"2024-08-23T13:12:13","slug":"marketing","status":"publish","type":"page","link":"https:\/\/www.bossapromotions.com\/es\/marketing\/","title":{"rendered":"Marketing"},"content":{"rendered":"\t\t<div data-elementor-type=\"wp-post\" data-elementor-id=\"15727\" class=\"elementor elementor-15727 elementor-14939\" data-elementor-post-type=\"page\">\n\t\t\t\t\t\t<section class=\"elementor-section elementor-top-section elementor-element elementor-element-17825ca elementor-section-stretched elementor-section-boxed elementor-section-height-default elementor-section-height-default\" data-id=\"17825ca\" data-element_type=\"section\" data-e-type=\"section\" data-settings=\"{&quot;stretch_section&quot;:&quot;section-stretched&quot;,&quot;background_background&quot;:&quot;classic&quot;}\">\n\t\t\t\t\t\t\t<div class=\"elementor-background-overlay\"><\/div>\n\t\t\t\t\t\t\t<div class=\"elementor-container elementor-column-gap-default\">\n\t\t\t\t\t<div class=\"elementor-column elementor-col-100 elementor-top-column elementor-element elementor-element-b943b5a\" data-id=\"b943b5a\" data-element_type=\"column\" data-e-type=\"column\">\n\t\t\t<div class=\"elementor-widget-wrap elementor-element-populated\">\n\t\t\t\t\t\t<div class=\"elementor-element elementor-element-94a0a65 elementor-widget elementor-widget-text-editor\" data-id=\"94a0a65\" data-element_type=\"widget\" data-e-type=\"widget\" data-widget_type=\"text-editor.default\">\n\t\t\t\t<div class=\"elementor-widget-container\">\n\t\t\t\t\t\t\t\t\t<p><b>Campa\u00f1as de marketing innovadoras adaptadas a diversos p\u00fablicos aseguran prominencia en mercados competitivos<\/b><\/p><p><b>C\u00f3mo Bossa utiliza campa\u00f1as de marketing para impulsar negocios y destinos tur\u00edsticos<\/b><\/p><p><span style=\"font-weight: 400;\">Bossa, con su experiencia en marketing y comunicaci\u00f3n, est\u00e1 bien posicionada para potenciar negocios y destinos tur\u00edsticos a trav\u00e9s de estrategias innovadoras y dirigidas. A continuaci\u00f3n se presentan algunas formas en las que se utiliza el marketing para beneficiar a sus clientes:<\/span><\/p>\t\t\t\t\t\t\t\t<\/div>\n\t\t\t\t<\/div>\n\t\t<div class=\"elementor-element elementor-element-1dac449 e-grid e-con-boxed e-con e-parent\" data-id=\"1dac449\" data-element_type=\"container\" data-e-type=\"container\">\n\t\t\t\t\t<div class=\"e-con-inner\">\n\t\t\t\t<div class=\"elementor-element elementor-element-002d522 elementor-widget elementor-widget-text-editor\" data-id=\"002d522\" data-element_type=\"widget\" data-e-type=\"widget\" data-widget_type=\"text-editor.default\">\n\t\t\t\t<div class=\"elementor-widget-container\">\n\t\t\t\t\t\t\t\t\t<p><strong>Creaci\u00f3n de Contenido Atractivo<\/strong><\/p><p>Producir contenido de calidad es una herramienta poderosa para involucrar e inspirar a los potenciales turistas. Bossa puede crear videos, blogs, fotos y publicaciones en redes sociales que destaquen la belleza y las experiencias \u00fanicas ofrecidas por los destinos tur\u00edsticos. Historias atractivas y visuales impresionantes pueden captar la imaginaci\u00f3n de los viajeros y motivarlos a elegir estos destinos para sus pr\u00f3ximas vacaciones.<\/p>\t\t\t\t\t\t\t\t<\/div>\n\t\t\t\t<\/div>\n\t\t\t\t<div class=\"elementor-element elementor-element-93efe8f elementor-widget elementor-widget-text-editor\" data-id=\"93efe8f\" data-element_type=\"widget\" data-e-type=\"widget\" data-widget_type=\"text-editor.default\">\n\t\t\t\t<div class=\"elementor-widget-container\">\n\t\t\t\t\t\t\t\t\t<p><strong>Branding y Posicionamiento<\/strong><\/p><p>Construir una marca s\u00f3lida y reconocible es crucial en el sector tur\u00edstico. Bossa puede trabajar en el desarrollo de identidades visuales atractivas y una narrativa consistente para cada destino o empresa, creando logotipos, esl\u00f3ganes y materiales promocionales que reflejen la esencia y los valores de los destinos tur\u00edsticos.<\/p>\t\t\t\t\t\t\t\t<\/div>\n\t\t\t\t<\/div>\n\t\t\t\t<div class=\"elementor-element elementor-element-84ca0c1 elementor-widget elementor-widget-text-editor\" data-id=\"84ca0c1\" data-element_type=\"widget\" data-e-type=\"widget\" data-widget_type=\"text-editor.default\">\n\t\t\t\t<div class=\"elementor-widget-container\">\n\t\t\t\t\t\t\t\t\t<p><strong>Marketing Digital y Presencia Online<\/strong><\/p><p>En el mundo digital actual, una presencia online es esencial. Bossa puede ayudar a empresas y destinos tur\u00edsticos a desarrollar sitios web optimizados, perfiles en redes sociales y campa\u00f1as de marketing digital que lleguen a una audiencia amplia y diversa, aumentando as\u00ed la visibilidad online, atrayendo m\u00e1s visitantes y convirtiendo clientes potenciales en clientes reales.<\/p>\t\t\t\t\t\t\t\t<\/div>\n\t\t\t\t<\/div>\n\t\t\t\t<div class=\"elementor-element elementor-element-9237be2 elementor-widget elementor-widget-text-editor\" data-id=\"9237be2\" data-element_type=\"widget\" data-e-type=\"widget\" data-widget_type=\"text-editor.default\">\n\t\t\t\t<div class=\"elementor-widget-container\">\n\t\t\t\t\t\t\t\t\t<p><strong>Colaboraciones con Influencers<\/strong><\/p><p>Los influencers desempe\u00f1an un papel significativo en la promoci\u00f3n de destinos tur\u00edsticos. Bossa puede identificar y colaborar con influencers que tengan grandes seguidores y se alineen con la marca y los valores del destino. Las asociaciones estrat\u00e9gicas con estos influencers pueden amplificar el mensaje, llegar a nuevas audiencias y mejorar la credibilidad de los destinos.<\/p>\t\t\t\t\t\t\t\t<\/div>\n\t\t\t\t<\/div>\n\t\t\t\t<div class=\"elementor-element elementor-element-206ac76 elementor-widget elementor-widget-text-editor\" data-id=\"206ac76\" data-element_type=\"widget\" data-e-type=\"widget\" data-widget_type=\"text-editor.default\">\n\t\t\t\t<div class=\"elementor-widget-container\">\n\t\t\t\t\t\t\t\t\t<p><strong>Campa\u00f1as Publicitarias Dirigidas<\/strong><\/p><p>Las campa\u00f1as publicitarias dirigidas son esenciales para llegar a las audiencias adecuadas en el momento adecuado. Bossa puede utilizar datos demogr\u00e1ficos, de comportamiento y geogr\u00e1ficos para segmentar audiencias y crear anuncios personalizados. Esto puede incluir campa\u00f1as en redes sociales, asegurando que los mensajes lleguen eficazmente a los potenciales turistas.<\/p>\t\t\t\t\t\t\t\t<\/div>\n\t\t\t\t<\/div>\n\t\t\t\t<div class=\"elementor-element elementor-element-1f42e35 elementor-widget elementor-widget-text-editor\" data-id=\"1f42e35\" data-element_type=\"widget\" data-e-type=\"widget\" data-widget_type=\"text-editor.default\">\n\t\t\t\t<div class=\"elementor-widget-container\">\n\t\t\t\t\t\t\t\t\t<p><strong>Eventos y Experiencias Inmersivas<\/strong><\/p><p>Organizar eventos y experiencias inmersivas puede ser una excelente manera de promover destinos tur\u00edsticos. Bossa puede planificar y ejecutar eventos que proporcionen un adelanto de las atracciones, la cultura y la gastronom\u00eda de los destinos. Estos eventos pueden realizarse tanto f\u00edsica como virtualmente, permitiendo que una audiencia global participe y se encante con lo que los destinos tienen para ofrecer.<\/p>\t\t\t\t\t\t\t\t<\/div>\n\t\t\t\t<\/div>\n\t\t\t\t<div class=\"elementor-element elementor-element-c3faedf elementor-widget elementor-widget-text-editor\" data-id=\"c3faedf\" data-element_type=\"widget\" data-e-type=\"widget\" data-widget_type=\"text-editor.default\">\n\t\t\t\t<div class=\"elementor-widget-container\">\n\t\t\t\t\t\t\t\t\t<p><strong>Marketing por Correo Electr\u00f3nico y Boletines<\/strong><\/p><p>El marketing por correo electr\u00f3nico es una herramienta poderosa para mantener informados y comprometidos a los operadores tur\u00edsticos y a los turistas. Bossa puede crear boletines regulares con actualizaciones sobre noticias, promociones y eventos en los destinos tur\u00edsticos. Contenido relevante y personalizado puede fortalecer las relaciones con los turistas, fomentando visitas repetidas y recomendaciones.<\/p>\t\t\t\t\t\t\t\t<\/div>\n\t\t\t\t<\/div>\n\t\t\t\t<div class=\"elementor-element elementor-element-3eb71bc elementor-widget elementor-widget-text-editor\" data-id=\"3eb71bc\" data-element_type=\"widget\" data-e-type=\"widget\" data-widget_type=\"text-editor.default\">\n\t\t\t\t<div class=\"elementor-widget-container\">\n\t\t\t\t\t\t\t\t\t<p><strong>An\u00e1lisis de Datos y Ajustes Estrat\u00e9gicos<\/strong><\/p><p>La capacidad de medir y analizar los resultados de las campa\u00f1as de marketing es crucial para el \u00e9xito continuo. Bossa puede utilizar herramientas de an\u00e1lisis de datos para monitorear el rendimiento de las campa\u00f1as y comprender el comportamiento de los turistas. Con esta informaci\u00f3n, se pueden hacer ajustes estrat\u00e9gicos para optimizar las campa\u00f1as y obtener mejores resultados.<\/p>\t\t\t\t\t\t\t\t<\/div>\n\t\t\t\t<\/div>\n\t\t\t\t<div class=\"elementor-element elementor-element-3ec1238 elementor-widget elementor-widget-text-editor\" data-id=\"3ec1238\" data-element_type=\"widget\" data-e-type=\"widget\" data-widget_type=\"text-editor.default\">\n\t\t\t\t<div class=\"elementor-widget-container\">\n\t\t\t\t\t\t\t\t\t<p><strong>Sostenibilidad y Responsabilidad Social<\/strong><\/p><p>Los turistas son cada vez m\u00e1s conscientes de los problemas ambientales y sociales. Bossa puede ayudar a las empresas y destinos tur\u00edsticos a integrar pr\u00e1cticas sostenibles y comunicar eficazmente estas iniciativas. Las campa\u00f1as que destacan la sostenibilidad y la responsabilidad social pueden atraer turistas que valoren estos aspectos y mejorar la reputaci\u00f3n de los destinos.<\/p>\t\t\t\t\t\t\t\t<\/div>\n\t\t\t\t<\/div>\n\t\t\t\t<div class=\"elementor-element elementor-element-fae8d1f elementor-widget elementor-widget-text-editor\" data-id=\"fae8d1f\" data-element_type=\"widget\" data-e-type=\"widget\" data-widget_type=\"text-editor.default\">\n\t\t\t\t<div class=\"elementor-widget-container\">\n\t\t\t\t\t\t\t\t\t<p><strong>Programas de Fidelizaci\u00f3n e Incentivos<\/strong><\/p><p>Desarrollar programas de fidelizaci\u00f3n y ofrecer incentivos puede animar a los agentes de viajes a recomendar destinos a sus clientes. Bossa puede crear y gestionar programas que recompensen a los agentes, ofreciendo beneficios exclusivos y experiencias personalizadas.<\/p>\t\t\t\t\t\t\t\t<\/div>\n\t\t\t\t<\/div>\n\t\t\t\t\t<\/div>\n\t\t\t\t<\/div>\n\t\t\t\t<div class=\"elementor-element elementor-element-25c895b elementor-widget elementor-widget-text-editor\" data-id=\"25c895b\" data-element_type=\"widget\" data-e-type=\"widget\" data-widget_type=\"text-editor.default\">\n\t\t\t\t<div class=\"elementor-widget-container\">\n\t\t\t\t\t\t\t\t\tBossa tiene una amplia gama de estrategias de marketing para promover efectivamente empresas y destinos tur\u00edsticos, asegurando que se destaquen en un mercado competitivo y atraigan turistas de todo el mundo.\t\t\t\t\t\t\t\t<\/div>\n\t\t\t\t<\/div>\n\t\t\t\t<div class=\"elementor-element elementor-element-df7ec40 elementor-widget elementor-widget-image\" data-id=\"df7ec40\" data-element_type=\"widget\" data-e-type=\"widget\" data-widget_type=\"image.default\">\n\t\t\t\t<div class=\"elementor-widget-container\">\n\t\t\t\t\t\t\t\t\t\t\t\t\t\t\t<img fetchpriority=\"high\" decoding=\"async\" width=\"1786\" height=\"383\" src=\"https:\/\/www.bossapromotions.com\/wp-content\/uploads\/2024\/08\/logo_bossa_bossamarketing_azul.png\" class=\"elementor-animation-grow attachment-full size-full wp-image-24897\" alt=\"\" srcset=\"https:\/\/www.bossapromotions.com\/wp-content\/uploads\/2024\/08\/logo_bossa_bossamarketing_azul.png 1786w, https:\/\/www.bossapromotions.com\/wp-content\/uploads\/2024\/08\/logo_bossa_bossamarketing_azul-768x164.png 768w\" sizes=\"(max-width: 1786px) 100vw, 1786px\" \/>\t\t\t\t\t\t\t\t\t\t\t\t\t\t\t<\/div>\n\t\t\t\t<\/div>\n\t\t\t\t\t<\/div>\n\t\t<\/div>\n\t\t\t\t\t<\/div>\n\t\t<\/section>\n\t\t\t\t<\/div>\n\t\t","protected":false},"excerpt":{"rendered":"<p>Campa\u00f1as de marketing innovadoras adaptadas a diversos p\u00fablicos aseguran prominencia en mercados competitivos C\u00f3mo Bossa utiliza campa\u00f1as de marketing para impulsar negocios y destinos tur\u00edsticos Bossa, con su experiencia en&hellip;<\/p>\n<p> <a class=\"more-link\" href=\"https:\/\/www.bossapromotions.com\/es\/marketing\/\">Leer m\u00e1s<\/a><\/p>\n","protected":false},"author":1,"featured_media":22916,"parent":0,"menu_order":0,"comment_status":"closed","ping_status":"closed","template":"","meta":{"footnotes":""},"class_list":["post-15727","page","type-page","status-publish","has-post-thumbnail"],"_links":{"self":[{"href":"https:\/\/www.bossapromotions.com\/es\/wp-json\/wp\/v2\/pages\/15727","targetHints":{"allow":["GET"]}}],"collection":[{"href":"https:\/\/www.bossapromotions.com\/es\/wp-json\/wp\/v2\/pages"}],"about":[{"href":"https:\/\/www.bossapromotions.com\/es\/wp-json\/wp\/v2\/types\/page"}],"author":[{"embeddable":true,"href":"https:\/\/www.bossapromotions.com\/es\/wp-json\/wp\/v2\/users\/1"}],"replies":[{"embeddable":true,"href":"https:\/\/www.bossapromotions.com\/es\/wp-json\/wp\/v2\/comments?post=15727"}],"version-history":[{"count":0,"href":"https:\/\/www.bossapromotions.com\/es\/wp-json\/wp\/v2\/pages\/15727\/revisions"}],"wp:featuredmedia":[{"embeddable":true,"href":"https:\/\/www.bossapromotions.com\/es\/wp-json\/wp\/v2\/media\/22916"}],"wp:attachment":[{"href":"https:\/\/www.bossapromotions.com\/es\/wp-json\/wp\/v2\/media?parent=15727"}],"curies":[{"name":"wp","href":"https:\/\/api.w.org\/{rel}","templated":true}]}}